{"id":8,"date":"2015-05-30T16:00:41","date_gmt":"2015-05-30T14:00:41","guid":{"rendered":"https:\/\/136.243.207.1\/shop\/"},"modified":"2025-05-14T12:13:51","modified_gmt":"2025-05-14T10:13:51","slug":"shop","status":"publish","type":"page","link":"https:\/\/pi3g.com\/de\/shop\/","title":{"rendered":"Shop"},"content":{"rendered":"\n\n\t<h2>Guter Service liegt uns am Herzen<\/h2>\n<h4 data-start=\"150\" data-end=\"224\">Bei uns steht der Kunde im Mittelpunkt &#8211; mit schneller Hilfe, klaren L\u00f6sungen und voller Transparenz in jedem Schritt!<\/h4>\n\t\t\t\t<h5>&#8220;Vielen Dank f\u00fcr den hohen Aufwand den Sie f\u00fcr mich getrieben haben und noch ein erfolgreiches Jahr 2015!&#8221;<\/h5>\n\n\t\t\t\t<h5>&#8220;Ich m\u00f6chte mich f\u00fcr die tolle anonyme.box bedanken, die tadellos seit einigen Monaten ihren Dienst tut!&#8221;<\/h5>\n\n\t\t\t\t<h5>&#8220;Auf meinen Telefonanruf wurde sehr freundlich reagiert und sofort und ohne &#8220;Wenn-und-Aber&#8221; ein neues Ger\u00e4te-Set &#8220;Netzteil\/Raspberry&#8221; angek\u00fcndigt. Ich bekam bereits am folgenden Tag umgehend Ersatz mit neuen Ger\u00e4ten, die auch einwandfrei funktionieren.&#8221;<\/h5>\n\n\t\t\t\t<p>&#8220;Sie d\u00fcrfen mich gerne zitieren denn die kleine Kiste ist klasse, schnelle und ordentliche Lieferung, super.&#8221;<\/p>\n\n\t\t\t\t<p>&#8220;An dieser Stelle m\u00f6chte ich mich f\u00fcr Ihren exzellenten Support bedanken. Bestellabwicklung, Beratung\u00a0 und Unterst\u00fctzung, Ware und Lieferabwicklung &#8211; alles perfekt!&#8221;<\/p>\n\n\t\t\t\t&#8220;Sehr geehrter Herr Batz,<br \/>\nes ist mir ein tiefes Bed\u00fcrfnis, meine urspr\u00fcnglich negative Rezension zum DVB-T2-HAT f\u00fcr den Raspberry PI zu revidieren.<br \/>\nDie aufopfernde Art, wie Sie sich um die L\u00f6sung der Probleme gek\u00fcmmert haben, ist f\u00fcr mich bisher beispiellos und verlangt nach h\u00f6chster Anerkennung und herzlichem Dank.[&#8230;]<br \/>\nMit gro\u00dfem Dank, besten W\u00fcnschen f\u00fcr Sie und Ihr Unternehmen und freundlichen Gr\u00fc\u00dfen&#8221;\n\n\t\n\t\t\t\t<img loading=\"lazy\" decoding=\"async\" src=\"https:\/\/pi3g.com\/wp-content\/uploads\/2025\/05\/Screenshot_22.jpg\" alt=\"Screenshot_22\" itemprop=\"image\" height=\"173\" width=\"991\" title=\"Screenshot_22\" onerror=\"this.style.display='none'\"  \/>\n\t\t<h3>Wie war Ihr Erlebnis?<\/h3>\n\t\t\n\t\t\t<a href=\"https:\/\/www.trustedshops.de\/bewertungen\/#wie-kann-ich-bewertungen-schreiben\" target=\"_blank\" role=\"button\" rel=\"noopener\">\n\t\t\t\t\t\tBewertung abgeben\n\t\t\t\t\t<\/a>\n\n","protected":false},"excerpt":{"rendered":"<p>Guter Service liegt uns am Herzen Bei uns steht der Kunde im Mittelpunkt - mit schneller Hilfe, klaren L\u00f6sungen und voller Transparenz in jedem Schritt! \"Vielen Dank f\u00fcr den hohen Aufwand den Sie f\u00fcr mich getrieben haben und noch ein erfolgreiches Jahr 2015!\" \"Ich m\u00f6chte mich f\u00fcr die tolle anonyme.box bedanken, die tadellos seit einigen Jahren...<\/p>","protected":false},"author":2,"featured_media":0,"parent":0,"menu_order":0,"comment_status":"closed","ping_status":"open","template":"","meta":{"footnotes":"","_links_to":"","_links_to_target":""},"class_list":["post-8","page","type-page","status-publish","hentry"],"_links":{"self":[{"href":"https:\/\/pi3g.com\/de\/wp-json\/wp\/v2\/pages\/8","targetHints":{"allow":["GET"]}}],"collection":[{"href":"https:\/\/pi3g.com\/de\/wp-json\/wp\/v2\/pages"}],"about":[{"href":"https:\/\/pi3g.com\/de\/wp-json\/wp\/v2\/types\/page"}],"author":[{"embeddable":true,"href":"https:\/\/pi3g.com\/de\/wp-json\/wp\/v2\/users\/2"}],"replies":[{"embeddable":true,"href":"https:\/\/pi3g.com\/de\/wp-json\/wp\/v2\/comments?post=8"}],"version-history":[{"count":15,"href":"https:\/\/pi3g.com\/de\/wp-json\/wp\/v2\/pages\/8\/revisions"}],"predecessor-version":[{"id":30285,"href":"https:\/\/pi3g.com\/de\/wp-json\/wp\/v2\/pages\/8\/revisions\/30285"}],"wp:attachment":[{"href":"https:\/\/pi3g.com\/de\/wp-json\/wp\/v2\/media?parent=8"}],"curies":[{"name":"wp","href":"https:\/\/api.w.org\/{rel}","templated":true}]}}