{"id":72,"date":"2015-06-05T13:31:30","date_gmt":"2015-06-05T11:31:30","guid":{"rendered":"https:\/\/pi3g.com\/?page_id=72"},"modified":"2026-04-21T08:51:23","modified_gmt":"2026-04-21T06:51:23","slug":"about","status":"publish","type":"page","link":"https:\/\/pi3g.com\/de\/about\/","title":{"rendered":"\u00fcber"},"content":{"rendered":"<h1><strong>Angetrieben von Neugierde. <\/strong><strong>Auf Fachwissen aufbauen.<\/strong><\/h1>\n<figure itemscope itemtype=\"https:\/\/schema.org\/ImageObject\">\n\t\t\t\t<img decoding=\"async\" src=\"https:\/\/pi3g.com\/wp-content\/uploads\/2021\/06\/Team-Max-293x300.png\" alt=\"Team-Max\" height=\"300\" width=\"293\" title=\"Team-Max\" onerror=\"this.style.display='none'\" loading=\"lazy\" \/>\n\t<\/figure>\n<h1>\n\t\t\tUnsere Geschichte\t<\/h1>\n\t<blockquote>\n<h2 data-start=\"249\" data-end=\"483\">Die Geschichte von pi3g begann im Jahr 2012, als Maximilian, der heutige CEO von pi3g, den Raspberry Pi entdeckte. Begeistert von seinen M\u00f6glichkeiten, sah er mehr als nur einen kleinen Computer, er sah sein Potenzial, Innovationen voranzutreiben und Technologie zug\u00e4nglicher zu machen.<\/h2>\n<h2 data-start=\"485\" data-end=\"677\">Diese Leidenschaft f\u00fchrte zur Gr\u00fcndung von <strong data-start=\"521\" data-end=\"534\">PiCockpit<\/strong>, eine benutzerfreundliche Oberfl\u00e4che, die die Verwendung und Verwaltung von Raspberry Pi-Ger\u00e4ten f\u00fcr jedermann vereinfacht.<\/h2>\n<h2 data-start=\"679\" data-end=\"897\">Mit einem starken Interesse an der Informatik und dem Glauben an ihre F\u00e4higkeit, die Welt zu verbessern - von der Bildung bis zum Gesundheitswesen - baute Maximilian seine Arbeit weiter aus. Mit der Zeit kamen neue Fachgebiete hinzu, und pi3g nahm Gestalt an.<\/h2>\n<h2 data-start=\"899\" data-end=\"1034\"><strong><em>Heute steht pi3g f\u00fcr fundiertes Fachwissen, ehrliche Beratung und L\u00f6sungen, die auf die tats\u00e4chlichen Bed\u00fcrfnisse unserer Kunden zugeschnitten sind.<\/em><\/strong><\/h2>\n<\/blockquote>\n\t<h3>Optimierte Hardware, sofort einsatzbereit<\/h3>\t\n\t<h3>AI-L\u00f6sungen, f\u00fcr Sie entwickelt<\/h3>\t\n\t<h3>Technischer Support, der mitdenkt<br \/><\/h3>\t\n\t<h2>Unser Auftrag.<\/h2>\n<p><em>Pi3g macht das Leben leichter.<\/em><\/p>\n<p>&nbsp;<\/p>\n<h4>Moderne Computer sind leistungsstark, aber oft komplex. Selbst ein Raspberry Pi - obwohl kompakt und effizient - braucht die richtigen Komponenten (wie Netzteile und microSD-Karten), um zuverl\u00e4ssig zu funktionieren. Ohne diese k\u00f6nnen kleine Probleme zu gro\u00dfen Frustrationen f\u00fchren.<\/h4>\n<h4>Und genau da kommen wir ins Spiel: Wir bieten gut aufeinander abgestimmte Raspberry Pi-L\u00f6sungen, getestete Setups und freundlichen, kompetenten Support, damit alles reibungslos l\u00e4uft.<\/h4>\n<h4>Wir glauben, dass die Zukunft in der k\u00fcnstlichen Intelligenz liegt. Deshalb bieten wir ma\u00dfgeschneiderte KI-L\u00f6sungen f\u00fcr Ihre speziellen Anforderungen, egal ob Sie neue Ideen erforschen oder bestehende Systeme optimieren wollen.<\/h4>\n<h4>Unser Ziel ist es, Ihnen eine kompetente und zug\u00e4ngliche Beratung zu bieten, die Sie zu der am besten geeigneten L\u00f6sung f\u00fchrt.<\/h4>\n<h4><em><strong>Ihr Erfolg ist unser Ziel.<\/strong><\/em><\/h4>\n<p>\u00a0<\/p>\n\t<h2>Neugierde<\/h2>\n<h4>Wir stellen Fragen und erkunden neue M\u00f6glichkeiten.<\/h4>\n\t<h2>Praktikabilit\u00e4t<\/h2>\n<h4>Wir entwickeln L\u00f6sungen, die tats\u00e4chlich funktionieren - und von Dauer sind.<\/h4>\n\t<h2>Offenheit<\/h2>\n<h4>Wir setzen auf Transparenz, Zusammenarbeit und echte Gespr\u00e4che.<\/h4>\n<figure itemscope itemtype=\"https:\/\/schema.org\/ImageObject\">\n\t\t\t\t<img decoding=\"async\" src=\"https:\/\/probiz.demos.wpbeaverbuilder.com\/wp-content\/uploads\/sites\/20\/2016\/02\/probiz-map.jpg\" alt=\"\" onerror=\"this.style.display='none'\" loading=\"lazy\" \/>\n\t<\/figure>\n\t<h2>Unsere Kunden<\/h2>\n<h4>Unsere Kunden kommen aus der ganzen Welt, von kleinen lokalen Herstellern bis hin zu gro\u00dfen Industrieunternehmen.<\/h4>\n<h4>Was uns eint, ist ihr Drang, etwas zu schaffen, innovativ zu sein und echte Probleme zu l\u00f6sen. Wir sind stolz darauf, jeden von ihnen mit den Tools und der Technologie zu unterst\u00fctzen, die sie brauchen, wo auch immer sie sind.<\/h4>\n<h1>\n\t\t\tTreffen Sie das Team!\t<\/h1>\n\t<h2><strong>Verschiedene Pers\u00f6nlichkeiten, ein Team!<\/strong><br \/>\n<strong>Bei pi3g sorgen unsere kombinierten St\u00e4rken daf\u00fcr, dass wir wachsen und uns weiterentwickeln.<\/strong><\/h2>\n<h3>\n\t\t\tProgrammierung &amp; Software-Entwicklung\t<\/h3>\n<figure itemscope itemtype=\"https:\/\/schema.org\/ImageObject\">\n\t\t\t\t<img decoding=\"async\" src=\"https:\/\/pi3g.com\/wp-content\/uploads\/2023\/07\/1000003205-01.jpeg\" alt=\"Chloe\" height=\"1024\" width=\"1024\" title=\"Chloe\" onerror=\"this.style.display='none'\" loading=\"lazy\" \/>\n\t<\/figure>\n\t<p><strong>Chloe<\/strong><\/p>\n<figure itemscope itemtype=\"https:\/\/schema.org\/ImageObject\">\n\t\t\t\t<img decoding=\"async\" src=\"https:\/\/pi3g.com\/wp-content\/uploads\/2025\/05\/avatar-icon.jpg\" alt=\"Avatar-Symbol\" height=\"428\" width=\"483\" title=\"Avatar-Symbol\" onerror=\"this.style.display='none'\" loading=\"lazy\" \/>\n\t<\/figure>\n\t<p><strong>Michael<\/strong><\/p>\n<figure itemscope itemtype=\"https:\/\/schema.org\/ImageObject\">\n\t\t\t\t<img decoding=\"async\" src=\"https:\/\/pi3g.com\/wp-content\/uploads\/2025\/05\/Screenshot_29.jpg\" alt=\"Bildschirmfoto_29\" height=\"410\" width=\"405\" title=\"Bildschirmfoto_29\" onerror=\"this.style.display='none'\" loading=\"lazy\" \/>\n\t<\/figure>\n\t<p><strong>Nathan<\/strong><\/p>\n<h3>\n\t\t\tMarketing &amp; Gesch\u00e4ftsbetrieb\t<\/h3>\n<figure itemscope itemtype=\"https:\/\/schema.org\/ImageObject\">\n\t\t\t\t<img decoding=\"async\" src=\"https:\/\/pi3g.com\/wp-content\/uploads\/2025\/07\/Screenshot_3.jpg\" alt=\"Bildschirmfoto_3\" height=\"716\" width=\"735\" title=\"Bildschirmfoto_3\" onerror=\"this.style.display='none'\" loading=\"lazy\" \/>\n\t<\/figure>\n\t<p><strong>Mayla<\/strong><\/p>\n<figure itemscope itemtype=\"https:\/\/schema.org\/ImageObject\">\n\t\t\t\t<img decoding=\"async\" src=\"https:\/\/pi3g.com\/wp-content\/uploads\/2025\/05\/IMG-20250516-WA0000.jpg\" alt=\"IMG-20250516-WA0000\" height=\"2048\" width=\"1152\" title=\"IMG-20250516-WA0000\" onerror=\"this.style.display='none'\" loading=\"lazy\" \/>\n\t<\/figure>\n\t<p><strong>Sebastian<\/strong><\/p>\n<figure itemscope itemtype=\"https:\/\/schema.org\/ImageObject\">\n\t\t\t\t<img decoding=\"async\" src=\"https:\/\/pi3g.com\/wp-content\/uploads\/2025\/05\/Screenshot_27.jpg\" alt=\"Bildschirmfoto_27\" height=\"614\" width=\"580\" title=\"Bildschirmfoto_27\" onerror=\"this.style.display='none'\" loading=\"lazy\" \/>\n\t<\/figure>\n\t<p><strong>Tamara<\/strong><\/p>\n<figure itemscope itemtype=\"https:\/\/schema.org\/ImageObject\">\n\t\t\t\t<img decoding=\"async\" src=\"https:\/\/pi3g.com\/wp-content\/uploads\/2025\/10\/Frederike-Foto-2.jpg\" alt=\"Frederike Foto 2\" height=\"453\" width=\"462\" title=\"Frederike Foto 2\" onerror=\"this.style.display='none'\" loading=\"lazy\" \/>\n\t<\/figure>\n\t<p><strong>Frederike<\/strong><\/p>","protected":false},"excerpt":{"rendered":"<p>Von Neugierde getrieben. Bauen Sie auf Expertise. Unsere Geschichte Die Geschichte von pi3g begann im Jahr 2012, als Maximilian, heute CEO von pi3g, den Raspberry Pi entdeckte. Begeistert von seinen M\u00f6glichkeiten, sah er mehr als nur einen kleinen Computer, er sah sein Potenzial, Innovationen voranzutreiben und Technologie zug\u00e4nglicher zu machen. Diese Leidenschaft f\u00fchrte zur...<\/p>","protected":false},"author":2,"featured_media":0,"parent":0,"menu_order":0,"comment_status":"closed","ping_status":"closed","template":"","meta":{"footnotes":"","_links_to":"","_links_to_target":""},"class_list":["post-72","page","type-page","status-publish","hentry"],"_links":{"self":[{"href":"https:\/\/pi3g.com\/de\/wp-json\/wp\/v2\/pages\/72","targetHints":{"allow":["GET"]}}],"collection":[{"href":"https:\/\/pi3g.com\/de\/wp-json\/wp\/v2\/pages"}],"about":[{"href":"https:\/\/pi3g.com\/de\/wp-json\/wp\/v2\/types\/page"}],"author":[{"embeddable":true,"href":"https:\/\/pi3g.com\/de\/wp-json\/wp\/v2\/users\/2"}],"replies":[{"embeddable":true,"href":"https:\/\/pi3g.com\/de\/wp-json\/wp\/v2\/comments?post=72"}],"version-history":[{"count":12,"href":"https:\/\/pi3g.com\/de\/wp-json\/wp\/v2\/pages\/72\/revisions"}],"predecessor-version":[{"id":31611,"href":"https:\/\/pi3g.com\/de\/wp-json\/wp\/v2\/pages\/72\/revisions\/31611"}],"wp:attachment":[{"href":"https:\/\/pi3g.com\/de\/wp-json\/wp\/v2\/media?parent=72"}],"curies":[{"name":"wp","href":"https:\/\/api.w.org\/{rel}","templated":true}]}}