{"id":5235,"date":"2018-07-14T19:47:01","date_gmt":"2018-07-14T17:47:01","guid":{"rendered":"https:\/\/pi3g.com\/?page_id=5235"},"modified":"2020-12-03T15:22:24","modified_gmt":"2020-12-03T14:22:24","slug":"letstrust-tpm","status":"publish","type":"page","link":"https:\/\/pi3g.com\/de\/letstrust-tpm\/","title":{"rendered":"LetsTrust TPM"},"content":{"rendered":"<a href=\"https:\/\/buyzero.de\/products\/letstrust-hardware-tpm-trusted-platform-module\" target=\"_blank\" rel=\"noopener noreferrer\" itemprop=\"url\">\n\t\t\t\t<img loading=\"lazy\" decoding=\"async\" src=\"https:\/\/pi3g.com\/wp-content\/uploads\/bb-plugin\/cache\/pi3g-LetsTrust-TPM-cropped-300x291-square.jpg\" alt=\"pi3g Arael LetsTrust TPM Modul f\u00fcr Raspberry Pi Plattform\" itemprop=\"image\" height=\"291\" width=\"300\" title=\"pi3g-LetsTrust-TPM-geschnitten\" onerror=\"this.style.display='none'\">\n\t\t\t\t<\/a>\n\t\t<h3><a href=\"https:\/\/buyzero.de\/products\/letstrust-hardware-tpm-trusted-platform-module\" target=\"_blank\" rel=\"noopener noreferrer\">LetsTrust TPM-Modul<\/a><\/h3>\t\t\n\t\t\t<p>Das LetsTrust TPM Modul basiert auf dem Infineon Optiga SLB9670 TPM2.0 Modul.<\/p>\n<p>Mit einem EVK von 25 \u20ac brutto stellt es damit kosteng\u00fcnstig ein Hardware- TPM f\u00fcr den Raspberry Pi zur Verf\u00fcgung. Damit k\u00f6nnen Sie sowohl mit der TPM Plattform experimentieren, als auch Ihr geistiges Eigentum auf dem Raspberry Pi sch\u00fctzen. So k\u00f6nnen Sie lizensierte Anwendungen Ihrer Software herstellen, und Hardwareplagiaten Ihrer Raspberry Pi Erweiterungen einen Riegel vorschieben!<\/p>\n<p>Auf der Seite <a href=\"https:\/\/letstrust.de\/\">letstrust.de<\/a> befinden sich Anleitungen und n\u00fctzliche Links.<\/p>\n\t\t\t<a href=\"https:\/\/buyzero.de\/products\/letstrust-hardware-tpm-trusted-platform-module\" target=\"_blank\" role=\"button\" rel=\"noopener noreferrer\">\n\t\t\t\t\t\t\tTPM Modul kaufen\n\t\t\t\t\t<\/a>\n\t<h2>Dokumentation<\/h2>\n<p>Bitte laden Sie das nachfolgende PDF herunter:<\/p>\n<ul>\n<li><a href=\"https:\/\/pi3g.com\/wp-content\/uploads\/2020\/12\/LetsTrust-TPM-Doku-2019.04-EN.pdf\">LetsTrust TPM-Informationen (PDF, englisch)<\/a><\/li>\n<li><a href=\"https:\/\/pi3g.com\/wp-content\/uploads\/2020\/12\/letstrust-v2.2.schematic.pdf\">LetsTrust TPM-Schaltplan (v2.2, PDF)<\/a><\/li>\n<li><a href=\"https:\/\/pi3g.com\/wp-content\/uploads\/2020\/12\/letstrust-v2.0.placement.pdf\">LetsTrust TPM-Platzierung (v2.0)<\/a><\/li>\n<\/ul>","protected":false},"excerpt":{"rendered":"<p>LetsTrust TPM Modul Das LetsTrust TPM Modul basiert auf dem Infineon Optiga SLB9670 TPM2.0 Modul. Mit einem EVK von 25 \u20ac brutto stellt es damit kosteng\u00fcnstig ein Hardware- TPM f\u00fcr den Raspberry Pi zur Verf\u00fcgung. Damit k\u00f6nnen Sie sowohl mit der TPM Plattform experimentieren, als auch Ihr geistiges Eigentum auf dem Raspberry Pi sch\u00fctzen. So...<\/p>","protected":false},"author":2,"featured_media":0,"parent":0,"menu_order":0,"comment_status":"closed","ping_status":"closed","template":"","meta":{"footnotes":"","_links_to":"","_links_to_target":""},"class_list":["post-5235","page","type-page","status-publish","hentry"],"_links":{"self":[{"href":"https:\/\/pi3g.com\/de\/wp-json\/wp\/v2\/pages\/5235","targetHints":{"allow":["GET"]}}],"collection":[{"href":"https:\/\/pi3g.com\/de\/wp-json\/wp\/v2\/pages"}],"about":[{"href":"https:\/\/pi3g.com\/de\/wp-json\/wp\/v2\/types\/page"}],"author":[{"embeddable":true,"href":"https:\/\/pi3g.com\/de\/wp-json\/wp\/v2\/users\/2"}],"replies":[{"embeddable":true,"href":"https:\/\/pi3g.com\/de\/wp-json\/wp\/v2\/comments?post=5235"}],"version-history":[{"count":6,"href":"https:\/\/pi3g.com\/de\/wp-json\/wp\/v2\/pages\/5235\/revisions"}],"predecessor-version":[{"id":27906,"href":"https:\/\/pi3g.com\/de\/wp-json\/wp\/v2\/pages\/5235\/revisions\/27906"}],"wp:attachment":[{"href":"https:\/\/pi3g.com\/de\/wp-json\/wp\/v2\/media?parent=5235"}],"curies":[{"name":"wp","href":"https:\/\/api.w.org\/{rel}","templated":true}]}}