{"id":5158,"date":"2018-05-25T14:21:51","date_gmt":"2018-05-25T12:21:51","guid":{"rendered":"https:\/\/pi3g.com\/?page_id=5158"},"modified":"2026-04-27T14:23:44","modified_gmt":"2026-04-27T12:23:44","slug":"pi3g-ihr-starker-partner-rund-um-die-raspberry-pi-plattform","status":"publish","type":"page","link":"https:\/\/pi3g.com\/de\/","title":{"rendered":"pi3g - Ihr europ\u00e4ischer Partner f\u00fcr Raspberry Pi &amp; Machine Learning!"},"content":{"rendered":"<h1>\n\t\t\tAngetrieben von Neugierde. Gebaut auf Kompetenz.\t<\/h1>\n\t\n<h3>\n\t\t\tVertrauen bei f\u00fchrenden Technologiepartnern\t<\/h3>\n<figure itemscope itemtype=\"https:\/\/schema.org\/ImageObject\">\n\t\t\t\t<a href=\"https:\/\/buyzero.de\/collections\/css-electronics\"  target=\"_blank\" rel=\"noopener\"  itemprop=\"url\">\n\t\t\t\t<img decoding=\"async\" src=\"https:\/\/pi3g.com\/wp-content\/uploads\/2025\/05\/10.png\" alt=\"10\" height=\"500\" width=\"500\" title=\"10\" onerror=\"this.style.display='none'\" loading=\"lazy\" \/>\n\t\t\t\t<\/a>\n\t<\/figure>\n<figure itemscope itemtype=\"https:\/\/schema.org\/ImageObject\">\n\t\t\t\t<a href=\"https:\/\/buyzero.de\/collections\/google-aiy-coral\"  target=\"_blank\" rel=\"noopener\"  itemprop=\"url\">\n\t\t\t\t<img decoding=\"async\" src=\"https:\/\/pi3g.com\/wp-content\/uploads\/2025\/05\/2.png\" alt=\"2\" height=\"500\" width=\"500\" title=\"2\" onerror=\"this.style.display='none'\" loading=\"lazy\" \/>\n\t\t\t\t<\/a>\n\t<\/figure>\n<figure itemscope itemtype=\"https:\/\/schema.org\/ImageObject\">\n\t\t\t\t<a href=\"https:\/\/buyzero.de\/collections\/raspberry-pi-boards\"  target=\"_blank\" rel=\"noopener\"  itemprop=\"url\">\n\t\t\t\t<img decoding=\"async\" src=\"https:\/\/pi3g.com\/wp-content\/uploads\/2025\/05\/Logos2.png\" alt=\"Logos2\" height=\"500\" width=\"500\" title=\"Logos2\" onerror=\"this.style.display='none'\" loading=\"lazy\" \/>\n\t\t\t\t<\/a>\n\t<\/figure>\n<figure itemscope itemtype=\"https:\/\/schema.org\/ImageObject\">\n\t\t\t\t<a href=\"https:\/\/pi3g.com\/de\/asus-landingpage\/\"  target=\"_blank\" rel=\"noopener\"  itemprop=\"url\">\n\t\t\t\t<img decoding=\"async\" src=\"https:\/\/pi3g.com\/wp-content\/uploads\/2025\/05\/1.png\" alt=\"1\" height=\"500\" width=\"500\" title=\"1\" onerror=\"this.style.display='none'\" loading=\"lazy\" \/>\n\t\t\t\t<\/a>\n\t<\/figure>\n<figure itemscope itemtype=\"https:\/\/schema.org\/ImageObject\">\n\t\t\t\t<a href=\"https:\/\/buyzero.de\/search?type=product&#038;q=Axelera\"  target=\"_blank\" rel=\"noopener\"  itemprop=\"url\">\n\t\t\t\t<img decoding=\"async\" src=\"https:\/\/pi3g.com\/wp-content\/uploads\/2025\/05\/8.png\" alt=\"8\" height=\"500\" width=\"500\" title=\"8\" onerror=\"this.style.display='none'\" loading=\"lazy\" \/>\n\t\t\t\t<\/a>\n\t<\/figure>\n<figure itemscope itemtype=\"https:\/\/schema.org\/ImageObject\">\n\t\t\t\t<a href=\"https:\/\/buyzero.de\/search?type=product&#038;q=Hailo\"  target=\"_blank\" rel=\"noopener\"  itemprop=\"url\">\n\t\t\t\t<img decoding=\"async\" src=\"https:\/\/pi3g.com\/wp-content\/uploads\/2025\/05\/3.png\" alt=\"3\" height=\"500\" width=\"500\" title=\"3\" onerror=\"this.style.display='none'\" loading=\"lazy\" \/>\n\t\t\t\t<\/a>\n\t<\/figure>\n<figure itemscope itemtype=\"https:\/\/schema.org\/ImageObject\">\n\t\t\t\t<a href=\"https:\/\/buyzero.de\/collections\/uptime-industries\"  target=\"_blank\" rel=\"noopener\"  itemprop=\"url\">\n\t\t\t\t<img decoding=\"async\" src=\"https:\/\/pi3g.com\/wp-content\/uploads\/2025\/05\/log-U.I.jpg\" alt=\"log U.I\" height=\"235\" width=\"259\" title=\"log U.I\" onerror=\"this.style.display='none'\" loading=\"lazy\" \/>\n\t\t\t\t<\/a>\n\t<\/figure>\n<figure itemscope itemtype=\"https:\/\/schema.org\/ImageObject\">\n\t\t\t\t<a href=\"https:\/\/buyzero.de\/search?type=product&#038;q=LetsTrust\"  target=\"_blank\" rel=\"noopener\"  itemprop=\"url\">\n\t\t\t\t<img decoding=\"async\" src=\"https:\/\/pi3g.com\/wp-content\/uploads\/2025\/05\/7-1.png\" alt=\"7\" height=\"500\" width=\"500\" title=\"7\" onerror=\"this.style.display='none'\" loading=\"lazy\" \/>\n\t\t\t\t<\/a>\n\t<\/figure>\n<figure itemscope itemtype=\"https:\/\/schema.org\/ImageObject\">\n\t\t\t\t<a href=\"https:\/\/buyzero.de\/collections\/edatec\"  target=\"_blank\" rel=\"noopener\"  itemprop=\"url\">\n\t\t\t\t<img decoding=\"async\" src=\"https:\/\/pi3g.com\/wp-content\/uploads\/2025\/05\/9.png\" alt=\"9\" height=\"500\" width=\"500\" title=\"9\" onerror=\"this.style.display='none'\" loading=\"lazy\" \/>\n\t\t\t\t<\/a>\n\t<\/figure>\n<figure itemscope itemtype=\"https:\/\/schema.org\/ImageObject\">\n\t\t\t\t<a href=\"https:\/\/buyzero.de\/collections\/unigen\"  target=\"_blank\" rel=\"noopener\"  itemprop=\"url\">\n\t\t\t\t<img decoding=\"async\" src=\"https:\/\/pi3g.com\/wp-content\/uploads\/2025\/05\/6.png\" alt=\"6\" height=\"500\" width=\"500\" title=\"6\" onerror=\"this.style.display='none'\" loading=\"lazy\" \/>\n\t\t\t\t<\/a>\n\t<\/figure>\n  <h2>\n    Bauen Sie intelligenter. Schneller skalieren.\n  <\/h2>\n  \n    Ganz gleich, ob Sie einen Prototyp entwickeln oder weltweit einf\u00fchren m\u00f6chten, wir unterst\u00fctzen Sie bei Ihrem n\u00e4chsten Raspberry Pi oder KI-Projekt.\n  \n<figure itemscope itemtype=\"https:\/\/schema.org\/ImageObject\">\n\t\t\t\t<img decoding=\"async\" src=\"https:\/\/pi3g.com\/wp-content\/uploads\/2026\/04\/Homepage.jpg\" alt=\"Homepage\" height=\"776\" width=\"1172\" title=\"Homepage\" onerror=\"this.style.display='none'\" loading=\"lazy\" \/>\n\t<\/figure>\n\t<p><strong>PRODUKTE<\/strong><\/p>\n<blockquote><p><strong>Gepr\u00fcfte Hardware. Schnelle Lieferung. Kompetente Unterst\u00fctzung.<\/strong><\/p><\/blockquote>\n<p>Ob Sie nun experimentieren oder industrielle Systeme bauen, wir bieten Ihnen die Teile, die Sie brauchen <em>tats\u00e4chlich ben\u00f6tigen.<\/em><\/p>\n\t\t\t<a href=\"https:\/\/buyzero.de\/\"  target=\"_self\">\n\t\t\t\t\t\t\tHardware kaufen\n\t\t\t<\/a>\n<figure itemscope itemtype=\"https:\/\/schema.org\/ImageObject\">\n\t\t\t\t<img decoding=\"async\" src=\"https:\/\/pi3g.com\/wp-content\/uploads\/2025\/08\/Screenshot_71-1.jpg\" alt=\"Bildschirmfoto_71\" height=\"501\" width=\"746\" title=\"Bildschirmfoto_71\" onerror=\"this.style.display='none'\" loading=\"lazy\" \/>\n\t<\/figure>\n\t<p><strong>DIENSTLEISTUNGEN<\/strong><\/p>\n<blockquote><p><strong data-start=\"147\" data-end=\"209\">Praktische L\u00f6sungen und technisches Fachwissen.<\/strong><\/p><\/blockquote>\n<p>Wir helfen dabei, Ideen in funktionierende Systeme zu verwandeln, wobei wir uns auf Folgendes konzentrieren <em>Klarheit, Kompatibilit\u00e4t und langfristige Zuverl\u00e4ssigkeit.<\/em><\/p>\n\t\t\t<a href=\"https:\/\/pi3g.com\/de\/pi3g-ai-software-development-consulting-services\/\"  target=\"_self\">\n\t\t\t\t\t\t\tDienste erkunden\n\t\t\t<\/a>\n\t<h2>Kundenspezifisch optimierte Hardware<\/h2>\n\t<h2>KI-gest\u00fctzte Edge-L\u00f6sungen<\/h2>\n\t<h2>Globale Lieferung &amp; Unterst\u00fctzung<\/h2>\n\t<h2>\u00a0Technisches Fachwissen auf Partner-Niveau<\/h2>\n\tTECHNOLOGIE, DIE PASST. UNTERST\u00dcTZUNG, DIE ANKOMMT.<strong><br \/>\n<\/strong>\n\t<strong>Lassen Sie uns Ihr Projekt zum Leben erwecken.<br \/>\n<\/strong>Ben\u00f6tigen Sie Hilfe bei der Auswahl der richtigen Einrichtung? Suchen Sie Unterst\u00fctzung bei der Integration? Wir beraten Sie gerne, optimieren und liefern.\n\t\t\t<a href=\"https:\/\/pi3g.com\/de\/kontakt\/\"  target=\"_self\">\n\t\t\t\t\t\t\tSenden Sie uns eine Nachricht\n\t\t\t<\/a>\n  <h2>\n   Intelligente Hardware f\u00fcr den Einsatz in der realen Welt.\n  <\/h2>\n  \n    Entdecken Sie Komponenten, die fortschrittliche Projekte in den Bereichen KI, Automatisierung und IoT unterst\u00fctzen.\n  \n<figure itemscope itemtype=\"https:\/\/schema.org\/ImageObject\">\n\t\t\t\t<img decoding=\"async\" src=\"https:\/\/pi3g.com\/wp-content\/uploads\/2025\/08\/Screenshot_34.jpg\" alt=\"Bildschirmfoto_34\" height=\"391\" width=\"478\" title=\"Bildschirmfoto_34\" onerror=\"this.style.display='none'\" loading=\"lazy\" \/>\n\t<\/figure>\n\t<h3>ASUS Mini-PC-Serie<\/h3>\n<h4 data-start=\"247\" data-end=\"397\">Entwickelt, um moderne Arbeitspl\u00e4tze, intelligente Ger\u00e4te und skalierbare industrielle Systeme zu betreiben.<\/h4>\n\t\t\t<a href=\"https:\/\/pi3g.com\/de\/asus-landingpage\/\"  target=\"_blank\" rel=\"noopener\">\n\t\t\t\t\t\t\tMehr sehen\n\t\t\t\t\t<\/a>\n<figure itemscope itemtype=\"https:\/\/schema.org\/ImageObject\">\n\t\t\t\t<img decoding=\"async\" src=\"https:\/\/pi3g.com\/wp-content\/uploads\/2025\/08\/Screenshot_35.jpg\" alt=\"Bildschirmfoto_35\" height=\"391\" width=\"478\" title=\"Bildschirmfoto_35\" onerror=\"this.style.display='none'\" loading=\"lazy\" \/>\n\t<\/figure>\n\t<h3>LetsTrust<\/h3>\n<h4 data-start=\"247\" data-end=\"397\">LetsTrust TPM - eine einfach zu bedienende TPM-L\u00f6sung f\u00fcr die Raspberry Pi Einplatinencomputer-Plattform.<\/h4>\n\t\t\t<a href=\"https:\/\/buyzero.de\/collections\/andere-platinen\/products\/letstrust-hardware-tpm-trusted-platform-module\"  target=\"_blank\" rel=\"noopener\">\n\t\t\t\t\t\t\tMehr sehen\n\t\t\t\t\t<\/a>\n<figure itemscope itemtype=\"https:\/\/schema.org\/ImageObject\">\n\t\t\t\t<img decoding=\"async\" src=\"https:\/\/pi3g.com\/wp-content\/uploads\/2025\/08\/Screenshot_36.jpg\" alt=\"Bildschirmfoto_36\" height=\"391\" width=\"478\" title=\"Bildschirmfoto_36\" onerror=\"this.style.display='none'\" loading=\"lazy\" \/>\n\t<\/figure>\n\t<h3>Uptime Industries Compute Blades<\/h3>\n<h4>Flexible, kompakte Server f\u00fcr moderne Infrastrukturanforderungen - perfekt f\u00fcr Labore, Edge Computing und skalierbare Projekte.<\/h4>\n\t\t\t<a href=\"https:\/\/buyzero.de\/collections\/uptime-industries\"  target=\"_blank\" rel=\"noopener\">\n\t\t\t\t\t\t\tMehr sehen\n\t\t\t\t\t<\/a>\n  <h2>\n   Smarteres Pi-Management. Alles an einem Ort.\n  <\/h2>\n  \n   Keine Skripte, kein R\u00e4tselraten. Sorapoint macht die Verwaltung Ihrer Ger\u00e4te schnell, visuell und effizient.\n  \n<figure itemscope itemtype=\"https:\/\/schema.org\/ImageObject\">\n\t\t\t\t<img decoding=\"async\" src=\"https:\/\/pi3g.com\/wp-content\/uploads\/2025\/10\/Screenshot_111.jpg\" alt=\"Bildschirmfoto_111\" height=\"680\" width=\"950\" title=\"Bildschirmfoto_111\" onerror=\"this.style.display='none'\" loading=\"lazy\" \/>\n\t<\/figure>\n\t<p><strong>Entdecken Sie diese innovative Raspberry Pi Webschnittstelle<\/strong><\/p>\n\t<p>Schnelle, einfache und zuverl\u00e4ssige Fernsteuerung<br data-start=\"176\" data-end=\"179\" \/>f\u00fcr Ihre Raspberry Pi-Flotte.<\/p>\n\t\t\t<a href=\"https:\/\/www.sorapoint.com\/\"  target=\"_self\">\n\t\t\t\t\t\t\tFinden Sie mehr heraus\n\t\t\t\t\t<\/a>\n  <h2>\n    Das Neueste aus unserem Blog\n  <\/h2>\n  \n   Vom Raspberry Pi bis zu Industrie 4.0, entdecken Sie Einblicke in Technik, IoT, Wirtschaft und maschinelles Lernen.\n  \n<h2>\n\t\t\tLassen Sie uns die richtige L\u00f6sung f\u00fcr Sie finden\t<\/h2>\n\t<p><strong>Sie sind sich nicht sicher \u00fcber die n\u00e4chsten Schritte? Wir sind hier, um Ihnen zu helfen.<\/strong><\/p>\n\t<h4>Ganz gleich, ob Sie an einer einzigartigen Anwendung arbeiten oder eine Anleitung f\u00fcr gr\u00f6\u00dfere Mengen ben\u00f6tigen, wir unterst\u00fctzen Sie gerne.<\/h4>\n<h4>Sprechen Sie uns einfach an und wir helfen Ihnen, die ideale L\u00f6sung f\u00fcr Ihre Ziele zu finden.<\/h4>","protected":false},"excerpt":{"rendered":"<p>Angetrieben von Neugierde. Gebaut auf Expertise. Vertrauen bei f\u00fchrenden Technologiepartnern Intelligenter bauen. Schneller skalieren. Ganz gleich, ob Sie einen Prototyp entwickeln oder weltweit einf\u00fchren, wir sind bereit, Ihr n\u00e4chstes Raspberry Pi oder KI-Projekt zu unterst\u00fctzen. PRODUKTE Getestete Hardware. Schnelle Lieferung. Expertenunterst\u00fctzung. Egal, ob Sie experimentieren oder industrielle Systeme bauen, wir bieten Ihnen die Teile, die Sie wirklich brauchen. Einkaufen...<\/p>","protected":false},"author":2,"featured_media":0,"parent":0,"menu_order":0,"comment_status":"closed","ping_status":"closed","template":"","meta":{"footnotes":"","_links_to":"","_links_to_target":""},"class_list":["post-5158","page","type-page","status-publish","hentry"],"_links":{"self":[{"href":"https:\/\/pi3g.com\/de\/wp-json\/wp\/v2\/pages\/5158","targetHints":{"allow":["GET"]}}],"collection":[{"href":"https:\/\/pi3g.com\/de\/wp-json\/wp\/v2\/pages"}],"about":[{"href":"https:\/\/pi3g.com\/de\/wp-json\/wp\/v2\/types\/page"}],"author":[{"embeddable":true,"href":"https:\/\/pi3g.com\/de\/wp-json\/wp\/v2\/users\/2"}],"replies":[{"embeddable":true,"href":"https:\/\/pi3g.com\/de\/wp-json\/wp\/v2\/comments?post=5158"}],"version-history":[{"count":13,"href":"https:\/\/pi3g.com\/de\/wp-json\/wp\/v2\/pages\/5158\/revisions"}],"predecessor-version":[{"id":31635,"href":"https:\/\/pi3g.com\/de\/wp-json\/wp\/v2\/pages\/5158\/revisions\/31635"}],"wp:attachment":[{"href":"https:\/\/pi3g.com\/de\/wp-json\/wp\/v2\/media?parent=5158"}],"curies":[{"name":"wp","href":"https:\/\/api.w.org\/{rel}","templated":true}]}}