{"id":3597,"date":"2016-05-26T22:44:51","date_gmt":"2016-05-26T20:44:51","guid":{"rendered":"https:\/\/pi3g.com\/?page_id=3597"},"modified":"2018-06-08T16:59:28","modified_gmt":"2018-06-08T14:59:28","slug":"beta-anonymebox-turbomodus","status":"publish","type":"page","link":"https:\/\/pi3g.com\/de\/beta-anonymebox-turbomodus\/","title":{"rendered":"Beta Anonymebox Turbomodus"},"content":{"rendered":"<p>[fullwidth background_color=&#8221;#dd5f5f&#8221; background_image=&#8221;&#8221; background_parallax=&#8221;none&#8221; enable_mobile=&#8221;no&#8221; parallax_speed=&#8221;0.3&#8243; background_repeat=&#8221;no-repeat&#8221; background_position=&#8221;left top&#8221; video_url=&#8221;&#8221; video_aspect_ratio=&#8221;16:9&#8243; video_webm=&#8221;&#8221; video_mp4=&#8221;&#8221; video_ogv=&#8221;&#8221; video_preview_image=&#8221;&#8221; overlay_color=&#8221;&#8221; overlay_opacity=&#8221;0.5&#8243; video_mute=&#8221;yes&#8221; video_loop=&#8221;yes&#8221; fade=&#8221;no&#8221; border_size=&#8221;0px&#8221; border_color=&#8221;&#8221; border_style=&#8221;solid&#8221; padding_top=&#8221;0px&#8221; padding_bottom=&#8221;0px&#8221; padding_left=&#8221;&#8221; padding_right=&#8221;&#8221; hundred_percent=&#8221;no&#8221; equal_height_columns=&#8221;no&#8221; hide_on_mobile=&#8221;no&#8221; menu_anchor=&#8221;&#8221; class=&#8221;&#8221; id=&#8221;&#8221;][title size=&#8221;2&#8243; content_align=&#8221;center&#8221; style_type=&#8221;none&#8221; sep_color=&#8221;&#8221; margin_top=&#8221;15px&#8221; margin_bottom=&#8221;5px&#8221; class=&#8221;&#8221; id=&#8221;&#8221;]<\/p>\n<p style=\"text-align: center;\"><span style=\"color: #ffffff;\">Leider ist die Registrierung geschlossen.<\/span><\/p>\n<p>[\/title][\/fullwidth][one_full last=&#8221;yes&#8221; spacing=&#8221;yes&#8221; center_content=&#8221;no&#8221; hide_on_mobile=&#8221;no&#8221; background_color=&#8221;&#8221; background_image=&#8221;&#8221; background_repeat=&#8221;no-repeat&#8221; background_position=&#8221;left top&#8221; hover_type=&#8221;none&#8221; link=&#8221;&#8221; border_position=&#8221;all&#8221; border_size=&#8221;0px&#8221; border_color=&#8221;&#8221; border_style=&#8221;&#8221; padding=&#8221;&#8221; margin_top=&#8221;&#8221; margin_bottom=&#8221;&#8221; animation_type=&#8221;&#8221; animation_direction=&#8221;&#8221; animation_speed=&#8221;0.1&#8243; animation_offset=&#8221;&#8221; class=&#8221;&#8221; id=&#8221;&#8221;][title size=&#8221;1&#8243; content_align=&#8221;center&#8221; style_type=&#8221;double solid&#8221; sep_color=&#8221;&#8221; margin_top=&#8221;15px&#8221; margin_bottom=&#8221;10px&#8221; class=&#8221;&#8221; id=&#8221;&#8221;]Der gro\u00dfe Anonymebox Turbomodus Beta Test[\/title][\/one_full][one_full last=&#8221;yes&#8221; spacing=&#8221;yes&#8221; center_content=&#8221;no&#8221; hide_on_mobile=&#8221;no&#8221; background_color=&#8221;&#8221; background_image=&#8221;&#8221; background_repeat=&#8221;no-repeat&#8221; background_position=&#8221;left top&#8221; hover_type=&#8221;none&#8221; link=&#8221;&#8221; border_position=&#8221;all&#8221; border_size=&#8221;0px&#8221; border_color=&#8221;&#8221; border_style=&#8221;&#8221; padding=&#8221;&#8221; margin_top=&#8221;&#8221; margin_bottom=&#8221;&#8221; animation_type=&#8221;&#8221; animation_direction=&#8221;&#8221; animation_speed=&#8221;0.1&#8243; animation_offset=&#8221;&#8221; class=&#8221;&#8221; id=&#8221;&#8221;][imageframe lightbox=&#8221;no&#8221; gallery_id=&#8221;&#8221; lightbox_image=&#8221;&#8221; style_type=&#8221;glow&#8221; hover_type=&#8221;none&#8221; bordercolor=&#8221;&#8221; bordersize=&#8221;0px&#8221; borderradius=&#8221;0&#8243; stylecolor=&#8221;&#8221; align=&#8221;none&#8221; link=&#8221;&#8221; linktarget=&#8221;_self&#8221; animation_type=&#8221;0&#8243; animation_direction=&#8221;down&#8221; animation_speed=&#8221;0.1&#8243; animation_offset=&#8221;&#8221; hide_on_mobile=&#8221;no&#8221; class=&#8221;&#8221; id=&#8221;&#8221;] <img decoding=\"async\" src=\"https:\/\/pi3g.com\/wp-content\/uploads\/2016\/05\/header-picture__.jpg\" alt=\"\" \/>[\/imageframe][\/one_full][one_half last=&#8221;no&#8221; spacing=&#8221;yes&#8221; center_content=&#8221;no&#8221; hide_on_mobile=&#8221;no&#8221; background_color=&#8221;&#8221; background_image=&#8221;&#8221; background_repeat=&#8221;no-repeat&#8221; background_position=&#8221;left top&#8221; hover_type=&#8221;none&#8221; link=&#8221;&#8221; border_position=&#8221;all&#8221; border_size=&#8221;0px&#8221; border_color=&#8221;&#8221; border_style=&#8221;&#8221; padding=&#8221;&#8221; margin_top=&#8221;&#8221; margin_bottom=&#8221;&#8221; animation_type=&#8221;&#8221; animation_direction=&#8221;&#8221; animation_speed=&#8221;0.1&#8243; animation_offset=&#8221;&#8221; class=&#8221;&#8221; id=&#8221;&#8221;][accordian divider_line=&#8221;&#8221; class=&#8221;&#8221; id=&#8221;&#8221;][toggle title=&#8221;Nur 500 Beta-Tester Pl\u00e4tze verf\u00fcgbar&#8221; open=&#8221;no&#8221;]Wir verf\u00fcgen in der initialen Ausbaustufe w\u00e4hrend der das System angepasst wird nur \u00fcber 500 Pl\u00e4tze &#8211; das hei\u00dft nur die ersten 500 Nutzer die sich zum Betatest der Anonymebox anmelden werden im Betatest von uns eingeschlossen. Als Dankesch\u00f6n f\u00fcr Ihr Feedback erhalten diese Tester den Turbomodus f\u00fcr 6 Monate gratis.[\/toggle][\/accordian][checklist icon=&#8221;fa-check&#8221; iconcolor=&#8221;&#8221; circle=&#8221;yes&#8221; circlecolor=&#8221;&#8221; size=&#8221;18px&#8221; class=&#8221;&#8221; id=&#8221;&#8221;][li_item icon=&#8221;&#8221;]<strong>6 Monate<\/strong> Turbomodus <strong>gratis<\/strong>[\/li_item][li_item icon=&#8221;fa-comment&#8221;]Ihr Feedback flie\u00dft <strong>direkt<\/strong> in die Entwicklung ein[\/li_item][li_item icon=&#8221;fa-flask&#8221;]Als <strong>Erste(r)<\/strong> von neuen Features profitieren[\/li_item][\/checklist][\/one_half][one_half last=&#8221;yes&#8221; spacing=&#8221;yes&#8221; center_content=&#8221;no&#8221; hide_on_mobile=&#8221;no&#8221; background_color=&#8221;&#8221; background_image=&#8221;&#8221; background_repeat=&#8221;no-repeat&#8221; background_position=&#8221;left top&#8221; hover_type=&#8221;none&#8221; link=&#8221;&#8221; border_position=&#8221;all&#8221; border_size=&#8221;0px&#8221; border_color=&#8221;&#8221; border_style=&#8221;&#8221; padding=&#8221;&#8221; margin_top=&#8221;&#8221; margin_bottom=&#8221;&#8221; animation_type=&#8221;&#8221; animation_direction=&#8221;&#8221; animation_speed=&#8221;0.1&#8243; animation_offset=&#8221;&#8221; class=&#8221;&#8221; id=&#8221;&#8221;][alert type=&#8221;notice&#8221; accent_color=&#8221;&#8221; background_color=&#8221;&#8221; border_size=&#8221;1px&#8221; icon=&#8221;&#8221; box_shadow=&#8221;yes&#8221; animation_type=&#8221;0&#8243; animation_direction=&#8221;left&#8221; animation_speed=&#8221;1&#8243; animation_offset=&#8221;&#8221; class=&#8221;&#8221; id=&#8221;&#8221;]Haben Sie noch keine Anonymebox?<\/p>\n<p><strong>Kaufen Sie eine<\/strong>, um am Betatest teilzunehmen.<\/p>\n<p>V\u00f6llig risikofrei &#8211; mit unserer <strong>30 Tage Geld zur\u00fcck Garantie.<\/strong>[\/alert][button link=&#8221;https:\/\/www.amazon.de\/anonymebox-v2-Internet-stromsparende-Hardwarel%C3%B6sung\/dp\/B00R3JG1RC&#8221; color=&#8221;green&#8221; size=&#8221;xlarge&#8221; stretch=&#8221;yes&#8221; type=&#8221;&#8221; shape=&#8221;square&#8221; target=&#8221;_self&#8221; title=&#8221;&#8221; gradient_colors=&#8221;|&#8221; gradient_hover_colors=&#8221;|&#8221; accent_color=&#8221;&#8221; accent_hover_color=&#8221;&#8221; bevel_color=&#8221;&#8221; border_width=&#8221;&#8221; icon=&#8221;&#8221; icon_position=&#8221;left&#8221; icon_divider=&#8221;no&#8221; modal=&#8221;&#8221; animation_type=&#8221;0&#8243; animation_direction=&#8221;left&#8221; animation_speed=&#8221;1&#8243; animation_offset=&#8221;&#8221; alignment=&#8221;&#8221; class=&#8221;&#8221; id=&#8221;&#8221;]Jetzt bestellen (199 \u20ac)[\/button][\/one_half][one_full last=&#8221;yes&#8221; spacing=&#8221;yes&#8221; center_content=&#8221;no&#8221; hide_on_mobile=&#8221;no&#8221; background_color=&#8221;&#8221; background_image=&#8221;&#8221; background_repeat=&#8221;no-repeat&#8221; background_position=&#8221;left top&#8221; hover_type=&#8221;none&#8221; link=&#8221;&#8221; border_position=&#8221;all&#8221; border_size=&#8221;0px&#8221; border_color=&#8221;&#8221; border_style=&#8221;solid&#8221; padding=&#8221;&#8221; margin_top=&#8221;&#8221; margin_bottom=&#8221;30px&#8221; animation_type=&#8221;0&#8243; animation_direction=&#8221;down&#8221; animation_speed=&#8221;0.1&#8243; animation_offset=&#8221;&#8221; class=&#8221;&#8221; id=&#8221;&#8221;][separator style_type=&#8221;double&#8221; top_margin=&#8221;&#8221; bottom_margin=&#8221;&#8221; sep_color=&#8221;&#8221; border_size=&#8221;&#8221; icon=&#8221;&#8221; icon_circle=&#8221;&#8221; icon_circle_color=&#8221;&#8221; width=&#8221;&#8221; alignment=&#8221;center&#8221; class=&#8221;&#8221; id=&#8221;&#8221;][\/one_full][one_full last=&#8221;yes&#8221; spacing=&#8221;yes&#8221; center_content=&#8221;no&#8221; hide_on_mobile=&#8221;no&#8221; background_color=&#8221;&#8221; background_image=&#8221;&#8221; background_repeat=&#8221;no-repeat&#8221; background_position=&#8221;left top&#8221; hover_type=&#8221;none&#8221; link=&#8221;&#8221; border_position=&#8221;all&#8221; border_size=&#8221;0px&#8221; border_color=&#8221;&#8221; border_style=&#8221;&#8221; padding=&#8221;&#8221; margin_top=&#8221;&#8221; margin_bottom=&#8221;&#8221; animation_type=&#8221;&#8221; animation_direction=&#8221;&#8221; animation_speed=&#8221;0.1&#8243; animation_offset=&#8221;&#8221; class=&#8221;&#8221; id=&#8221;&#8221;][title size=&#8221;1&#8243; content_align=&#8221;left&#8221; style_type=&#8221;none&#8221; sep_color=&#8221;&#8221; margin_top=&#8221;&#8221; margin_bottom=&#8221;&#8221; class=&#8221;&#8221; id=&#8221;&#8221;]<strong>Registrieren:<\/strong>[\/title][fusion_code]RGllIFJlZ2lzdHJpZXJ1bmcgaXN0IGdlc2NobG9zc2VuLg==[\/fusion_code][\/one_full][one_full last=&#8221;yes&#8221; spacing=&#8221;yes&#8221; center_content=&#8221;no&#8221; hide_on_mobile=&#8221;no&#8221; background_color=&#8221;&#8221; background_image=&#8221;&#8221; background_repeat=&#8221;no-repeat&#8221; background_position=&#8221;left top&#8221; hover_type=&#8221;none&#8221; link=&#8221;&#8221; border_position=&#8221;all&#8221; border_size=&#8221;0px&#8221; border_color=&#8221;&#8221; border_style=&#8221;&#8221; padding=&#8221;&#8221; margin_top=&#8221;&#8221; margin_bottom=&#8221;&#8221; animation_type=&#8221;&#8221; animation_direction=&#8221;&#8221; animation_speed=&#8221;0.1&#8243; animation_offset=&#8221;&#8221; class=&#8221;&#8221; id=&#8221;&#8221;][title size=&#8221;2&#8243; content_align=&#8221;left&#8221; style_type=&#8221;default&#8221; sep_color=&#8221;&#8221; margin_top=&#8221;&#8221; margin_bottom=&#8221;&#8221; class=&#8221;&#8221; id=&#8221;&#8221;]Fragen und Antworten[\/title][accordian divider_line=&#8221;&#8221; class=&#8221;&#8221; id=&#8221;&#8221;][toggle title=&#8221;Wird Tor noch unterst\u00fctzt?&#8221; open=&#8221;no&#8221;]Selbstverst\u00e4ndlich &#8211; in der neuen Version k\u00f6nnen sowohl Tor, der Turbomodus als auch direkter Internetzugang aktiviert werden.<\/p>\n<p>Wir optimieren auch die Geschwindigkeit vom Tor &#8211; Zugang weiter. Sollten Sie sich gegen ein Abbonement des Turbomodus entscheiden, k\u00f6nnen Sie die Anonymebox weiterhin kostenfrei im Tor Modus betreiben.[\/toggle][toggle title=&#8221;Steht der Turbomodus auch f\u00fcr bestehende Anonymeboxen zur Verf\u00fcgung?&#8221; open=&#8221;no&#8221;]Ja &#8211; wenn Sie sich als Betatester anmelden, erhalten Sie eine neue Firmware, mit der Sie den Turbomodus aktivieren k\u00f6nnen.[\/toggle][toggle title=&#8221;Wie lange dauert die Einrichtung des Turbomodus?&#8221; open=&#8221;no&#8221;]Der Turbomodus an sich wird durch Laden einer .turbo Datei in die Anonymebox aktiviert. Aufgrund der gro\u00dfen Nachfrage nach dem Beta-Test, und den n\u00f6tigen manuellen Vorbereitungsarbeiten kann es eine Weile dauern bis Ihre .turbo Datei zur Verf\u00fcgung gestellt werden kann. Wir bitten um Geduld, und danken f\u00fcr Ihr Feedback.[\/toggle][toggle title=&#8221;Was muss ich als Betatester tun?&#8221; open=&#8221;no&#8221;]Wir stellen Ihnen eine neue Firmware Version bereit, und bitten Sie diese Firmware mit sovielen verschiedenen Ger\u00e4ten wie m\u00f6glich zu testen. Sie k\u00f6nnen uns \u00fcber das Betatester Formular Feedback zukommen lassen.<\/p>\n<p>Wir werden regelm\u00e4\u00dfig Aktualisierungen der Firmware erstellen, und Sie bitten diese aufzuspielen. Es kann au\u00dferdem sein, dass wir Ihre .turbo Datei tauschen.<\/p>\n<p>Zum Abschluss des Beta-Tests werden wir Sie nochmal pers\u00f6nlich kontaktieren (per Telefon oder per e-Mail), und Sie um eine Stellungnahme zu dem Turbo-Modus bitten. F\u00fcr uns ist wichtig, diese Aussagen auch anderen Kunden weitergeben zu d\u00fcrfen, da Sie als Kunde nat\u00fcrlich glaubw\u00fcrdiger sind, als wir als Hersteller. Wir werden selbstverst\u00e4ndlich Ihre Privatsph\u00e4re sch\u00fctzen, und Ihren Namen nur in der von Ihnen gew\u00fcnschten Form erw\u00e4hnen.<\/p>\n<p>Vielen Dank f\u00fcr Ihr Interesse am Beta-Test. Bei Fragen <a href=\"https:\/\/www.pi3g.com\/kontakt\">kontaktieren Sie uns bitte!<\/a>[\/toggle][toggle title=&#8221;Wem steht der Betatest offen? Weitere Bedingungen?&#8221; open=&#8221;no&#8221;]Der Betatest steht allen unseren <strong>Kunden<\/strong>, die die Anonymebox seit inklusive der Version 1 (2014 erschienen) gekauft haben, offen.<\/p>\n<p>Inhaber der Version 1 die noch kein Upgrade-Package auf Version 2 erworben haben ben\u00f6tigen das Upgrade-Package f\u00fcr den Beta-Test (Preis: 35\u00a0\u20ac inklusive Versand)<\/p>\n<p>Kunden die die Anonymebox wegen fehlendem Turbomodus zur\u00fcckgegeben haben, m\u00fcssen\u00a0Sie nochmal kaufen.<\/p>\n<p>Der Turbomodus steht nur Kunden zur Verf\u00fcgung die die Anonymebox bei uns gekauft haben und besitzen.[\/toggle][toggle title=&#8221;Ich m\u00f6chte nur den Turbomodus, ohne zu testen. Ist das m\u00f6glich?&#8221; open=&#8221;no&#8221;]Der Turbomodus steht im Betatest (geplant f\u00fcr die ersten 1 &#8211; 2 Monate) nur unseren engagierten, treuen Kunden zur Verf\u00fcgung, die Feedback zur Entwicklung geben m\u00f6chten.<\/p>\n<p>Kunden die warten m\u00f6chten bis die Anonymebox in der neuen Version erscheint, inklusive Turbomodus sollten sich bewu\u00dft sein, dass die 6 Monate Turbomodus gratis ausschlie\u00dflich f\u00fcr die Betatester gelten. Diese werden dann davon auch profitieren, wenn der Turbomodus f\u00fcr alle zur Verf\u00fcgung steht.[\/toggle][toggle title=&#8221;Was passiert nach den 6 Gratis-Monaten?&#8221; open=&#8221;no&#8221;]Nach den 6 Monaten gratis Turbomodus ist geplant einen Preis von 10 \u20ac pro Monat einzuf\u00fchren, mit der M\u00f6glichkeit jederzeit zu k\u00fcndigen. Damit k\u00f6nnen Sie so viele Ger\u00e4te mit der Anonymebox benutzen wie Sie m\u00f6chten, und es gibt keine Traffic-Beschr\u00e4nkung oder Drosselung.<\/p>\n<p>Ich \u00fcberlege gerade au\u00dferdem ob wir bei j\u00e4hrlicher Zahlung einen besonderen Rabatt, zum Beispiel 20 % geben.<\/p>\n<p>Auch dazu w\u00fcrde ich mich \u00fcber Feedback von den Betatestern\u00a0freuen, ob Sie den Preis angemessen und fair finden. Vielleicht ist am besten, wenn Sie bereits einige Zeit den Turbomodus benutzt haben, und dann einsch\u00e4tzen k\u00f6nnen was er Ihnen bringt.<\/p>\n<p>Wichtig ist jedenfalls: wir werden alle Turbomodus-Betatester rechtzeitig informieren und ihnen volle Wahlm\u00f6glichkeiten geben, was sie in der Zukunft machen m\u00f6chten.<\/p>\n<p>Schreiben Sie uns jederzeit wenn Sie weitere Fragen oder Anregungen zur Anonymebox oder dem Turbomodus haben.[\/toggle][\/accordian][\/one_full][fusion_text]<!-- Retargeting Pixel for Crossvertise --><br \/>\n<img loading=\"lazy\" decoding=\"async\" style=\"display: none !important;\" src=\"http:\/\/media.fastclick.net\/w\/tre?ad_id=61038;evt=31078;cat1=41250;cat2=41251;rand=[CACHEBUSTER]\" width=\"1\" height=\"1\" border=\"0\" \/>[\/fusion_text]<\/p>\n","protected":false},"excerpt":{"rendered":"<p>[fullwidth background_color=&#8221;#dd5f5f&#8221; background_image=&#8221;&#8221; background_parallax=&#8221;none&#8221; enable_mobile=&#8221;no&#8221; parallax_speed=&#8221;0.3&#8243; background_repeat=&#8221;no-repeat&#8221; background_position=&#8221;left top&#8221; video_url=&#8221;&#8221; video_aspect_ratio=&#8221;16:9&#8243; video_webm=&#8221;&#8221; video_mp4=&#8221;&#8221; video_ogv=&#8221;&#8221; video_preview_image=&#8221;&#8221; overlay_color=&#8221;&#8221; overlay_opacity=&#8221;0.5&#8243; video_mute=&#8221;yes&#8221; video_loop=&#8221;yes&#8221; fade=&#8221;no&#8221; border_size=&#8221;0px&#8221; border_color=&#8221;&#8221; border_style=&#8221;solid&#8221; padding_top=&#8221;0px&#8221; padding_bottom=&#8221;0px&#8221; padding_left=&#8221;&#8221; padding_right=&#8221;&#8221; hundred_percent=&#8221;no&#8221; equal_height_columns=&#8221;no&#8221; hide_on_mobile=&#8221;no&#8221; menu_anchor=&#8221;&#8221; class=&#8221;&#8221; id=&#8221;&#8221;][title size=&#8221;2&#8243; content_align=&#8221;center&#8221; style_type=&#8221;none&#8221; sep_color=&#8221;&#8221; margin_top=&#8221;15px&#8221; margin_bottom=&#8221;5px&#8221; class=&#8221;&#8221; id=&#8221;&#8221;] Leider ist die Registrierung geschlossen. [\/title][\/fullwidth][one_full last=&#8221;yes&#8221; spacing=&#8221;yes&#8221; center_content=&#8221;no&#8221; hide_on_mobile=&#8221;no&#8221; background_color=&#8221;&#8221; background_image=&#8221;&#8221; background_repeat=&#8221;no-repeat&#8221; background_position=&#8221;left&hellip;<\/p>\n","protected":false},"author":2,"featured_media":0,"parent":0,"menu_order":0,"comment_status":"closed","ping_status":"closed","template":"","meta":{"footnotes":"","_links_to":"","_links_to_target":""},"class_list":["post-3597","page","type-page","status-publish","hentry"],"_links":{"self":[{"href":"https:\/\/pi3g.com\/de\/wp-json\/wp\/v2\/pages\/3597","targetHints":{"allow":["GET"]}}],"collection":[{"href":"https:\/\/pi3g.com\/de\/wp-json\/wp\/v2\/pages"}],"about":[{"href":"https:\/\/pi3g.com\/de\/wp-json\/wp\/v2\/types\/page"}],"author":[{"embeddable":true,"href":"https:\/\/pi3g.com\/de\/wp-json\/wp\/v2\/users\/2"}],"replies":[{"embeddable":true,"href":"https:\/\/pi3g.com\/de\/wp-json\/wp\/v2\/comments?post=3597"}],"version-history":[{"count":36,"href":"https:\/\/pi3g.com\/de\/wp-json\/wp\/v2\/pages\/3597\/revisions"}],"predecessor-version":[{"id":4098,"href":"https:\/\/pi3g.com\/de\/wp-json\/wp\/v2\/pages\/3597\/revisions\/4098"}],"wp:attachment":[{"href":"https:\/\/pi3g.com\/de\/wp-json\/wp\/v2\/media?parent=3597"}],"curies":[{"name":"wp","href":"https:\/\/api.w.org\/{rel}","templated":true}]}}