{"id":31614,"date":"2026-04-27T12:37:45","date_gmt":"2026-04-27T10:37:45","guid":{"rendered":"https:\/\/pi3g.com\/?page_id=31614"},"modified":"2026-04-28T12:43:19","modified_gmt":"2026-04-28T10:43:19","slug":"cra","status":"publish","type":"page","link":"https:\/\/pi3g.com\/de\/cra\/","title":{"rendered":"CRA"},"content":{"rendered":"<h1>\n\t\t\tEinhaltung des Cyber Resilience Act (CRA) einfach gemacht\t<\/h1>\n\t<h3>Spezialist f\u00fcr CRA-Compliance-Support f\u00fcr eingebettete Linux-Ger\u00e4te, Firmware- und Softwarekomponenten.<\/h3>\n\t\t\t<a href=\"https:\/\/pi3g.com\/de\/kontakt\/\"  target=\"_self\">\n\t\t\t\t\t\tKontaktieren Sie uns f\u00fcr eine kostenlose CRA-Beratung\n\t\t\t\t\t<\/a>\n<figure itemscope itemtype=\"https:\/\/schema.org\/ImageObject\">\n\t\t\t\t<img decoding=\"async\" src=\"https:\/\/pi3g.com\/wp-content\/uploads\/2026\/04\/ce-mark.jpg\" alt=\"ce-mark\" height=\"840\" width=\"1192\" title=\"ce-mark\" onerror=\"this.style.display='none'\" loading=\"lazy\" \/>\n\t<\/figure>\n<h2>\n\t\t\tUnsere Partner\t<\/h2>\n<figure itemscope itemtype=\"https:\/\/schema.org\/ImageObject\">\n\t\t\t\t<img decoding=\"async\" src=\"https:\/\/pi3g.com\/wp-content\/uploads\/2021\/12\/57-1.png\" alt=\"Raspberry Pi-Logo\" height=\"429\" width=\"1600\" title=\"$_57 (1)\" onerror=\"this.style.display='none'\" loading=\"lazy\" \/>\n\t<\/figure>\n<figure itemscope itemtype=\"https:\/\/schema.org\/ImageObject\">\n\t\t\t\t<img decoding=\"async\" src=\"https:\/\/pi3g.com\/wp-content\/uploads\/2026\/04\/ASUS_Logo_Black_Lrg-860x215-1.png\" alt=\"ASUS Logo\" height=\"215\" width=\"860\" title=\"ASUS Logo\" onerror=\"this.style.display='none'\" loading=\"lazy\" \/>\n\t<\/figure>\n<figure itemscope itemtype=\"https:\/\/schema.org\/ImageObject\">\n\t\t\t\t<img decoding=\"async\" src=\"https:\/\/pi3g.com\/wp-content\/uploads\/2026\/04\/960px-Arduino_Logo.svg_-300x204.png\" alt=\"Arduino Logo\" height=\"204\" width=\"300\" title=\"Arduino Logo\" onerror=\"this.style.display='none'\" loading=\"lazy\" \/>\n\t<\/figure>\n<figure itemscope itemtype=\"https:\/\/schema.org\/ImageObject\">\n\t\t\t\t<img decoding=\"async\" src=\"https:\/\/pi3g.com\/wp-content\/uploads\/2026\/04\/unigen-logo.png\" alt=\"Unigen Logo\" height=\"128\" width=\"394\" title=\"Unigen Logo\" onerror=\"this.style.display='none'\" loading=\"lazy\" \/>\n\t<\/figure>\n<h2>\n\t\t\tMit pi3g schnell CRA-konform werden\t<\/h2>\n\t<p>pi3g ist ein spezialisiertes deutsches Unternehmen mit \u00fcber 16 Jahren Erfahrung im Bereich IoT-Ger\u00e4te, mit besonderem Schwerpunkt auf Embedded Linux.<\/p>\n<p>Wir bieten eine Reihe von ma\u00dfgeschneiderten L\u00f6sungen zur Einhaltung des Cyber Resilience Act (CRA) an, darunter L\u00fcckenanalysen, System\u00fcberarbeitungen und rechtliche Zertifizierungen, die darauf abzielen, schnell eine vollst\u00e4ndige CRA-Bereitschaft zu erreichen.<\/p>\n<p>Unser Team kann die Einhaltung der CRA-Richtlinien f\u00fcr L\u00f6sungen wie diese sicherstellen:<\/p>\n<ul>\n<li>IoT-Ger\u00e4te mit eingebetteter Linux-Software<\/li>\n<li>Industrieger\u00e4te auf Basis des Raspberry Pi Compute Module (CM5 \/ CM4)<\/li>\n<li>Gateway-L\u00f6sungen<\/li>\n<li>Edge AI Ger\u00e4te<\/li>\n<li>Mikrocontroller, einschlie\u00dflich ESP32 und RP2350 \/ RP2040<\/li>\n<li>Server-APIs<\/li>\n<li>KI-generierter Code<\/li>\n<\/ul>\n<p>&nbsp;<\/p>\n<h2>\n\t\t\tDienstleistungen zur Einhaltung des Cyber Resilience Act (CRA)\t<\/h2>\n\t<p>Wir helfen kleinen und mittleren Unternehmen bei jedem Schritt auf ihrem Weg zur Einhaltung der Vorschriften.<\/p>\n\t\t<figure itemscope itemtype=\"https:\/\/schema.org\/ImageObject\">\n\t\t\t\t<a href=\"#CRA-readiness-assessment\"  target=\"_self\" itemprop=\"url\">\n\t\t\t\t<img decoding=\"async\" src=\"https:\/\/pi3g.com\/wp-content\/uploads\/bb-plugin\/cache\/6457069d-fadb-407b-b16a-670d4e390062-circle-b5672fd3e87dfb8b622133c2b2c38fc1-.png\" alt=\"Bild der Bereitschaftsbewertung rev2\" height=\"1254\" width=\"1254\" title=\"Bild der Bereitschaftsbewertung rev2\" onerror=\"this.style.display='none'\" loading=\"lazy\" \/>\n\t\t\t\t<\/a>\n\t<\/figure>\n<h3><a href=\"#CRA-readiness-assessment\" target=\"_self\">Bewertung der CRA-Bereitschaft<\/a><\/h3><p>Verstehen Sie Ihre Compliance-Anforderungen und erhalten Sie umsetzbare n\u00e4chste Schritte.<\/p>\n\t\t\t<a href=\"#CRA-readiness-assessment\"  target=\"_self\">\n\t\t\t\t\t\t\tMehr lesen\n\t\t\t\t\t<\/a>\n\t\t<figure itemscope itemtype=\"https:\/\/schema.org\/ImageObject\">\n\t\t\t\t<a href=\"#Compliance-Supporting%20Engineering%20Service\"  target=\"_self\" itemprop=\"url\">\n\t\t\t\t<img decoding=\"async\" src=\"https:\/\/pi3g.com\/wp-content\/uploads\/bb-plugin\/cache\/34d15e68-240d-4d86-a0e2-a48f2b58f104-circle-8f3efe6edbcf52fcfa13e7a1c58253f4-.png\" alt=\"Image des Compliance Engineering Service\" height=\"1254\" width=\"1254\" title=\"Image des Compliance Engineering Service\" onerror=\"this.style.display='none'\" loading=\"lazy\" \/>\n\t\t\t\t<\/a>\n\t<\/figure>\n<h3><a href=\"#Compliance-Supporting%20Engineering%20Service\" target=\"_self\">Compliance-unterst\u00fctzende Technik<\/a><\/h3><p>Unterst\u00fctzen Sie Ihr internes Team mit technischem Fachwissen.<\/p>\n\t\t\t<a href=\"#Compliance-Supporting%20Engineering%20Service\"  target=\"_self\">\n\t\t\t\t\t\t\tMehr lesen\n\t\t\t\t\t<\/a>\n\t\t<figure itemscope itemtype=\"https:\/\/schema.org\/ImageObject\">\n\t\t\t\t<a href=\"#Full%20CRA%20compliance%20service%20including%20legal%20review\"  target=\"_self\" itemprop=\"url\">\n\t\t\t\t<img decoding=\"async\" src=\"https:\/\/pi3g.com\/wp-content\/uploads\/bb-plugin\/cache\/d2736a8a-d747-49f3-a93c-3d11d6c448e0-circle-292d7a6a04980310c71b7ea4fd711256-.png\" alt=\"Vollst\u00e4ndiges CRA-Service-Image\" height=\"1254\" width=\"1254\" title=\"Vollst\u00e4ndiges CRA-Service-Image\" onerror=\"this.style.display='none'\" loading=\"lazy\" \/>\n\t\t\t\t<\/a>\n\t<\/figure>\n<h3><a href=\"#Full%20CRA%20compliance%20service%20including%20legal%20review\" target=\"_self\">Vollst\u00e4ndiger CRA-Compliance-Service einschlie\u00dflich rechtlicher Pr\u00fcfung<\/a><\/h3><p>Mit der Bescheinigung von Rechtsexperten werden Sie von Null auf vollst\u00e4ndig CRA-konform.<\/p>\n\t\t\t<a href=\"#Full%20CRA%20compliance%20service%20including%20legal%20review\"  target=\"_self\">\n\t\t\t\t\t\t\tMehr lesen\n\t\t\t\t\t<\/a>\n\t\t<figure itemscope itemtype=\"https:\/\/schema.org\/ImageObject\">\n\t\t\t\t<a href=\"#AI%20generated%20code%20compliance%20review\"  target=\"_self\" itemprop=\"url\">\n\t\t\t\t<img decoding=\"async\" src=\"https:\/\/pi3g.com\/wp-content\/uploads\/bb-plugin\/cache\/7196e812-f43a-4032-bfa1-d277dddb0cbf-circle-b5120a84fae4757252a90c13f2705a96-.png\" alt=\"AI-Code Sicherheitsbild\" height=\"1254\" width=\"1254\" title=\"AI-Code Sicherheitsbild\" onerror=\"this.style.display='none'\" loading=\"lazy\" \/>\n\t\t\t\t<\/a>\n\t<\/figure>\n<h3><a href=\"#AI%20generated%20code%20compliance%20review\" target=\"_self\">KI-generierte \u00dcberpr\u00fcfung der Einhaltung des Codes<\/a><\/h3><p>Stellen Sie die CRA-Konformit\u00e4t von KI-generiertem Code mit minimalem Overhead sicher.<\/p>\n\t\t\t<a href=\"#AI%20generated%20code%20compliance%20review\"  target=\"_self\">\n\t\t\t\t\t\t\tMehr lesen\n\t\t\t\t\t<\/a>\n<h3>\n\t\t\tCRA-Bereitschaftsbewertung\t<\/h3>\n\t<h4>Anbieterneutrale n\u00e4chste Schritte und Empfehlungen.<\/h4>\n<p>&nbsp;<\/p>\n<p>This short engagement will show you the current gap between your product&#8217;s technical realities and what&#8217;s needed for CRA compliance with clear actions and next steps.<\/p>\n<p>It&#8217;s ideal as a standalone service for companies with unclear compliance requirements. Designed to feed directly into engineering work done internally or with cost-effective external support.<\/p>\n<p>Bewerten Sie Ihr Produkt im Hinblick auf die neuesten Anforderungen des Cyber Resilience Act und zeigen Sie Ihren technischen und Management-Teams die notwendigen n\u00e4chsten Schritte auf, um die vollst\u00e4ndige Konformit\u00e4t und die weitere Teilnahme am Markt sicherzustellen.<\/p>\n<p>&nbsp;<\/p>\n<p><strong>Eine ma\u00dfgeschneiderte Bewertung der CRA-Bereitschaft umfasst:<\/strong><\/p>\n<ul>\n<li>Ein kurzes, kostenloses Erstgespr\u00e4ch, um Ihre Bed\u00fcrfnisse und den Umfang der Arbeit auf unserer Seite zu verstehen<\/li>\n<li>Ein allumfassendes Festpreisangebot von unserer Seite<\/li>\n<li>Wir unterrichten Ihr Team in einer Schulungssitzung \u00fcber die Anforderungen der CRA<\/li>\n<li>Wir f\u00fchren Interviews mit den Beteiligten auf Ihrer Seite, einschlie\u00dflich Ihres technischen Teams.<\/li>\n<li>Wir bewerten Ihre Produkte, die vorhandene Dokumentation und die Berichtsverfahren in Ihrem Unternehmen<\/li>\n<li>Sie erhalten einen leicht verst\u00e4ndlichen Bericht mit Empfehlungen zur Einhaltung der CRA<\/li>\n<li>In einer abschlie\u00dfenden Pr\u00e4sentation werden wir den Bericht vorstellen und Ihre offenen Fragen beantworten<\/li>\n<\/ul>\n<h3>\n\t\t\tCompliance-unterst\u00fctzender technischer Service\t<\/h3>\n\t<h4>Beschleunigen Sie die Markteinf\u00fchrung von CRA-konformen Produkten auf nachhaltige Art und Weise.<\/h4>\n<p>&nbsp;<\/p>\n<p>Der logische n\u00e4chste Schritt nach unserer CRA-Bereitschaftsanalyse f\u00fcr Unternehmen, die zus\u00e4tzliche technische Bandbreite ben\u00f6tigen.<\/p>\n<p>Wir unterst\u00fctzen Sie bei der Umsetzung dessen, was f\u00fcr die Einhaltung des EU Cyber Resilience Act (CRA) erforderlich ist.<\/p>\n<p>Unser engagierter Entwicklungsservice hilft Ihren Ingenieuren, Zeit zu sparen und sich auf die Produktfunktionen zu konzentrieren.<\/p>\n<p>We are familiar with a wide range of embedded technologies, including Yocto, Docker, Raspberry Pi OS and other Debian derivates, and the corresponding programming languages &#8211; from C \/ C++ to Python, TypeScript and node.JS.<\/p>\n<p>Es ist uns wichtig, Ihr Team kontinuierlich zu f\u00f6rdern. Wir konzentrieren uns auf die nachhaltige Vermittlung von Best Practices. Ihre Ingenieure profitieren von einem Kompetenz- und Wissenstransfer, der es ihnen erm\u00f6glicht, die implementierten L\u00f6sungen zu verstehen und f\u00fcr zuk\u00fcnftige Produkte wiederzuverwenden.<\/p>\n<p>&nbsp;<\/p>\n<p><strong>CRA-Compliance-unterst\u00fctzende Technik umfasst:<\/strong><\/p>\n<ul>\n<li>An initial free consultation discussing your requirements &#8211; including the technologies which need to be covered<\/li>\n<li>Unterrichtung Ihres Management- und Entwicklungsteams \u00fcber die vorgeschlagenen Empfehlungen zur Einhaltung des Codes\/Produkts und die zu erbringenden Leistungen<\/li>\n<li>Eine realistische Sch\u00e4tzung der Gesamtkosten f\u00fcr die vereinbarte Leistung auf unserer Seite<\/li>\n<li>Ein konkreter Plan der zu erbringenden Leistungen mit einem vorgeschlagenen Zeitplan<\/li>\n<li>Intensive Zusammenarbeit mit Ihrem Ingenieurteam in der von Ihnen und Ihrem Ingenieurteam bevorzugten Form<\/li>\n<li>Relevante Projektmeilensteine mit regelm\u00e4\u00dfigen Fortschrittsberichten und Leistungsergebnissen<\/li>\n<li>Konzentrieren Sie sich darauf, die Blockaden in Ihrem Team zu l\u00f6sen, um schneller zu einem fertigen Produkt zu gelangen.<\/li>\n<li>Unterst\u00fctzung beim Aufbau interner technischer Best Practices f\u00fcr die Einhaltung von Vorschriften<\/li>\n<\/ul>\n<p>&nbsp;<\/p>\n<h3>\n\t\t\tVollst\u00e4ndiger CRA-Compliance-Service einschlie\u00dflich rechtlicher Pr\u00fcfung\t<\/h3>\n\t<h4>Machen Sie Ihr Produkt vollst\u00e4ndig konform und CRA-f\u00e4hig, was von unseren juristischen Partnern best\u00e4tigt wird.<\/h4>\n<p>&nbsp;<\/p>\n<p>Dieser Service umfasst die Bewertung der CRA-Bereitschaft, gefolgt von einer Implementierungsphase mit umfassender Unterst\u00fctzung durch uns.<\/p>\n<p>Schlie\u00dflich pr\u00fcfen unsere juristischen Partner die L\u00f6sungen gr\u00fcndlich.<\/p>\n<p>Wir empfehlen diesen Rundum-Service f\u00fcr Unternehmen mit kritischen Produkten, die unter Zeitdruck stehen und unbedingt bis zum Ablauf der CRA-Frist im Dezember 2027 konform sein m\u00fcssen.<\/p>\n<p>&nbsp;<\/p>\n<p><strong>Was Sie von unserem umfassenden CRA-Compliance-Service erwarten k\u00f6nnen:<\/strong><\/p>\n<ul>\n<li>Ein erstes kostenloses Beratungsgespr\u00e4ch \u00fcber Ihre Produkte und Ihren Zeitplan<\/li>\n<li>Eine realistische Sch\u00e4tzung der Gesamtkosten auf unserer Seite<\/li>\n<li>Ein konkreter Plan der zu erbringenden Leistungen mit einem vorgeschlagenen Zeitplan<\/li>\n<li>Intensive Zusammenarbeit mit Ihrem Ingenieurteam in der von Ihnen und Ihrem Ingenieurteam bevorzugten Form<\/li>\n<li>Relevante Projektmeilensteine mit regelm\u00e4\u00dfigen Fortschrittsberichten und Leistungsergebnissen<\/li>\n<li>Konzentrieren Sie sich darauf, die Blockaden in Ihrem Team zu l\u00f6sen, um schneller zu einem fertigen Produkt zu gelangen.<\/li>\n<li>Unterst\u00fctzung beim Aufbau interner technischer Best Practices f\u00fcr die Einhaltung von Vorschriften<\/li>\n<li>Juristische Pr\u00fcfung durch unsere Partner<\/li>\n<li>Volle Projekt- und Ergebnisverantwortung auf unserer Seite, ein einziger Ansprechpartner f\u00fcr Ihr Team f\u00fcr alles, was mit der CRA zu tun hat<\/li>\n<\/ul>\n<p>&nbsp;<\/p>\n<h3>\n\t\t\tKI-generierte \u00dcberpr\u00fcfung der Einhaltung des Codes\t<\/h3>\n\t<h4>Korrigieren Sie KI-generierten Code, um ihn sicher und konform zu machen.<\/h4>\n<p>&nbsp;<\/p>\n<p>F\u00fcr Ihren KI-generierten Code identifizieren wir fortlaufend Sicherheitsl\u00fccken und die Einhaltung des Cyber Resilience Act (CRA).<\/p>\n<p>Unser Entwicklungsteam hilft Ihnen bei der \u00dcberarbeitung des Codes, teilt mit Ihnen bew\u00e4hrte Verfahren f\u00fcr KI-Codegenerierungsaufforderungen und die h\u00e4ufigsten Fallstricke, auf die Sie achten sollten.<\/p>\n<p>Der Service kann im Tandem mit Ihren internen Ingenieuren durchgef\u00fchrt werden, um eine m\u00f6glichst wirtschaftliche Nutzung unserer Code-Reviews und einen kontinuierlichen Wissenstransfer an Ihr Team zu gew\u00e4hrleisten.<\/p>\n<p>Dies gew\u00e4hrleistet die CRA-Konformit\u00e4t des von der KI generierten Codes bei minimalem Overhead.<\/p>\n<p>&nbsp;<\/p>\n<p><strong>KI-generierte Code-Einhaltung einschlie\u00dflich:<\/strong><\/p>\n<ul>\n<li>Ein erstes kostenloses Beratungsgespr\u00e4ch \u00fcber Ihren AI-Code-Workflow<\/li>\n<li>Co-Erstellung eines zus\u00e4tzlichen Arbeitsschritts f\u00fcr die KI-Code-Sicherheitspr\u00fcfung<\/li>\n<li>Establishment of best practices with your engineering team &#8211; including checklists<\/li>\n<li>Laufende Schulung und Einweisung Ihres Ingenieurteams in die Verfahren zur Einhaltung von KI-generiertem Code<\/li>\n<li>Regelm\u00e4\u00dfige gr\u00fcndliche \u00dcberpr\u00fcfungen Ihres KI-generierten Codes<\/li>\n<\/ul>\n<p>&nbsp;<\/p>\n<h2>\n\t\t\tGesch\u00e4fte brauchen Vertrauen.\t<\/h2>\n<p>Als Inhaber und Gesch\u00e4ftsf\u00fchrer der pi3g GmbH &amp; Co. KG sind Vertrauen, Offenheit, gegenseitiger Nutzen und <strong>fundiertes Wissen \u00fcber unsere Produkte<\/strong>\u00a0meine h\u00f6chsten Werte.<\/p>\n<p>Zum Beispiel: Ich empfehle Ihnen gerne die Produkte unserer Konkurrenten, wenn ich der Meinung bin, dass sie f\u00fcr Sie von gr\u00f6\u00dferem Nutzen sind.<\/p>\n<p><strong>Dies ist meiner Meinung nach die Art und Weise, wie langfristige Gesch\u00e4ftsbeziehungen aufgebaut werden.<\/strong><\/p>\n<p><em>- Maximilian Batz (pi3g GmbH &amp; Co. KG)<\/em><\/p>\n\t\t\t<a href=\"https:\/\/pi3g.com\/de\/kontakt\/\"  target=\"_self\">\n\t\t\t\t\t\tKontaktieren Sie uns f\u00fcr ein unverbindliches Gespr\u00e4ch \u00fcber Compliance\n\t\t\t\t\t<\/a>\n<figure itemscope itemtype=\"https:\/\/schema.org\/ImageObject\">\n\t\t\t\t<img decoding=\"async\" src=\"https:\/\/pi3g.com\/wp-content\/uploads\/2021\/06\/Team-Max-293x300.png\" alt=\"Team-Max\" height=\"300\" width=\"293\" title=\"Team-Max\" onerror=\"this.style.display='none'\" loading=\"lazy\" \/>\n\t<\/figure>\n<h2>\n\t\t\tQuestions &#038; Answers\t<\/h2>\n\t\t\t\t\t<h2 id=\"fl-accordion--label-0\">Ist mein Produkt von der CRA betroffen?<\/h2>\n\t\t\t\t\t\t\t\t\t\t\t<button type=\"button\" id=\"fl-accordion--icon-0\" aria-expanded=\"false\" aria-controls=\"fl-accordion--panel-0\"><i>Antwort Ausklappen<\/i><\/button>\n\t\t\t\t\t<p>Most products &#8211; software and hardware &#8211;\u00a0 with possible connections to other devices are affected. We can help you analyze this question in detail &#8211; please get in touch with us.<\/p>\n<p>Die Definition f\u00fcr Produkte, die von der CRA betroffen sind, ist sehr weit gefasst.<\/p>\n<p>The CRA applies to &#8220;products with digital elements made available on the market, the intended purpose or reasonably foreseeable use of which includes a direct or indirect logical or physical data connection to a device or network&#8221;.<\/p>\n<p><strong>Einige Beispiele, was solche Produkte ausmacht:<\/strong><\/p>\n<ul>\n<li>Firmware\/Software f\u00fcr die Integration in Hardware-Ger\u00e4te<\/li>\n<li>Software which is placed on the market with hardware product &#8211; pre-loaded or not, for example drivers for a printer, OS, tools to program FPGAs<\/li>\n<li>ICs, Hauptplatinen, Sensoren<\/li>\n<li>Smartphones, Laptops, intelligente K\u00fchlschr\u00e4nke<\/li>\n<li>Industrielle IoT-Ger\u00e4te, Maschinen<\/li>\n<\/ul>\n<p><strong>Aber auch:\u00a0<\/strong><\/p>\n<ul>\n<li>Offline-Texteditoren und andere Anwendungen, die auf Betriebssystemen laufen, die eine Verbindung zu anderen Ger\u00e4ten haben oder haben k\u00f6nnen<\/li>\n<li>NFC-Tags und ihre Leseger\u00e4te, zum Beispiel in T\u00fcrschl\u00f6ssern<\/li>\n<\/ul>\n<p>Es gibt einige Ausnahmen, zum Beispiel Produkte, die f\u00fcr nationale Sicherheitszwecke bestimmt sind.<\/p>\n<p>Ein Gegenbeispiel f\u00fcr Ger\u00e4te, die nicht von der CRA betroffen sind:<\/p>\n<ul>\n<li>eine Sp\u00fclmaschine mit integrierter Firmware, aber ohne Verbindung zu anderen Ger\u00e4ten<\/li>\n<\/ul>\n<p>&nbsp;<\/p>\n\t\t\t\t\t<h2 id=\"fl-accordion--label-1\">Mein Produkt ist bereits fertig und wird auf dem Markt verkauft, ist es davon betroffen?<\/h2>\n\t\t\t\t\t\t\t\t\t\t\t<button type=\"button\" id=\"fl-accordion--icon-1\" aria-expanded=\"false\" aria-controls=\"fl-accordion--panel-1\"><i>Antwort Ausklappen<\/i><\/button>\n\t\t\t\t\t<p>Ja, Ihr Produkt wird davon betroffen sein. Es gibt keinen Bestandsschutz f\u00fcr bestehende Produkttypen, abgesehen von einigen Ausnahmen.<\/p>\n<p>From a legal perspective, each individual unit of a product type is considered as being &#8220;placed on the market&#8221;.<\/p>\n<p>&#8220;Placing on the market&#8221; translates to the manufacturer or importer making it available on the European market for the first time.<\/p>\n<p>Each individual unit must conform to the European Conformity requirements valid at the time of it&#8217;s placement on the market.<\/p>\n<p>Thus, once the CRA enters into effect, new units of your product type manufactured and sold into the EU &#8211; to distributors, customers, importers &#8211; will need to be compliant with the CRA.<\/p>\n<p>Damit Produkte, die bereits auf den Markt gebracht wurden, mit Ersatzteilen versorgt werden k\u00f6nnen, gilt die CRA nicht f\u00fcr unver\u00e4nderte Ersatzteile.<\/p>\n<p>Setzen Sie sich mit uns in Verbindung, um Einzelheiten zu Ihren bestehenden Produkten zu besprechen und zu erfahren, wie Sie die Einhaltung der Vorschriften f\u00fcr diese Produkte beschleunigen k\u00f6nnen.<\/p>\n\t\t\t\t\t<h2 id=\"fl-accordion--label-2\">Welches sind die aktuellen Fristen f\u00fcr das Cyber Resilience Act (CRA)?<\/h2>\n\t\t\t\t\t\t\t\t\t\t\t<button type=\"button\" id=\"fl-accordion--icon-2\" aria-expanded=\"false\" aria-controls=\"fl-accordion--panel-2\"><i>Antwort Ausklappen<\/i><\/button>\n\t\t\t\t\t<p>Es gibt zwei wichtige CRA-Fristen, die die meisten Unternehmen beachten m\u00fcssen:<\/p>\n<p><b>11.SEP. 2026: Beginn der Berichtspflichten<\/b><\/p>\n<p>Die Meldepflichten f\u00fcr Sicherheitsvorf\u00e4lle und aktive Verst\u00f6\u00dfe betreffen auch bestehende Produkte.<\/p>\n<p><b>11.DEZ. 2027: Beginn der wichtigsten CRA-Verpflichtungen<\/b><\/p>\n<p>Alle bestehenden Produkte m\u00fcssen \u00fcberpr\u00fcft werden, um die Anforderungen der CRA zu erf\u00fcllen.<\/p>\n<p>Grandfathering gibt es nur f\u00fcr unver\u00e4nderte Komponenten, die f\u00fcr bereits auf dem Markt befindliche Ger\u00e4te bestimmt sind.<\/p>\n<p>Die Erf\u00fcllung der CRA-Anforderungen ist ein wesentlicher Bestandteil der kommenden CE-Zertifizierung.<\/p>\n\t\t\t\t\t<h2 id=\"fl-accordion--label-3\">Warum sollten Sie pi3g w\u00e4hlen, um mit uns zusammenzuarbeiten und die Einhaltung der CRA-Vorschriften sicherzustellen?<\/h2>\n\t\t\t\t\t\t\t\t\t\t\t<button type=\"button\" id=\"fl-accordion--icon-3\" aria-expanded=\"false\" aria-controls=\"fl-accordion--panel-3\"><i>Antwort Ausklappen<\/i><\/button>\n\t\t\t\t\t<p>Mit unserer fachkundigen Anleitung k\u00f6nnen Sie sicher sein, dass Sie die Anforderungen der CRA angemessen erf\u00fcllen.<\/p>\n<p>Oft ist es schwer zu erkennen, ob Sie genug tun. Der Aufwand f\u00fcr die Sicherheitstechnik kann exponentiell ansteigen und birgt das Risiko, dass Sie das falsche Problem angehen.<\/p>\n<p>Ein ausgewogenes Verh\u00e4ltnis mit einem realistischen, risikobasierten Ansatz ist der Schl\u00fcssel, um den richtigen Aufwand f\u00fcr die richtigen Probleme zu betreiben.<\/p>\n<p>Wir bilden unsere Teammitglieder st\u00e4ndig weiter und sind in der Lage, die besten CRA-Verfahren in Ihr Team zu bringen.<\/p>\n<p>So kombiniert pi3g Marktkenntnisse und fundiertes technisches Fachwissen, damit Sie sich auf die richtigen Herausforderungen konzentrieren k\u00f6nnen.<\/p>\n<p>&nbsp;<\/p>\n\t\t\t\t\t<h2 id=\"fl-accordion--label-4\">Welche Technologien deckt pi3g f\u00fcr die CRA nicht ab?<\/h2>\n\t\t\t\t\t\t\t\t\t\t\t<button type=\"button\" id=\"fl-accordion--icon-4\" aria-expanded=\"false\" aria-controls=\"fl-accordion--panel-4\"><i>Antwort Ausklappen<\/i><\/button>\n\t\t\t\t\t<p>For us it&#8217;s important to work on-point and within the scope of our domain expertise.<\/p>\n<p>Erkundigen Sie sich bei uns nach Ihrem Projekt, um zu pr\u00fcfen, ob wir die von Ihnen verwendeten Technologien unterst\u00fctzen k\u00f6nnen.<\/p>\n<p>Um Ihnen einen ersten \u00dcberblick zu verschaffen, unterst\u00fctzen wir die folgenden Technologien nicht:<\/p>\n<ul>\n<li>Android und iOS Anwendungen<\/li>\n<li>SAP- und ABAP-Anwendungen<\/li>\n<li>Windows-basierte eingebettete Systeme<\/li>\n<\/ul>\n<h2>\n\t\t\tRessourcen\t<\/h2>\n\t<h3>Pr\u00e4sentationen<\/h3>\n<ul>\n<li><a href=\"https:\/\/pi3g.com\/wp-content\/uploads\/2026\/04\/pi3g-CRA-presentation.pdf\">pi3g CRA Pr\u00e4sentation<\/a> (PDF) &#8211; an initial overview of the requirements, penalties and our solution<\/li>\n<\/ul>\n<h3>Website Links<\/h3>\n<ul>\n<li><a href=\"https:\/\/digital-strategy.ec.europa.eu\/en\/policies\/cyber-resilience-act\">Gesetz zur Widerstandsf\u00e4higkeit im Internet<\/a> (Europ\u00e4ische Kommission)<\/li>\n<li><a href=\"https:\/\/digital-strategy.ec.europa.eu\/en\/policies\/cra-reporting\">Berichtspflichten<\/a> (Europ\u00e4ische Kommission)<\/li>\n<li><a href=\"https:\/\/www.enisa.europa.eu\/\">ENISA<\/a> (Agentur der Europ\u00e4ischen Union f\u00fcr Cybersicherheit)<\/li>\n<\/ul>\n\t\t\t<a href=\"https:\/\/pi3g.com\/de\/kontakt\/\"  target=\"_self\">\n\t\t\t\t\t\t\tLassen Sie uns \u00fcber Ihre Produkte sprechen\n\t\t\t\t\t<\/a>","protected":false},"excerpt":{"rendered":"<p>Cyber Resilience Act (CRA) Compliance Made Simple Specialist CRA compliance support for embedded Linux devices, firmware and software components. Contact us for a free CRA consultation Our partners Get CRA compliant fast with pi3g pi3g is a specialist German firm with over 16 years of experience in IoT devices, with a special focus on embedded&hellip;<\/p>","protected":false},"author":2,"featured_media":0,"parent":0,"menu_order":0,"comment_status":"closed","ping_status":"closed","template":"","meta":{"footnotes":"","_links_to":"","_links_to_target":""},"class_list":["post-31614","page","type-page","status-publish","hentry"],"_links":{"self":[{"href":"https:\/\/pi3g.com\/de\/wp-json\/wp\/v2\/pages\/31614","targetHints":{"allow":["GET"]}}],"collection":[{"href":"https:\/\/pi3g.com\/de\/wp-json\/wp\/v2\/pages"}],"about":[{"href":"https:\/\/pi3g.com\/de\/wp-json\/wp\/v2\/types\/page"}],"author":[{"embeddable":true,"href":"https:\/\/pi3g.com\/de\/wp-json\/wp\/v2\/users\/2"}],"replies":[{"embeddable":true,"href":"https:\/\/pi3g.com\/de\/wp-json\/wp\/v2\/comments?post=31614"}],"version-history":[{"count":23,"href":"https:\/\/pi3g.com\/de\/wp-json\/wp\/v2\/pages\/31614\/revisions"}],"predecessor-version":[{"id":31677,"href":"https:\/\/pi3g.com\/de\/wp-json\/wp\/v2\/pages\/31614\/revisions\/31677"}],"wp:attachment":[{"href":"https:\/\/pi3g.com\/de\/wp-json\/wp\/v2\/media?parent=31614"}],"curies":[{"name":"wp","href":"https:\/\/api.w.org\/{rel}","templated":true}]}}