{"id":31488,"date":"2025-09-21T06:02:51","date_gmt":"2025-09-21T04:02:51","guid":{"rendered":"https:\/\/pi3g.com\/?page_id=31488"},"modified":"2026-02-21T15:02:41","modified_gmt":"2026-02-21T14:02:41","slug":"raspberry-pi-security-compliance-experts","status":"publish","type":"page","link":"https:\/\/pi3g.com\/de\/raspberry-pi-security-compliance-experts\/","title":{"rendered":"Raspberry Pi Sicherheit &amp; Compliance Expertise"},"content":{"rendered":"<figure itemscope itemtype=\"https:\/\/schema.org\/ImageObject\">\n\t\t\t\t<img decoding=\"async\" src=\"https:\/\/pi3g.com\/wp-content\/uploads\/2021\/07\/pi3g-only-square-1.png\" alt=\"pi3g-nur-quadratisch\" height=\"150\" width=\"150\" title=\"pi3g-nur-quadratisch\" onerror=\"this.style.display='none'\" loading=\"lazy\" \/>\n\t<\/figure>\n<figure itemscope itemtype=\"https:\/\/schema.org\/ImageObject\">\n\t\t\t\t<img decoding=\"async\" src=\"https:\/\/pi3g.com\/wp-content\/uploads\/2025\/05\/4-150x150.png\" alt=\"4\" height=\"150\" width=\"150\" title=\"4\" onerror=\"this.style.display='none'\" loading=\"lazy\" \/>\n\t<\/figure>\n<h1>\n\t\t\tRaspberry Pi Sicherheit &amp; <br \/>Compliance-Fachwissen\t<\/h1>\n\t<h2><strong>Sichern Sie Ihre Raspberry Pi &amp; IoT-Systeme.<\/strong> <\/h2>\n<p>Von der Modellierung von Bedrohungen bis hin zu sicherem Booten, Verschl\u00fcsselung, Zertifizierung und laufender Unterst\u00fctzung bei der Einhaltung von Vorschriften.<\/p>\n<p>Wir sind ein zugelassener industrieller Raspberry Pi Wiederverk\u00e4ufer - aktiv seit 2012<\/p>\n\t\t\t<a href=\"#form\"  target=\"_self\">\n\t\t\t\t\t\tMein Projekt besprechen\n\t\t\t\t\t<\/a>\n<h3>\n\t\t\tL\u00f6sen Sie die Sicherheitsherausforderung\t<\/h3>\n\tUnsere Kunden lieben es, L\u00f6sungen auf der Basis des Raspberry Pi zu entwickeln. Roboter, Zeiterfassungssysteme, \u00dcberwachungssysteme, medizinische L\u00f6sungen, Drohnen, digitale Gateways und vieles mehr - diese L\u00f6sungen machen das Leben f\u00fcr jeden einfacher.\nDie Entwicklung dieser L\u00f6sungen ist eine Herausforderung und macht Spa\u00df! Es erfordert jedoch auch, dass die Teams bei den aktuellen Sicherheitsvorschriften auf dem Laufenden bleiben, Kryptographie implementieren und sich mit Themen wie sicheres Booten, vollst\u00e4ndige Festplattenverschl\u00fcsselung, vertrauensw\u00fcrdige Plattformmodule, RED, CRA, OTA-Updates und vielem mehr befassen.\nDas kann entmutigend wirken, insbesondere f\u00fcr ein kleineres Entwicklungsteam, das unter Zeitdruck steht, um seine Produkte auf den Markt zu bringen.\nWir k\u00f6nnen Ihnen helfen, Ihre eingebetteten Raspberry Pi-Systeme zu sichern und vorschriftsm\u00e4\u00dfig zu machen - egal, ob diese auf dem Raspberry Pi 4, Pi 5, Compute Module 4 (CM4) oder Compute Module 5 (CM5) basieren.\n\t\t<h3>\t\n\tSoftware-IP-Schutz<\/h3>Der Hauptspeicher Ihres Raspberry Pi - SD-Karten - und die darauf gespeicherte Software und Passw\u00f6rter k\u00f6nnen leicht gelesen und kopiert werden.\nWir helfen Ihnen dabei <strong>Sch\u00fctzen Sie Ihre Software-IP<\/strong> indem Sie das Systemlaufwerk Ihrer eingebetteten Raspberry Pi-L\u00f6sung verschl\u00fcsseln.\n<strong>Verhindern Sie diese m\u00f6glichen Bedrohungen:<\/strong>\n<ul>\n<li data-start=\"2460\" data-end=\"2527\">Benutzer daran hindern, Ihre Software zu klonen und kostenlos zu nutzen (auf Kosten eines zus\u00e4tzlichen Pi)<\/li>\n<li data-start=\"2460\" data-end=\"2527\">Verhindern Sie, dass Konkurrenten Ihre Software analysieren und dekompilieren<\/li>\n<li data-start=\"2460\" data-end=\"2527\">Verhindern Sie, dass b\u00f6swillige Akteure WiFi-Passw\u00f6rter und andere Anmeldeinformationen aussp\u00e4hen k\u00f6nnen.<\/li>\n<\/ul>\n\t\t<h3>\t\n\tSichere Software-Updates (OTA)<\/h3>Neue Funktionen steigern den Produktwert - aber auch neue Bedrohungen und Angriffsvektoren tauchen im Laufe der Zeit auf, zum Beispiel Spectre oder Heartbleed. Sicherheits-Patches und Betriebssystem-Updates werden kontinuierlich ver\u00f6ffentlicht.\nWir erm\u00f6glichen <strong data-start=\"986\" data-end=\"1023\">sichere Over-the-Air (OTA)-Updates<\/strong> f\u00fcr bereits installierte Ger\u00e4te, einschlie\u00dflich <strong data-start=\"1064\" data-end=\"1096\">Rollback-\/Fallback-Mechanismen<\/strong>. So bleibt Ihre Flotte einsatzbereit und die Ger\u00e4te bleiben sicher und mit der neuesten Softwareversion auf dem neuesten Stand.\n<strong>Warum sichere OTA-Updates wichtig sind:\u00a0<\/strong>\n<ul>\n<li data-start=\"2460\" data-end=\"2527\">Angriffsvektoren sind bekannt, sobald sie ver\u00f6ffentlicht sind, und k\u00f6nnen durch Replikation der Informationen ausgenutzt werden - schnelle Updates begrenzen den potenziellen Schaden<\/li>\n<li data-start=\"2460\" data-end=\"2527\">Der Aufbau belastbarer und aktualisierbarer Systeme erm\u00f6glicht es Ihnen, Ihre Ger\u00e4te zukunftssicher zu machen und sie an sich \u00e4ndernde gesetzliche Anforderungen und eine dynamische Sicherheitslandschaft anzupassen.<\/li>\n<li data-start=\"2460\" data-end=\"2527\">der Aktualisierungsmechanismus muss sorgf\u00e4ltig implementiert werden, damit er nicht selbst zu einem Angriffsvektor wird<\/li>\n<\/ul>\n\t\t<h3>\t\n\tCompliance<\/h3>Einhaltung der Sicherheitsanforderungen f\u00fcr Industrie und IoT (CRA\/ETSI-Ebene).\nWir unterst\u00fctzen Ihr Team dabei, Ihre Ger\u00e4te von Anfang an mit den relevanten EU-Vorschriften konform zu machen.\n<strong>Unterst\u00fctzung bei der Einhaltung von Vorschriften sch\u00fctzt Sie:\u00a0<\/strong>\n<ul>\n<li data-start=\"2460\" data-end=\"2527\">keine langwierige \u00dcberarbeitung im Nachhinein mehr<\/li>\n<li data-start=\"2460\" data-end=\"2527\">keine aktuellen regulatorischen \u00c4nderungen zu verpassen<\/li>\n<li data-start=\"2460\" data-end=\"2527\">verhindern, dass wichtige Teile in Ihrer Dokumentation fehlen<\/li>\n<\/ul>\n\t\t\t<a href=\"#form\"  target=\"_self\">\n\t\t\t\t\t\tMein Projekt besprechen\n\t\t\t\t\t<\/a>\n<h3>\n\t\t\tIndustrielle Raspberry Pi Sicherheits- und Compliance-L\u00f6sungen\t<\/h3>\n\tWir bieten verifizierte, testbare Embedded-Sicherheitsl\u00f6sungen f\u00fcr Ihre Pi 4, Pi 5 und CM4 \/ CM5 basierten Projekte.\nUnsere Bausteine f\u00fcr Ihre eingebetteten Raspberry Pi-Ger\u00e4te umfassen Hardware-Sicherheitskomponenten, Software-Engineering f\u00fcr sichere eingebettete Systeme und eine \u00dcberpr\u00fcfung der Rechtskonformit\u00e4t durch ein spezialisiertes Partnerunternehmen.\n\t\t<h3>\t\n\tSicherer Start<\/h3>Wir erm\u00f6glichen sicheres Booten und gemessenen Bootschutz auf Pi \/ TPM-basiertem Vertrauen f\u00fcr Ihre Ger\u00e4te.\nDas Ger\u00e4t bootet nur das, was es booten soll, gebunden an eine vertrauensw\u00fcrdige Zertifizierungsstelle und eine definierte Richtlinie.\n<strong>Sicheres Booten verhindert:\u00a0<\/strong>\n<ul>\n<li data-start=\"2460\" data-end=\"2527\">Offline-Manipulationen \/ Angriffe im Stil von \u201cb\u00f6sen Dienstm\u00e4dchen\u201d<\/li>\n<li data-start=\"2460\" data-end=\"2527\">Bootzeit-Malware \/ hartn\u00e4ckige Rootkits<\/li>\n<li data-start=\"2460\" data-end=\"2527\">Angriffe auf Ihre vorgelagerten Systeme und Ihr Netzwerk<\/li>\n<li data-start=\"2460\" data-end=\"2527\">erh\u00f6hte Supportkosten (Manipulationen durch Benutzer)<\/li>\n<\/ul>\n\t\t<h3>\t\n\tVollst\u00e4ndige Festplattenverschl\u00fcsselung<\/h3>Wir entwickeln eine vollst\u00e4ndige Festplattenverschl\u00fcsselung (hardwarebasiert \/ LUKS) f\u00fcr die Anforderungen von Beh\u00f6rden und Datenschutz, um Ihren Speicher zu sichern.\nDie wichtigsten Teile des Betriebssystems, Ihr Code und geheime Passw\u00f6rter werden auf der SD-Karte oder dem eMMC FLASH verschl\u00fcsselt.\n<strong>Die vollst\u00e4ndige Festplattenverschl\u00fcsselung verhindert:\u00a0<\/strong>\n<ul>\n<li data-start=\"2460\" data-end=\"2527\">Kopieren und Reverse-Engineering Ihrer Software<\/li>\n<li data-start=\"2460\" data-end=\"2527\">Diebstahl der WiFi-Passw\u00f6rter (wichtig f\u00fcr RED!)<\/li>\n<li data-start=\"2460\" data-end=\"2527\">Angriffe auf Ihre vorgelagerten Systeme und Ihr Netzwerk<\/li>\n<\/ul>\n\t\t<h3>\t\n\tCompliance<\/h3>Einhaltung der Sicherheitsanforderungen f\u00fcr Industrie und IoT (CRA\/ETSI-Ebene).\nWir unterst\u00fctzen Ihr Team dabei, Ihre Ger\u00e4te von Anfang an mit den relevanten EU-Vorschriften konform zu machen.\n<strong>Compliance Support sch\u00fctzt Sie vor:\u00a0<\/strong>\n<ul>\n<li data-start=\"2460\" data-end=\"2527\">langwierige Umstrukturierung im Nachhinein<\/li>\n<li data-start=\"2460\" data-end=\"2527\">Verpassen der aktuellen regulatorischen \u00c4nderungen<\/li>\n<li data-start=\"2460\" data-end=\"2527\">wichtige Teile in Ihrer Dokumentation fehlen<\/li>\n<\/ul>\n\t\t\t<a href=\"#form\"  target=\"_self\">\n\t\t\t\t\t\tMein Projekt besprechen\n\t\t\t\t\t<\/a>\n<h3>\n\t\t\tRaspberry Pi Hardware-Sicherheit &amp; Embedded Pi Entwicklung\t<\/h3>\n\t\t<figure itemscope itemtype=\"https:\/\/schema.org\/ImageObject\">\n\t\t\t\t<a href=\"https:\/\/buyzero.de\/products\/letstrust-hardware-tpm-trusted-platform-module\"  target=\"_self\" itemprop=\"url\">\n\t\t\t\t<img decoding=\"async\" src=\"https:\/\/pi3g.com\/wp-content\/uploads\/2025\/09\/letstrust-TPM-Secure-boot-Raspberry-Pi-cryptographic-key-management-300x300.png\" alt=\"LetsTrust TPM sichere Boot-L\u00f6sung f\u00fcr Raspberry Pi Hardware Root of Trust kryptografische Schl\u00fcsselverwaltung signierter Boot\" height=\"300\" width=\"300\" title=\"letstrust-TPM-Secure-boot-Raspberry-Pi-cryptographic-key-management\" onerror=\"this.style.display='none'\" loading=\"lazy\" \/>\n\t\t\t\t<\/a>\n\t<\/figure>\n<h3><a href=\"https:\/\/buyzero.de\/products\/letstrust-hardware-tpm-trusted-platform-module\" target=\"_self\">LetsTrust TPM Hardware-Sicherheitsmodul<\/a><\/h3><p>Dieses Modul basiert auf dem Infineon Optiga\u2122 SLB 9672 TPM 2.0.<\/p>\n<p>Ein vertrauensw\u00fcrdiges Plattformmodul ist eine Schl\u00fcsselkomponente f\u00fcr Sicherheitskonzepte f\u00fcr den Raspberry Pi, wie z.B. sicheres Booten, sichere Speicherung von kryptographischen Schl\u00fcsseln, verschl\u00fcsselte Boot-Partitionen, Remote-Hardware-Attestierung und mehr.<\/p>\n<p>Das LetsTrust TPM-Modul wird vollst\u00e4ndig in Deutschland hergestellt und getestet. Seit 2017 wurden \u00fcber 7000 Einheiten verkauft.<\/p>\n\t\t\t<a href=\"https:\/\/buyzero.de\/products\/letstrust-hardware-tpm-trusted-platform-module\"  target=\"_self\">\n\t\t\t\t\t\t\tKaufen bei buyzero.de\n\t\t\t\t\t<\/a>\n\t\t<figure itemscope itemtype=\"https:\/\/schema.org\/ImageObject\">\n\t\t\t\t<a href=\"https:\/\/buyzero.de\/products\/swissbit-security-upgrade-kit-ps-66u\"  target=\"_self\" itemprop=\"url\">\n\t\t\t\t<img decoding=\"async\" src=\"https:\/\/pi3g.com\/wp-content\/uploads\/2025\/09\/swissbit-microSD-secure-boot-Raspberry-Pi-300x300.jpg\" alt=\"Swissbit microSD-Karte erm\u00f6glicht sicheres Booten auf dem Raspberry Pi f\u00fcr Raspberry Pi-basierte eingebettete IoT-Ger\u00e4te\" height=\"300\" width=\"300\" title=\"swissbit-microSD-secure-boot-Raspberry-Pi\" onerror=\"this.style.display='none'\" loading=\"lazy\" \/>\n\t\t\t\t<\/a>\n\t<\/figure>\n<h3><a href=\"https:\/\/buyzero.de\/products\/swissbit-security-upgrade-kit-ps-66u\" target=\"_self\">Swissbit Sicherheitsstufe 2 microSD-Karte<\/a><\/h3>Eine unserer wichtigsten Eigenschaften dieser Swissbit microSD-Karte ist die F\u00e4higkeit, Secure Boot auf Raspberry Pi-Systemen zu implementieren, um vertrauensw\u00fcrdige Boot-Sequenzen und robuste Sicherheit f\u00fcr Ihre Projekte zu gew\u00e4hrleisten.\nEs ist eine einfache M\u00f6glichkeit, bestehende Raspberry Pi-basierte L\u00f6sungen und Produkte aufzur\u00fcsten, um die neuen RED-Anforderungen zu erf\u00fcllen.\nWir von pi3g k\u00f6nnen Sie bei der Implementierung von Swissbit Security Upgrade Kit microSD-Karten in Ihr Embedded-Projekt unterst\u00fctzen.\n\t\t\t<a href=\"https:\/\/buyzero.de\/products\/swissbit-security-upgrade-kit-ps-66u\"  target=\"_self\">\n\t\t\t\t\t\t\tKaufen bei buyzero.de\n\t\t\t\t\t<\/a>\n\t\t<figure itemscope itemtype=\"https:\/\/schema.org\/ImageObject\">\n\t\t\t\t<a href=\"#linecard\"  target=\"_self\" itemprop=\"url\">\n\t\t\t\t<img decoding=\"async\" src=\"https:\/\/pi3g.com\/wp-content\/uploads\/2025\/09\/Raspberry-Pi-software-development-secure-boot-encrypt-partitions-RED-compliance-300x300.png\" alt=\"Raspberry Pi Softwareentwicklung sicheres Booten verschl\u00fcsseln Partitionen RED Compliance\" height=\"300\" width=\"300\" title=\"Raspberry Pi Softwareentwicklung sicheres Booten verschl\u00fcsseln Partitionen RED Compliance\" onerror=\"this.style.display='none'\" loading=\"lazy\" \/>\n\t\t\t\t<\/a>\n\t<\/figure>\n<h3><a href=\"#linecard\" target=\"_self\">Eingebettete Raspberry Pi Software-Entwicklung<\/a><\/h3><p>Wir verf\u00fcgen \u00fcber ein Team von erfahrenen Entwicklern f\u00fcr eingebettete Software, die Sie bei Ihren Anforderungen an die Sicherheit und Konformit\u00e4t Ihrer Raspberry Pi-Ger\u00e4te unterst\u00fctzen.<\/p>\n<ul>\n<li>Sicherer Start<\/li>\n<li>Signiertes Boot<\/li>\n<li>Vollst\u00e4ndige Festplattenverschl\u00fcsselung<\/li>\n<li>Sichere Updates<\/li>\n<li>VPN-Sicherheit<\/li>\n<li>... und mehr<\/li>\n<\/ul>\n\t\t\t<a href=\"#linecard\"  target=\"_self\">\n\t\t\t\t\t\t\tMehr lesen\n\t\t\t\t\t<\/a>\n\t\t\t<a href=\"#form\"  target=\"_self\">\n\t\t\t\t\t\tMein Projekt besprechen\n\t\t\t\t\t<\/a>\n\t<a name=\"form\"><\/a>\n<h2>\n\t\t\tBesprechen Sie Ihr Projekt mit uns\t<\/h2>\n<h2>\n\t\t\tGesch\u00e4fte brauchen Vertrauen.\t<\/h2>\n<p>Als Inhaber und Gesch\u00e4ftsf\u00fchrer der pi3g GmbH &amp; Co. KG sind Vertrauen, Offenheit, gegenseitiger Nutzen und <strong>fundiertes Wissen \u00fcber unsere Produkte<\/strong> sind unsere h\u00f6chsten Werte.<\/p>\n<p><strong>Dies ist meiner Meinung nach die Art und Weise, wie langfristige Gesch\u00e4ftsbeziehungen aufgebaut werden.<\/strong><\/p>\n<p><em>- Maximilian Batz (pi3g GmbH &amp; Co. KG)<\/em><\/p>\n\t\t\t<a href=\"#form\"  target=\"_self\">\n\t\t\t\t\t\tBesprechen Sie Ihr Projekt mit uns\n\t\t\t\t\t<\/a>\n<figure itemscope itemtype=\"https:\/\/schema.org\/ImageObject\">\n\t\t\t\t<img decoding=\"async\" src=\"https:\/\/pi3g.com\/wp-content\/uploads\/2021\/06\/Team-Max-293x300.png\" alt=\"Team-Max\" height=\"300\" width=\"293\" title=\"Team-Max\" onerror=\"this.style.display='none'\" loading=\"lazy\" \/>\n\t<\/figure>\n<h3>\n\t\t\tUnsere Dienstleistungen f\u00fcr Raspberry Pi und eingebettete Hardware\t<\/h3>\n\t<a name=\"services\"><\/a>\n\t\t<figure itemscope itemtype=\"https:\/\/schema.org\/ImageObject\">\n\t\t\t\t<a href=\"#\"  target=\"_self\" itemprop=\"url\">\n\t\t\t\t<img decoding=\"async\" src=\"https:\/\/pi3g.com\/wp-content\/uploads\/2025\/07\/cinematic-photography-lifestyle-advertis_CsDHbxh5TmaAAuxswWFnZg_uC5fKePRThilhTKBXEtsHw-1.png\" alt=\"Sie wollen das Ergebnis, nicht die Stunden\" height=\"736\" width=\"1312\" title=\"Sie wollen das Ergebnis, nicht die Stunden\" onerror=\"this.style.display='none'\" loading=\"lazy\" \/>\n\t\t\t\t<\/a>\n\t<\/figure>\n<h3><a href=\"#\" target=\"_self\">\ud83d\udee1\ufe0f Festpreise<\/a><\/h3><p>Keine \u00dcberraschungen. Volle Transparenz f\u00fcr Ihre Gesch\u00e4ftsentscheidung - lohnt sich das f\u00fcr mich? Sie kennen unseren Preis im Voraus.<\/p>\n\t\t<figure itemscope itemtype=\"https:\/\/schema.org\/ImageObject\">\n\t\t\t\t<a href=\"#\"  target=\"_self\" itemprop=\"url\">\n\t\t\t\t<img decoding=\"async\" src=\"https:\/\/pi3g.com\/wp-content\/uploads\/2025\/07\/cinematic-photography-lifestyle-advertis_8_HRl4-BT_yCRwe0-rJSeQ_Qnh8TqxeQGaJPfWwhfrUyg.png\" alt=\"100 % Geld-zur\u00fcck-Garantie\" height=\"736\" width=\"1312\" title=\"100 % Geld-zur\u00fcck-Garantie\" onerror=\"this.style.display='none'\" loading=\"lazy\" \/>\n\t\t\t\t<\/a>\n\t<\/figure>\n<h3><a href=\"#\" target=\"_self\">\ud83d\udee1\ufe0f 100 % Geld-zur\u00fcck-Garantie<\/a><\/h3><p>Unzufrieden mit den Ergebnissen? Wir k\u00f6nnen es nicht reparieren? Sie erhalten 100 % Ihres Geldes zur\u00fcck.<\/p>\n\t\t<figure itemscope itemtype=\"https:\/\/schema.org\/ImageObject\">\n\t\t\t\t<a href=\"#\"  target=\"_self\" itemprop=\"url\">\n\t\t\t\t<img decoding=\"async\" src=\"https:\/\/pi3g.com\/wp-content\/uploads\/2025\/07\/a-cinematic-photograph-of-a-focused-soft_PGv0qNeETfGW6pyBw-6Y9w_msv20HWCQZ2vsalN7JSl1Q.png\" alt=\"Lebenslange Bug-Garantie\" height=\"736\" width=\"1312\" title=\"Lebenslange Bug-Garantie\" onerror=\"this.style.display='none'\" loading=\"lazy\" \/>\n\t\t\t\t<\/a>\n\t<\/figure>\n<h3><a href=\"#\" target=\"_self\"><img decoding=\"async\" alt=\"\ud83d\udee1\ufe0f\" src=\"https:\/\/s.w.org\/images\/core\/emoji\/16.0.1\/svg\/1f6e1.svg\" draggable=\"false\" role=\"img\"\/> Lebenslange Bug-Garantie<\/a><\/h3><p>Wir beheben Fehler in von uns geschriebenem Code. Kostenlos. F\u00fcr immer.<\/p>\n<h2>\n\t\t\tFAQ\t<\/h2>\n\t\t\t\t\t<a role=\"heading\" aria-level=\"2\" tabindex=\"-1\"  id=\"fl-accordion--label-0\">Worum geht es bei pi3g?<\/a>\n\t\t\t\t\t\t\t\t\t\t\t<button type=\"button\" id=\"fl-accordion--icon-0\" aria-expanded=\"false\" aria-controls=\"fl-accordion--panel-0\"><i>Antwort Ausklappen<\/i><\/button>\n\t\t\t\t\t<p>Wir sind spezialisiert auf eingebettete Hardware. Unsere St\u00e4rken liegen in:<\/p>\n<ul>\n<li>Alles, was mit Raspberry Pi zu tun hat<\/li>\n<li>Hardware f\u00fcr k\u00fcnstliche Intelligenz<\/li>\n<li>den CAN-Bus<\/li>\n<\/ul>\n\t\t\t\t\t<a role=\"heading\" aria-level=\"2\" tabindex=\"-1\"  id=\"fl-accordion--label-1\">K\u00f6nnen Sie uns kontinuierlich beliefern?<\/a>\n\t\t\t\t\t\t\t\t\t\t\t<button type=\"button\" id=\"fl-accordion--icon-1\" aria-expanded=\"false\" aria-controls=\"fl-accordion--panel-1\"><i>Antwort Ausklappen<\/i><\/button>\n\t\t\t\t\t<p>Ja, wir arbeiten mit vielen Kunden zusammen, um ihre kontinuierliche Versorgung sicherzustellen.<\/p>\n<p>Wir planen im Voraus und sorgen daf\u00fcr, dass der Vorrat auch bei Spitzenbedarf verf\u00fcgbar ist.<\/p>\n\t\t\t\t\t<a role=\"heading\" aria-level=\"2\" tabindex=\"-1\"  id=\"fl-accordion--label-2\">Bieten Sie EMS-Dienste an?<\/a>\n\t\t\t\t\t\t\t\t\t\t\t<button type=\"button\" id=\"fl-accordion--icon-2\" aria-expanded=\"false\" aria-controls=\"fl-accordion--panel-2\"><i>Antwort Ausklappen<\/i><\/button>\n\t\t\t\t\t<p>Wir haben einen Partner, der EMS-Dienste anbietet. Wir k\u00f6nnen mit Ihnen zusammenarbeiten, um Ihre Hardware zu entwickeln und auch um sie bauen zu lassen.<\/p>\n<p>Wenn Sie es w\u00fcnschen, k\u00f6nnen wir Sie kontinuierlich mit dieser Hardware versorgen und alles f\u00fcr Sie orchestrieren.<\/p>","protected":false},"excerpt":{"rendered":"<p>Raspberry Pi Sicherheits- und Compliance-Expertise Sichern Sie Ihre Raspberry Pi &amp; IoT-Systeme. Von der Modellierung von Bedrohungen bis hin zu sicherem Booten, Verschl\u00fcsselung, Attestierung und fortlaufendem Compliance-Support. Wir sind ein zugelassener industrieller Raspberry Pi Reseller - aktiv seit 2012 Diskutieren Sie \u00fcber mein Projekt Die Sicherheitsherausforderung l\u00f6sen Unsere Kunden lieben es, L\u00f6sungen auf Basis des Raspberry Pi zu entwickeln. Roboter, Zeiterfassung...<\/p>","protected":false},"author":2,"featured_media":0,"parent":0,"menu_order":0,"comment_status":"closed","ping_status":"closed","template":"tpl-no-header-footer.php","meta":{"footnotes":"","_links_to":"","_links_to_target":""},"class_list":["post-31488","page","type-page","status-publish","hentry"],"_links":{"self":[{"href":"https:\/\/pi3g.com\/de\/wp-json\/wp\/v2\/pages\/31488","targetHints":{"allow":["GET"]}}],"collection":[{"href":"https:\/\/pi3g.com\/de\/wp-json\/wp\/v2\/pages"}],"about":[{"href":"https:\/\/pi3g.com\/de\/wp-json\/wp\/v2\/types\/page"}],"author":[{"embeddable":true,"href":"https:\/\/pi3g.com\/de\/wp-json\/wp\/v2\/users\/2"}],"replies":[{"embeddable":true,"href":"https:\/\/pi3g.com\/de\/wp-json\/wp\/v2\/comments?post=31488"}],"version-history":[{"count":12,"href":"https:\/\/pi3g.com\/de\/wp-json\/wp\/v2\/pages\/31488\/revisions"}],"predecessor-version":[{"id":31600,"href":"https:\/\/pi3g.com\/de\/wp-json\/wp\/v2\/pages\/31488\/revisions\/31600"}],"wp:attachment":[{"href":"https:\/\/pi3g.com\/de\/wp-json\/wp\/v2\/media?parent=31488"}],"curies":[{"name":"wp","href":"https:\/\/api.w.org\/{rel}","templated":true}]}}