{"id":31444,"date":"2025-08-12T17:18:07","date_gmt":"2025-08-12T15:18:07","guid":{"rendered":"https:\/\/pi3g.com\/?page_id=31444"},"modified":"2025-11-11T13:54:16","modified_gmt":"2025-11-11T12:54:16","slug":"raspberry-pi-industrial-hardware","status":"publish","type":"page","link":"https:\/\/pi3g.com\/de\/raspberry-pi-industrial-hardware\/","title":{"rendered":"Raspberry Pi Industrielle Hardware &amp; Dienstleistungen"},"content":{"rendered":"<a href=\"http:\/\/pi3g.com\/de\/\"  target=\"_self\" itemprop=\"url\">\n\t\t\t\t<img decoding=\"async\" src=\"https:\/\/pi3g.com\/wp-content\/uploads\/2021\/07\/pi3g-only-square-1.png\" alt=\"pi3g-nur-quadratisch\" itemprop=\"image\" height=\"150\" width=\"150\" title=\"pi3g-nur-quadratisch\" onerror=\"this.style.display='none'\" loading=\"lazy\" \/>\n\t\t\t\t<\/a>\n\t\t\t\t<img decoding=\"async\" src=\"https:\/\/pi3g.com\/wp-content\/uploads\/2025\/05\/4-300x300.png\" alt=\"4\" itemprop=\"image\" height=\"300\" width=\"300\" title=\"4\" onerror=\"this.style.display='none'\" loading=\"lazy\" \/>\n<h1>\n\t\t\tRaspberry Pi und industrielle Anwendungen\u00a0\t<\/h1>\n\t<p>Zugelassener industrieller Raspberry Pi Wiederverk\u00e4ufer - aktiv seit 2012<\/p>\n\t\t\t<a href=\"#form\" target=\"_self\">\n\t\t\t\t\t\tAngebot f\u00fcr industrielle Raspberry Pi Hardware anfordern\n\t\t\t\t\t<\/a>\n<h3>\n\t\t\tWir sind spezialisiert auf industrielle Raspberry Pi Hardware\t<\/h3>\n\t\t\t\t<a href=\"#linecard\"  target=\"_self\" itemprop=\"url\">\n\t\t\t\t<img decoding=\"async\" src=\"https:\/\/pi3g.com\/wp-content\/uploads\/2025\/08\/Raspberry-Pi-CM5.jpg\" alt=\"Raspberry Pi Compute Modul 5\" itemprop=\"image\" height=\"1143\" width=\"1600\" title=\"Raspberry Pi CM5\" onerror=\"this.style.display='none'\" loading=\"lazy\" \/>\n\t\t\t\t<\/a>\n<h3><a href=\"#linecard\" target=\"_self\">Raspberry Pi Compute Modules (CM5, CM4, CM4S)<\/a><\/h3><p>Wir sind ein approved Raspberry Pi Reseller und k\u00f6nnen Ihnen Folgendes liefern: <strong>Raspberry Pi CM5, CM4, CM4S<\/strong>.<\/p>\n<p>Wir liefern auch s\u00e4mtliches Zubeh\u00f6r und k\u00f6nnen Sie \u00fcber die richtige CM5-L\u00f6sung f\u00fcr Ihren Anwendungsfall beraten:<\/p>\n<ul>\n<li>carrier boards (einschlie\u00dflich CM5IO)<\/li>\n<li>Geh\u00e4use<\/li>\n<li>CM5 Entwicklungskit<\/li>\n<li>K\u00fchler f\u00fcr CM5 (passiv und aktiv)<\/li>\n<li>Ethernet-PoE-L\u00f6sungen<\/li>\n<\/ul>\n<p>Zus\u00e4tzlich bieten wir <strong>Software-Entwicklungsdienstleistungen<\/strong>f\u00fcr Raspberry Pi-basierte Projekte.<\/p>\n\t\t\t<a href=\"#linecard\" target=\"_self\">\n\t\t\t\t\t\t\tMehr lesen\n\t\t\t\t\t<\/a>\n\t\t\t\t<a href=\"#linecard\"  target=\"_self\" itemprop=\"url\">\n\t\t\t\t<img decoding=\"async\" src=\"https:\/\/pi3g.com\/wp-content\/uploads\/2025\/08\/Raspberry-Pi-CAN-Bus-RSP-PICANDUOFD.jpg\" alt=\"Raspberry Pi CAN-Bus-Modul PiCan DUO FD\" itemprop=\"image\" height=\"392\" width=\"500\" title=\"Raspberry-Pi-CAN-Bus-RSP-PICANDUOFD\" onerror=\"this.style.display='none'\" loading=\"lazy\" \/>\n\t\t\t\t<\/a>\n<h3><a href=\"#linecard\" target=\"_self\">CAN Bus &amp; andere Bussysteme<\/a><\/h3><p>Wir unterst\u00fctzen Ihre Projekte und Ihre Embedded-Entwicklung mit unserer breiten Palette an industriellen Hardware-Schnittstellen. Sie sind f\u00fcr Raspberry Pi, ESP32 und als Standalone-Ger\u00e4te erh\u00e4ltlich.<\/p>\n<p>Einige Beispiele f\u00fcr Hardware-Schnittstellen, mit denen wir Sie unterst\u00fctzen k\u00f6nnen:<\/p>\n<ul>\n<li>CAN-Bus \/ LIN-Bus<\/li>\n<li>EtherCAT<\/li>\n<li>PROFINET \/ Modbus<\/li>\n<li>RS-485 \/ RS-232<\/li>\n<li>1-Draht \/ I\u00b2C \/ SPI<\/li>\n<li>KNX \/ BACnet \/ DALI<\/li>\n<li>M-Bus<\/li>\n<li>... und mehr<\/li>\n<\/ul>\n\t\t\t<a href=\"#linecard\" target=\"_self\">\n\t\t\t\t\t\t\tMehr lesen\n\t\t\t\t\t<\/a>\n\t\t\t\t<a href=\"#linecard\"  target=\"_self\" itemprop=\"url\">\n\t\t\t\t<img decoding=\"async\" src=\"https:\/\/pi3g.com\/wp-content\/uploads\/2025\/08\/Raspberry-Pi-5-inch-display-industrial-display.jpg\" alt=\"Raspberry Pi 5 Zoll Display Industrie-Display\" itemprop=\"image\" height=\"695\" width=\"1024\" title=\"Raspberry Pi 5 Zoll Display Industrie-Display\" onerror=\"this.style.display='none'\" loading=\"lazy\" \/>\n\t\t\t\t<\/a>\n<h3><a href=\"#linecard\" target=\"_self\">Raspberry Pi Zubeh\u00f6r<\/a><\/h3><p>Wir unterst\u00fctzen Sie mit allem notwendigen Zubeh\u00f6r, um Ihre industriellen und kommerziellen Raspberry Pi Projekte zu realisieren. Unser Hardware-Sortiment umfasst:<\/p>\n<ul>\n<li>Netzteile (EU + international)<\/li>\n<li>Geh\u00e4use<\/li>\n<li>Bildschirme \/ Touchdisplays<\/li>\n<li>Kameras<\/li>\n<li>KI-Beschleuniger (Coral, HAILO, usw.)<\/li>\n<li>... und mehr<\/li>\n<\/ul>\n<p>Mit unserem Fachwissen k\u00f6nnen wir Sie \u00fcber die auf dem Markt verf\u00fcgbaren Optionen f\u00fcr Ihr Projekt beraten. Wenn Sie m\u00f6chten, dass wir Ihnen weitere Optionen anbieten, erw\u00e4hnen Sie dies in Ihrer Angebotsanfrage.<\/p>\n\t\t\t<a href=\"#linecard\" target=\"_self\">\n\t\t\t\t\t\t\tMehr lesen\n\t\t\t\t\t<\/a>\n\t\t\t<a href=\"#form\" target=\"_self\">\n\t\t\t\t\t\tAngebot f\u00fcr industrielle Raspberry Pi Hardware anfordern\n\t\t\t\t\t<\/a>\n<h3>\n\t\t\tUnsere Dienstleistungen zur Unterst\u00fctzung Ihrer Raspberry Pi Bed\u00fcrfnisse\t<\/h3>\n\t\t\t\t<a href=\"#services\"  target=\"_self\" itemprop=\"url\">\n\t\t\t\t<img decoding=\"async\" src=\"https:\/\/pi3g.com\/wp-content\/uploads\/2025\/07\/a-cinematic-product-advertisement-showca_NtZnJUJsQoWq3Dm9r40EBQ_OvLsgBPWTJiWVHhvPoZIAQ.png\" alt=\"Die Zukunft wird gestaltet\" itemprop=\"image\" height=\"736\" width=\"1312\" title=\"Die Zukunft wird gestaltet\" onerror=\"this.style.display='none'\" loading=\"lazy\" \/>\n\t\t\t\t<\/a>\n<h3><a href=\"#services\" target=\"_self\"><img decoding=\"async\" alt=\"\u2699\ufe0f\" src=\"https:\/\/s.w.org\/images\/core\/emoji\/16.0.1\/svg\/2699.svg\" draggable=\"false\" role=\"img\"\/> K\u00fcnstliche Intelligenz L\u00f6sungen<\/a><\/h3><p>LLMs, Vision AI, Sensor AI &amp; Vorhersage, ...<\/p>\n\t\t\t<a href=\"#services\" target=\"_self\">\n\t\t\t\t\t\t\tMehr lesen\n\t\t\t\t\t<\/a>\n\t\t\t\t<a href=\"#services\"  target=\"_self\" itemprop=\"url\">\n\t\t\t\t<img decoding=\"async\" src=\"https:\/\/pi3g.com\/wp-content\/uploads\/2025\/07\/a-cinematic-product-advertisement-for-so_Ogv7GnbeRiajCAOoInwR9w_NRPgRQcqT0C2Ay8iRIK-UA.png\" alt=\"Software-Entwicklung\" itemprop=\"image\" height=\"736\" width=\"1312\" title=\"Software-Entwicklung\" onerror=\"this.style.display='none'\" loading=\"lazy\" \/>\n\t\t\t\t<\/a>\n<h3><a href=\"#services\" target=\"_self\"><img decoding=\"async\" alt=\"\u2699\ufe0f\" src=\"https:\/\/s.w.org\/images\/core\/emoji\/16.0.1\/svg\/2699.svg\" draggable=\"false\" role=\"img\"\/> Entwicklung kundenspezifischer Software<\/a><\/h3><p>Eingebettete Entwicklung, Frontend- &amp; Backend-Entwicklung, Dashboards, APIs, Legacy-Rewrites, Office Automation, ...<\/p>\n\t\t\t<a href=\"#services\" target=\"_self\">\n\t\t\t\t\t\t\tMehr lesen\n\t\t\t\t\t<\/a>\n\t\t\t\t<a href=\"#services\"  target=\"_self\" itemprop=\"url\">\n\t\t\t\t<img decoding=\"async\" src=\"https:\/\/pi3g.com\/wp-content\/uploads\/2025\/07\/scene-description-a-large-wood-paneled-w_JpbP6DIQS6ypGP9iT8xkwA_ckLObA2hQgSyCWaAN47t2A.png\" alt=\"Beratung\" itemprop=\"image\" height=\"736\" width=\"1312\" title=\"Beratung\" onerror=\"this.style.display='none'\" loading=\"lazy\" \/>\n\t\t\t\t<\/a>\n<h3><a href=\"#services\" target=\"_self\"><img decoding=\"async\" alt=\"\u2699\ufe0f\" src=\"https:\/\/s.w.org\/images\/core\/emoji\/16.0.1\/svg\/2699.svg\" draggable=\"false\" role=\"img\"\/> Strategische Beratung<\/a><\/h3><p>Gesch\u00e4ftsmodell, UI &amp; UX, KI-Strategie, Auswahl von Hardware-Plattformen, Hardware-Entwicklung, ...<\/p>\n\t\t\t<a href=\"#services\" target=\"_self\">\n\t\t\t\t\t\t\tMehr lesen\n\t\t\t\t\t<\/a>\n\t\t\t<a href=\"#form\" target=\"_self\">\n\t\t\t\t\t\tAngebot f\u00fcr unsere Raspberry Pi Dienstleistungen anfordern\n\t\t\t\t\t<\/a>\n\t<a name=\"form\"><\/a>\n<h2>\n\t\t\tFordern Sie Ihr kostenloses Angebot an\t<\/h2>\n<h2>\n\t\t\tGesch\u00e4fte brauchen Vertrauen.\t<\/h2>\n<p>Als Inhaber und Gesch\u00e4ftsf\u00fchrer der pi3g GmbH &amp; Co. KG sind Vertrauen, Offenheit, gegenseitiger Nutzen und <strong>fundiertes Wissen \u00fcber unsere Produkte<\/strong>\u00a0meine h\u00f6chsten Werte.<\/p>\n<p>Zum Beispiel: Ich empfehle Ihnen gerne die Produkte unserer Konkurrenten, wenn ich der Meinung bin, dass sie f\u00fcr Sie von gr\u00f6\u00dferem Nutzen sind.<\/p>\n<p><strong>Dies ist meiner Meinung nach die Art und Weise, wie langfristige Gesch\u00e4ftsbeziehungen aufgebaut werden.<\/strong><\/p>\n<p><em>- Maximilian Batz (pi3g GmbH &amp; Co. KG)<\/em><\/p>\n\t\t\t<a href=\"#form\" target=\"_self\">\n\t\t\t\t\t\tErhalten Sie jetzt Ihr kostenloses Angebot\n\t\t\t\t\t<\/a>\n\t\t\t\t<img decoding=\"async\" src=\"https:\/\/pi3g.com\/wp-content\/uploads\/2021\/06\/Team-Max-293x300.png\" alt=\"Team-Max\" itemprop=\"image\" height=\"300\" width=\"293\" title=\"Team-Max\" onerror=\"this.style.display='none'\" loading=\"lazy\" \/>\n\t<a name=\"linecard\">&nbsp;<\/a>\n<h2>\n\t\t\tAuswahl aus unserem Hardware-Sortiment\t<\/h2>\n\t<p>Wir k\u00f6nnen Ihnen eine gro\u00dfe Auswahl an industrieller Hardware liefern. Ein gro\u00dfer Schwerpunkt liegt bei uns auf dem Raspberry Pi, den wir seit den Anf\u00e4ngen im Jahr 2012 f\u00fchren.<\/p>\n<p>Wir konzentrieren uns insbesondere auf KI-Hardwarel\u00f6sungen und den CAN-Bus. Unser Ziel ist es, der #1-Lieferant in Europa f\u00fcr diese Nische zu sein, und wir sind in der Lage, Ihnen alles zu liefern, was Sie in diesen Bereichen ben\u00f6tigen.<\/p>\n<h2>\n\t\t\tHardware-Plattformen\t<\/h2>\n\t<ul>\n<li>Raspberry Pi (einschlie\u00dflich RP2350 \/ RP2040)<\/li>\n<li>ESP32<\/li>\n<li>ASUS IoT<\/li>\n<li>HAILO \/ Axelera \/ EdgeCortix<\/li>\n<li>NVIDIA<\/li>\n<li>x86 \/ ARM \/ RISC-V<\/li>\n<li>Coral ( AI Vision) von Google<\/li>\n<\/ul>\n<p>... und mehr!<\/p>\n<h2>\n\t\t\tRaspberry Pi Reihe\t<\/h2>\n\t<ul>\n<li>Raspberry Pi Compute Modul 5 (CM5)<\/li>\n<li>Raspberry Pi Compute Modul 4 (CM4)<\/li>\n<li>Raspberry Pi 4 + Raspberry Pi 5<\/li>\n<li>Raspberry Pi Zero 2 W<\/li>\n<li><a href=\"https:\/\/pi3g.com\/de\/raspberry-pi-industrial-hardware\/rp2350-rp2040-services\/\">RP2040 \/ RP2350 \/ Pico 2 W (Mikrocontroller)<\/a><\/li>\n<li><strong>Gesamte Raspberry Pi-Reihe verf\u00fcgbar<\/strong><\/li>\n<\/ul>\n<p>Netzteile, Geh\u00e4use, Displays, Kameras, KI-Beschleuniger, microSD-Karten, SSDs, K\u00fchlk\u00f6rper, Raspberry Pi Aktivk\u00fchler, PoE-Add-ons und mehr ... !<\/p>\n<h2>\n\t\t\tMarken, die wir f\u00fchren\t<\/h2>\n\t<ul>\n<li><a href=\"https:\/\/buyzero.de\/collections\/raspberry-pi-boards\">Raspberry Pi<\/a><\/li>\n<li><a href=\"https:\/\/buyzero.de\/collections\/google-aiy-coral\">Coral von Google<\/a><\/li>\n<li><a href=\"https:\/\/buyzero.de\/collections\/asus\">ASUS IoT<\/a><\/li>\n<li><a href=\"https:\/\/buyzero.de\/collections\/axelera-ai\">Axelera<\/a><\/li>\n<li><a href=\"https:\/\/buyzero.de\/collections\/edatec\">EDATEC<\/a><\/li>\n<li><a href=\"https:\/\/buyzero.de\/collections\/hailo\">HAILO<\/a><\/li>\n<li><a href=\"https:\/\/buyzero.de\/collections\/nvidia-jetson\">NVIDIA<\/a><\/li>\n<li><a href=\"https:\/\/buyzero.de\/collections\/pi3g-produkte-1\">pi3g (unsere eigene Marke)<\/a><\/li>\n<li><a href=\"https:\/\/buyzero.de\/collections\/css-electronics\">CSS Electronics (CAN)<\/a><\/li>\n<li><a href=\"https:\/\/buyzero.de\/collections\/sk-pang-electronics-raspberry-pi-can-boards\">SK Pang Electronics (CAN)<\/a><\/li>\n<li><a href=\"https:\/\/buyzero.de\/collections\/unigen\">Unigen<\/a><\/li>\n<li><a href=\"https:\/\/buyzero.de\/collections\/uptime-industries\">Uptime Industries<\/a><\/li>\n<li><a href=\"https:\/\/buyzero.de\/collections\/waveshare\">Waveshare<\/a><\/li>\n<\/ul>\n<p>... und mehr!<\/p>\n\t\t\t<a href=\"#form\" target=\"_self\">\n\t\t\t\t\t\tAngebot f\u00fcr Industrielle embedded Hardware anfordern\n\t\t\t\t\t<\/a>\n<h3>\n\t\t\tIndustrielle Schnittstellen &amp; Zusatzhardware\t<\/h3>\n<h2>\n\t\t\tCAN-Bus\t<\/h2>\n\t<ul>\n<li><a href=\"https:\/\/buyzero.de\/collections\/css-electronics\">CSS Electronics<\/a><\/li>\n<li><a href=\"https:\/\/buyzero.de\/collections\/sk-pang-electronics-raspberry-pi-can-boards\">SK Pang Electronics<\/a><\/li>\n<li><a href=\"https:\/\/buyzero.de\/collections\/css-electronics\">CAN-Bus-Logger<\/a><\/li>\n<li><a href=\"https:\/\/buyzero.de\/products\/cancrocodile-adapter\">CANKrokodil<\/a> (Schn\u00fcffeln am CAN-Bus ohne Durchtrennen von Kabeln)<\/li>\n<li><a href=\"https:\/\/buyzero.de\/products\/pican-3\">Raspberry Pi CAN-Schnittstelle<\/a><\/li>\n<li><a href=\"https:\/\/buyzero.de\/products\/canpico-board\">CANPico<\/a> - CAN-Bus mit Raspberry Pi Pico Mikrocontroller<\/li>\n<li><a href=\"https:\/\/buyzero.de\/products\/pican-fd-duo\">CAN FD-Schnittstelle<\/a><\/li>\n<li>RS422 &amp; Micro-C Anschl\u00fcsse<\/li>\n<li>SMPS-Optionen<\/li>\n<li>Option f\u00fcr zwei CAN-Schnittstellen<\/li>\n<li>GPS-Optionen<\/li>\n<li><a href=\"https:\/\/buyzero.de\/collections\/sk-pang-electronics-raspberry-pi-can-boards\">Teensy 4.0 \/ Teensy 4.1 mit CAN, Display, Ethernet<\/a><\/li>\n<li>Geh\u00e4use<\/li>\n<li><a href=\"https:\/\/buyzero.de\/products\/esp32-can-bus-board\">ESP32 CAN-Bus<\/a><\/li>\n<li><a href=\"https:\/\/buyzero.de\/collections\/vendors?q=Embedded%20Systems%20Academy\">CANopen<\/a><\/li>\n<\/ul>\n<p>... und mehr!<\/p>\n<h2>\n\t\t\tAndere Schnittstellen\t<\/h2>\n\t<ul>\n<li><a href=\"https:\/\/buyzero.de\/products\/rs422-rs485-serial-hat?_pos=1&amp;_psq=rs485&amp;_ss=e&amp;_v=1.0\">RS422 \/ RS485<\/a><\/li>\n<li><a href=\"https:\/\/buyzero.de\/products\/rs232-board?_pos=2&amp;_psq=rs232&amp;_ss=e&amp;_v=1.0\">RS232<\/a><\/li>\n<li><a href=\"https:\/\/buyzero.de\/products\/4g-3g-2g-gsm-gprs-gnss-hat-fur-raspberry-pi-lte-cat4?_pos=29&amp;_sid=a5267bd41&amp;_ss=r\">4G \/ 3G \/ LTE Raspberry Pi Schnittstellen<\/a><\/li>\n<li><a href=\"https:\/\/buyzero.de\/products\/waveshare-modbus-rtu-relay-eu?_pos=121&amp;_sid=a5267bd41&amp;_ss=r\">Modbus RTU \u00fcber RS485<\/a><\/li>\n<li><a href=\"https:\/\/buyzero.de\/products\/lin-bus-breakout-board\">LIN-Bus Breakout Board<\/a><\/li>\n<\/ul>\n<p>... und mehr!<\/p>\n<h2>\n\t\t\t Hardware-Erweiterungen\t<\/h2>\n\t<ul>\n<li><a href=\"https:\/\/buyzero.de\/products\/ds3231-real-time-clock-modul-fur-raspberry-pi?_pos=44&amp;_sid=a5267bd41&amp;_ss=r\">Echtzeituhr-Module<\/a><\/li>\n<li>Displays (LCD-Displays, Zeichen-Displays, Touch-Displays und mehr)<\/li>\n<li>Kameramodule - einschlie\u00dflich verschiedener Montageschnittstellen<\/li>\n<li>Beschleuniger f\u00fcr k\u00fcnstliche Intelligenz bei Bildverarbeitungsanwendungen<\/li>\n<\/ul>\n<p>... und mehr!<\/p>\n<h2>\n\t\t\tSensoren\t<\/h2>\n\t<ul>\n<li><a href=\"https:\/\/buyzero.de\/products\/adafruit-lis3dh-triple-axis-accelerometer-2g-4g-8g-16g?_pos=63&amp;_sid=a5267bd41&amp;_ss=r\">Beschleunigungsmesser<\/a><\/li>\n<li><a href=\"https:\/\/buyzero.de\/products\/mcp9808-high-accuracy-i2c-temperature-sensor-breakout-board?_pos=64&amp;_sid=a5267bd41&amp;_ss=r\">Temperatursensoren<\/a><\/li>\n<li>Helligkeitssensoren<\/li>\n<li>Gassensoren<\/li>\n<\/ul>\n<h2>\n\t\t\tIndustrielle Computer\t<\/h2>\n\t<ul>\n<li>Industrielle Mensch-Maschine-Schnittstellen - Raspberry Pi CM4-basiert, mit Touch-Displays, industrielle Schnittstellen<\/li>\n<li>Kompakte Industriecomputer<\/li>\n<li>Industriecomputer mit LTE-Konnektivit\u00e4t<\/li>\n<li>Eingebettete Computer f\u00fcr KI-Vision<\/li>\n<\/ul>\n<p>... und mehr!<\/p>\n<h2>\n\t\t\tBesondere Produkte\t<\/h2>\n\t<ul>\n<li><a href=\"https:\/\/buyzero.de\/collections\/uptime-industries\">Compute Blade Raspberry Pi Cluster-L\u00f6sung<\/a><\/li>\n<li><a href=\"https:\/\/buyzero.de\/products\/letstrust-hardware-tpm-trusted-platform-module?_pos=1&amp;_psq=letstrust&amp;_ss=e&amp;_v=1.0\">LetsTrust TPM-Sicherheitsl\u00f6sung f\u00fcr Raspberry Pi<\/a><\/li>\n<li><a href=\"https:\/\/buyzero.de\/collections\/machine-learning\">K\u00fcnstliche Intelligenz Hardware<\/a><\/li>\n<\/ul>\n<p>... und mehr!<\/p>\n\t\t\t<a href=\"#form\" target=\"_self\">\n\t\t\t\t\t\tAngebot f\u00fcr Industrielle embedded Hardware anfordern\n\t\t\t\t\t<\/a>\n<h3>\n\t\t\tUnsere Dienstleistungen f\u00fcr Raspberry Pi und eingebettete Hardware\t<\/h3>\n\t<p>Wir unterst\u00fctzen Sie bei der Embedded-Entwicklung f\u00fcr den Raspberry Pi und andere Hardware-Plattformen Ihrer Wahl.<\/p>\n<p>Wenn Sie sich nicht sicher sind, welche Technologien oder welche Hardware-Plattform f\u00fcr Ihr Projekt die richtige Wahl sind, stehen wir Ihnen mit unserer Erfahrung zur Seite und unterst\u00fctzen Sie.<\/p>\n\t<a name=\"services\"><\/a>\n\t\t\t\t<a href=\"#\"  target=\"_self\" itemprop=\"url\">\n\t\t\t\t<img decoding=\"async\" src=\"https:\/\/pi3g.com\/wp-content\/uploads\/2025\/07\/cinematic-photography-lifestyle-advertis_CsDHbxh5TmaAAuxswWFnZg_uC5fKePRThilhTKBXEtsHw-1.png\" alt=\"Sie wollen das Ergebnis, nicht die Stunden\" itemprop=\"image\" height=\"736\" width=\"1312\" title=\"Sie wollen das Ergebnis, nicht die Stunden\" onerror=\"this.style.display='none'\" loading=\"lazy\" \/>\n\t\t\t\t<\/a>\n<h3><a href=\"#\" target=\"_self\">\ud83d\udee1\ufe0f Festpreise<\/a><\/h3><p>Keine \u00dcberraschungen. Volle Transparenz f\u00fcr Ihre Gesch\u00e4ftsentscheidung - lohnt sich das f\u00fcr mich? Sie kennen unseren Preis im Voraus.<\/p>\n\t\t\t\t<a href=\"#\"  target=\"_self\" itemprop=\"url\">\n\t\t\t\t<img decoding=\"async\" src=\"https:\/\/pi3g.com\/wp-content\/uploads\/2025\/07\/cinematic-photography-lifestyle-advertis_8_HRl4-BT_yCRwe0-rJSeQ_Qnh8TqxeQGaJPfWwhfrUyg.png\" alt=\"100 % Geld-zur\u00fcck-Garantie\" itemprop=\"image\" height=\"736\" width=\"1312\" title=\"100 % Geld-zur\u00fcck-Garantie\" onerror=\"this.style.display='none'\" loading=\"lazy\" \/>\n\t\t\t\t<\/a>\n<h3><a href=\"#\" target=\"_self\">\ud83d\udee1\ufe0f 100 % Geld-zur\u00fcck-Garantie<\/a><\/h3><p>Unzufrieden mit den Ergebnissen? Wir k\u00f6nnen es nicht reparieren? Sie erhalten 100 % Ihres Geldes zur\u00fcck.<\/p>\n\t\t\t\t<a href=\"#\"  target=\"_self\" itemprop=\"url\">\n\t\t\t\t<img decoding=\"async\" src=\"https:\/\/pi3g.com\/wp-content\/uploads\/2025\/07\/a-cinematic-photograph-of-a-focused-soft_PGv0qNeETfGW6pyBw-6Y9w_msv20HWCQZ2vsalN7JSl1Q.png\" alt=\"Lebenslange Bug-Garantie\" itemprop=\"image\" height=\"736\" width=\"1312\" title=\"Lebenslange Bug-Garantie\" onerror=\"this.style.display='none'\" loading=\"lazy\" \/>\n\t\t\t\t<\/a>\n<h3><a href=\"#\" target=\"_self\"><img decoding=\"async\" alt=\"\ud83d\udee1\ufe0f\" src=\"https:\/\/s.w.org\/images\/core\/emoji\/16.0.1\/svg\/1f6e1.svg\" draggable=\"false\" role=\"img\"\/> Lebenslange Bug-Garantie<\/a><\/h3><p>Wir beheben Fehler in von uns geschriebenem Code. Kostenlos. F\u00fcr immer.<\/p>\n<h2>\n\t\t\tHardware-Plattformen\t<\/h2>\n\t<ul>\n<li>Raspberry Pi (einschlie\u00dflich RP2350 \/ RP2040)<\/li>\n<li>ESP32<\/li>\n<li>ASUS IoT<\/li>\n<li>HAILO \/ Axelera \/ EdgeCortix<\/li>\n<li>NVIDIA<\/li>\n<li>x86 \/ ARM \/ RISC-V<\/li>\n<li>Coral ( AI Vision) von Google<\/li>\n<\/ul>\n<p>... und mehr!<\/p>\n<h2>\n\t\t\tService-\u00dcbersicht\t<\/h2>\n\t<ul>\n<li>Entwicklung eingebetteter Software<\/li>\n<li>Entwicklung von Webinterfaces<\/li>\n<li>Prototyping Dienstleistungen (Hardware + Software Prototyping)<\/li>\n<li>Hardware-Montage (EMS-Dienste)<\/li>\n<li>K\u00fcnstliche Intelligenz Beratung &amp; KI-Entwicklung<\/li>\n<\/ul>\n<p>&nbsp;<\/p>\n<h2>\n\t\t\tWeitere Beratung\t<\/h2>\n\t<ul>\n<li>Gesch\u00e4ftsmodelle, Monetarisierung<\/li>\n<li>UI \/ UX<\/li>\n<li>KI-Strategie (Tools, ROI)<\/li>\n<li><a href=\"https:\/\/pi3g.com\/de\/raspberry-pi-security-compliance-experts\/\">Raspberry Pi L\u00f6sungen f\u00fcr Sicherheit und Compliance<\/a><\/li>\n<li>Hardware- und Software-Plattformen<\/li>\n<li>Entwicklung von Hardware<\/li>\n<li>Hardware-Beschaffung<\/li>\n<\/ul>\n\t\t\t<a href=\"#form\" target=\"_self\">\n\t\t\t\t\t\tAngebot f\u00fcr unsere Raspberry Pi Dienstleistungen anfordern\n\t\t\t\t\t<\/a>\n<h3>\n\t\t\tDie Technologien, mit denen wir arbeiten\t<\/h3>\n<h2>\n\t\t\tGenAI \/ LLMs\t<\/h2>\n\t<ul>\n<li>GPT-4 \/ Claude \/ LLaMA 3 + 4 \/ Phi<\/li>\n<li>LoRA \/ QLoRA, Fine tuning (Axolotl)<\/li>\n<li>RAG<\/li>\n<li>Agentische KI (LangGraph, AutoGen, CrewAI)<\/li>\n<li>LangChain \/ DSPy \/ LlamaIndex<\/li>\n<li>vLLM \/ Ollama \/ llama.cpp \/ DeepSpeed<\/li>\n<li>MCP \/ Funktionsaufrufe \/ Verwendung von Tools<\/li>\n<li>Prompt Engineering<\/li>\n<\/ul>\n<p>... und mehr!<\/p>\n<h2>\n\t\t\tVision AI\t<\/h2>\n\t<ul>\n<li>YOLOv8 \/ YOLO-NAS<\/li>\n<li>OpenCV<\/li>\n<li>MediaPipe<\/li>\n<li>Roboflow<\/li>\n<li>LLaVA, Vision Transformers (ViT), GANs f\u00fcr das Sehen<\/li>\n<li>Pose Estimation, Objektverfolgung, Bildsegmentierung<\/li>\n<li>OCR + Tesseract, ALPR<\/li>\n<li>W\u00e4rmebildkameras<\/li>\n<\/ul>\n<p>... und mehr!<\/p>\n<h2>\n\t\t\tSensor KI &amp; Vorhersage\t<\/h2>\n\t<ul>\n<li>Edge Impulse<\/li>\n<li>TinyML<\/li>\n<li>SCADA + KI<\/li>\n<li>Predictive Maintenance Pipelines<\/li>\n<li>Vorhersagemodelle (ARIMA, Prophet, LSTM)<\/li>\n<li>Prometheus, Grafana, InfluxDB, TimescaleDB, MQTT<\/li>\n<li>Erkennung von Anomalien (Z-Score, Isolation Forest)<\/li>\n<li>Sensor Fusion<\/li>\n<\/ul>\n<p>... und mehr!<\/p>\n<h2>\n\t\t\tSprachen\t<\/h2>\n\t<ul>\n<li>C\/C++<\/li>\n<li>Rust<\/li>\n<li>Java<\/li>\n<li>Python \/ MicroPython<\/li>\n<li>JavaScript \/ TypeScript<\/li>\n<li>SQL \/ NoSQL<\/li>\n<li>.NET \/ C#<\/li>\n<li>PHP \/ Ruby \/ Golang<\/li>\n<\/ul>\n<h2>\n\t\t\tFrameworks\t<\/h2>\n\t<ul>\n<li>C++ Standardbibliothek (STL) \/ OpenFrameworks<\/li>\n<li>Rocket \/ Actix Web \/ Tide \/ Bevy<\/li>\n<li>Spring \/ Spring Boot \/ Micronaut \/ RxJava \/ Project Reactor<\/li>\n<li>PyTorch \/ scikit-learn \/ TensorFlow \/ Pandas \/ SciPy<\/li>\n<li>Node.js \/ Fastify \/ Express \/ Vue 3 \/ Vuetify \/ JSON \/ React.js \/ jQuery \/ D3 \/ PaperJS \/ ThreeJS \/ BabylonJS \/ Nuxt \/ WebGL<\/li>\n<li>TypeORM \/ Prisma \/ Mongoose \/ DynamoDB \/ Django ORM<\/li>\n<li>Chalice (Python) \/ LocalStack<\/li>\n<li>Laravel \/ Symfony \/ CodeIgniter \/ Ruby on Rails \/ Sinatra \/ Gin \/ Echo \/ Beego<\/li>\n<\/ul>\n<p>... und mehr!<\/p>\n<h2>\n\t\t\tTechnologien\t<\/h2>\n\t<ul>\n<li>Yocto \/ Debian \/ Linux<\/li>\n<li>Docker \/ Kubernetes \/ Cloudflare \/ Nginx<\/li>\n<li>OTA-Updates \/ U-Boot \/ Secure Boot<\/li>\n<li>Tokio \/ Serde \/ Diesel \/ Criterion.rs \/ Tauri<\/li>\n<li>GraalVM \/ JPA + Hibernate<\/li>\n<li>Maven \/ Gradle \/ JUnit + Testcontainer \/ CI \/ CD<\/li>\n<li>Jupyter \/ HuggingFace \/ CAN \/ I2C \/ SPI \/ GPIO \/ MDB<\/li>\n<li>ML Ops \/ Deep Learning \/ OpenCV \/ YOLOv8<\/li>\n<li>MQTT \/ WebRTC \/ GraphQL \/ REST APIs \/ Frontend \/ Backend \/ Middleware \/ Web UI \/ WebAssembly (WASM) \/ NPM \/ Electron<\/li>\n<li>MongoDB \/ InfluxDB \/ DynamoDB \/ MySQL \/ PostgreSQL \/ Grafana \/ Prometheus<\/li>\n<li>AWS \/ Cognito \/ Lambda \/ API-Gateway \/ RDS \/ Hadoop \/ Spark \/ gRPC<\/li>\n<li>Green Coding \/ OpenAPI \/ Swagger \/ Cypress \/ Jest \/ Mocha<\/li>\n<\/ul>\n<p>... und mehr!<\/p>\n\t\t\t<a href=\"#form\" target=\"_self\">\n\t\t\t\t\t\tAngebot f\u00fcr unsere Raspberry Pi Dienstleistungen anfordern\n\t\t\t\t\t<\/a>\n<h2>\n\t\t\tFAQ\t<\/h2>\n\t\t\t\t\t<a href=\"#\"  id=\"fl-accordion--label-0\" tabindex=\"0\" aria-controls=\"fl-accordion--panel-0\">Worum geht es bei pi3g?<\/a>\n\t\t\t\t\t\t\t\t\t\t\t<a href=\"#\" id=\"fl-accordion--icon-0\"  tabindex=\"0\"><i title=\"Antwort Ausklappen\">Antwort Ausklappen<\/i><\/a>\n\t\t\t\t\t<p>Wir sind spezialisiert auf eingebettete Hardware. Unsere St\u00e4rken liegen in:<\/p>\n<ul>\n<li>Alles, was mit Raspberry Pi zu tun hat<\/li>\n<li>Hardware f\u00fcr k\u00fcnstliche Intelligenz<\/li>\n<li>den CAN-Bus<\/li>\n<\/ul>\n\t\t\t\t\t<a href=\"#\"  id=\"fl-accordion--label-1\" tabindex=\"0\" aria-controls=\"fl-accordion--panel-1\">K\u00f6nnen Sie uns kontinuierlich beliefern?<\/a>\n\t\t\t\t\t\t\t\t\t\t\t<a href=\"#\" id=\"fl-accordion--icon-1\"  tabindex=\"0\"><i title=\"Antwort Ausklappen\">Antwort Ausklappen<\/i><\/a>\n\t\t\t\t\t<p>Ja, wir arbeiten mit vielen Kunden zusammen, um ihre kontinuierliche Versorgung sicherzustellen.<\/p>\n<p>Wir planen im Voraus und sorgen daf\u00fcr, dass der Vorrat auch bei Spitzenbedarf verf\u00fcgbar ist.<\/p>\n\t\t\t\t\t<a href=\"#\"  id=\"fl-accordion--label-2\" tabindex=\"0\" aria-controls=\"fl-accordion--panel-2\">Bieten Sie EMS-Dienste an?<\/a>\n\t\t\t\t\t\t\t\t\t\t\t<a href=\"#\" id=\"fl-accordion--icon-2\"  tabindex=\"0\"><i title=\"Antwort Ausklappen\">Antwort Ausklappen<\/i><\/a>\n\t\t\t\t\t<p>Wir haben einen Partner, der EMS-Dienste anbietet. Wir k\u00f6nnen mit Ihnen zusammenarbeiten, um Ihre Hardware zu entwickeln und auch um sie bauen zu lassen.<\/p>\n<p>Wenn Sie es w\u00fcnschen, k\u00f6nnen wir Sie kontinuierlich mit dieser Hardware versorgen und alles f\u00fcr Sie orchestrieren.<\/p>","protected":false},"excerpt":{"rendered":"<p>Raspberry Pi &amp; Industrielle Anwendungen Zugelassener industrieller Raspberry Pi Reseller - aktiv seit 2012 Angebot f\u00fcr industrielle Raspberry Pi Hardware einholen Wir sind spezialisiert auf industrielle Raspberry Pi Hardware Raspberry Pi Compute Modules (CM5, CM4, CM4S) Wir sind ein zugelassener Raspberry Pi Reseller und k\u00f6nnen Ihnen Raspberry Pi CM5, CM4, CM4S liefern. Wir haben auch...<\/p>","protected":false},"author":2,"featured_media":0,"parent":0,"menu_order":0,"comment_status":"closed","ping_status":"closed","template":"tpl-no-header-footer.php","meta":{"footnotes":"","_links_to":"","_links_to_target":""},"class_list":["post-31444","page","type-page","status-publish","hentry"],"_links":{"self":[{"href":"https:\/\/pi3g.com\/de\/wp-json\/wp\/v2\/pages\/31444","targetHints":{"allow":["GET"]}}],"collection":[{"href":"https:\/\/pi3g.com\/de\/wp-json\/wp\/v2\/pages"}],"about":[{"href":"https:\/\/pi3g.com\/de\/wp-json\/wp\/v2\/types\/page"}],"author":[{"embeddable":true,"href":"https:\/\/pi3g.com\/de\/wp-json\/wp\/v2\/users\/2"}],"replies":[{"embeddable":true,"href":"https:\/\/pi3g.com\/de\/wp-json\/wp\/v2\/comments?post=31444"}],"version-history":[{"count":16,"href":"https:\/\/pi3g.com\/de\/wp-json\/wp\/v2\/pages\/31444\/revisions"}],"predecessor-version":[{"id":31542,"href":"https:\/\/pi3g.com\/de\/wp-json\/wp\/v2\/pages\/31444\/revisions\/31542"}],"wp:attachment":[{"href":"https:\/\/pi3g.com\/de\/wp-json\/wp\/v2\/media?parent=31444"}],"curies":[{"name":"wp","href":"https:\/\/api.w.org\/{rel}","templated":true}]}}