{"id":31236,"date":"2025-07-16T11:07:40","date_gmt":"2025-07-16T09:07:40","guid":{"rendered":"https:\/\/pi3g.com\/?page_id=31236"},"modified":"2025-11-11T13:07:06","modified_gmt":"2025-11-11T12:07:06","slug":"pi3g-ai-software-development-consulting-services","status":"publish","type":"page","link":"https:\/\/pi3g.com\/de\/pi3g-ai-software-development-consulting-services\/","title":{"rendered":"pi3g AI, Software-Entwicklung &amp; Beratungsdienste"},"content":{"rendered":"<h3>\n\t\t\tWomit wir Ihnen helfen k\u00f6nnen\t<\/h3>\n\t\t\t\t<a href=\"#\"  target=\"_self\" itemprop=\"url\">\n\t\t\t\t<img decoding=\"async\" src=\"https:\/\/pi3g.com\/wp-content\/uploads\/2025\/07\/a-cinematic-product-advertisement-showca_NtZnJUJsQoWq3Dm9r40EBQ_OvLsgBPWTJiWVHhvPoZIAQ.png\" alt=\"Die Zukunft wird gestaltet\" itemprop=\"image\" height=\"736\" width=\"1312\" title=\"Die Zukunft wird gestaltet\" onerror=\"this.style.display='none'\" loading=\"lazy\" \/>\n\t\t\t\t<\/a>\n<h3><a href=\"#\" target=\"_self\"><img decoding=\"async\" alt=\"\u2699\ufe0f\" src=\"https:\/\/s.w.org\/images\/core\/emoji\/16.0.1\/svg\/2699.svg\" draggable=\"false\" role=\"img\"\/> K\u00fcnstliche Intelligenz L\u00f6sungen<\/a><\/h3><p>LLMs, Vision AI, Sensor AI &amp; Vorhersage, ...<\/p>\n\t\t\t\t<a href=\"#\"  target=\"_self\" itemprop=\"url\">\n\t\t\t\t<img decoding=\"async\" src=\"https:\/\/pi3g.com\/wp-content\/uploads\/2025\/07\/a-cinematic-product-advertisement-for-so_Ogv7GnbeRiajCAOoInwR9w_NRPgRQcqT0C2Ay8iRIK-UA.png\" alt=\"Software-Entwicklung\" itemprop=\"image\" height=\"736\" width=\"1312\" title=\"Software-Entwicklung\" onerror=\"this.style.display='none'\" loading=\"lazy\" \/>\n\t\t\t\t<\/a>\n<h3><a href=\"#\" target=\"_self\"><img decoding=\"async\" alt=\"\u2699\ufe0f\" src=\"https:\/\/s.w.org\/images\/core\/emoji\/16.0.1\/svg\/2699.svg\" draggable=\"false\" role=\"img\"\/> Entwicklung kundenspezifischer Software<\/a><\/h3><p>Eingebettete Entwicklung, Frontend- &amp; Backend-Entwicklung, Dashboards, APIs, Legacy-Rewrites, Office Automation, ...<\/p>\n\t\t\t\t<a href=\"#\"  target=\"_self\" itemprop=\"url\">\n\t\t\t\t<img decoding=\"async\" src=\"https:\/\/pi3g.com\/wp-content\/uploads\/2025\/07\/scene-description-a-large-wood-paneled-w_JpbP6DIQS6ypGP9iT8xkwA_ckLObA2hQgSyCWaAN47t2A.png\" alt=\"Beratung\" itemprop=\"image\" height=\"736\" width=\"1312\" title=\"Beratung\" onerror=\"this.style.display='none'\" loading=\"lazy\" \/>\n\t\t\t\t<\/a>\n<h3><a href=\"#\" target=\"_self\"><img decoding=\"async\" alt=\"\u2699\ufe0f\" src=\"https:\/\/s.w.org\/images\/core\/emoji\/16.0.1\/svg\/2699.svg\" draggable=\"false\" role=\"img\"\/> Strategische Beratung<\/a><\/h3><p>Gesch\u00e4ftsmodell, UI &amp; UX, KI-Strategie, Auswahl von Hardware-Plattformen, Hardware-Entwicklung, ...<\/p>\n\t\t\t<a href=\"#form\" target=\"_self\">\n\t\t\t\t\t\tKostenlose technische Einsch\u00e4tzung Ihrer Idee\n\t\t\t\t\t<\/a>\n\t<p>Handfeste Erkenntnisse, sofort umsetzbar.<\/p>\n<h3>\n\t\t\tSoftware, KI &amp; Beratung - f\u00fcr die entscheidenden Momente in Ihrem Unternehmen\t<\/h3>\n\t\t\t\t<a href=\"#\"  target=\"_self\" itemprop=\"url\">\n\t\t\t\t<img decoding=\"async\" src=\"https:\/\/pi3g.com\/wp-content\/uploads\/2025\/07\/cinematic-photography-lifestyle-advertis_CsDHbxh5TmaAAuxswWFnZg_uC5fKePRThilhTKBXEtsHw-1.png\" alt=\"Sie wollen das Ergebnis, nicht die Stunden\" itemprop=\"image\" height=\"736\" width=\"1312\" title=\"Sie wollen das Ergebnis, nicht die Stunden\" onerror=\"this.style.display='none'\" loading=\"lazy\" \/>\n\t\t\t\t<\/a>\n<h3><a href=\"#\" target=\"_self\">\ud83d\udee1\ufe0f Festpreise<\/a><\/h3><p>Keine \u00dcberraschungen. Volle Transparenz f\u00fcr Ihre Gesch\u00e4ftsentscheidung - lohnt sich das f\u00fcr mich? Sie kennen unseren Preis im Voraus.<\/p>\n\t\t\t\t<a href=\"#\"  target=\"_self\" itemprop=\"url\">\n\t\t\t\t<img decoding=\"async\" src=\"https:\/\/pi3g.com\/wp-content\/uploads\/2025\/07\/cinematic-photography-lifestyle-advertis_8_HRl4-BT_yCRwe0-rJSeQ_Qnh8TqxeQGaJPfWwhfrUyg.png\" alt=\"100 % Geld-zur\u00fcck-Garantie\" itemprop=\"image\" height=\"736\" width=\"1312\" title=\"100 % Geld-zur\u00fcck-Garantie\" onerror=\"this.style.display='none'\" loading=\"lazy\" \/>\n\t\t\t\t<\/a>\n<h3><a href=\"#\" target=\"_self\">\ud83d\udee1\ufe0f 100 % Geld-zur\u00fcck-Garantie<\/a><\/h3><p>Unzufrieden mit den Ergebnissen? Wir k\u00f6nnen es nicht reparieren? Sie erhalten 100 % Ihres Geldes zur\u00fcck.<\/p>\n\t\t\t\t<a href=\"#\"  target=\"_self\" itemprop=\"url\">\n\t\t\t\t<img decoding=\"async\" src=\"https:\/\/pi3g.com\/wp-content\/uploads\/2025\/07\/a-cinematic-photograph-of-a-focused-soft_PGv0qNeETfGW6pyBw-6Y9w_msv20HWCQZ2vsalN7JSl1Q.png\" alt=\"Lebenslange Bug-Garantie\" itemprop=\"image\" height=\"736\" width=\"1312\" title=\"Lebenslange Bug-Garantie\" onerror=\"this.style.display='none'\" loading=\"lazy\" \/>\n\t\t\t\t<\/a>\n<h3><a href=\"#\" target=\"_self\"><img decoding=\"async\" alt=\"\ud83d\udee1\ufe0f\" src=\"https:\/\/s.w.org\/images\/core\/emoji\/16.0.1\/svg\/1f6e1.svg\" draggable=\"false\" role=\"img\"\/> Lebenslange Bug-Garantie<\/a><\/h3><p>Wir beheben Fehler in von uns geschriebenem Code. Kostenlos. F\u00fcr immer.<\/p>\n\t<a name=\"form\"><\/a>\n<h2>\n\t\t\tSichern Sie sich Ihre kostenlose Machbarkeitspr\u00fcfung f\u00fcr Ihre Idee (*)\t<\/h2>\n\t<p>(*) Jeden Monat sind nur begrenzt freie Pl\u00e4tze verf\u00fcgbar, da wir <strong>gleich<\/strong> Wert f\u00fcr Sie - und das erfordert Recherche und Vorbereitung.<\/p>\n\t<h4>Kein Pitch. Nur direkt umsetzbare Erkenntnisse.<\/h4>\n<h3>\n\t\t\tTechnologien, mit denen wir arbeiten\t<\/h3>\n<h2>\n\t\t\tGenAI \/ LLMs\t<\/h2>\n\t<ul>\n<li>GPT-4 \/ Claude \/ LLaMA 3 + 4 \/ Phi<\/li>\n<li>LoRA \/ QLoRA, Fine tuning (Axolotl)<\/li>\n<li>RAG<\/li>\n<li>Agentische KI (LangGraph, AutoGen, CrewAI)<\/li>\n<li>LangChain \/ DSPy \/ LlamaIndex<\/li>\n<li>vLLM \/ Ollama \/ llama.cpp \/ DeepSpeed<\/li>\n<li>MCP \/ Funktionsaufrufe \/ Verwendung von Tools<\/li>\n<li>Prompt Engineering<\/li>\n<\/ul>\n<p>... und mehr!<\/p>\n<h2>\n\t\t\tVision AI\t<\/h2>\n\t<ul>\n<li>YOLOv8 \/ YOLO-NAS<\/li>\n<li>OpenCV<\/li>\n<li>MediaPipe<\/li>\n<li>Roboflow<\/li>\n<li>LLaVA, Vision Transformers (ViT), GANs f\u00fcr das Sehen<\/li>\n<li>Pose Estimation, Objektverfolgung, Bildsegmentierung<\/li>\n<li>OCR + Tesseract, ALPR<\/li>\n<li>W\u00e4rmebildkameras<\/li>\n<\/ul>\n<p>... und mehr!<\/p>\n<h2>\n\t\t\tSensor KI &amp; Vorhersage\t<\/h2>\n\t<ul>\n<li>Edge Impulse<\/li>\n<li>TinyML<\/li>\n<li>SCADA + KI<\/li>\n<li>Predictive Maintenance Pipelines<\/li>\n<li>Vorhersagemodelle (ARIMA, Prophet, LSTM)<\/li>\n<li>Prometheus, Grafana, InfluxDB, TimescaleDB, MQTT<\/li>\n<li>Erkennung von Anomalien (Z-Score, Isolation Forest)<\/li>\n<li>Sensor Fusion<\/li>\n<\/ul>\n<p>... und mehr!<\/p>\n<h2>\n\t\t\tSprachen\t<\/h2>\n\t<ul>\n<li>C\/C++<\/li>\n<li>Rust<\/li>\n<li>Java<\/li>\n<li>Python \/ MicroPython<\/li>\n<li>JavaScript \/ TypeScript<\/li>\n<li>SQL \/ NoSQL<\/li>\n<li>.NET \/ C#<\/li>\n<li>PHP \/ Ruby \/ Golang<\/li>\n<\/ul>\n<h2>\n\t\t\tFrameworks\t<\/h2>\n\t<ul>\n<li>C++ Standardbibliothek (STL) \/ OpenFrameworks<\/li>\n<li>Rocket \/ Actix Web \/ Tide \/ Bevy<\/li>\n<li>Spring \/ Spring Boot \/ Micronaut \/ RxJava \/ Project Reactor<\/li>\n<li>PyTorch \/ scikit-learn \/ TensorFlow \/ Pandas \/ SciPy<\/li>\n<li>Node.js \/ Fastify \/ Express \/ Vue 3 \/ Vuetify \/ JSON \/ React.js \/ jQuery \/ D3 \/ PaperJS \/ ThreeJS \/ BabylonJS \/ Nuxt \/ WebGL<\/li>\n<li>TypeORM \/ Prisma \/ Mongoose \/ DynamoDB \/ Django ORM<\/li>\n<li>Chalice (Python) \/ LocalStack<\/li>\n<li>Laravel \/ Symfony \/ CodeIgniter \/ Ruby on Rails \/ Sinatra \/ Gin \/ Echo \/ Beego<\/li>\n<\/ul>\n<p>... und mehr!<\/p>\n<h2>\n\t\t\tTechnologien\t<\/h2>\n\t<ul>\n<li>Yocto \/ Debian \/ Linux<\/li>\n<li>Docker \/ Kubernetes \/ Cloudflare \/ Nginx<\/li>\n<li>OTA-Updates \/ U-Boot \/ Secure Boot<\/li>\n<li>Tokio \/ Serde \/ Diesel \/ Criterion.rs \/ Tauri<\/li>\n<li>GraalVM \/ JPA + Hibernate<\/li>\n<li>Maven \/ Gradle \/ JUnit + Testcontainer \/ CI \/ CD<\/li>\n<li>Jupyter \/ HuggingFace \/ CAN \/ I2C \/ SPI \/ GPIO \/ MDB<\/li>\n<li>ML Ops \/ Deep Learning \/ OpenCV \/ YOLOv8<\/li>\n<li>MQTT \/ WebRTC \/ GraphQL \/ REST APIs \/ Frontend \/ Backend \/ Middleware \/ Web UI \/ WebAssembly (WASM) \/ NPM \/ Electron<\/li>\n<li>MongoDB \/ InfluxDB \/ DynamoDB \/ MySQL \/ PostgreSQL \/ Grafana \/ Prometheus<\/li>\n<li>AWS \/ Cognito \/ Lambda \/ API-Gateway \/ RDS \/ Hadoop \/ Spark \/ gRPC<\/li>\n<li>Green Coding \/ OpenAPI \/ Swagger \/ Cypress \/ Jest \/ Mocha<\/li>\n<\/ul>\n<p>... und mehr!<\/p>\n<h2>\n\t\t\tWeitere Beratung\t<\/h2>\n\t<ul>\n<li>Gesch\u00e4ftsmodelle, Monetarisierung<\/li>\n<li>UI \/ UX<\/li>\n<li>KI-Strategie (Tools, ROI)<\/li>\n<li><a href=\"https:\/\/pi3g.com\/de\/raspberry-pi-security-compliance-experts\/\">L\u00f6sungen f\u00fcr Sicherheit und Compliance<\/a><\/li>\n<li>Hardware- und Software-Plattformen<\/li>\n<li>Entwicklung von Hardware<\/li>\n<li>Hardware-Beschaffung<\/li>\n<\/ul>\n<h2>\n\t\t\tHardware-Plattformen\t<\/h2>\n\t<ul>\n<li><a href=\"https:\/\/pi3g.com\/de\/raspberry-pi-industrial-hardware\/\">Raspberry Pi<\/a><\/li>\n<li>ESP32<\/li>\n<li>ASUS IoT<\/li>\n<li>HAILO \/ Axelera \/ EdgeCortix<\/li>\n<li>NVIDIA<\/li>\n<li>x86 \/ ARM \/ RISC-V<\/li>\n<li>Coral ( AI Vision) von Google<\/li>\n<\/ul>\n<p>... und mehr!<\/p>\n\t\t\t<a href=\"#form\" target=\"_self\">\n\t\t\t\t\t\tKostenlose technische Einsch\u00e4tzung Ihrer Idee\n\t\t\t\t\t<\/a>\n\t<p>Handfeste Erkenntnisse, sofort umsetzbar.<\/p>\n<h2>\n\t\t\tFAQ\t<\/h2>\n\t\t\t\t\t<a href=\"#\"  id=\"fl-accordion--label-0\" tabindex=\"0\" aria-controls=\"fl-accordion--panel-0\">Wie funktioniert der kostenlose Machbarkeits-Check f\u00fcr meine Idee?<\/a>\n\t\t\t\t\t\t\t\t\t\t\t<a href=\"#\" id=\"fl-accordion--icon-0\"  tabindex=\"0\"><i title=\"Antwort Ausklappen\">Antwort Ausklappen<\/i><\/a>\n\t\t\t\t\t<p>So funktioniert der kostenlose Machbarkeits-Check f\u00fcr Ihre Idee:<\/p>\n<ul>\n<li>Sie schicken uns eine Beschreibung, was Sie erreichen \/ bauen m\u00f6chten<\/li>\n<li>wir stellen kl\u00e4rende Fragen zur\u00fcck<\/li>\n<li>Wir senden Ihnen eine E-Mail, in der wir Ihnen m\u00f6gliche Technologien, unsere Einsch\u00e4tzung der Durchf\u00fchrbarkeit Ihres Projekts \/ Ihrer Idee und alle Fallstricke, die wir sehen, darlegen.<\/li>\n<\/ul>\n<p><strong>Wir bieten direkten Mehrwert: Daten, Recherche, Antworten.<\/strong><\/p>\n<p>&nbsp;<\/p>\n\t\t\t\t\t<a href=\"#\"  id=\"fl-accordion--label-1\" tabindex=\"0\" aria-controls=\"fl-accordion--panel-1\">Bei welchen Themen kann mich pi3g unterst\u00fctzen?<\/a>\n\t\t\t\t\t\t\t\t\t\t\t<a href=\"#\" id=\"fl-accordion--icon-1\"  tabindex=\"0\"><i title=\"Antwort Ausklappen\">Antwort Ausklappen<\/i><\/a>\n\t\t\t\t\t<p>Themen, die wir f\u00fcr Sie abdecken:<\/p>\n<p><strong>Projekte zur k\u00fcnstlichen Intelligenz<\/strong><\/p>\n<ul>\n<li>GenAI \/ LLMs<\/li>\n<li>Vision AI<\/li>\n<li>Sensor-KI \/ KI-Vorhersage<\/li>\n<\/ul>\n<p><strong>Software-Entwicklung<\/strong><\/p>\n<ul>\n<li>Frontend &amp; Backend<\/li>\n<li>Embedded Code<\/li>\n<li>B\u00fcroautomation<\/li>\n<li>Portierung von Legacy-Code<\/li>\n<li>Dashboards, APIs, ...<\/li>\n<\/ul>\n<p><strong>Strategische Beratung<\/strong><\/p>\n<ul>\n<li>Gesch\u00e4ftsmodell &amp; Monetarisierung<\/li>\n<li>UI &amp; UX<\/li>\n<li>KI-Strategie (Trends &amp; ROI)<\/li>\n<li>Auswahl der Hardware- und Software-Plattform<\/li>\n<li>Entwicklung von Hardware<\/li>\n<li>Hardware-Beschaffung<\/li>\n<\/ul>\n\t\t\t\t\t<a href=\"#\"  id=\"fl-accordion--label-2\" tabindex=\"0\" aria-controls=\"fl-accordion--panel-2\">Welche Garantien bietet pi3g?<\/a>\n\t\t\t\t\t\t\t\t\t\t\t<a href=\"#\" id=\"fl-accordion--icon-2\"  tabindex=\"0\"><i title=\"Antwort Ausklappen\">Antwort Ausklappen<\/i><\/a>\n\t\t\t\t\t<p>Unser Ziel ist Ihre Zufriedenheit und eine deutliche Reduzierung Ihres Risikos.<\/p>\n<p>Hierf\u00fcr bieten wir drei Garantien:<\/p>\n<ol>\n<li><strong>Feste Preise<\/strong> - wissen Sie immer im Voraus, was unsere Arbeit Sie kosten wird. Treffen Sie eine Entscheidung mit Vertrauen.<\/li>\n<li><strong>100 % Geld-zur\u00fcck-Garantie<\/strong> - wenn wir es nicht richtig machen k\u00f6nnen, erhalten Sie Ihr Geld zur\u00fcck. Null Risiko f\u00fcr Sie und Ihren Manager.<\/li>\n<li><strong>Lebenslange Fehlerbehebungsgarantie<\/strong> - beheben wir alle Fehler, die in dem von uns geschriebenen Code enthalten sind. Umsonst. F\u00fcr immer.<\/li>\n<\/ol>\n\t\t\t\t\t<a href=\"#\"  id=\"fl-accordion--label-3\" tabindex=\"0\" aria-controls=\"fl-accordion--panel-3\">Wie sieht die kostenlose Machbarkeitspr\u00fcfung f\u00fcr KI-Projekte aus?<\/a>\n\t\t\t\t\t\t\t\t\t\t\t<a href=\"#\" id=\"fl-accordion--icon-3\"  tabindex=\"0\"><i title=\"Antwort Ausklappen\">Antwort Ausklappen<\/i><\/a>\n\t\t\t\t\t<p>Bei KI-Projekten geben wir Ihnen zum Beispiel eine Einsch\u00e4tzung, welche Art und welche Menge an Daten Sie f\u00fcr das Training des KI-Modells ben\u00f6tigen. Welche Frameworks Sie verwenden k\u00f6nnen, usw.<\/p>\n<p>Wir k\u00f6nnen auch einen groben Kostenvoranschlag erstellen, wenn das Projekt so detailliert ist, dass wir das tun k\u00f6nnen. Bitte weisen Sie uns im Formular gesondert darauf hin, falls Sie m\u00f6chten, dass wir direkt einen solchen Kostenvoranschlag erstellen. Wir werden dann weitere kl\u00e4rende Fragen stellen, damit wir einen realistischen Kostenvoranschlag f\u00fcr Sie erstellen k\u00f6nnen.<\/p>\n<h2>\n\t\t\tGesch\u00e4fte brauchen Vertrauen.\t<\/h2>\n<p>Als Inhaber und Gesch\u00e4ftsf\u00fchrer der pi3g GmbH &amp; Co. KG sind Vertrauen, Offenheit, gegenseitiger Nutzen und <strong>fundiertes Wissen \u00fcber unsere Produkte<\/strong>\u00a0meine h\u00f6chsten Werte.<\/p>\n<p>Zum Beispiel: Ich empfehle Ihnen gerne die Produkte unserer Konkurrenten, wenn ich der Meinung bin, dass sie f\u00fcr Sie von gr\u00f6\u00dferem Nutzen sind.<\/p>\n<p><strong>Dies ist meiner Meinung nach die Art und Weise, wie langfristige Gesch\u00e4ftsbeziehungen aufgebaut werden.<\/strong><\/p>\n<p><em>- Maximilian Batz (pi3g GmbH &amp; Co. KG)<\/em><\/p>\n\t\t\t<a href=\"#form\" target=\"_self\">\n\t\t\t\t\t\tKostenlose technische Einsch\u00e4tzung Ihrer Idee\n\t\t\t\t\t<\/a>\n\t\t\t\t<img decoding=\"async\" src=\"https:\/\/pi3g.com\/wp-content\/uploads\/2021\/06\/Team-Max-293x300.png\" alt=\"Team-Max\" itemprop=\"image\" height=\"300\" width=\"293\" title=\"Team-Max\" onerror=\"this.style.display='none'\" loading=\"lazy\" \/>","protected":false},"excerpt":{"rendered":"<p>Womit wir Ihnen helfen k\u00f6nnen K\u00fcnstliche Intelligenz L\u00f6sungen LLMs, Vision AI, Sensor AI &amp; Prediction, ... Kundenspezifische Softwareentwicklung Embedded Development, Frontend &amp; Backend Development, Dashboards, APIs, Legacy-Rewrites, Office Automation, ... Strategische Beratung Gesch\u00e4ftsmodell, UI &amp; UX, AI-Strategie, Auswahl von Hardware-Plattformen, Hardware-Entwicklung, ... Erhalten Sie eine kostenlose Machbarkeitspr\u00fcfung f\u00fcr Ihre Idee Wir...<\/p>","protected":false},"author":2,"featured_media":0,"parent":0,"menu_order":0,"comment_status":"closed","ping_status":"closed","template":"","meta":{"footnotes":"","_links_to":"","_links_to_target":""},"class_list":["post-31236","page","type-page","status-publish","hentry"],"_links":{"self":[{"href":"https:\/\/pi3g.com\/de\/wp-json\/wp\/v2\/pages\/31236","targetHints":{"allow":["GET"]}}],"collection":[{"href":"https:\/\/pi3g.com\/de\/wp-json\/wp\/v2\/pages"}],"about":[{"href":"https:\/\/pi3g.com\/de\/wp-json\/wp\/v2\/types\/page"}],"author":[{"embeddable":true,"href":"https:\/\/pi3g.com\/de\/wp-json\/wp\/v2\/users\/2"}],"replies":[{"embeddable":true,"href":"https:\/\/pi3g.com\/de\/wp-json\/wp\/v2\/comments?post=31236"}],"version-history":[{"count":33,"href":"https:\/\/pi3g.com\/de\/wp-json\/wp\/v2\/pages\/31236\/revisions"}],"predecessor-version":[{"id":31540,"href":"https:\/\/pi3g.com\/de\/wp-json\/wp\/v2\/pages\/31236\/revisions\/31540"}],"wp:attachment":[{"href":"https:\/\/pi3g.com\/de\/wp-json\/wp\/v2\/media?parent=31236"}],"curies":[{"name":"wp","href":"https:\/\/api.w.org\/{rel}","templated":true}]}}