{"id":30349,"date":"2025-06-03T09:31:30","date_gmt":"2025-06-03T07:31:30","guid":{"rendered":"https:\/\/pi3g.com\/?page_id=30349"},"modified":"2025-08-06T10:23:59","modified_gmt":"2025-08-06T08:23:59","slug":"asus-landingpage","status":"publish","type":"page","link":"https:\/\/pi3g.com\/de\/asus-landingpage\/","title":{"rendered":"ASUS Landingpage"},"content":{"rendered":"<h2>\n\t\t\tDie Kraft des Vorsprungs. Gemeinsam mit ASUS.\t<\/h2>\n\t<h3>Industrielle Edge-L\u00f6sungen, die f\u00fcr reale Leistung entwickelt wurden.<\/h3>\n\t\n  <h2>\n    Finden Sie das richtige ASUS System f\u00fcr Ihr Projekt\n  <\/h2>\n  \n    Beantworten Sie ein paar einfache Fragen, um eine pers\u00f6nliche Empfehlung zu erhalten, die auf Ihre Umgebung und Ihre Leistungsanforderungen abgestimmt ist.\n  \n\t\t\t<a href=\"https:\/\/pi3g.com\/de\/asus-quiz\/\" target=\"_blank\" rel=\"noopener\">\n\t\t\t\t\t\t\tNehmen Sie das Quiz\n\t\t\t<\/a>\n  <h2>\n    Intelligenter bauen mit Jetson-basierten Edge-Systemen\n  <\/h2>\n  \n   Entdecken Sie skalierbare, l\u00fcfterlose Systeme mit NVIDIA Jetson\u2122 - vom Einsteigermodell bis zur industriellen Leistung.\n  \n\t\n<h1  id=\"mini-pcs\">\n\t\t\t\u00dcberblick \u00fcber die ASUS Mini PCs\t<\/h1>\n\t<h4><strong>Als offizieller Industriepartner von ASUS liefern wir skalierbare IoT- und Edge-Computing-L\u00f6sungen f\u00fcr anspruchsvolle Umgebungen,<br \/>\nvon intelligenten Fabriken bis hin zu digitalen Beschilderungs- und Automatisierungssystemen.<\/strong><\/h4>\n<h4><strong>\u00a0Entdecken Sie im Folgenden die St\u00e4rken der einzelnen Produkte.<br \/>\n<\/strong><\/h4>\n\t\t\t<img decoding=\"async\" loading=\"false\" src=\"https:\/\/pi3g.com\/wp-content\/uploads\/2025\/05\/a-digital-screen-stands-in-a-fresh-produ_4CuGKBvrR6-mQcGnPw1Dw_WcX02ZWcRVqVIy9WzOHHPQ.png\" alt=\"\" \/>\t\t\t\n\t\t\t<img decoding=\"async\" loading=\"false\" src=\"https:\/\/pi3g.com\/wp-content\/uploads\/2025\/05\/a-photograph-of-a-sleek-dome-shaped-secu_UohiKecoStKU7y91RfyrdA_8jPKWv3XQX6piLszQdCveQ.png\" alt=\"\" \/>\t\t\t\n\t\t\t<img decoding=\"async\" loading=\"false\" src=\"https:\/\/pi3g.com\/wp-content\/uploads\/2025\/05\/a-photograph-of-a-sleek-modern-self-serv_OvNOjnNHSaai5EDHP-CvrQ_jMlNdFyRQMyvxdglNxI94w.png\" alt=\"\" \/>\t\t\t\n\t\t\t<img decoding=\"async\" loading=\"false\" src=\"https:\/\/pi3g.com\/wp-content\/uploads\/2025\/05\/a-photograph-of-a-sleek-modern-retail-ch_taAoeUOgTCSiWZpp_F5V3g_owQQ0gF1Tgqa3-6tTpkpqg.png\" alt=\"\" \/>\t\t\t\n\t\t\t<img decoding=\"async\" loading=\"false\" src=\"https:\/\/pi3g.com\/wp-content\/uploads\/2025\/05\/a-photograph-of-a-modern-university-lect_uxJck61KQ3Gl7qQPdjyIxw_sKd5MpxORlqOVl7zOl439A.png\" alt=\"\" \/>\t\t\t\n\t\t\t<img decoding=\"async\" loading=\"false\" src=\"https:\/\/pi3g.com\/wp-content\/uploads\/2025\/05\/a-photograph-of-a-modern-minimalist-meet_kV4JV_oZQ628TdyqOJZ5Dg_S0wKPOASS2G3rZ-1WNHNPw.png\" alt=\"\" \/>\t\t\t\n\t\t\t<img decoding=\"async\" loading=\"false\" src=\"https:\/\/pi3g.com\/wp-content\/uploads\/2025\/05\/a-photograph-of-a-sleek-minimalist-publi_dWig2N4cTIaKcawcomWYeQ_dUGTouPiQ76N9RlJYMTv6Q.png\" alt=\"\" \/>\t\t\t\n\t\t\t<img decoding=\"async\" loading=\"false\" src=\"https:\/\/pi3g.com\/wp-content\/uploads\/2025\/05\/a-photograph-of-a-modern-private-clinic-_qHda9I0vSjq46Kn8wTRuHQ_v4ioHAUsRwKaPSOLuqRYgQ.png\" alt=\"\" \/>\t\t\t\n\t\t\t<img decoding=\"async\" loading=\"false\" src=\"https:\/\/pi3g.com\/wp-content\/uploads\/2025\/05\/a-photograph-of-a-warmly-lit-hotel-recep_8bt9BRF8SGWQ3QQ1dfrjXw_pTvnWGM5Sgak218RgXXhjw.png\" alt=\"\" \/>\t\t\t\n\t<h3>PL Serie - L\u00fcfterlos &amp; Industriell<\/h3>\n<p><em>Gebaut f\u00fcr raue Umgebungen und 24\/7 Betriebszeit<\/em><\/p>\n<p>Die ASUS PL-Serie bietet kompakte, l\u00fcfterlose Mini-PCs, die f\u00fcr den Einsatz in anspruchsvollen industriellen Anwendungen entwickelt wurden. Ideal f\u00fcr <strong>digitale Beschilderung, Kioske und Automatisierungssysteme<\/strong>bieten sie einen ger\u00e4uschlosen Betrieb, <strong>gro\u00dfe Temperaturtoleranz<\/strong>und vielseitige Montagem\u00f6glichkeiten.<\/p>\n\t<h3>PN Serie - Leistung und Flexibilit\u00e4t<\/h3>\n<p><em>Kompakte Leistung f\u00fcr Beschilderung, B\u00fcros und Edge Computing<\/em><\/p>\n<p>Mit Intel\u00ae Core\u2122 Prozessoren der 12. oder 13. Generation kombiniert die PN-Serie<strong> leistungsstarke Leistung mit einem platzsparenden Design.<\/strong> Diese vielseitigen Mini-PCs unterst\u00fctzen mehrere 4K-Bildschirme und fortschrittliche E\/A, was sie perfekt macht f\u00fcr<strong> L\u00f6sungen f\u00fcr Einzelhandel, Bildung und Beschilderung<\/strong>.<\/p>\n\t<h3>PB Serie - Business-gerechte Vielseitigkeit<\/h3>\n<p><em>Zuverl\u00e4ssige Allrounder f\u00fcr eingebettete und kommerzielle Nutzung<\/em><\/p>\n<p>Die PB-Serie ist gebaut f\u00fcr <strong>Zuverl\u00e4ssigkeit in gesch\u00e4ftskritischen und kommerziellen Umgebungen.<\/strong> Mit seinem robusten Geh\u00e4use, der erweiterten Anschlussauswahl und der langfristigen Verf\u00fcgbarkeit ist er ideal f\u00fcr <strong>Einzelhandel, POS-Systeme, Check-in-Schalter<\/strong>und andere professionelle Anwendungsf\u00e4lle mit fester Funktion, bei denen eine konstante Betriebszeit wichtig ist.<\/p>\n\t<h3>Drei Serien. Drei St\u00e4rken.<\/h3>\n\t<h3>PL-Serie<\/h3>\n\t<h3>PN-Serie<\/h3>\n\t<h3>PB-Serie<\/h3>\n\t<h4><strong data-start=\"1393\" data-end=\"1423\">Gebaut f\u00fcr harte Bedingungen<\/strong><br data-start=\"1423\" data-end=\"1426\" \/>Zuverl\u00e4ssig in Kiosken, Schr\u00e4nken und industriellen Umgebungen<\/h4>\n\t<h4><strong>L\u00fcfterlose K\u00fchlung<br \/>\n<\/strong>Leiser Betrieb, geringe Wartung, gebaut f\u00fcr den 24\/7-Einsatz<\/h4>\n\t<h4><strong>Unverzichtbare Konnektivit\u00e4t<br \/>\n<\/strong>Alles, was Sie f\u00fcr die Standardbeschilderung ben\u00f6tigen und<br \/>\nAutomatisierungseinrichtungen.<\/h4>\n\t<h4><strong>Erschwinglich durch Design<br \/>\n<\/strong>Hervorragend geeignet f\u00fcr gro\u00df angelegte Rollouts und kostenbewusste<br \/>\nUmgebungen.<\/h4>\n\t<h4><strong data-start=\"1494\" data-end=\"1524\">Optimiert f\u00fcr Multitasking<\/strong><br data-start=\"1524\" data-end=\"1527\" \/>Hervorragend geeignet f\u00fcr B\u00fcroschreibtische, Beschilderungen und Klassenzimmer<\/h4>\n\t<h4><strong>Kompakte aktive K\u00fchlung<br \/>\n<\/strong>L\u00e4uft leise und mit konstanter Leistung<\/h4>\n\t<h4><strong data-start=\"1156\" data-end=\"1194\">Moderne Verbindungen f\u00fcr moderne Arbeit<\/strong><br \/>\nUnterst\u00fctzt neue Displays und Zubeh\u00f6r<br \/>\nohne Adapter<\/h4>\n\t<h4><strong data-start=\"453\" data-end=\"471\">Ausgewogener Wert<\/strong><br \/>\nEffiziente Leistung ohne das Premium-Preisschild.<\/h4>\n\t<h4 data-start=\"1602\" data-end=\"1660\"><strong data-start=\"1602\" data-end=\"1623\">Leise m\u00e4chtig<br \/>\n<\/strong>F\u00fcr kompaktes, immer verf\u00fcgbares Computing<\/h4>\n\t<h4><strong>Langlebige aktive K\u00fchlung<br \/>\n<\/strong>Unterst\u00fctzt lange Laufzeiten und verbundene Workloads<\/h4>\n\t<h4><strong data-start=\"1256\" data-end=\"1281\">Maximale Kompatibilit\u00e4t<\/strong><br \/>\nEinfache Verbindung zu Druckern, Scannern und \u00e4lteren Ger\u00e4ten - keine zus\u00e4tzliche Hardware erforderlich.<\/h4>\n\t<h4><strong data-start=\"854\" data-end=\"891\">Flexible Leistung, intelligenter Wert<\/strong><br \/>\nMehr Konnektivit\u00e4t und Kompatibilit\u00e4t bei gleichzeitiger Kosteneffizienz.<\/h4>\n\t\t\t<img decoding=\"async\" loading=\"false\" src=\"https:\/\/pi3g.com\/wp-content\/uploads\/2025\/05\/PL64-D1.jpg\" alt=\"\" \/>\t\t\t\n\t\t\t<img decoding=\"async\" loading=\"false\" src=\"https:\/\/pi3g.com\/wp-content\/uploads\/2025\/05\/PL64.jpg\" alt=\"\" \/>\t\t\t\n\t\t\t<img decoding=\"async\" loading=\"false\" src=\"https:\/\/pi3g.com\/wp-content\/uploads\/2025\/05\/PL63.jpg\" alt=\"\" \/>\t\t\t\n\t\t\t<a href=\"#\" target=\"_self\">\n\t\t\t\t\t\t\tPL-Serie erforschen\n\t\t\t\t\t<\/a>\n\t\t\t<img decoding=\"async\" loading=\"false\" src=\"https:\/\/pi3g.com\/wp-content\/uploads\/2025\/05\/PN65-1.jpg\" alt=\"\" \/>\t\t\t\n\t\t\t<img decoding=\"async\" loading=\"false\" src=\"https:\/\/pi3g.com\/wp-content\/uploads\/2025\/05\/PN54.jpg\" alt=\"\" \/>\t\t\t\n\t\t\t<a href=\"#\" target=\"_self\">\n\t\t\t\t\t\t\tPN-Serie erforschen\n\t\t\t\t\t<\/a>\n\t\t\t<img decoding=\"async\" loading=\"false\" src=\"https:\/\/pi3g.com\/wp-content\/uploads\/2025\/05\/PB63.jpg\" alt=\"\" \/>\t\t\t\n\t\t\t<img decoding=\"async\" loading=\"false\" src=\"https:\/\/pi3g.com\/wp-content\/uploads\/2025\/05\/PB62.jpg\" alt=\"\" \/>\t\t\t\n\t\t\t<a href=\"#\" target=\"_self\">\n\t\t\t\t\t\t\tEntdecken Sie die PB-Serie\n\t\t\t\t\t<\/a>\n<h1  id=\"compact-edge\">\n\t\t\tKompakte Kantensysteme\t<\/h1>\n\t<h4><strong>Zuverl\u00e4ssige Leistung f\u00fcr Automatisierung, Smart City und IoT-Anwendungen.<\/strong><\/h4>\n\t<h4>Entwickelt f\u00fcr Zuverl\u00e4ssigkeit an der Grenze, ist der <strong>PE100A<\/strong> und <strong>PV100A<\/strong> liefern konstante Leistung in kompakten, l\u00fcfterlosen Formfaktoren.<br \/>\nGeeignet f\u00fcr eingebettete Anwendungen in den Bereichen intelligente Infrastruktur, industrielle Steuerung und digitale Beschilderung.<\/h4>\n\t<h2>PE100A<\/h2>\n<p><strong>Gebaut f\u00fcr raue Umgebungen und 24\/7 Betriebszeit<\/strong><\/p>\nDie <strong>PE100A<\/strong> ist ein kompaktes, l\u00fcfterloses Edge-System, das f\u00fcr industrielle Zuverl\u00e4ssigkeit entwickelt wurde.<br data-start=\"398\" data-end=\"401\" \/>Mit seiner gro\u00dfen Temperaturtoleranz, den zahlreichen E\/A und dem geringen Stromverbrauch ist er ideal f\u00fcr intelligente Infrastrukturen, Automatisierung und Umgebungen mit begrenztem Platzangebot.\n\t<h2>PV100A<\/h2>\n<p><strong>Kompakte Leistung f\u00fcr Beschilderung, Steuerung und Edge Computing<\/strong><\/p>\n<p>Die<strong> PV100A<\/strong> liefert stabile Leistung in einem l\u00fcfterlosen, flachen Design.<br data-start=\"708\" data-end=\"711\" \/>Mit integrierter Ubuntu-Unterst\u00fctzung und mehreren seriellen Schnittstellen eignet er sich hervorragend f\u00fcr eingebettete Anwendungen in den Bereichen Einzelhandel, Automatisierung und Systemsteuerung.<\/p>\n<h1  id=\"edge-ai\">\n\t\t\tEdge AI GPU Systeme - PE4000G\t<\/h1>\n\t<h4>Leistungsstarke KI-Inferenz und visuelles Computing an der Grenze.<\/h4>\n\t<h4 data-start=\"143\" data-end=\"222\"><strong>PE4000G<\/strong><em data-start=\"143\" data-end=\"222\"><br \/>\nLeistungsstarke KI f\u00fcr Echtzeit-Analysen und industrielles Edge Computing<\/em><\/h4>\n<h4 data-start=\"224\" data-end=\"510\">Mit der Unterst\u00fctzung von bis zu 200W-GPUs bietet der PE4000G eine au\u00dfergew\u00f6hnliche Leistung f\u00fcr rechenintensive Aufgaben im Edge-Bereich. Sein robustes Design, seine gro\u00dfe Temperaturtoleranz und seine Konformit\u00e4t mit MIL-STD-810H machen ihn ideal f\u00fcr <strong data-start=\"437\" data-end=\"509\">Maschinelles Sehen, autonome Fahrzeuge und intelligente Videoanalyse<\/strong>.<\/h4>\n<h2>\n\t\t\tHaben Sie Fragen? Wir sind f\u00fcr Sie da.\t<\/h2>\n\tGanz gleich, ob Sie Optionen ausloten oder spezifische Details ben\u00f6tigen - unser Team ist nur eine Nachricht entfernt.<br \/>\nSie k\u00f6nnen sich jederzeit an uns wenden, und wir werden uns in K\u00fcrze bei Ihnen melden.\n\t\t\t<a href=\"\" target=\"_self\">\n\t\t\t\t\t\t\tKontakt\n\t\t\t<\/a>\n<h2>\n\t\t\tWas unsere Kunden sagen...\t<\/h2>","protected":false},"excerpt":{"rendered":"<p>Die Kraft des Vorsprungs. Gemeinsam mit ASUS. Industrielle Edge-L\u00f6sungen, die f\u00fcr reale Leistung entwickelt wurden. Finden Sie das richtige ASUS System f\u00fcr Ihr Projekt Beantworten Sie ein paar einfache Fragen, um eine personalisierte Empfehlung zu erhalten, die auf Ihrer Umgebung und Ihren Leistungsanforderungen basiert. Take Quiz Build Smarter with Jetson-Powered Edge Systems Entdecken Sie skalierbare, l\u00fcfterlose Systeme mit NVIDIA Jetson\u2122 -...<\/p>","protected":false},"author":866,"featured_media":0,"parent":0,"menu_order":0,"comment_status":"closed","ping_status":"closed","template":"","meta":{"footnotes":"","_links_to":"","_links_to_target":""},"class_list":["post-30349","page","type-page","status-publish","hentry"],"_links":{"self":[{"href":"https:\/\/pi3g.com\/de\/wp-json\/wp\/v2\/pages\/30349","targetHints":{"allow":["GET"]}}],"collection":[{"href":"https:\/\/pi3g.com\/de\/wp-json\/wp\/v2\/pages"}],"about":[{"href":"https:\/\/pi3g.com\/de\/wp-json\/wp\/v2\/types\/page"}],"author":[{"embeddable":true,"href":"https:\/\/pi3g.com\/de\/wp-json\/wp\/v2\/users\/866"}],"replies":[{"embeddable":true,"href":"https:\/\/pi3g.com\/de\/wp-json\/wp\/v2\/comments?post=30349"}],"version-history":[{"count":28,"href":"https:\/\/pi3g.com\/de\/wp-json\/wp\/v2\/pages\/30349\/revisions"}],"predecessor-version":[{"id":31416,"href":"https:\/\/pi3g.com\/de\/wp-json\/wp\/v2\/pages\/30349\/revisions\/31416"}],"wp:attachment":[{"href":"https:\/\/pi3g.com\/de\/wp-json\/wp\/v2\/media?parent=30349"}],"curies":[{"name":"wp","href":"https:\/\/api.w.org\/{rel}","templated":true}]}}