{"id":30081,"date":"2024-03-29T18:38:56","date_gmt":"2024-03-29T17:38:56","guid":{"rendered":"https:\/\/pi3g.com\/?page_id=30081"},"modified":"2024-03-29T18:38:56","modified_gmt":"2024-03-29T17:38:56","slug":"uptime-industries-heatsink","status":"publish","type":"page","link":"https:\/\/pi3g.com\/de\/products\/industrial\/compute-blade\/uptime-industries-heatsink\/","title":{"rendered":"Uptime Industries K\u00fchlk\u00f6rper"},"content":{"rendered":"<h1>\n\t\tUptime Industries K\u00fchlk\u00f6rper\n\t<\/h1>\n<h3>\n\t\tHalten Sie Ihre Klingen gut geh\u00e4rtet.\n\t<\/h3>\n\t\t\t<img decoding=\"async\" loading='false' src=\"https:\/\/pi3g.com\/wp-content\/uploads\/2024\/03\/IMG_3621-scaled.jpg\" alt=\"\" \/>\t\t\t\n\t\t\t<img decoding=\"async\" loading='false' src=\"https:\/\/pi3g.com\/wp-content\/uploads\/2024\/03\/IMG_3633-scaled.jpg\" alt=\"\" \/>\t\t\t\n\t\t\t<img decoding=\"async\" loading='false' src=\"https:\/\/pi3g.com\/wp-content\/uploads\/2024\/03\/IMG_3634-scaled.jpg\" alt=\"\" \/>\t\t\t\n\t\t\t<img decoding=\"async\" loading='false' src=\"https:\/\/pi3g.com\/wp-content\/uploads\/2024\/03\/IMG_3635-scaled.jpg\" alt=\"\" \/>\t\t\t\n\t\t\t\t<a href=\"#\" aria-label=\"vorherige\" role=\"button\">\n<\/a>\n\t\t\t\t<a href=\"#\" aria-label=\"n\u00e4chste\" role=\"button\">\n<\/a>\n\t\t<h3><a href=\"https:\/\/buyzero.de\/en\/products\/uptime-industries-heatsink?_pos=4&#038;_sid=d19b22e21&#038;_ss=r\" target=\"_self\" rel=\"noopener\"><\/a><\/h3>\t\t\n<p>Speziell entwickelt und konstruiert f\u00fcr die\u00a0<a href=\"https:\/\/buyzero.de\/products\/uptime-industries-compute-blade\">Compute Blade<\/a>schr\u00e4nkt der Uptime Industries-K\u00fchlk\u00f6rper Ihre M\u00f6glichkeiten nicht ein.<a href=\"https:\/\/buyzero.de\/products\/uptime-industries-compute-blade\">\u00a0Compute Blade<\/a>\u00a0Zugang und bietet eine optimierte W\u00e4rmeabfuhr.<\/p>\n<p>Der Aluminium-K\u00fchlk\u00f6rper wurde sorgf\u00e4ltig entwickelt, um eine maximale W\u00e4rmeableitung zu gew\u00e4hrleisten, so dass Ihr\u00a0<a href=\"https:\/\/buyzero.de\/products\/uptime-industries-compute-blade\">Compute Blade<\/a>\u00a0arbeitet bei optimalen Temperaturen. Sein schlankes Design erg\u00e4nzt nicht nur die \u00c4sthetik Ihrer Einrichtung, sondern tr\u00e4gt auch zur Langlebigkeit und Stabilit\u00e4t Ihres Systems bei.<\/p>\n<p>Sie sind in drei Farben erh\u00e4ltlich, so dass Sie die M\u00f6glichkeit haben, Ihre individuelle Farbe zu kodieren.\u00a0<a href=\"https:\/\/buyzero.de\/products\/uptime-industries-compute-blade\">Rechenbl\u00e4tter<\/a>.<\/p>\nEAN\/Strichcode:\u00a0\n\t\t\t<a href=\"https:\/\/buyzero.de\/en\/products\/uptime-industries-heatsink?_pos=4&#038;_sid=d19b22e21&#038;_ss=r\" target=\"_self\" role=\"button\" rel=\"noopener\">\n\t\t\t\t\t\t\terhalten von buyzero.de\n\t\t\t<\/a>\n<h3>\n\t\toptimale W\u00e4rmeableitung\n\t<\/h3>\n\t\t<h3><\/h3>\t\t\n\t\t\t<p>Der K\u00fchlk\u00f6rper wurde speziell f\u00fcr das Compute Blade entwickelt und getestet. Daher weist er eine W\u00e4rmeleitf\u00e4higkeit von 229 W\/mK auf.<\/p>\n\n<p>So k\u00f6nnen Sie Ihre Compute Blades farblich kennzeichnen, um sie auch in gro\u00dfen Anlagen leicht auseinanderhalten zu k\u00f6nnen.<\/p>\n<p>Der K\u00fchlk\u00f6rper ist mit den beiliegenden Schrauben leicht zu installieren.<\/p>\n\t\t\t<a href=\"#resellers\" target=\"_self\" role=\"button\" rel=\"noopener\">\n\t\t\t\t\t\tkaufen Sie es bei unseren Wiederverk\u00e4ufern\n\t\t\t\t\t<\/a>\n<h3>\n\t\tSpezifikationen\n\t<\/h3>\n\t\n\n\t<p>Compute Blade RC2, V1.0<\/p>\n<p>40 x 86 x 9 mm<\/p>\n\t<p>Der Compute Blade-K\u00fchlk\u00f6rper ist das Ergebnis umfangreicher Tests und Optimierungen, die sicherstellen, dass Ihr\u00a0<a href=\"https:\/\/buyzero.de\/products\/uptime-industries-compute-blade\">Compute Blade<\/a>\u00a0bleibt k\u00fchl und effizient, selbst unter den anspruchsvollsten Bedingungen.<\/p>\n\t\t\t\t<img loading=\"lazy\" decoding=\"async\" src=\"https:\/\/pi3g.com\/wp-content\/uploads\/2024\/03\/Heatsink.png\" alt=\"Uptime Industries K\u00fchlk\u00f6rper\" itemprop=\"image\" height=\"897\" width=\"3817\" title=\"K\u00fchlk\u00f6rper\" onerror=\"this.style.display='none'\"  \/>\n<h3>\n\t\teinen ersten Eindruck\n\t<\/h3>\n\t<p>Erfahren Sie, warum Compute Blade etwas Besonderes ist und eine bestimmte Nische besetzt.<\/p>\n\t<iframe loading=\"lazy\" width=\"560\" height=\"315\" src=\"https:\/\/www.youtube.com\/embed\/zH9GwYZu_aE?si=xirAgVnM0DBotCwe\" title=\"YouTube-Video-Player\" frameborder=\"0\" allow=\"accelerometer; autoplay; clipboard-write; encrypted-media; gyroscope; picture-in-picture; web-share\" allowfullscreen><\/iframe>\n\t<iframe loading=\"lazy\" width=\"560\" height=\"315\" src=\"https:\/\/www.youtube.com\/embed\/rKDGlpnP-vE?si=c6JifoOTPy4BargQ\" title=\"YouTube-Video-Player\" frameborder=\"0\" allow=\"accelerometer; autoplay; clipboard-write; encrypted-media; gyroscope; picture-in-picture; web-share\" allowfullscreen><\/iframe>\n<h3>\n\t\t<a href=\"https:\/\/www.youtube.com\/watch?v=Dm7lWAg-W3M\" title=\"Zubeh\u00f6r und Alternativen\" target=\"_self\" rel=\"noopener\">\n\t\tZubeh\u00f6r und Alternativen\n\t\t<\/a>\n\t<\/h3>\n\t<p>Erfahren Sie mehr \u00fcber kompatibles Zubeh\u00f6r und Alternativen zum Raspberry Pi Compute Module 4.<\/p>\n\t\t\t<a href=\"#resellers\" target=\"_self\" role=\"button\" rel=\"noopener\">\n\t\t\t\t\t\tkaufen Sie es bei unseren Wiederverk\u00e4ufern\n\t\t\t\t\t<\/a>\n<h3>\n\t\tDownloads und Links\n\t<\/h3>\n<h4>\n\t\tSoftware\n\t<\/h4>\n\t\n\n<h4>\n\t\tDokumentation\n\t<\/h4>\n\t\n\n<h3>\n\t\tFAQ\n\t<\/h3>\n\t\t\t<a href=\"#\" id=\"fl-accordion--label-0\" tabindex=\"0\" aria-controls=\"fl-accordion--panel-0\">Was ist ein Compute Blade\u00df<\/a>\n\t\t<p>Die\u00a0<a href=\"https:\/\/buyzero.de\/products\/uptime-industries-compute-blade\">Compute Blade<\/a>ist eine rackmontierbare, PoE-betriebene Tr\u00e4gerplatine f\u00fcr das Raspberry Pi Compute Module 4, mit der Sie einen Blade-Server erstellen k\u00f6nnen.<\/p>\n\t\t\t<a href=\"#\" id=\"fl-accordion--label-1\" tabindex=\"0\" aria-controls=\"fl-accordion--panel-1\">Was ist ein Blade-Server?<\/a>\n\t\t<p>Ein Blade-Server ist ein kompakter, in sich geschlossener Computerserver, der speziell entwickelt wurde, um den Platz- und Energieverbrauch zu minimieren. Im Gegensatz zu herk\u00f6mmlichen Rackmount-Servern, bei denen es sich um eigenst\u00e4ndige Server handelt, die einzelne Komponenten wie Netzwerk- und Speicherschnittstellen ben\u00f6tigen, sind Blade-Server in einem Geh\u00e4use untergebracht, das diese Ressourcen gemeinsam bereitstellt. Dieser Aufbau erm\u00f6glicht eine hohe Dichte von Servern, die sich Strom, K\u00fchlung, Netzwerk- und Speichereinrichtungen, die vom Geh\u00e4use bereitgestellt werden, teilen k\u00f6nnen.<\/p>\n<p>Blade-Server eignen sich besonders f\u00fcr Umgebungen, die eine hohe Rechendichte erfordern, ohne dass viel individueller Speicherplatz ben\u00f6tigt wird, wie z. B. Webhosting, Virtualisierung und Cloud-Computing-Dienste.<\/p>\n\t\t\t<a href=\"#\" id=\"fl-accordion--label-2\" tabindex=\"0\" aria-controls=\"fl-accordion--panel-2\">Wie sorgt der Uptime Industries-K\u00fchlk\u00f6rper f\u00fcr eine effiziente K\u00fchlung meines Compute Blade?<\/a>\n\t\t<p>Unser Aluminium-K\u00fchlk\u00f6rper ist auf maximale W\u00e4rmeableitung ausgelegt und leitet die W\u00e4rme von Ihrem Compute Blade ab, um optimale Betriebstemperaturen zu gew\u00e4hrleisten. Diese passive K\u00fchltechnologie ist f\u00fcr eine leistungsstarke Serverk\u00fchlung unerl\u00e4sslich und tr\u00e4gt zum stabilen Betrieb Ihres Systems bei.<\/p>\n\t\t\t<a href=\"#\" id=\"fl-accordion--label-3\" tabindex=\"0\" aria-controls=\"fl-accordion--panel-3\">Kann ich einen K\u00fchlk\u00f6rper w\u00e4hlen, der zur \u00c4sthetik meiner Einrichtung passt?<\/a>\n\t\t<p>Auf jeden Fall! Der K\u00fchlk\u00f6rper ist in drei Farben erh\u00e4ltlich, die ein individuelles Aussehen erm\u00f6glichen. Sie k\u00f6nnen Ihre einzelnen Compute Blades aus organisatorischen oder \u00e4sthetischen Gr\u00fcnden farblich kennzeichnen und so Ihrer effizienten K\u00fchll\u00f6sung eine pers\u00f6nliche Note verleihen.<\/p>\n\t\t\t<a href=\"#\" id=\"fl-accordion--label-4\" tabindex=\"0\" aria-controls=\"fl-accordion--panel-4\">Was sind die Vorteile der hohen W\u00e4rmeleitf\u00e4higkeit des K\u00fchlk\u00f6rpers?<\/a>\n\t\t<p>Der Uptime Industries-K\u00fchlk\u00f6rper verf\u00fcgt \u00fcber eine W\u00e4rmeleitf\u00e4higkeit von 229 W\/mK, was bedeutet, dass er W\u00e4rme mit einer sehr hohen Rate \u00fcbertragen kann. Dieses Ma\u00df an W\u00e4rmemanagement ist entscheidend f\u00fcr eine effektive W\u00e4rmeableitung und daf\u00fcr, dass Ihre Hardware unter Last k\u00fchl bleibt.<\/p>\n\t\t\t<a href=\"#\" id=\"fl-accordion--label-5\" tabindex=\"0\" aria-controls=\"fl-accordion--panel-5\">Ist der K\u00fchlk\u00f6rper mit allen Compute Blade-Systemen kompatibel?<\/a>\n\t\t<p>Der K\u00fchlk\u00f6rper von Uptime Industries wurde speziell f\u00fcr das Compute Blade RC2, V1.0 entwickelt. Seine pr\u00e4zisen Abmessungen und sein Design f\u00fcgen sich nahtlos in Ihr Compute Blade ein und bieten eine rackmontierbare W\u00e4rmel\u00f6sung, ohne den Zugang zu den Komponenten Ihres Systems zu behindern.<\/p>\n\t\t\t<a href=\"#resellers\" target=\"_self\" role=\"button\" rel=\"noopener\">\n\t\t\t\t\t\tkaufen Sie es bei unseren Wiederverk\u00e4ufern\n\t\t\t\t\t<\/a>\n<h1>\n\t\tWiederverk\u00e4ufer\n\t<\/h1>\n\t\t\t<a href=\"https:\/\/pi3g.com\/de\/kontakt\/\" target=\"_self\" role=\"button\" rel=\"noopener\">\n\t\t\t\t\t\tVolumenanfrage\n\t\t\t\t\t<\/a>\n<h3>\n\t\tGlobale Wiederverk\u00e4ufer\n\t<\/h3>\n\t\t\t\t<a href=\"https:\/\/buyzero.de\/en\/products\/uptime-industries-heatsink?_pos=4&#038;_sid=d19b22e21&#038;_ss=r\" target=\"_self\" itemprop=\"url\" rel=\"noopener\">\n\t\t\t\t<img loading=\"lazy\" decoding=\"async\" src=\"https:\/\/pi3g.com\/wp-content\/uploads\/2020\/07\/buyzero_raspberry_pi_shop_deutschland.jpg\" alt=\"buyzero.de\" itemprop=\"image\" height=\"130\" width=\"500\" title=\"buyzero_raspberry_pi_shop_deutschland\" onerror=\"this.style.display='none'\"  \/>\n\t\t\t\t<\/a>\n\t\tbuyzero.de\n<h3>\n\t\tDeutschland, \u00d6sterreich und Schweiz\n\t<\/h3>\n\t\t\t\t<a href=\"https:\/\/buyzero.de\/en\/products\/uptime-industries-heatsink?_pos=4&#038;_sid=d19b22e21&#038;_ss=r\" target=\"_self\" itemprop=\"url\" rel=\"noopener\">\n\t\t\t\t<img loading=\"lazy\" decoding=\"async\" src=\"https:\/\/pi3g.com\/wp-content\/uploads\/2020\/07\/buyzero_raspberry_pi_shop_deutschland-300x78.jpg\" alt=\"buyzero.de\" itemprop=\"image\" height=\"78\" width=\"300\" title=\"buyzero_raspberry_pi_shop_deutschland\" onerror=\"this.style.display='none'\"  \/>\n\t\t\t\t<\/a>\n\t\tbuyzero.de","protected":false},"excerpt":{"rendered":"<p>Uptime Industries K\u00fchlk\u00f6rper halten Ihre Blades gut temperiert. Der K\u00fchlk\u00f6rper von Uptime Industries wurde speziell f\u00fcr den Compute Blade entwickelt und schr\u00e4nkt den Zugang zu Ihrem Compute Blade nicht ein und bietet eine optimierte W\u00e4rmeabfuhr. Der Aluminium-K\u00fchlk\u00f6rper wurde sorgf\u00e4ltig entwickelt, um eine maximale W\u00e4rmeableitung zu gew\u00e4hrleisten und sicherzustellen, dass Ihr Compute Blade bei optimalen Temperaturen arbeitet. Sein schlankes Design erg\u00e4nzt nicht nur die \u00c4sthetik des...<\/p>","protected":false},"author":862,"featured_media":0,"parent":29979,"menu_order":0,"comment_status":"closed","ping_status":"closed","template":"","meta":{"footnotes":"","_links_to":"","_links_to_target":""},"class_list":["post-30081","page","type-page","status-publish","hentry"],"_links":{"self":[{"href":"https:\/\/pi3g.com\/de\/wp-json\/wp\/v2\/pages\/30081","targetHints":{"allow":["GET"]}}],"collection":[{"href":"https:\/\/pi3g.com\/de\/wp-json\/wp\/v2\/pages"}],"about":[{"href":"https:\/\/pi3g.com\/de\/wp-json\/wp\/v2\/types\/page"}],"author":[{"embeddable":true,"href":"https:\/\/pi3g.com\/de\/wp-json\/wp\/v2\/users\/862"}],"replies":[{"embeddable":true,"href":"https:\/\/pi3g.com\/de\/wp-json\/wp\/v2\/comments?post=30081"}],"version-history":[{"count":2,"href":"https:\/\/pi3g.com\/de\/wp-json\/wp\/v2\/pages\/30081\/revisions"}],"predecessor-version":[{"id":30100,"href":"https:\/\/pi3g.com\/de\/wp-json\/wp\/v2\/pages\/30081\/revisions\/30100"}],"up":[{"embeddable":true,"href":"https:\/\/pi3g.com\/de\/wp-json\/wp\/v2\/pages\/29979"}],"wp:attachment":[{"href":"https:\/\/pi3g.com\/de\/wp-json\/wp\/v2\/media?parent=30081"}],"curies":[{"name":"wp","href":"https:\/\/api.w.org\/{rel}","templated":true}]}}