{"id":30072,"date":"2024-03-26T19:50:07","date_gmt":"2024-03-26T18:50:07","guid":{"rendered":"https:\/\/pi3g.com\/?page_id=30072"},"modified":"2024-03-26T19:56:31","modified_gmt":"2024-03-26T18:56:31","slug":"picockpit-innovative-web-losung-fur-die-fernsteuerung-vieler-raspberry-pis","status":"publish","type":"page","link":"https:\/\/pi3g.com\/de\/newsroom\/picockpit-innovative-web-losung-fur-die-fernsteuerung-vieler-raspberry-pis\/","title":{"rendered":"PiCockpit: Innovative Web-L\u00f6sung f\u00fcr die Fernsteuerung vieler Raspberry Pis"},"content":{"rendered":"<h3>\n\t\t<strong>Pressemitteilung \/ 27. M\u00e4rz 2024<\/strong>\n\t<\/h3>\n<h2>\n\t\tPiCockpit: Innovative Web-L\u00f6sung f\u00fcr die Fernsteuerung vieler Raspberry Pis<br \/>\n\t<\/h2>\n<h3>\n\t\tH\u00f6here Effizienz, geringere Kosten: Neue PiCockpit-Apps mit zeitsparenden Funktionen\n\t<\/h3>\n\t<p><strong>Leipzig, 27. M\u00e4rz 2024<\/strong> - Die pi3g GmbH &amp; Co. KG f\u00fchrt auf der PiCockpit.com Plattform mit dem Terminal und dem Datei-Editor zwei neue webbasierte Apps ein. pi3g verbessert zudem das Raspberry Pi Remote Management mit einem aktualisierten Skriptplaner, einer Video Streaming App und dem PiCockpit Pro Plus Plan f\u00fcr individuelle Software- und Gesch\u00e4ftsanforderungen. pi3g vereinfacht damit den Einsatz von Raspberry Pis in Unternehmen betr\u00e4chtlich, f\u00fcr die Anwender sind keine komplexen Linux-Kenntnisse mehr erforderlich. Insbesondere Teams mit Windows\u00ae-Hintergrund ben\u00f6tigen weniger Schulungen und spezielle Kenntnisse, wenn sie PiCockpit f\u00fcr die Verwaltung der Raspberry Pi-Flotte des Unternehmens nutzen. Das f\u00fchrt zu erheblichen Zeit- und Kosteneinsparungen f\u00fcr das Unternehmen, und spiegelt das Ziel von pi3g wider, die Produktivit\u00e4t globaler Gesch\u00e4ftsanwender zu steigern.<\/p>\n<p>Die PiCockpit Terminal App bietet eine bequeme webbasierte Terminalschnittstelle f\u00fcr die Verwaltung aller Raspberry Pi-Ger\u00e4te von jedem beliebigen Standort aus. Dank der Terminal App ist eine aufwendige Netzwerkkonfiguration oder zus\u00e4tzliche Software wie PuTTY \u00fcberfl\u00fcssig. Die zugrundeliegende WebRTC-Technologie sorgt dabei f\u00fcr eine sichere, verschl\u00fcsselte, Ende-zu-Ende-Verbindung vom Webbrowser direkt zum Raspberry Pi. Somit vereinfacht die App Unternehmen die Fernverwaltung von ihren Ger\u00e4ten und erm\u00f6glicht einen unkomplizierten webbasierten Fernzugriff, \u00fcber Netzwerkgrenzen hinweg.<\/p>\n<p>Mit der neuen Editor App k\u00f6nnen Benutzer Dateien auf ihren Raspberry Pis nun von jedem Webbrowser aus einfach und bequem bearbeiten. Dank der eingebauten RaspiGPT-Technologie, die auf OpenAIs GPT-4 basiert, bietet die App intelligente Unterst\u00fctzung beim Verstehen von Dateien, Schreiben von Skripten und bei der Analyse von Logs. Dadurch vereinfacht pi3g die Dateiverwaltung und beschleunigt die Entwicklungsprozesse von Unternehmen.<\/p>\n<h3>PiCockpit: Vereinfachte Verwaltung, reduzierte Kosten<\/h3>\n<p>Maximilian Batz, Gr\u00fcnder von pi3g, erkl\u00e4rt: \"Unser Ziel war es schon immer, die Benutzung von Raspberry Pis einfacher zu machen. So einfach und effizient wie m\u00f6glich! Gesch\u00e4ftskunden setzen den Raspberry Pi f\u00fcr viele Zwecke ein. Im Vordergrund steht f\u00fcr sie immer das Ergebnis, der Gesch\u00e4ftszweck - nicht die zeitraubende Konfiguration, Bedienung oder die Auseinandersetzung mit Linux-Administration. Unsere neuen PiCockpit Apps stellen einen gro\u00dfen Sprung nach vorne dar, um Unternehmen Zeit und Geld zu sparen. Wir freuen uns besonders \u00fcber die RaspiGPT-Technologie. Sie er\u00f6ffnet viele neue M\u00f6glichkeiten, sie vereinfacht Aufgaben, die bisher umfangreiche technische Kenntnisse erforderten. Windows\u00ae-Nutzer m\u00fcssen keine Linux-Gurus mehr werden, um Raspberry Pis in ihren Firmen einzusetzen.\"<\/p>\n<p>Der Pro Plan von PiCockpit richtet sich besonders an kleine und mittelst\u00e4ndische Unternehmen, sie k\u00f6nnen damit \u00fcber ihre ersten f\u00fcnf kostenlosen Pis hinaus skalieren. Gegen eine monatliche Geb\u00fchr von 9,95 \u20ac brutto je Raspberry Pi bekommen die Nutzer unbegrenzten Zugang zu allen Funktionen. Dank einer Zwei-Faktor-Authentifizierung gew\u00e4hrleistet PiCockpit dabei einen sicheren Zugang zu den Benutzerkonten und den Raspberry Pis.<\/p>\n<p>PiCockpit Pro Plus erweitert, als Enterprise L\u00f6sung, das Angebot um ma\u00dfgeschneiderte Softwareentwicklung und Dienstleistungen zur Systemintegration. PiCockpit Pro Plus bietet dabei Unternehmen eine perfekt f\u00fcr sie angepasste Raspberry Pi L\u00f6sung, die sich nahtlos in ihre bestehenden Systeme einf\u00fcgt. Dadurch werden signifikante Kosteneinsparungen und eine Steigerung der betrieblichen Effizienz erm\u00f6glicht.<\/p>\n<p>PiCockpit wird durch pi3g kontinuierlich um weitere Funktionen und M\u00f6glichkeiten erweitert, dabei stehen die sich entwickelnden Bed\u00fcrfnisse der Nutzer im Vordergrund. Das Unternehmen l\u00e4dt Unternehmen und Raspberry Pi-Enthusiasten dazu ein, die neuen Funktionen auf picockpit.com zu erkunden und sich zum Newsletter anzumelden um \u00fcber neue Apps auf dem Laufenden zu bleiben.<\/p>\n<h3>\u00dcber PiCockpit<\/h3>\n<p>PiCockpit.com bietet eine bequeme Web-Oberfl\u00e4che zur Steuerung von Raspberry Pi-Ger\u00e4ten. Es bietet eine Vielzahl von eingebauten Anwendungen wie PiStats, Video Streaming, Script Scheduler, Terminal und File Editor. Damit k\u00f6nnen Nutzer von \u00fcberall auf der Welt aus die Leistung der Raspberry Pis \u00fcberwachen, Skriptausf\u00fchrung planen, Raspberry Pi Kameras streamen und Dateien verwalten. Unternehmen und Einzelpersonen k\u00f6nnen mit PiCockpit von den vielf\u00e4ltigen F\u00e4higkeiten der Raspberry Pis profitieren, ohne Linux-Spezialkenntnisse aufbauen zu m\u00fcssen.<\/p>\n<h3>\u00dcber pi3g GmbH &amp; Co. KG<\/h3>\n<p>Das in Leipzig ans\u00e4ssige Unternehmen pi3g ist seit den Anf\u00e4ngen des Raspberry Pi \u00d6kosystems im Jahr 2012 dabei. Als offizieller Raspberry Pi Reseller bietet pi3g Unternehmen ein umfassendes Angebot an Dienstleistungen, darunter Softwareentwicklung, Hardwareentwicklung, Hardwarebeschaffung und Beratung. Gesch\u00e4ftskunden k\u00f6nnen \u00fcber den Online-Shop von pi3g (buyzero.de) auf das gesamte Sortiment an Raspberry Pi-Produkten, Zubeh\u00f6r und ausgew\u00e4hlter KI-Hardware wie Coral.AI und den Unigen Cupcake Edge AI Server zugreifen.<\/p>\n<h3>Weitere Informationen:<\/h3>\n\n<p>+49 (0)341 392 858 48<\/p>\n<p>info@picockpit.com<\/p>\n<p>&nbsp;<\/p>\n<h3>Pressekontakt:<\/h3>\n\n<p>info@frankemedia.com<\/p>\n<p>+49 (0)89 20042748<\/p>\n<p>&nbsp;<\/p>\n\n<p>###<\/p>","protected":false},"excerpt":{"rendered":"<p>Pressemitteilung \/ 27. M\u00e4rz 2024 PiCockpit: Innovative Web-L\u00f6sung f\u00fcr die Fernsteuerung vieler Raspberry Pis H\u00f6here Effizienz, geringere Kosten: Neue PiCockpit-Apps mit zeitsparenden Funktionen Leipzig, 27. M\u00e4rz 2024 - Die pi3g GmbH &amp; Co. KG f\u00fchrt auf der PiCockpit.com Plattform mit dem Terminal und dem Datei-Editor zwei neue webbasierte Apps ein. pi3g verbessert zudem das...<\/p>","protected":false},"author":2,"featured_media":0,"parent":30052,"menu_order":0,"comment_status":"closed","ping_status":"closed","template":"","meta":{"footnotes":"","_links_to":"","_links_to_target":""},"class_list":["post-30072","page","type-page","status-publish","hentry"],"_links":{"self":[{"href":"https:\/\/pi3g.com\/de\/wp-json\/wp\/v2\/pages\/30072","targetHints":{"allow":["GET"]}}],"collection":[{"href":"https:\/\/pi3g.com\/de\/wp-json\/wp\/v2\/pages"}],"about":[{"href":"https:\/\/pi3g.com\/de\/wp-json\/wp\/v2\/types\/page"}],"author":[{"embeddable":true,"href":"https:\/\/pi3g.com\/de\/wp-json\/wp\/v2\/users\/2"}],"replies":[{"embeddable":true,"href":"https:\/\/pi3g.com\/de\/wp-json\/wp\/v2\/comments?post=30072"}],"version-history":[{"count":2,"href":"https:\/\/pi3g.com\/de\/wp-json\/wp\/v2\/pages\/30072\/revisions"}],"predecessor-version":[{"id":30074,"href":"https:\/\/pi3g.com\/de\/wp-json\/wp\/v2\/pages\/30072\/revisions\/30074"}],"up":[{"embeddable":true,"href":"https:\/\/pi3g.com\/de\/wp-json\/wp\/v2\/pages\/30052"}],"wp:attachment":[{"href":"https:\/\/pi3g.com\/de\/wp-json\/wp\/v2\/media?parent=30072"}],"curies":[{"name":"wp","href":"https:\/\/api.w.org\/{rel}","templated":true}]}}