{"id":30055,"date":"2024-03-26T19:32:34","date_gmt":"2024-03-26T18:32:34","guid":{"rendered":"https:\/\/pi3g.com\/?page_id=30055"},"modified":"2024-03-26T19:47:28","modified_gmt":"2024-03-26T18:47:28","slug":"picockpit-innovative-web-solution-for-managing-multiple-raspberry-pis","status":"publish","type":"page","link":"https:\/\/pi3g.com\/de\/newsroom\/picockpit-innovative-web-solution-for-managing-multiple-raspberry-pis\/","title":{"rendered":"PiCockpit: Innovative Web-L\u00f6sung zur Verwaltung mehrerer Raspberry Pis"},"content":{"rendered":"<h3>\n\t\t<strong>Pressemitteilung \/ 27. M\u00e4rz 2024<\/strong>\n\t<\/h3>\n<h2>\n\t\tPiCockpit: Innovative Web-L\u00f6sung zur Verwaltung mehrerer Raspberry Pis\n\t<\/h2>\n<h3>\n\t\tpi3g stellt bahnbrechende neue Funktionen f\u00fcr Gesch\u00e4ftskunden vor\n\t<\/h3>\n\t<p><strong>Leipzig, 27. M\u00e4rz 2024<\/strong> - Die pi3g GmbH &amp; Co. KG erweitert die PiCockpit.com Plattform um neue webbasierte Terminal und File Editor Apps und verbessert das Raspberry Pi Remote Management mit einem aktualisierten Script Scheduler, einer Video Streaming App und dem PiCockpit Pro Plus Plan f\u00fcr individuelle Softwareanforderungen. Diese Neuerungen spiegeln das Engagement von pi3g wider, die Produktivit\u00e4t globaler Gesch\u00e4ftsanwender zu vereinfachen und zu steigern, ohne dass daf\u00fcr tiefgreifende Linux-Kenntnisse erforderlich sind. Insbesondere Teams mit Windows\u00ae-Hintergrund ben\u00f6tigen weniger Schulungen und spezielle Kenntnisse, wenn sie PiCockpit f\u00fcr die Verwaltung der Raspberry Pi-Flotte des Unternehmens nutzen, was zu erheblichen Zeit- und Kosteneinsparungen f\u00fcr das Unternehmen f\u00fchrt.<\/p>\n<p>Die PiCockpit Terminal App bietet eine nahtlose webbasierte Terminalschnittstelle, die eine komplexe Einrichtung oder zus\u00e4tzliche Software wie PuTTY \u00fcberfl\u00fcssig macht. Durch die Nutzung der WebRTC-Technologie wird eine sichere, verschl\u00fcsselte Verbindung f\u00fcr die Verwaltung aller Raspberry Pi-Ger\u00e4te von jedem Standort aus gew\u00e4hrleistet. Diese App vereinfacht die Fernverwaltung von Ger\u00e4ten f\u00fcr Unternehmen und erm\u00f6glicht einen unkomplizierten webbasierten Fernzugriff, der die Einschr\u00e4nkungen herk\u00f6mmlicher Methoden \u00fcberwindet.<\/p>\n<p>Die File Editor App, die mit der RaspiGPT-Technologie von OpenAIs GPT-4 erweitert wurde, vereinfacht die Datei- und Verzeichnisverwaltung auf Raspberry Pis. Durch den Zugriff auf PiCockpit.com k\u00f6nnen Benutzer Dateien aus der Ferne von jedem Webbrowser aus bearbeiten. Diese App bietet intelligente Unterst\u00fctzung f\u00fcr das Schreiben von Skripten, die Analyse von Protokollen und die Erl\u00e4uterung von Dateiinhalten, wodurch die Dateiverwaltung rationalisiert und die Gesch\u00e4ftsentwicklungsprozesse beschleunigt werden.<\/p>\n<h3>PiCockpit: Vereinfachtes Management, reduzierte Kosten<\/h3>\n<p>Maximilian Batz, Gr\u00fcnder von pi3g, erkl\u00e4rt: \"Unser Ziel war es schon immer, die Verwaltung des Raspberry Pi f\u00fcr unsere Nutzer so zug\u00e4nglich und effizient wie m\u00f6glich zu gestalten. Der Start unserer neuen PiCockpit-Apps, zusammen mit den Erweiterungen unserer bestehenden Dienste, stellt einen bedeutenden Schritt nach vorne dar, um dieses Ziel zu erreichen. Wir freuen uns besonders \u00fcber die M\u00f6glichkeiten, die RaspiGPT er\u00f6ffnet, indem es Aufgaben vereinfacht, die bisher umfangreiche technische Kenntnisse erforderten.\"<\/p>\n<p>Der Pro Plan von PiCockpit stellt eine umfassende L\u00f6sung f\u00fcr Unternehmen dar, die ihren Betrieb \u00fcber die ersten f\u00fcnf kostenlosen Pis hinaus skalieren m\u00f6chten. Mit der Zwei-Faktor-Authentifizierung gew\u00e4hrleistet PiCockpit einen sicheren Zugriff auf Benutzerkonten und deren Raspberry Pis. PiCockpit Pro Plus hebt die Anpassung auf die n\u00e4chste Stufe und bietet ma\u00dfgeschneiderte Softwareentwicklung und Systemintegrationsdienste. Dieser Plan ist nicht nur ein Angebot, sondern eine Partnerschaft, die Unternehmen eine ma\u00dfgeschneiderte L\u00f6sung bietet, die sich nahtlos in ihre bestehenden Systeme einf\u00fcgt und den Weg f\u00fcr erhebliche Kosteneinsparungen und betriebliche Effizienz ebnet.<\/p>\n<h3>\u00dcber PiCockpit<\/h3>\n<p>PiCockpit.com ist eine umfassende Weboberfl\u00e4che, die die Verwaltung und den Betrieb von Raspberry Pi Ger\u00e4ten vereinfacht. Mit einer Reihe von Anwendungen wie PiStats, Video Streaming, Script Scheduler, Terminal und File Editor erm\u00f6glicht PiCockpit den Nutzern, die Leistung zu \u00fcberwachen, Skripte zu planen, Raspberry Pi Kameras zu streamen und Dateien von \u00fcberall auf der Welt zu verwalten.<\/p>\n<h3>\u00dcber pi3g<\/h3>\n<p>Das in Leipzig ans\u00e4ssige Unternehmen pi3g ist seit den Anf\u00e4ngen des Raspberry Pi \u00d6kosystems im Jahr 2012 dabei. Als offizieller Raspberry Pi Reseller bietet pi3g ein umfassendes Angebot an Dienstleistungen f\u00fcr Unternehmen, darunter Hardwarebeschaffung, Softwareentwicklung, Hardwareentwicklung und Beratung.<\/p>\n<p>&nbsp;<\/p>\n<h3>Weitere Informationen:<\/h3>\n\n<p>+49 (0)341 392 858 48<\/p>\n<p>info@picockpit.com<\/p>\n<p>&nbsp;<\/p>\n<h3>Kontakt zur Presse:<\/h3>\n<p>FRANKEMEDIA<\/p>\n<p>info@frankemedia.com<\/p>\n<p>+49 (0)89 20042748<\/p>","protected":false},"excerpt":{"rendered":"<p>Pressemitteilung \/ 27. M\u00e4rz 2024 PiCockpit: Innovative Web-L\u00f6sung f\u00fcr die Verwaltung mehrerer Raspberry Pis pi3g stellt bahnbrechende neue Funktionen f\u00fcr Business-Anwender vor Leipzig, 27. M\u00e4rz 2024 - Die pi3g GmbH &amp; Co. KG erweitert ihre Plattform PiCockpit.com um neue webbasierte Terminal- und Datei-Editor-Apps, die das Remote-Management von Raspberry Pis mit einem aktualisierten Script Scheduler,...<\/p>","protected":false},"author":2,"featured_media":0,"parent":30052,"menu_order":0,"comment_status":"closed","ping_status":"closed","template":"","meta":{"footnotes":"","_links_to":"","_links_to_target":""},"class_list":["post-30055","page","type-page","status-publish","hentry"],"_links":{"self":[{"href":"https:\/\/pi3g.com\/de\/wp-json\/wp\/v2\/pages\/30055","targetHints":{"allow":["GET"]}}],"collection":[{"href":"https:\/\/pi3g.com\/de\/wp-json\/wp\/v2\/pages"}],"about":[{"href":"https:\/\/pi3g.com\/de\/wp-json\/wp\/v2\/types\/page"}],"author":[{"embeddable":true,"href":"https:\/\/pi3g.com\/de\/wp-json\/wp\/v2\/users\/2"}],"replies":[{"embeddable":true,"href":"https:\/\/pi3g.com\/de\/wp-json\/wp\/v2\/comments?post=30055"}],"version-history":[{"count":4,"href":"https:\/\/pi3g.com\/de\/wp-json\/wp\/v2\/pages\/30055\/revisions"}],"predecessor-version":[{"id":30071,"href":"https:\/\/pi3g.com\/de\/wp-json\/wp\/v2\/pages\/30055\/revisions\/30071"}],"up":[{"embeddable":true,"href":"https:\/\/pi3g.com\/de\/wp-json\/wp\/v2\/pages\/30052"}],"wp:attachment":[{"href":"https:\/\/pi3g.com\/de\/wp-json\/wp\/v2\/media?parent=30055"}],"curies":[{"name":"wp","href":"https:\/\/api.w.org\/{rel}","templated":true}]}}