{"id":30052,"date":"2024-03-26T19:29:59","date_gmt":"2024-03-26T18:29:59","guid":{"rendered":"https:\/\/pi3g.com\/?page_id=30052"},"modified":"2024-03-26T20:06:50","modified_gmt":"2024-03-26T19:06:50","slug":"newsroom","status":"publish","type":"page","link":"https:\/\/pi3g.com\/de\/newsroom\/","title":{"rendered":"Newsroom"},"content":{"rendered":"<h2>\n\t\tPressever\u00f6ffentlichungen\n\t<\/h2>\n<h3>\n\t\t27. M\u00e4rz 2024 \/\/ 27.3.2024\n\t<\/h3>\n<ul>\n<li><a href=\"https:\/\/pi3g.com\/de\/newsroom\/picockpit-innovative-web-solution-for-managing-multiple-raspberry-pis\/\">PiCockpit: Innovative Web-L\u00f6sung zur Verwaltung mehrerer Raspberry Pis<\/a><\/li>\n<li><a href=\"https:\/\/pi3g.com\/de\/newsroom\/picockpit-innovative-web-losung-fur-die-fernsteuerung-vieler-raspberry-pis\/\">PiCockpit: Innovative Web-L\u00f6sung f\u00fcr die Fernsteuerung vieler Raspberry Pis<\/a><\/li>\n<\/ul>\n\n<h3>\n\t\tKontakt zur Presse\n\t<\/h3>\n\t\t\t\t<img loading=\"lazy\" decoding=\"async\" src=\"https:\/\/pi3g.com\/wp-content\/uploads\/2024\/03\/Thorsten_Head.jpg\" alt=\"Thorsten, Frankemedia\" itemprop=\"image\" height=\"492\" width=\"492\" title=\"Thorsten_Kopf\" onerror=\"this.style.display='none'\"  \/>\n\t\n<p>Thorsten Franke-Haverkamp<\/p>\n<p>info@frankemedia.com<\/p>\n<p>+49 (0)89 20042748<\/p>","protected":false},"excerpt":{"rendered":"<p>Pressemitteilungen 27. M\u00e4rz 2024 \/\/ 27.3.2024 PiCockpit: Innovative Web-L\u00f6sung f\u00fcr die Verwaltung mehrerer Raspberry Pis PiCockpit: Innovative Web-L\u00f6sung f\u00fcr die Fernsteuerung vieler Raspberry Pis Pressekontakt Thorsten Franke-Haverkamp info@frankemedia.com +49 (0)89 20042748<\/p>","protected":false},"author":2,"featured_media":0,"parent":0,"menu_order":0,"comment_status":"closed","ping_status":"closed","template":"","meta":{"footnotes":"","_links_to":"","_links_to_target":""},"class_list":["post-30052","page","type-page","status-publish","hentry"],"_links":{"self":[{"href":"https:\/\/pi3g.com\/de\/wp-json\/wp\/v2\/pages\/30052","targetHints":{"allow":["GET"]}}],"collection":[{"href":"https:\/\/pi3g.com\/de\/wp-json\/wp\/v2\/pages"}],"about":[{"href":"https:\/\/pi3g.com\/de\/wp-json\/wp\/v2\/types\/page"}],"author":[{"embeddable":true,"href":"https:\/\/pi3g.com\/de\/wp-json\/wp\/v2\/users\/2"}],"replies":[{"embeddable":true,"href":"https:\/\/pi3g.com\/de\/wp-json\/wp\/v2\/comments?post=30052"}],"version-history":[{"count":4,"href":"https:\/\/pi3g.com\/de\/wp-json\/wp\/v2\/pages\/30052\/revisions"}],"predecessor-version":[{"id":30078,"href":"https:\/\/pi3g.com\/de\/wp-json\/wp\/v2\/pages\/30052\/revisions\/30078"}],"wp:attachment":[{"href":"https:\/\/pi3g.com\/de\/wp-json\/wp\/v2\/media?parent=30052"}],"curies":[{"name":"wp","href":"https:\/\/api.w.org\/{rel}","templated":true}]}}