{"id":29351,"date":"2022-11-02T13:52:10","date_gmt":"2022-11-02T12:52:10","guid":{"rendered":"https:\/\/pi3g.com\/?page_id=29351"},"modified":"2024-09-06T11:16:02","modified_gmt":"2024-09-06T09:16:02","slug":"coral-dev-board-micro-case","status":"publish","type":"page","link":"https:\/\/pi3g.com\/de\/products\/machine-learning\/google-coral\/coral-dev-board-micro-case\/","title":{"rendered":"Coral Dev Board Micro Geh\u00e4use"},"content":{"rendered":"<h1>\n\t\tCoral Dev Board Micro Geh\u00e4use\n\t<\/h1>\n<h3>\n\t\tBietet Schutz und Benutzerfreundlichkeit f\u00fcr das Coral Dev Board Micro und die Coral-Add-on-Boards\n\t<\/h3>\n\t\t\t\t<a href=\"#resellers\" target=\"_self\" itemprop=\"url\" rel=\"noopener\">\n\t\t\t\t<img loading=\"lazy\" decoding=\"async\" src=\"https:\/\/pi3g.com\/wp-content\/uploads\/bb-plugin\/cache\/CoralDevBoardMicroCase-square.jpg\" alt=\"CoralDevBoardMicroCase\" itemprop=\"image\" height=\"907\" width=\"986\" title=\"CoralDevBoardMicroCase\" onerror=\"this.style.display='none'\"  \/>\n\t\t\t\t<\/a>\n\t\t<h2><a href=\"#resellers\" target=\"_self\" rel=\"noopener\"><\/a><\/h2>\t\t\n\t\t\t<p>Das Coral Dev Board Micro Case ist ein Kunststoffgeh\u00e4use, das einen minimalen Schutz f\u00fcr das Coral Dev Board Micro bietet.<\/p>\n<p>Im Lieferumfang sind zwei Geh\u00e4use enthalten: Das Standardgeh\u00e4use eignet sich f\u00fcr das Dev Board Micro allein oder mit dem Coral Wireless Add-on Board, das PoE-Geh\u00e4use f\u00fcr das Dev Board Micro mit dem Coral PoE Add-on Board.<\/p>\n\n\t\t\t<a href=\"#resellers\" target=\"_self\" role=\"button\" rel=\"noopener\">\n\t\t\t\t\t\tKaufen Sie bei unseren Wiederverk\u00e4ufern\n\t\t\t\t\t<\/a>\n\t\t\t<a href=\"https:\/\/buyzero.de\/collections\/google-aiy-coral\/products\/coral-dev-board-micro-case\" target=\"_self\" role=\"button\" rel=\"noopener\">\n\t\t\t\t\t\tKaufen bei buyzero.de (pi3g official shop)\n\t\t\t\t\t<\/a>\n\t\t\t<a href=\"https:\/\/pi3g.com\/de\/kontakt\/\" target=\"_self\" role=\"button\" rel=\"noopener\">\n\t\t\t\t\t\tVolumenanfrage\n\t\t\t\t\t<\/a>\n\t\t\t\t\t<a href=\"#\" id=\"fl-tabs--label-0\" data-index=\"0\" aria-selected=\"true\" aria-controls=\"fl-tabs--panel-0\" aria-expanded=\"true\" role=\"tab\" tabindex=\"0\">\t\t\t\tTechnische Daten\t\t\t<\/a>\n\t\t\t\t\t<a href=\"#\" id=\"fl-tabs--label-1\" data-index=\"1\" aria-selected=\"false\" aria-controls=\"fl-tabs--panel-1\" aria-expanded=\"false\" role=\"tab\" tabindex=\"0\">\t\t\t\tInformationen f\u00fcr Wiederverk\u00e4ufer\t\t\t<\/a>\n\t\t\t\t\t<a href=\"#\" id=\"fl-tabs--label-2\" data-index=\"2\" aria-selected=\"false\" aria-controls=\"fl-tabs--panel-2\" aria-expanded=\"false\" role=\"tab\" tabindex=\"0\">\t\t\t\tPresseinformationen und -materialien (kostenlose Proben!)\t\t\t<\/a>\n\t\t\t\tTechnische Daten\n\t\t\t\t\t\t\t<p>Das Coral Dev Board Micro Case ist eigentlich ein Satz von zwei Kunststoffgeh\u00e4usen:<\/p>\n<ul>\n<li>das Standardgeh\u00e4use kann das Dev Board Micro allein oder mit dem Coral Wireless Add-on Board aufnehmen<\/li>\n<li>und das PoE-Geh\u00e4use beherbergt das Dev Board Micro mit dem Coral PoE Add-on Board.<\/li>\n<\/ul>\n<p>Diese kompakten Geh\u00e4use bieten zus\u00e4tzliche Bequemlichkeit und Komfort bei der Handhabung des Dev Board Micro und einen gewissen Schutz f\u00fcr die On-Board-Kamera auf dem Dev Board Micro. Sie k\u00f6nnen auch immer noch auf die GPIO-Ports durch ausgeschnittene Abdeckungen zugreifen.\u00a0<\/p>\n<p>M\u00fcssen Sie mit dem Board interagieren oder es ausschalten? Dr\u00fccken Sie einfach den oberen Bedienknopf - dieses Geh\u00e4use hat eine Klappe an der gew\u00fcnschten Position.<\/p>\n<p>Das Geh\u00e4use ist lichtdurchl\u00e4ssig und hat eine optisch klare Linsenabdeckung.\u00a0<\/p>\n<p>Hinweis: Dieses Kofferset ist nicht f\u00fcr die Verwendung im Freien oder in nassen Umgebungen geeignet, da es nicht wasserdicht ist.\u00a0<\/p>\n<p>Das Coral Dev Board Micro ist separat erh\u00e4ltlich.<\/p>\n<h3>Technische Daten<\/h3>\n\n<ul>\n<li>Standard-Geh\u00e4use: 73mm x 36mm x 16,5mm<\/li>\n<li>PoE-Geh\u00e4use: 73 mm x 26 mm x 27,5 mm<\/li>\n<\/ul>\n\n<ul>\n<li>Standardgeh\u00e4use: Flache R\u00fcckseite f\u00fcr Klebeband<\/li>\n<li>PoE-Geh\u00e4use: 1\/4-20-Gewindeeinsatz f\u00fcr Stativbefestigung<\/li>\n<\/ul>\n\n<ul>\n<li>Druckknopf f\u00fcr die obere Benutzertaste, Stiftloch f\u00fcr die seitliche Reset-Taste<\/li>\n<\/ul>\n\n<ul>\n<li>Cutaway-Abdeckungen<\/li>\n<\/ul>\n\n<ul>\n<li>Optisch klare Linsenabdeckung<\/li>\n<\/ul>\n<p><strong>Google-Teilenummer<\/strong>: G730-06370-01<\/p>\n\t\t\t\tInformationen f\u00fcr Wiederverk\u00e4ufer\n\t\t\t\t\t\t\t<h3>TBD<\/h3>\n<h3>N\u00fctzliche Links<\/h3>\n<ul>\n<li>Produktfotos herunterladen (CC0 lizenziert, 104 MB .zip-Datei) TBD<\/li>\n<li><a href=\"https:\/\/pi3g.com\/de\/kontakt\/\">Fragen Sie an, um Wiederverk\u00e4ufer zu werden<\/a><\/li>\n<\/ul>\n<h3>Informationen zum Produkt<\/h3>\n<strong>pi3g-Bestellnummer:<br \/>\n<\/strong>coral.devboard-mini\n<strong>GTIN \/ EAN \/ UPC:<br \/>\n<\/strong>0193575011295\n<strong>Google Teilenummer:<\/strong><br \/>\nG650-03324-01\n<strong>Beschreibung des Teils:<\/strong><br \/>\nDas Coral Dev Board Mini ist ein Einplatinencomputer, der schnelles maschinelles Lernen (ML) in einem kleinen Formfaktor erm\u00f6glicht.\n<strong>Handelsname:<\/strong><br \/>\nDev Board Mini\n<strong>MSRP $:<\/strong><br \/>\n$99.99\n<strong>Ihren Einkaufspreis und Ihre Handelsspanne:<br \/>\n<\/strong><a href=\"https:\/\/pi3g.com\/de\/kontakt\/\">Fragen Sie uns, ob Sie Wiederverk\u00e4ufer werden m\u00f6chten \/ kontaktieren Sie unser Verkaufsteam<\/a>\n<strong>MOQ:<\/strong><br \/>\n40\n<strong>Erlaubtes Verkaufsgebiet<\/strong><br \/>\nBitte konsultieren Sie die <a href=\"https:\/\/pi3g.com\/wp-content\/uploads\/2021\/04\/Coral-Dev-Board-Mini-Country-List-07-31-20.pdf\">Zertifizierung PDF<\/a>.\n\n\n<strong>Standard Packungsgr\u00f6\u00dfe:<br \/>\n<\/strong>40\n<strong>Verpackungsgr\u00f6\u00dfe (Einzelst\u00fcck):<br \/>\n<\/strong>TBD\n<strong>Produktgewicht:<br \/>\n<\/strong>TBD\n<strong>ECCN-Nummer:<\/strong><br \/>\n5A992.c\n<strong>HTS-Code:<\/strong><br \/>\nEU HTS: 84715000000<br \/>\nUS HTS: 8471.50.0150\n<strong>Herkunftsland:<\/strong><br \/>\nChina\n<strong>Ist das Teil statisch empfindlich?<\/strong><br \/>\nJa\n<strong>Ist das Teil frei von Blei (Pb)?<\/strong><br \/>\nJa\n<strong>Ist das Teil RoHS-konform?<br \/>\n<\/strong>Ja\n<strong>Ausnahmsweise RoHS-konform?<\/strong><br \/>\nNein\n<strong>Enth\u00e4lt das Teil Lithium?<br \/>\n<\/strong>Nein\n<h3>Google Coral Dev Board Mini Rechtliche Hinweise<\/h3>\n<p>finden. <a href=\"https:\/\/coral.ai\/legal\/dev-board-mini\">Konformit\u00e4tserkl\u00e4rungen (EMC, FCC, CE, REACH, RoHS3) hier<\/a>.<\/p>\n\t\t\t\tPresseinformationen und -materialien (kostenlose Proben!)\n\t\t\t\t\t\t\t<h3>TBD<\/h3>\n<h3>Produktbilder herunterladen<\/h3>\n<p>Laden Sie hier CC0 lizenzierte hochaufl\u00f6sende JPG Fotos von Google AIY Voice v2, Vision und Google Coral USB herunter (.zip, 104 MB) TBD<\/p>\n<p>Wir w\u00fcrden uns \u00fcber einen Backlink oder die Erw\u00e4hnung unseres Firmennamens (pi3g e.K.) als europ\u00e4ischer Distributor und Google Coral Partner freuen, wenn m\u00f6glich.<\/p>\n<h3>Zuvor erschienen in:<\/h3>\n<ul>\n<li>TBD<\/li>\n<\/ul>\n<h3>Kostenlose Produktmuster &amp; Presseanfragen<\/h3>\n<p><a href=\"https:\/\/pi3g.com\/de\/kontakt\/\">Kontaktieren Sie uns f\u00fcr Presseanfragen und kostenlose Produktproben f\u00fcr akkreditierte Journalisten, Blogger und YouTuber<\/a>.<\/p>\n<h1>\n\t\tUnser Coral Micro Dev Board Geh\u00e4use\n\t<\/h1>\n\t\t\t<a href=\"https:\/\/pi3g.com\/de\/kontakt\/\" target=\"_self\" role=\"button\" rel=\"noopener\">\n\t\t\t\t\t\tVolumenanfrage\n\t\t\t\t\t<\/a>\n<h2>\n\t\tGlobale Wiederverk\u00e4ufer\n\t<\/h2>\n\t\t\t\t<a href=\"https:\/\/buyzero.de\/collections\/google-aiy-coral\/products\/coral-dev-board-micro-case\" target=\"_self\" itemprop=\"url\" rel=\"noopener\">\n\t\t\t\t<img loading=\"lazy\" decoding=\"async\" src=\"https:\/\/pi3g.com\/wp-content\/uploads\/2020\/07\/buyzero_raspberry_pi_shop_deutschland.jpg\" alt=\"buyzero.de\" itemprop=\"image\" height=\"130\" width=\"500\" title=\"buyzero_raspberry_pi_shop_deutschland\" onerror=\"this.style.display='none'\"  \/>\n\t\t\t\t<\/a>\n\t\tbuyzero.de\n\t\t\t\t<a href=\"https:\/\/www.berrybase.de\/neu\/google-coral-development-board-1gb-ram?c=2450\" target=\"_self\" itemprop=\"url\" rel=\"noopener\">\n\t\t\t\t<img loading=\"lazy\" decoding=\"async\" src=\"https:\/\/pi3g.com\/wp-content\/uploads\/2020\/08\/Logo-BerryBase_farbig-mitClaim.png\" alt=\"berrybase.de\" itemprop=\"image\" height=\"130\" width=\"340\" title=\"Logo-BerryBase_farbig-mitClaim\" onerror=\"this.style.display='none'\"  \/>\n\t\t\t\t<\/a>\n\t\tberrybase.de\n<h2>\n\t\tDeutschland, \u00d6sterreich und Schweiz\n\t<\/h2>\n\t\t\t\t<a href=\"https:\/\/buyzero.de\/collections\/google-aiy-coral\/products\/coral-dev-board-micro-case\" target=\"_self\" itemprop=\"url\" rel=\"noopener\">\n\t\t\t\t<img loading=\"lazy\" decoding=\"async\" src=\"https:\/\/pi3g.com\/wp-content\/uploads\/2020\/07\/buyzero_raspberry_pi_shop_deutschland.jpg\" alt=\"buyzero.de\" itemprop=\"image\" height=\"130\" width=\"500\" title=\"buyzero_raspberry_pi_shop_deutschland\" onerror=\"this.style.display='none'\"  \/>\n\t\t\t\t<\/a>\n\t\tbuyzero.de\n\t\t\t\t<a href=\"https:\/\/botland.de\/google-koralle\/22757-gehause-fur-coral-dev-board-micro-module-transparent-2-stuck-193575032757.html\" target=\"_self\" itemprop=\"url\" rel=\"noopener\">\n\t\t\t\t<img loading=\"lazy\" decoding=\"async\" src=\"https:\/\/pi3g.com\/wp-content\/uploads\/2024\/09\/botland-logo-1.png\" alt=\"botland\" itemprop=\"image\" height=\"140\" width=\"613\" title=\"botland-logo\" onerror=\"this.style.display='none'\"  \/>\n\t\t\t\t<\/a>\n\t\tbotland.de\n\t\t\t\t<a href=\"https:\/\/www.pollin.de\/p\/google-coral-dev-board-mini-811329\" target=\"_self\" itemprop=\"url\" rel=\"noopener\">\n\t\t\t\t<img loading=\"lazy\" decoding=\"async\" src=\"https:\/\/pi3g.com\/wp-content\/uploads\/2020\/08\/Pollin-300x97.png\" alt=\"pollin.de\" itemprop=\"image\" height=\"97\" width=\"300\" title=\"pollin.de\" onerror=\"this.style.display='none'\"  \/>\n\t\t\t\t<\/a>\n\t\tpollin.de\n\t\t\t\t<a href=\"https:\/\/www.reichelt.de\/coral-dev-board-mini-quad-core-ai-google-edge-tpu-wifi-goo-coral-mini-p305992.html?&#038;trstct=pos_0&#038;nbc=1\" target=\"_self\" itemprop=\"url\" rel=\"noopener\">\n\t\t\t\t<img loading=\"lazy\" decoding=\"async\" src=\"https:\/\/pi3g.com\/wp-content\/uploads\/2020\/08\/reichelt-300x61.png\" alt=\"reichelt.de\" itemprop=\"image\" height=\"61\" width=\"300\" title=\"reichelt.de\" onerror=\"this.style.display='none'\"  \/>\n\t\t\t\t<\/a>\n\t\treichelt.de\n\t\t\t\t<a href=\"https:\/\/electronics.semaf.at\/navi.php?a=2664&#038;lang=eng\" target=\"_self\" itemprop=\"url\" rel=\"noopener\">\n\t\t\t\t<img loading=\"lazy\" decoding=\"async\" src=\"https:\/\/pi3g.com\/wp-content\/uploads\/2021\/01\/logo.png\" alt=\"Semaf.at (\u00d6sterreich)\" itemprop=\"image\" height=\"50\" width=\"250\" title=\"Semaf-Logo\" onerror=\"this.style.display='none'\"  \/>\n\t\t\t\t<\/a>\n\t\tSemaf.at (\u00d6sterreich)\n\t\t\t\t<a href=\"https:\/\/www.berrybase.de\/neu\/google-coral-development-board-1gb-ram?c=2450\" target=\"_self\" itemprop=\"url\" rel=\"noopener\">\n\t\t\t\t<img loading=\"lazy\" decoding=\"async\" src=\"https:\/\/pi3g.com\/wp-content\/uploads\/2020\/08\/Logo-BerryBase_farbig-mitClaim.png\" alt=\"berrybase.de\" itemprop=\"image\" height=\"130\" width=\"340\" title=\"Logo-BerryBase_farbig-mitClaim\" onerror=\"this.style.display='none'\"  \/>\n\t\t\t\t<\/a>\n\t\tberrybase.de\n<h2>\n\t\tD\u00e4nemark, Norwegen, Schweden und Finnland (+ baltische L\u00e4nder)\n\t<\/h2>\n<h2>\n\t\tNiederlande und Belgien\n\t<\/h2>\n<h2>\n\t\tPolen\n\t<\/h2>\n\t\t\t\t<a href=\"https:\/\/botland.com.pl\/google-coral\/22757-obudowa-do-modulow-coral-dev-board-micro-przezroczysta-2-sztuki-193575032757.html\" target=\"_self\" itemprop=\"url\" rel=\"noopener\">\n\t\t\t\t<img loading=\"lazy\" decoding=\"async\" src=\"https:\/\/pi3g.com\/wp-content\/uploads\/2024\/09\/botland-logo.png\" alt=\"botland\" itemprop=\"image\" height=\"140\" width=\"613\" title=\"botland-logo\" onerror=\"this.style.display='none'\"  \/>\n\t\t\t\t<\/a>\n\t\tbotland.com.pl\n<h2>\n\t\tIsrael\n\t<\/h2>\n<h2>\n\t\tItalien\n\t<\/h2>\n<h2>\n\t\tSpanien und Portugal\n\t<\/h2>\n<h2>\n\t\tVereinigtes K\u00f6nigreich und Irland\n\t<\/h2>\n\t\t\t\t<a href=\"https:\/\/thepihut.com\/products\/google-coral-dev-board-mini\" target=\"_blank\" rel=\"noopener\" itemprop=\"url\">\n\t\t\t\t<img loading=\"lazy\" decoding=\"async\" src=\"https:\/\/pi3g.com\/wp-content\/uploads\/2020\/08\/thepihut-logo.png\" alt=\"thepihut.com\" itemprop=\"image\" height=\"286\" width=\"854\" title=\"thepihut.com\" onerror=\"this.style.display='none'\"  \/>\n\t\t\t\t<\/a>\n\t\tthepihut.com\n\t<h3>Zus\u00e4tzliche rechtliche Informationen<\/h3>\n<p>Die von Google angebotenen Produkte haben nichts mit den Produkten zu tun, die unter den CORAL-Marken der Orient Development Enterprises Ltd. in Taiwan angeboten werden.<\/p>","protected":false},"excerpt":{"rendered":"<p>Coral Dev Board Micro Case Bietet Schutz und Benutzerfreundlichkeit f\u00fcr das Coral Dev Board Micro und Coral-Zusatzplatinen Das Coral Dev Board Micro Case ist ein Kunststoffgeh\u00e4use, das einen minimalen Schutz f\u00fcr das Coral Dev Board Micro bietet. Bei jedem Kauf sind zwei Geh\u00e4use enthalten: Das Standard-Geh\u00e4use eignet sich f\u00fcr das Dev Board Micro allein...<\/p>","protected":false},"author":492,"featured_media":0,"parent":27267,"menu_order":0,"comment_status":"closed","ping_status":"closed","template":"","meta":{"footnotes":"","_links_to":"","_links_to_target":""},"class_list":["post-29351","page","type-page","status-publish","hentry"],"_links":{"self":[{"href":"https:\/\/pi3g.com\/de\/wp-json\/wp\/v2\/pages\/29351","targetHints":{"allow":["GET"]}}],"collection":[{"href":"https:\/\/pi3g.com\/de\/wp-json\/wp\/v2\/pages"}],"about":[{"href":"https:\/\/pi3g.com\/de\/wp-json\/wp\/v2\/types\/page"}],"author":[{"embeddable":true,"href":"https:\/\/pi3g.com\/de\/wp-json\/wp\/v2\/users\/492"}],"replies":[{"embeddable":true,"href":"https:\/\/pi3g.com\/de\/wp-json\/wp\/v2\/comments?post=29351"}],"version-history":[{"count":10,"href":"https:\/\/pi3g.com\/de\/wp-json\/wp\/v2\/pages\/29351\/revisions"}],"predecessor-version":[{"id":30203,"href":"https:\/\/pi3g.com\/de\/wp-json\/wp\/v2\/pages\/29351\/revisions\/30203"}],"up":[{"embeddable":true,"href":"https:\/\/pi3g.com\/de\/wp-json\/wp\/v2\/pages\/27267"}],"wp:attachment":[{"href":"https:\/\/pi3g.com\/de\/wp-json\/wp\/v2\/media?parent=29351"}],"curies":[{"name":"wp","href":"https:\/\/api.w.org\/{rel}","templated":true}]}}