{"id":29299,"date":"2022-10-24T11:56:02","date_gmt":"2022-10-24T09:56:02","guid":{"rendered":"https:\/\/pi3g.com\/?page_id=29299"},"modified":"2024-09-06T11:15:09","modified_gmt":"2024-09-06T09:15:09","slug":"coral-poe-add-on-board-for-dev-board-micro","status":"publish","type":"page","link":"https:\/\/pi3g.com\/de\/products\/machine-learning\/google-coral\/coral-poe-add-on-board-for-dev-board-micro\/","title":{"rendered":"Coral PoE Zusatzkarte f\u00fcr Dev Board Micro"},"content":{"rendered":"<h1>\n\t\t<a href=\"#begin\" title=\"Coral PoE Zusatzkarte f\u00fcr Dev Board Micro\" target=\"_self\" rel=\"noopener\">\n\t\tCoral PoE Zusatzkarte f\u00fcr Dev Board Micro\n\t\t<\/a>\n\t<\/h1>\n<h3>\n\t\t<a href=\"#begin\" title=\"Bietet Ethernet-basierte Konnektivit\u00e4t und Stromversorgung f\u00fcr das Coral Dev Board Micro\" target=\"_self\" rel=\"noopener\">\n\t\tBietet Ethernet-basierte Konnektivit\u00e4t und Stromversorgung f\u00fcr das Coral Dev Board Micro\n\t\t<\/a>\n\t<\/h3>\n\t\t\t\t<a href=\"#resellers\" target=\"_self\" itemprop=\"url\" rel=\"noopener\">\n\t\t\t\t<img loading=\"lazy\" decoding=\"async\" src=\"https:\/\/pi3g.com\/wp-content\/uploads\/bb-plugin\/cache\/poe-add-on-board-landscape.jpg\" alt=\"Poe-Zusatzplatine\" itemprop=\"image\" height=\"1042\" width=\"1115\" title=\"Poe-Zusatzplatine\" onerror=\"this.style.display='none'\"  \/>\n\t\t\t\t<\/a>\n\t\t<h2><a href=\"#resellers\" target=\"_self\" rel=\"noopener\"><\/a><\/h2>\t\t\n\t\t\t<p>Das Coral PoE Add-on Board wird auf das Coral Dev Board Micro mit High-Density-Pin-Anschl\u00fcssen aufgeschnappt und bietet Ethernet-basierte Konnektivit\u00e4t und Stromversorgung.<\/p>\n<p><b>Erfordert das Coral Dev Board Micro <\/b>(separat erh\u00e4ltlich).<\/p>\n\n\t\t\t<a href=\"#resellers\" target=\"_self\" role=\"button\" rel=\"noopener\">\n\t\t\t\t\t\tKaufen Sie bei unseren Wiederverk\u00e4ufern\n\t\t\t\t\t<\/a>\n\t\t\t<a href=\"https:\/\/buyzero.de\/collections\/google-aiy-coral\/products\/coral-poe-add-on-board-for-dev-board-micro\" target=\"_self\" role=\"button\" rel=\"noopener\">\n\t\t\t\t\t\tKaufen bei buyzero.de\n\t\t\t\t\t<\/a>\n\t\t\t<a href=\"https:\/\/pi3g.com\/de\/kontakt\/\" target=\"_self\" role=\"button\" rel=\"noopener\">\n\t\t\t\t\t\tVolumenanfrage\n\t\t\t\t\t<\/a>\n\t\t\t\t\t<a href=\"#\" id=\"fl-tabs--label-0\" data-index=\"0\" aria-selected=\"true\" aria-controls=\"fl-tabs--panel-0\" aria-expanded=\"true\" role=\"tab\" tabindex=\"0\">\t\t\t\tTechnische Daten\t\t\t<\/a>\n\t\t\t\t\t<a href=\"#\" id=\"fl-tabs--label-1\" data-index=\"1\" aria-selected=\"false\" aria-controls=\"fl-tabs--panel-1\" aria-expanded=\"false\" role=\"tab\" tabindex=\"0\">\t\t\t\tN\u00fctzliche Links &amp; Dokumentation\t\t\t<\/a>\n\t\t\t\t\t<a href=\"#\" id=\"fl-tabs--label-2\" data-index=\"2\" aria-selected=\"false\" aria-controls=\"fl-tabs--panel-2\" aria-expanded=\"false\" role=\"tab\" tabindex=\"0\">\t\t\t\tInformationen f\u00fcr Wiederverk\u00e4ufer\t\t\t<\/a>\n\t\t\t\t\t<a href=\"#\" id=\"fl-tabs--label-3\" data-index=\"3\" aria-selected=\"false\" aria-controls=\"fl-tabs--panel-3\" aria-expanded=\"false\" role=\"tab\" tabindex=\"0\">\t\t\t\tPresseinformationen und -mittel\t\t\t<\/a>\n\t\t\t\tTechnische Daten\n\t\t\t\t\t\t\t<h3>Ethernet-Geschwindigkeit<\/h3>\n<ul>\n<li>10 und 100 Mbit\/s<\/li>\n<\/ul>\n<h3>Andere Merkmale<\/h3>\n<ul>\n<li>IEEE 802.3af PoE (Strom \u00fcber Ethernet)<\/li>\n<li>7 W maximale Spitzenleistung (Gesamtsystem)<\/li>\n<li>Ausschnitte f\u00fcr GPIO-Header-Pins auf der Hauptplatine<\/li>\n<\/ul>\n<h3>Abmessungen<\/h3>\n<ul>\n<li>Nur PoE-Add-on: 65,0 \u00d7 30,0 \u00d7 18,3 mm<\/li>\n<li>Gesamt mit Dev Board Micro: 65,0 x 30,0 x 23,9 mm<\/li>\n<\/ul>\n<h3>Datenblatt<\/h3>\n<ul>\n<li><a href=\"https:\/\/coral.ai\/static\/files\/Coral-PoE-Add-on-datasheet.pdf\">PoE Add-on board f\u00fcr Dev Board Micro Datenblatt (PDF)<\/a><\/li>\n<\/ul>\n<p><strong>Google-Teilenummer<\/strong>: G650-07975-01<\/p>\n\t\t\t\tN\u00fctzliche Links &amp; Dokumentation\n\t\t\t\t\t\t\t<h3>Dokumentation<\/h3>\n<ul>\n<li><a href=\"https:\/\/coral.ai\/static\/files\/Coral-PoE-Add-on-datasheet.pdf\">Datenblatt PoE Add-on board f\u00fcr Dev Board Micro herunterladen (PDF)<\/a><\/li>\n<li><a href=\"https:\/\/github.com\/google-coral\/electricals\/tree\/master\/dev_board_micro\">PoE-Zusatzplatine f\u00fcr Dev Board Micro Schematics<\/a><\/li>\n<li><a href=\"https:\/\/coral.ai\/docs\/dev-board-micro\/poe-addon\/\">Einrichten der PoE-Zusatzplatine<\/a><\/li>\n<\/ul>\n<h3>Google Coral SoM Rechtliche Dokumentation<\/h3>\n<p>finden. <a href=\"https:\/\/coral.ai\/legal\/dev-board\">Konformit\u00e4tserkl\u00e4rungen (EMC, FCC, CE, REACH, RoHS3) hier<\/a>.<\/p>\n\t\t\t\tInformationen f\u00fcr Wiederverk\u00e4ufer\n\t\t\t\t\t\t\t<h3>N\u00fctzliche Links<\/h3>\n<ul>\n<li><a href=\"https:\/\/pi3g.com\/de\/kontakt\/\">Fragen Sie an, um Wiederverk\u00e4ufer zu werden<\/a><\/li>\n<li><a href=\"https:\/\/pi3g.com\/wp-content\/uploads\/2021\/04\/Resources.zip\">Ressourcen (ZIP)<\/a><\/li>\n<\/ul>\n<h3>Informationen zum Produkt<\/h3>\n<strong>pi3g-Bestellnummer:<br \/>\n<\/strong>koralle.som-1gb\n<strong>GTIN \/ EAN \/ UPC:<br \/>\n<\/strong>0193575001852<em><br \/>\n<\/em>\n<strong>Google Teilenummer:<\/strong><br \/>\nG650-04474-01\n<strong>Beschreibung des Teils:<\/strong><br \/>\nEin vollst\u00e4ndig integriertes System f\u00fcr beschleunigte ML-Anwendungen in einem 40mm x 48mm gro\u00dfen, steckbaren Modul\n<strong>Handelsname:<\/strong><br \/>\n1 GB SOM (System-On-Module)\n<strong>MSRP $:<\/strong><br \/>\n$99.99\n<strong>Ihren Einkaufspreis und Ihre Handelsspanne:<br \/>\n<\/strong><a href=\"https:\/\/pi3g.com\/de\/kontakt\/\">Fragen Sie uns, ob Sie Wiederverk\u00e4ufer werden m\u00f6chten \/ kontaktieren Sie unser Verkaufsteam<\/a>\n<strong>MOQ:<\/strong><br \/>\n10\n<strong>Erlaubtes Verkaufsgebiet<\/strong><br \/>\nBitte <a href=\"https:\/\/pi3g.com\/wp-content\/uploads\/2021\/04\/Coral-SOM-Country-List-07-31-20.pdf\">das PDF der Zertifizierung einsehen<\/a>.\n<p>Insbesondere sind diese Produkte vom Verkauf in folgende L\u00e4nder ausgeschlossen <strong>Frankreich und die Tschechische Republik<\/strong>und mehrere Embargol\u00e4nder, darunter <strong>China<\/strong>.<\/p>\n\n<strong>Einschr\u00e4nkungen f\u00fcr Endnutzer<\/strong><br \/>\nGem\u00e4\u00df den US Export Administration Regulations (\"EAR\") d\u00fcrfen diese Produkte ausschlie\u00dflich f\u00fcr folgende Zwecke verkauft werden <strong>zivil<\/strong> Endverwendungen.\n<p>Der Verkauf an \"milit\u00e4rische Endverwender\" oder f\u00fcr \"milit\u00e4rische Endverwendung\" und der Verkauf an \"milit\u00e4rische nachrichtendienstliche Endverwender\" oder f\u00fcr \"milit\u00e4rische nachrichtendienstliche Endverwendung\" in China, Hongkong, Russland, Venezuela oder anderen L\u00e4ndern, die in den L\u00e4ndergruppen E:1 oder E.2 aufgef\u00fchrt sind, ist nicht zul\u00e4ssig.<\/p>\n<p>Diese Produkte d\u00fcrfen nicht f\u00fcr nukleare, biologische oder chemische Waffen oder andere verbotene Verwendungszwecke, wie in 15 C.F.R. Teil 744 beschrieben, verwendet werden.<\/p>\n<p>Bitte beachten Sie das Dokument MEU-Zertifizierung in diesem Ordner.<\/p>\n<strong>Standard Packungsgr\u00f6\u00dfe:<br \/>\n<\/strong>60\n<strong>Verpackungsgr\u00f6\u00dfe (Einzelst\u00fcck):<br \/>\n<\/strong>5,5 x 4,3 x 0,7 Zoll\n<strong>Produktgewicht:<br \/>\n<\/strong>2,46 kg\n<strong>ECCN-Nummer:<\/strong><br \/>\n5A992.c\n<strong>HTS-Code:<\/strong><br \/>\nEU HTS: 84715000000<br \/>\nUS HTS: 8471500150\n<strong>Herkunftsland:<\/strong><br \/>\nChina\n<strong>Ist das Teil statisch empfindlich?<\/strong><br \/>\nJa\n<strong>Ist das Teil frei von Blei (Pb)?<\/strong><br \/>\nJa\n<strong>Ist das Teil RoHS-konform?<br \/>\n<\/strong>Ja\n<strong>Ausnahmsweise RoHS-konform?<\/strong><br \/>\nNein\n<strong>Enth\u00e4lt das Teil Lithium?<br \/>\n<\/strong>Nein\n<h3>Google Coral USB Rechtliche Hinweise<\/h3>\n<p>finden. <a href=\"https:\/\/coral.ai\/legal\/usb-accelerator\/\">Konformit\u00e4tserkl\u00e4rungen (EMC, FCC, CE, REACH, RoHS3) hier<\/a>.<\/p>\n\t\t\t\tPresseinformationen und -mittel\n\t\t\t\t\t\t\t<h3>Kostenlose Produktmuster &amp; Presseanfragen<\/h3>\n<p><a href=\"https:\/\/pi3g.com\/de\/kontakt\/\">Kontaktieren Sie uns f\u00fcr Presseanfragen und kostenlose Produktproben f\u00fcr akkreditierte Journalisten, Blogger und YouTuber<\/a>.<\/p>\n<h1>\n\t\tUnser Coral PoE Add-on Board f\u00fcr Dev Board Micro Wiederverk\u00e4ufer\n\t<\/h1>\n\t\t\t<a href=\"https:\/\/pi3g.com\/de\/kontakt\/\" target=\"_self\" role=\"button\" rel=\"noopener\">\n\t\t\t\t\t\tVolumenanfrage\n\t\t\t\t\t<\/a>\n<h2>\n\t\tGlobale Wiederverk\u00e4ufer\n\t<\/h2>\n\t\t\t\t<a href=\"https:\/\/buyzero.de\/collections\/google-aiy-coral\/products\/coral-poe-add-on-board-for-dev-board-micro\" target=\"_self\" itemprop=\"url\" rel=\"noopener\">\n\t\t\t\t<img loading=\"lazy\" decoding=\"async\" src=\"https:\/\/pi3g.com\/wp-content\/uploads\/2020\/07\/buyzero_raspberry_pi_shop_deutschland.jpg\" alt=\"buyzero.de\" itemprop=\"image\" height=\"130\" width=\"500\" title=\"buyzero_raspberry_pi_shop_deutschland\" onerror=\"this.style.display='none'\"  \/>\n\t\t\t\t<\/a>\n\t\tbuyzero.de\n<h2>\n\t\tDeutschland, \u00d6sterreich und Schweiz\n\t<\/h2>\n\t\t\t\t<a href=\"https:\/\/buyzero.de\/collections\/google-aiy-coral\/products\/coral-poe-add-on-board-for-dev-board-micro\" target=\"_self\" itemprop=\"url\" rel=\"noopener\">\n\t\t\t\t<img loading=\"lazy\" decoding=\"async\" src=\"https:\/\/pi3g.com\/wp-content\/uploads\/2020\/07\/buyzero_raspberry_pi_shop_deutschland.jpg\" alt=\"buyzero.de\" itemprop=\"image\" height=\"130\" width=\"500\" title=\"buyzero_raspberry_pi_shop_deutschland\" onerror=\"this.style.display='none'\"  \/>\n\t\t\t\t<\/a>\n\t\tbuyzero.de\n\t\t\t\t<a href=\"https:\/\/botland.de\/google-koralle\/22755-coral-poe-add-on-poe-ethernet-overlay-fur-das-coral-dev-board-micro-modul-193575031989.html\" target=\"_self\" itemprop=\"url\" rel=\"noopener\">\n\t\t\t\t<img loading=\"lazy\" decoding=\"async\" src=\"https:\/\/pi3g.com\/wp-content\/uploads\/2024\/09\/botland-logo-1.png\" alt=\"botland\" itemprop=\"image\" height=\"140\" width=\"613\" title=\"botland-logo\" onerror=\"this.style.display='none'\"  \/>\n\t\t\t\t<\/a>\n\t\tbotland.de\n\t\t\t\t<a href=\"https:\/\/www.pollin.de\/p\/google-coral-system-on-module-som-1gb-811333\" target=\"_self\" itemprop=\"url\" rel=\"noopener\">\n\t\t\t\t<img loading=\"lazy\" decoding=\"async\" src=\"https:\/\/pi3g.com\/wp-content\/uploads\/2020\/08\/Pollin-300x97.png\" alt=\"pollin.de\" itemprop=\"image\" height=\"97\" width=\"300\" title=\"pollin.de\" onerror=\"this.style.display='none'\"  \/>\n\t\t\t\t<\/a>\n\t\tpollin.de\n<h2>\n\t\tD\u00e4nemark, Norwegen, Schweden und Finnland (+ baltische L\u00e4nder)\n\t<\/h2>\n<h2>\n\t\tNiederlande und Belgien\n\t<\/h2>\n<h2>\n\t\tPolen\n\t<\/h2>\n\t\t\t\t<a href=\"https:\/\/botland.com.pl\/google-coral\/22755-coral-poe-add-on-nakladka-poe-ethernet-do-modulu-coral-dev-board-micro-193575031989.html\" target=\"_self\" itemprop=\"url\" rel=\"noopener\">\n\t\t\t\t<img loading=\"lazy\" decoding=\"async\" src=\"https:\/\/pi3g.com\/wp-content\/uploads\/2024\/09\/botland-logo.png\" alt=\"botland\" itemprop=\"image\" height=\"140\" width=\"613\" title=\"botland-logo\" onerror=\"this.style.display='none'\"  \/>\n\t\t\t\t<\/a>\n\t\tbotland.com.pl\n<h2>\n\t\tIsrael\n\t<\/h2>\n<h2>\n\t\tItalien\n\t<\/h2>\n<h2>\n\t\tSpanien und Portugal\n\t<\/h2>\n<h2>\n\t\tVereinigtes K\u00f6nigreich und Irland\n\t<\/h2>\n\t\t\t\t<a href=\"https:\/\/thepihut.com\/products\/google-coral-system-on-module-som-1gb\" target=\"_blank\" rel=\"noopener\" itemprop=\"url\">\n\t\t\t\t<img loading=\"lazy\" decoding=\"async\" src=\"https:\/\/pi3g.com\/wp-content\/uploads\/2020\/08\/thepihut-logo.png\" alt=\"thepihut.com\" itemprop=\"image\" height=\"286\" width=\"854\" title=\"thepihut.com\" onerror=\"this.style.display='none'\"  \/>\n\t\t\t\t<\/a>\n\t\tthepihut.com\n\t<h3>Zus\u00e4tzliche rechtliche Informationen<\/h3>\n<p>Die von Google angebotenen Produkte haben nichts mit den Produkten zu tun, die unter den CORAL-Marken der Orient Development Enterprises Ltd. in Taiwan angeboten werden.<\/p>","protected":false},"excerpt":{"rendered":"<p>Coral PoE Add-on board for Dev Board Micro Bietet Ethernet-basierte Konnektivit\u00e4t und Stromversorgung f\u00fcr das Coral Dev Board Micro Das Coral PoE Add-on board wird auf das Coral Dev Board Micro mit High-Density-Pin-Anschl\u00fcssen aufgeschnappt und bietet Ethernet-basierte Konnektivit\u00e4t und Stromversorgung. Erfordert das Coral Dev Board Micro (separat erh\u00e4ltlich). Kaufen Sie bei unseren H\u00e4ndlern Kaufen Sie bei...<\/p>","protected":false},"author":492,"featured_media":0,"parent":27267,"menu_order":0,"comment_status":"closed","ping_status":"closed","template":"","meta":{"footnotes":"","_links_to":"","_links_to_target":""},"class_list":["post-29299","page","type-page","status-publish","hentry"],"_links":{"self":[{"href":"https:\/\/pi3g.com\/de\/wp-json\/wp\/v2\/pages\/29299","targetHints":{"allow":["GET"]}}],"collection":[{"href":"https:\/\/pi3g.com\/de\/wp-json\/wp\/v2\/pages"}],"about":[{"href":"https:\/\/pi3g.com\/de\/wp-json\/wp\/v2\/types\/page"}],"author":[{"embeddable":true,"href":"https:\/\/pi3g.com\/de\/wp-json\/wp\/v2\/users\/492"}],"replies":[{"embeddable":true,"href":"https:\/\/pi3g.com\/de\/wp-json\/wp\/v2\/comments?post=29299"}],"version-history":[{"count":13,"href":"https:\/\/pi3g.com\/de\/wp-json\/wp\/v2\/pages\/29299\/revisions"}],"predecessor-version":[{"id":30202,"href":"https:\/\/pi3g.com\/de\/wp-json\/wp\/v2\/pages\/29299\/revisions\/30202"}],"up":[{"embeddable":true,"href":"https:\/\/pi3g.com\/de\/wp-json\/wp\/v2\/pages\/27267"}],"wp:attachment":[{"href":"https:\/\/pi3g.com\/de\/wp-json\/wp\/v2\/media?parent=29299"}],"curies":[{"name":"wp","href":"https:\/\/api.w.org\/{rel}","templated":true}]}}