{"id":29289,"date":"2022-10-24T11:41:17","date_gmt":"2022-10-24T09:41:17","guid":{"rendered":"https:\/\/pi3g.com\/?page_id=29289"},"modified":"2024-03-09T12:01:57","modified_gmt":"2024-03-09T11:01:57","slug":"coral-accelerator-module","status":"publish","type":"page","link":"https:\/\/pi3g.com\/de\/products\/machine-learning\/google-coral\/coral-accelerator-module\/","title":{"rendered":"Korallenbeschleuniger-Modul"},"content":{"rendered":"<h1>\n\t\tKorallenbeschleuniger-Modul\n\t<\/h1>\n<h3>\n\t\tEin l\u00f6tbares Multi-Chip-Modul mit der Edge TPU\n\t<\/h3>\n\t\t<h3><\/h3>\t\t\n\t\t\t\t<a href=\"#resellers\" target=\"_self\" itemprop=\"url\" rel=\"noopener\">\n\t\t\t\t<img loading=\"lazy\" decoding=\"async\" src=\"https:\/\/pi3g.com\/wp-content\/uploads\/bb-plugin\/cache\/Accelerator-Module-square.jpg\" alt=\"Beschleunigungsmodul\" itemprop=\"image\" height=\"659\" width=\"774\" title=\"Beschleunigungsmodul\" onerror=\"this.style.display='none'\"  \/>\n\t\t\t\t<\/a>\n\t\t<h2><a href=\"#resellers\" target=\"_self\" rel=\"noopener\"><\/a><\/h2>\t\t\n\t\t\t<p>Das Accelerator Module ist ein oberfl\u00e4chenmontiertes Modul, das die Edge TPU und seine eigene Stromversorgungssteuerung enth\u00e4lt. Es bietet beschleunigtes Inferencing f\u00fcr TensorFlow Lite Modelle auf Ihrer kundenspezifischen PCB Hardware.<\/p>\n<p>Die Edge TPU ist in der Lage, 4 Billionen Operationen pro Sekunde (4 TOPS) auszuf\u00fchren und verbraucht dabei 2 Watt Strom - das sind 2 TOPS pro Watt. So kann sie beispielsweise hochmoderne mobile Bildverarbeitungsmodelle wie MobileNet v2 mit fast 400 Bildern pro Sekunde ausf\u00fchren, und das auf stromsparende Weise.<\/p>\n\n\t\t\t<a href=\"#resellers\" target=\"_self\" role=\"button\" rel=\"noopener\">\n\t\t\t\t\t\tKaufen Sie bei unseren Wiederverk\u00e4ufern\n\t\t\t\t\t<\/a>\n\t\t\t<a href=\"https:\/\/pi3g.com\/de\/kontakt\/\" target=\"_self\" role=\"button\" rel=\"noopener\">\n\t\t\t\t\t\tVolumenanfrage\n\t\t\t\t\t<\/a>\n\t\t\t\t\t<a href=\"#\" id=\"fl-tabs--label-0\" data-index=\"0\" aria-selected=\"true\" aria-controls=\"fl-tabs--panel-0\" aria-expanded=\"true\" role=\"tab\" tabindex=\"0\">\t\t\t\tTechnische Daten\t\t\t<\/a>\n\t\t\t\t\t<a href=\"#\" id=\"fl-tabs--label-1\" data-index=\"1\" aria-selected=\"false\" aria-controls=\"fl-tabs--panel-1\" aria-expanded=\"false\" role=\"tab\" tabindex=\"0\">\t\t\t\tN\u00fctzliche Links &amp; Dokumentation\t\t\t<\/a>\n\t\t\t\t\t<a href=\"#\" id=\"fl-tabs--label-2\" data-index=\"2\" aria-selected=\"false\" aria-controls=\"fl-tabs--panel-2\" aria-expanded=\"false\" role=\"tab\" tabindex=\"0\">\t\t\t\tInformationen f\u00fcr Wiederverk\u00e4ufer\t\t\t<\/a>\n\t\t\t\t\t<a href=\"#\" id=\"fl-tabs--label-3\" data-index=\"3\" aria-selected=\"false\" aria-controls=\"fl-tabs--panel-3\" aria-expanded=\"false\" role=\"tab\" tabindex=\"0\">\t\t\t\tPresseinformationen und -materialien (kostenlose Proben!)\t\t\t<\/a>\n\t\t\t\tTechnische Daten\n\t\t\t\t\t\t\t<h3>Technische Daten<\/h3>\n<p>Das Coral Accelerator Module ist ein Beschleunigungsmodul f\u00fcr maschinelles Lernen, das f\u00fcr Inferencing verwendet wird und f\u00fcr Bildverarbeitungsanwendungen optimiert ist. Es bietet ein hervorragendes Preis-Leistungs-Verh\u00e4ltnis f\u00fcr den Einstiegsmarkt in die Bildverarbeitung und wird in Massenproduktion hergestellt.<\/p>\n<p><strong>Leistung<\/strong>: 4 TOPS Spitzenleistung (int8), 2 TOPS pro Watt (2 W Spitzenleistungsaufnahme)<\/p>\n<p>Eine EdgeTPU kann z. B. MobileNet v2 mit fast 400 Bildern pro Sekunde ausf\u00fchren.<\/p>\n<p><strong>Betriebstemperatur<\/strong>-40 bis +85\u00b0C (empfohlen: -20\u00b0C - 70\u00b0C)<\/p>\n<p><strong>Abmessungen<\/strong>: 15,0 x 10,0 x 1,5 mm<\/p>\n<p><strong>Gewicht<\/strong>: 0.67g<\/p>\n<p><strong>Chipsatz<\/strong>: Google Edge TPU und PMIC<\/p>\n<p><strong>Montage<\/strong> <strong>Typ<\/strong>: SMT (Oberfl\u00e4chenmontage), 120-Pin LGA<\/p>\n<p><strong>Informationen zur Rolle<\/strong>: 1000 St\u00fcck pro Rolle. Ungef\u00e4hres Gewicht: 1,09 kg<\/p>\n<p><strong>MSL-Einstufung:<\/strong> MSL 3 (JEDEC-Norm J-STD-020). Band und Spule m\u00fcssen mit der mitgelieferten feuchtigkeitsgesch\u00fctzten Plastikt\u00fcte versiegelt werden.<\/p>\n\n\n<p><strong>Schnittstelle<\/strong>: PCIe Gen 2 oder USB 2.0. USB 3.0 auf Anfrage erh\u00e4ltlich (erfordert spezielle Design\u00fcberlegungen)<\/p>\n<p><strong>Spannungsversorgung (VIN)<\/strong>: 3,1 V - 3,63 V (typisch: 3,3 V). Die durchschnittliche Stromaufnahme liegt typischerweise unter 500 mA, kann aber w\u00e4hrend der Inferenz bis zu 3 A erreichen.<\/p>\n<p>Hinweis: Die digitale E\/A-Stromversorgung des PMIC kann mit mindestens 1,7 V, typischerweise 1,8 V, versorgt werden.<\/p>\n<p>Ausf\u00fchrlichere Informationen zu Stromtransienten finden Sie in den Datenbl\u00e4ttern.<\/p>\n<p><strong>Software-Unterst\u00fctzung<\/strong>: Ben\u00f6tigt 64-Bit-Versionen von Debian 10 oder Ubuntu 16.04 oder neuer, x86-64 oder ARMv8 Systemarchitekturen. Unterst\u00fctzt auch Windows 10 64-Bit auf x86-64. Erfordert die Edge TPU-Laufzeitumgebung und den Coral PCIe-Treiber.<\/p>\n<p><strong>RoHS-konform<\/strong>: ja<\/p>\n<p><strong>Verf\u00fcgbarkeit<\/strong>: Australien, Europ\u00e4ische Union (au\u00dfer Tschechische Republik), Ghana, Hongkong, Indien, Indonesien, Israel, Japan, Kenia, Malaysia, Neuseeland, Oman, Philippinen, Singapur, S\u00fcdkorea, Taiwan, Thailand, Vereinigte Staaten, Vietnam<\/p>\n<p>Hinweis: Dies ist ein Modul, das Sie in Ihre eigenen Leiterplattenentw\u00fcrfe einbauen k\u00f6nnen.<\/p>\n<p>Um die Leistung zu steigern, k\u00f6nnen Sie mehrere Coral-Beschleunigermodule parallel oder seriell einsetzen (je nach ML-Modell).<\/p>\n<p><a href=\"https:\/\/pi3g.com\/de\/kontakt\/\">Wir beraten Sie und unterst\u00fctzen Sie mit Hardware- und Software-Engineering-Dienstleistungen, wenn dies erforderlich ist.<\/a>.<\/p>\n<p><strong>Google-Teilenummer<\/strong>: G313-06329-00<\/p>\n<p><strong>Asus-Teilenummer<\/strong>: 90AN01G0-B0XAY0<\/p>\n<h3>Datenblatt &amp; Benchmarks<\/h3>\n<ul>\n<li><a href=\"https:\/\/coral.ai\/static\/files\/Coral-Accelerator-Module-datasheet.pdf\">Datenblatt zum Coral Accelerator Modul herunterladen<\/a> (PDF)\n<ul>\n<li><a href=\"https:\/\/pi3g.com\/de\/contact\/\">Hinweis: Kontaktieren Sie uns, um das Datenblatt mit den USB 3.0-Details anzufordern.<\/a><\/li>\n<\/ul>\n<\/li>\n<li><a href=\"https:\/\/coral.ai\/docs\/edgetpu\/benchmarks\/\">Edge TPU-Leistungsbenchmarks<\/a><\/li>\n<\/ul>\n\t\t\t\tN\u00fctzliche Links &amp; Dokumentation\n\t\t\t\t\t\t\t<h3>Online-Dokumentation<\/h3>\n<ul>\n<li><a href=\"https:\/\/coral.ai\/docs\/module\/datasheet\/\">Datenblatt Coral Accelerator Modul<\/a> (PDF)<\/li>\n<\/ul>\n<p>Anmerkung: <a href=\"https:\/\/pi3g.com\/de\/contact\/\">Kontaktieren Sie uns f\u00fcr die USB 3.0 Version dieses Datenblatts<\/a>.<\/p>\n<ul>\n<li>Anwendungshinweis: <a href=\"https:\/\/coral.ai\/docs\/pcie-parameters\/\">Verwalten der Temperatur des PCIe-Moduls<\/a><\/li>\n<li><a href=\"https:\/\/coral.ai\/docs\/edgetpu\/faq\/\">Coral Edge TPU H\u00e4ufig gestellte Fragen (FAQ)<\/a><\/li>\n<\/ul>\n<h3>Software-Leitf\u00e4den<\/h3>\n<ul>\n<li><a href=\"https:\/\/coral.ai\/docs\/edgetpu\/models-intro\">Modellkompatibilit\u00e4t auf dem Edge TPU<\/a><\/li>\n<li><a href=\"https:\/\/coral.ai\/docs\/edgetpu\/inference\/\">Edge-TPU-Inferencing im \u00dcberblick<\/a><\/li>\n<li><a href=\"https:\/\/coral.ai\/docs\/edgetpu\/multiple-edgetpu\/\">Mehrere Modelle mit mehreren Edge TPUs ausf\u00fchren<\/a><\/li>\n<li><a href=\"https:\/\/coral.ai\/docs\/edgetpu\/pipeline\/\">Pipeline f\u00fcr ein Modell mit mehreren Edge TPUs<\/a><\/li>\n<\/ul>\n<h3>Programmierung<\/h3>\n<ul>\n<li><a href=\"https:\/\/coral.ai\/docs\/reference\/py\/\">PyCoral API <\/a>\n<ul>\n<li>baut auf der TensorFlow Lite Python API auf, um Ihren Code zu vereinfachen<\/li>\n<\/ul>\n<\/li>\n<li><a href=\"https:\/\/coral.ai\/docs\/reference\/cpp\/\">Libcoral API (C++)<\/a><\/li>\n<li><a href=\"https:\/\/coral.ai\/docs\/reference\/cpp\/edgetpu\/\">Libedgetpu API (C++)<\/a><\/li>\n<\/ul>\n<h3>Inferenzierung und Modelle<\/h3>\n<ul>\n<li><a href=\"https:\/\/coral.ai\/docs\/edgetpu\/inference\/\">Edge-TPU-Inferencing im \u00dcberblick<\/a><\/li>\n<li><a href=\"https:\/\/coral.ai\/docs\/edgetpu\/models-intro\/\">TensorFlow-Modelle auf der Edge TPU<\/a><\/li>\n<\/ul>\n<h3>Herunterladen<\/h3>\n<ul>\n<li><a href=\"https:\/\/coral.ai\/docs\/edgetpu\/compiler\">Edge TPU-Compiler<\/a><\/li>\n<li><a href=\"https:\/\/coral.ai\/models\/\">Vorkompilierte Modelle<\/a><\/li>\n<li><a href=\"https:\/\/coral.ai\/software\">Alle Software-Downloads<\/a><\/li>\n<\/ul>\n<h3>Google Coral Dev Board 4GB Rechtliche Hinweise<\/h3>\n<p>finden. <a href=\"https:\/\/coral.ai\/legal\/dev-board\/\">Konformit\u00e4tserkl\u00e4rungen (EMC, FCC, CE, REACH, RoHS3) hier<\/a>.<\/p>\n\t\t\t\tInformationen f\u00fcr Wiederverk\u00e4ufer\n\t\t\t\t\t\t\t<h3>N\u00fctzliche Links<\/h3>\n<ul>\n<li>Produktfotos herunterladen (CC0 lizenziert, 104 MB .zip-Datei) TBD<\/li>\n<li><a href=\"https:\/\/pi3g.com\/de\/kontakt\/\">Fragen Sie an, um Wiederverk\u00e4ufer zu werden<\/a><\/li>\n<\/ul>\n<h3>Informationen zum Produkt<\/h3>\n<strong>pi3g-Bestellnummer:<br \/>\n<\/strong>TBD\n<strong>GTIN \/ EAN \/ UPC:<br \/>\n<\/strong>TBD\n<strong>Google Teilenummer:<\/strong><br \/>\nG313-06329-00\n<strong>Beschreibung des Teils:<\/strong><br \/>\nDas Coral Accelerator Module ist ein Modul zur Durchf\u00fchrung von Hochgeschwindigkeits-Inferencing f\u00fcr Machine-Learning-Modelle (ML), das f\u00fcr Videoanalyseanwendungen optimiert wurde.\n<strong>Handelsname:<\/strong><br \/>\nKorallenbeschleuniger-Modul\n<strong>MSRP $:<\/strong><br \/>\nTBD\n<strong>Ihren Einkaufspreis und Ihre Handelsspanne:<br \/>\n<\/strong><a href=\"https:\/\/pi3g.com\/de\/kontakt\/\">Fragen Sie uns, ob Sie Wiederverk\u00e4ufer werden m\u00f6chten \/ kontaktieren Sie unser Verkaufsteam<\/a>\n<strong>MOQ:<\/strong><br \/>\n50\n<strong>Erlaubtes Verkaufsgebiet<\/strong><br \/>\n(TBD) Bitte konsultieren Sie die <a href=\"https:\/\/pi3g.com\/wp-content\/uploads\/2021\/04\/Coral-Dev-Board-4GB-Country-List-07-31-20-2.pdf\">Zertifizierung PDF<\/a>.\n\n\n<strong>Standard Packungsgr\u00f6\u00dfe:<br \/>\n<\/strong>1000\n<strong>Verpackungsgr\u00f6\u00dfe (Einzelst\u00fcck):<br \/>\n<\/strong>TBD\n<strong>Produktgewicht:<br \/>\n<\/strong>0.67 g\n<strong>ECCN-Nummer:<\/strong><br \/>\nTBD\n<strong>HTS-Code:<br \/>\n<\/strong>TBD\n<strong>Herkunftsland:<br \/>\n<\/strong>TBD (Japan)\n<strong>Ist das Teil statisch empfindlich?<\/strong><br \/>\nJa\n<strong>Ist das Teil frei von Blei (Pb)?<\/strong><br \/>\nJa\n<strong>Ist das Teil RoHS-konform?<br \/>\n<\/strong>Ja\n<strong>Ausnahmsweise RoHS-konform?<\/strong><br \/>\nNein\n<strong>Enth\u00e4lt das Teil Lithium?<br \/>\n<\/strong>Nein\n<h3>Google Coral Accelerator Modul Rechtliche Dokumentation<\/h3>\n<p>finden. <a href=\"https:\/\/coral.ai\/legal\/accelerator-module\/\">Konformit\u00e4tserkl\u00e4rungen (EMC, FCC, CE, REACH, RoHS3) hier<\/a>.<\/p>\n\t\t\t\tPresseinformationen und -materialien (kostenlose Proben!)\n\t\t\t\t\t\t\t<h3>Produktbilder herunterladen<\/h3>\n<p>Laden Sie hier CC0 lizenzierte hochaufl\u00f6sende JPG Fotos von Google AIY Voice v2, Vision und Google Coral USB herunter (.zip, 104 MB) TBD<\/p>\n<p>Wir w\u00fcrden uns \u00fcber einen Backlink oder die Erw\u00e4hnung unseres Firmennamens (pi3g e.K.) als europ\u00e4ischer Distributor und Google Coral Partner freuen, wenn m\u00f6glich.<\/p>\n<h3>Zuvor erschienen in:<\/h3>\n<ul>\n<li>TBD<\/li>\n<\/ul>\n<h3>Kostenlose Produktmuster &amp; Presseanfragen<\/h3>\n<p><a href=\"https:\/\/pi3g.com\/de\/kontakt\/\">Kontaktieren Sie uns f\u00fcr Presseanfragen und kostenlose Produktproben f\u00fcr akkreditierte Journalisten, Blogger und YouTuber<\/a>.<\/p>\n<h1>\n\t\tUnsere Coral Accelerator Modul Wiederverk\u00e4ufer\n\t<\/h1>\n\t\t\t<a href=\"https:\/\/pi3g.com\/de\/kontakt\/\" target=\"_self\" role=\"button\" rel=\"noopener\">\n\t\t\t\t\t\tVolumenanfrage\n\t\t\t\t\t<\/a>\n<h2>\n\t\tGlobale Wiederverk\u00e4ufer\n\t<\/h2>\n\t\t\t\t<a href=\"https:\/\/buyzero.de\/products\/google-coral-dev-board-4gb?variant=38013190865076\" target=\"_self\" itemprop=\"url\" rel=\"noopener\">\n\t\t\t\t<img loading=\"lazy\" decoding=\"async\" src=\"https:\/\/pi3g.com\/wp-content\/uploads\/2020\/07\/buyzero_raspberry_pi_shop_deutschland.jpg\" alt=\"buyzero.de\" itemprop=\"image\" height=\"130\" width=\"500\" title=\"buyzero_raspberry_pi_shop_deutschland\" onerror=\"this.style.display='none'\"  \/>\n\t\t\t\t<\/a>\n\t\tbuyzero.de\n<h2>\n\t\tDeutschland, \u00d6sterreich und Schweiz\n\t<\/h2>\n\t\t\t\t<a href=\"https:\/\/buyzero.de\/products\/google-coral-dev-board-4gb?variant=38013190865076\" target=\"_self\" itemprop=\"url\" rel=\"noopener\">\n\t\t\t\t<img loading=\"lazy\" decoding=\"async\" src=\"https:\/\/pi3g.com\/wp-content\/uploads\/2020\/07\/buyzero_raspberry_pi_shop_deutschland.jpg\" alt=\"buyzero.de\" itemprop=\"image\" height=\"130\" width=\"500\" title=\"buyzero_raspberry_pi_shop_deutschland\" onerror=\"this.style.display='none'\"  \/>\n\t\t\t\t<\/a>\n\t\tbuyzero.de\n<h2>\n\t\tD\u00e4nemark, Norwegen, Schweden und Finnland (+ baltische L\u00e4nder)\n\t<\/h2>\n<h2>\n\t\tNiederlande und Belgien\n\t<\/h2>\n<h2>\n\t\tPolen\n\t<\/h2>\n<h2>\n\t\tIsrael\n\t<\/h2>\n<h2>\n\t\tItalien\n\t<\/h2>\n<h2>\n\t\tSpanien und Portugal\n\t<\/h2>\n<h2>\n\t\tVereinigtes K\u00f6nigreich und Irland\n\t<\/h2>\n\t<h3>Zus\u00e4tzliche rechtliche Informationen<\/h3>\n<p>Die von Google angebotenen Produkte haben nichts mit den Produkten zu tun, die unter den CORAL-Marken der Orient Development Enterprises Ltd. in Taiwan angeboten werden.<\/p>","protected":false},"excerpt":{"rendered":"<p>Coral Accelerator Module Ein l\u00f6tbares Multi-Chip-Modul, das die Edge TPU enth\u00e4lt Das Accelerator Module ist ein oberfl\u00e4chenmontiertes Modul, das die Edge TPU und seine eigene Stromversorgungssteuerung enth\u00e4lt. Es bietet beschleunigtes Inferencing f\u00fcr TensorFlow Lite Modelle auf Ihrer eigenen PCB Hardware. Die Edge TPU ist in der Lage, 4 Billionen Operationen pro Sekunde (4 TOPS) durchzuf\u00fchren,...<\/p>","protected":false},"author":492,"featured_media":0,"parent":27267,"menu_order":0,"comment_status":"closed","ping_status":"closed","template":"","meta":{"footnotes":"","_links_to":"","_links_to_target":""},"class_list":["post-29289","page","type-page","status-publish","hentry"],"_links":{"self":[{"href":"https:\/\/pi3g.com\/de\/wp-json\/wp\/v2\/pages\/29289","targetHints":{"allow":["GET"]}}],"collection":[{"href":"https:\/\/pi3g.com\/de\/wp-json\/wp\/v2\/pages"}],"about":[{"href":"https:\/\/pi3g.com\/de\/wp-json\/wp\/v2\/types\/page"}],"author":[{"embeddable":true,"href":"https:\/\/pi3g.com\/de\/wp-json\/wp\/v2\/users\/492"}],"replies":[{"embeddable":true,"href":"https:\/\/pi3g.com\/de\/wp-json\/wp\/v2\/comments?post=29289"}],"version-history":[{"count":6,"href":"https:\/\/pi3g.com\/de\/wp-json\/wp\/v2\/pages\/29289\/revisions"}],"predecessor-version":[{"id":29887,"href":"https:\/\/pi3g.com\/de\/wp-json\/wp\/v2\/pages\/29289\/revisions\/29887"}],"up":[{"embeddable":true,"href":"https:\/\/pi3g.com\/de\/wp-json\/wp\/v2\/pages\/27267"}],"wp:attachment":[{"href":"https:\/\/pi3g.com\/de\/wp-json\/wp\/v2\/media?parent=29289"}],"curies":[{"name":"wp","href":"https:\/\/api.w.org\/{rel}","templated":true}]}}