{"id":29271,"date":"2022-10-21T11:36:09","date_gmt":"2022-10-21T09:36:09","guid":{"rendered":"https:\/\/pi3g.com\/?page_id=29271"},"modified":"2023-01-11T20:37:07","modified_gmt":"2023-01-11T19:37:07","slug":"coral-mini-pcie-accelerator","status":"publish","type":"page","link":"https:\/\/pi3g.com\/de\/products\/machine-learning\/google-coral\/coral-mini-pcie-accelerator\/","title":{"rendered":"Coral Mini PCIe-Beschleuniger"},"content":{"rendered":"<h1>\n\t\tCoral Mini PCIe-Beschleuniger\n\t<\/h1>\n<h3>\n\t\tIntegration der Edge TPU in bestehende und neue Systeme \u00fcber eine Mini-PCIe-Schnittstelle\n\t<\/h3>\n\t\t\t\t<a href=\"#resellers\" target=\"_self\" itemprop=\"url\" rel=\"noopener\">\n\t\t\t\t<img loading=\"lazy\" decoding=\"async\" src=\"https:\/\/pi3g.com\/wp-content\/uploads\/2022\/10\/Capture_12584dd9-e780-4380-9ca5-bea900cf4fce_900x-e1666344825725.jpg\" alt=\"Capture_12584dd9-e780-4380-9ca5-bea900cf4fce_900x\" itemprop=\"image\" height=\"488\" width=\"537\" title=\"Capture_12584dd9-e780-4380-9ca5-bea900cf4fce_900x\" onerror=\"this.style.display='none'\"  \/>\n\t\t\t\t<\/a>\n\t\t<h2><a href=\"#resellers\" target=\"_self\" rel=\"noopener\"><\/a><\/h2>\t\t\n\t\t\t<p>Der Coral Mini PCIe Accelerator ist ein Mini-PCIe-Modul in halber Gr\u00f6\u00dfe, das den Edge TPU-Coprozessor in bestehende Systeme und Produkte mit einem verf\u00fcgbaren Mini-PCIe-Steckplatz integriert.<\/p>\n<p>Der integrierte Edge-TPU-Coprozessor ist in der Lage, 4 Billionen Operationen (Tera-Operationen) pro Sekunde (TOPS) auszuf\u00fchren und verbraucht dabei 0,5 Watt pro TOPS (2 TOPS pro Watt). So kann er beispielsweise modernste mobile Bildverarbeitungsmodelle wie MobileNet v2 mit 400 FPS stromsparend ausf\u00fchren.<\/p>\n<p>L\u00e4sst sich in jedes Debian-basierte Linux- oder Windows 10-System mit einem kompatiblen Kartenmodulsteckplatz integrieren.<\/p>\n\n\t\t\t<a href=\"#resellers\" target=\"_self\" role=\"button\" rel=\"noopener\">\n\t\t\t\t\t\tKaufen Sie bei unseren Wiederverk\u00e4ufern\n\t\t\t\t\t<\/a>\n\t\t\t<a href=\"https:\/\/buyzero.de\/collections\/google-aiy-coral\/products\/mini-pcie-accelerator\" target=\"_self\" role=\"button\" rel=\"noopener\">\n\t\t\t\t\t\tKaufen bei buyzero.de (pi3g official shop)\n\t\t\t\t\t<\/a>\n\t\t\t<a href=\"https:\/\/pi3g.com\/de\/kontakt\/\" target=\"_self\" role=\"button\" rel=\"noopener\">\n\t\t\t\t\t\tVolumenanfrage\n\t\t\t\t\t<\/a>\n\t\t\t\t\t<a href=\"#\" id=\"fl-tabs--label-0\" data-index=\"0\" aria-selected=\"true\" aria-controls=\"fl-tabs--panel-0\" aria-expanded=\"true\" role=\"tab\" tabindex=\"0\">\t\t\t\tTechnische Daten\t\t\t<\/a>\n\t\t\t\t\t<a href=\"#\" id=\"fl-tabs--label-1\" data-index=\"1\" aria-selected=\"false\" aria-controls=\"fl-tabs--panel-1\" aria-expanded=\"false\" role=\"tab\" tabindex=\"0\">\t\t\t\tN\u00fctzliche Links &amp; Dokumentation\t\t\t<\/a>\n\t\t\t\t\t<a href=\"#\" id=\"fl-tabs--label-2\" data-index=\"2\" aria-selected=\"false\" aria-controls=\"fl-tabs--panel-2\" aria-expanded=\"false\" role=\"tab\" tabindex=\"0\">\t\t\t\tInformationen f\u00fcr Wiederverk\u00e4ufer\t\t\t<\/a>\n\t\t\t\t\t<a href=\"#\" id=\"fl-tabs--label-3\" data-index=\"3\" aria-selected=\"false\" aria-controls=\"fl-tabs--panel-3\" aria-expanded=\"false\" role=\"tab\" tabindex=\"0\">\t\t\t\tPresseinformationen und -mittel\t\t\t<\/a>\n\t\t\t\tTechnische Daten\n\t\t\t\t\t\t\t<p><strong>ML-Beschleuniger<\/strong>: Google Edge TPU Coprozessor: 4 TOPS Gesamtspitzenleistung (int8); 2 TOPS pro Watt<\/p>\n<p><strong>Anschluss<\/strong>\u00a0<strong>und Software-Unterst\u00fctzung<\/strong>: Standard Half-size Mini PCIe; Unterst\u00fctzt Linux und Windows 10 auf dem Host-System; Erfordert 64-bit Betriebssysteme.<\/p>\n<p><strong>Abmessungen<\/strong>: 30,00 mm x 26,80 x 2,55 mm<\/p>\n<p><strong>Wichtige Hinweise:\u00a0<\/strong>Die Anforderungen an den Spitzenstrom (bis zu 3 A f\u00fcr die Edge TPU) sowie das W\u00e4rmemanagement entnehmen Sie bitte dem Datenblatt. Der Edge TPU verf\u00fcgt \u00fcber einen eingebauten Temperatursensor und erm\u00f6glicht Ihnen die Konfiguration von Parametern f\u00fcr die Abschaltung.\u00a0<b>Warnung:<\/b> Eine \u00dcberhitzung des Systems kann zu einem Brand oder zur Zerst\u00f6rung der Hardware f\u00fchren!<\/p>\n<h3>Datenblatt &amp; Benchmarks<\/h3>\n<ul>\n<li><a href=\"https:\/\/coral.ai\/static\/files\/Coral-Mini-PCIe-datasheet.pdf\">Coral Mini USB Accelerator PDF-Datenblatt herunterladen (PDF)<\/a><\/li>\n<\/ul>\n\n<ul>\n<li>G950-04528-01<\/li>\n<\/ul>\n\t\t\t\tN\u00fctzliche Links &amp; Dokumentation\n\t\t\t\t\t\t\t<h3>Online-Dokumentation<\/h3>\n<ul>\n<li><a href=\"https:\/\/coral.ai\/docs\/m2\/get-started\/\">Erste Schritte mit dem Mini USB Accelerator<\/a><\/li>\n<li><a href=\"https:\/\/coral.ai\/static\/files\/Coral-Mini-PCIe-datasheet.pdf\">Mini USB Accelerator-Datenblatt<\/a><\/li>\n<li><a href=\"https:\/\/coral.ai\/docs\/pcie-parameters\/\">Verwalten der Temperatur des PCIe-Moduls<\/a><\/li>\n<\/ul>\n<h3>Google Coral USB Rechtliche Hinweise<\/h3>\n<p>finden. <a href=\"https:\/\/coral.ai\/legal\/usb-accelerator\/\">Konformit\u00e4tserkl\u00e4rungen (EMC, FCC, CE, REACH, RoHS3) hier<\/a>.<\/p>\n\t\t\t\tInformationen f\u00fcr Wiederverk\u00e4ufer\n\t\t\t\t\t\t\t<h3>TBD<\/h3>\n<h3>N\u00fctzliche Links<\/h3>\n<ul>\n<li><a href=\"https:\/\/pi3g.com\/de\/files\/10.7.2020-google-aiy-coral-usb-photos-cc0.zip\/\">Produktfotos herunterladen<\/a> (CC0 lizenziert, 104 MB .zip Datei)<\/li>\n<li><a href=\"https:\/\/pi3g.com\/de\/kontakt\/\">Fragen Sie an, um Wiederverk\u00e4ufer zu werden<\/a><\/li>\n<\/ul>\n<h3>Informationen zum Produkt<\/h3>\n<strong>pi3g-Bestellnummer:<br \/>\n<\/strong>coral.usb\n<strong>GTIN \/ EAN \/ UPC:<br \/>\n<\/strong>842776110077\n<strong>Google Teilenummer:<\/strong><br \/>\nG950-06809-01\n<p>(g\u00fcltig f\u00fcr alle Ger\u00e4te, die ab Februar 2021 bei uns gekauft werden)<\/p>\n<strong>Beschreibung des Teils:<\/strong><br \/>\nEin USB-Ger\u00e4t, das Ihr System um einen Edge TPU-Coprozessor erweitert\n<strong>Handelsname:<\/strong><br \/>\nUSB-Beschleuniger\n<strong>MSRP $:<\/strong><br \/>\n$59.99\n<strong>Ihren Einkaufspreis und Ihre Handelsspanne:<br \/>\n<\/strong><a href=\"https:\/\/pi3g.com\/de\/kontakt\/\">Fragen Sie uns, ob Sie Wiederverk\u00e4ufer werden m\u00f6chten \/ kontaktieren Sie unser Verkaufsteam<\/a>\n<strong>MOQ:<\/strong><br \/>\n44\n<strong>Erlaubtes Verkaufsgebiet<\/strong><br \/>\nBitte <a href=\"https:\/\/pi3g.com\/wp-content\/uploads\/2020\/06\/Coral-Product-Certifications-by-SKU-USB-Accelerator.pdf\">das PDF der Zertifizierung einsehen<\/a>.\n<p>Insbesondere sind diese Produkte vom Verkauf in folgende L\u00e4nder ausgeschlossen <strong>Frankreich und die Tschechische Republik<\/strong>und mehrere Embargol\u00e4nder, darunter <strong>China<\/strong>.<\/p>\n\n<strong>Standard Packungsgr\u00f6\u00dfe:<br \/>\n<\/strong>22\n<strong>Verpackungsgr\u00f6\u00dfe (Einzelst\u00fcck):<br \/>\n<\/strong>139 x 101 x 33 mm\n<strong>Produktgewicht:<br \/>\n<\/strong>95 g\n<strong>ECCN-Nummer:<\/strong><br \/>\n3A991\n<strong>HTS-Code:<\/strong><br \/>\nEU HTS: 8471800000<br \/>\nUS HTS: 8471801000\n<strong>Herkunftsland:<\/strong><br \/>\nChina\n<strong>Ist das Teil statisch empfindlich?<\/strong><br \/>\nJa\n<strong>Ist das Teil frei von Blei (Pb)?<\/strong><br \/>\nJa\n<strong>Ist das Teil RoHS-konform?<br \/>\n<\/strong>Ja\n<strong>Ausnahmsweise RoHS-konform?<\/strong><br \/>\nNein\n<strong>Enth\u00e4lt das Teil Lithium?<br \/>\n<\/strong>Nein\n<h3>Google Coral USB Rechtliche Hinweise<\/h3>\n<p>finden. <a href=\"https:\/\/coral.ai\/legal\/usb-accelerator\/\">Konformit\u00e4tserkl\u00e4rungen (EMC, FCC, CE, REACH, RoHS3) hier<\/a>.<\/p>\n\t\t\t\tPresseinformationen und -mittel\n\t\t\t\t\t\t\t<h3>Produktbilder herunterladen<\/h3>\n<p><a href=\"https:\/\/pi3g.com\/de\/files\/10.7.2020-google-aiy-coral-usb-photos-cc0.zip\/\">Laden Sie hier CC0-lizenzierte hochaufl\u00f6sende JPG-Fotos von Google AIY Voice v2, Vision und Google Coral USB herunter<\/a> (.zip, 104 MB)<\/p>\n<p>Wir w\u00fcrden uns \u00fcber einen Backlink oder die Erw\u00e4hnung unseres Firmennamens (pi3g e.K.) als europ\u00e4ischer Distributor und Google Coral Partner freuen, wenn m\u00f6glich.<\/p>\n<h3>Zuvor erschienen in:<\/h3>\n<ul>\n<li>Zeitschrift MagPi: \"<a href=\"https:\/\/pi3g.com\/wp-content\/uploads\/2020\/08\/028-029-MagPi97_DIGITAL.pdf\">F\u00fcgen Sie AI zu Ihrem Projekt hinzu &amp; pi3g liefert das Kit<\/a>\" (PDF)<\/li>\n<\/ul>\n<h3>Kostenlose Produktmuster &amp; Presseanfragen<\/h3>\n<p><a href=\"https:\/\/pi3g.com\/de\/kontakt\/\">Kontaktieren Sie uns f\u00fcr Presseanfragen und kostenlose Produktproben f\u00fcr akkreditierte Journalisten, Blogger und YouTuber<\/a>.<\/p>\n<h1>\n\t\tUnsere Coral Mini PCIe Accelerator Wiederverk\u00e4ufer\n\t<\/h1>\n\t\t\t<a href=\"https:\/\/pi3g.com\/de\/kontakt\/\" target=\"_self\" role=\"button\" rel=\"noopener\">\n\t\t\t\t\t\tVolumenanfrage\n\t\t\t\t\t<\/a>\n<h2>\n\t\tGlobale Wiederverk\u00e4ufer\n\t<\/h2>\n\t\t\t\t<a href=\"https:\/\/buyzero.de\/collections\/google-aiy-coral\/products\/mini-pcie-accelerator\" target=\"_self\" itemprop=\"url\" rel=\"noopener\">\n\t\t\t\t<img loading=\"lazy\" decoding=\"async\" src=\"https:\/\/pi3g.com\/wp-content\/uploads\/2020\/07\/buyzero_raspberry_pi_shop_deutschland.jpg\" alt=\"buyzero.de\" itemprop=\"image\" height=\"130\" width=\"500\" title=\"buyzero_raspberry_pi_shop_deutschland\" onerror=\"this.style.display='none'\"  \/>\n\t\t\t\t<\/a>\n\t\tbuyzero.de\n\t\t\t\t<a href=\"https:\/\/thepihut.com\/products\/coral-usb-accelerator\" target=\"_self\" itemprop=\"url\" rel=\"noopener\">\n\t\t\t\t<img loading=\"lazy\" decoding=\"async\" src=\"https:\/\/pi3g.com\/wp-content\/uploads\/2020\/08\/thepihut-logo-300x100.png\" alt=\"thepihut.com\" itemprop=\"image\" height=\"100\" width=\"300\" title=\"thepihut.com\" onerror=\"this.style.display='none'\"  \/>\n\t\t\t\t<\/a>\n\t\tthepihut.com\n\t\t\t\t<a href=\"https:\/\/www.berrybase.de\/detail\/index\/sArticle\/6726\" target=\"_self\" itemprop=\"url\" rel=\"noopener\">\n\t\t\t\t<img loading=\"lazy\" decoding=\"async\" src=\"https:\/\/pi3g.com\/wp-content\/uploads\/2020\/08\/Logo-BerryBase_farbig-mitClaim.png\" alt=\"berrybase.de\" itemprop=\"image\" height=\"130\" width=\"340\" title=\"Logo-BerryBase_farbig-mitClaim\" onerror=\"this.style.display='none'\"  \/>\n\t\t\t\t<\/a>\n\t\tberrybase.de\n\t\t\t\t<a href=\"https:\/\/uk.farnell.com\/pi3g\/g950-01456-01\/usb-accelerator-raspberry-pi\/dp\/3583033\" target=\"_self\" itemprop=\"url\" rel=\"noopener\">\n\t\t\t\t<img loading=\"lazy\" decoding=\"async\" src=\"https:\/\/pi3g.com\/wp-content\/uploads\/2021\/01\/Farnell_Phase1_4C-300x97.png\" alt=\"Farnell (Standort UK)\" itemprop=\"image\" height=\"97\" width=\"300\" title=\"Farnell ein Avnet-Unternehmen\" onerror=\"this.style.display='none'\"  \/>\n\t\t\t\t<\/a>\n\t\tFarnell (Standort UK)\n<h2>\n\t\tDeutschland, \u00d6sterreich und Schweiz\n\t<\/h2>\n\t\t\t\t<a href=\"https:\/\/buyzero.de\/collections\/google-aiy-coral\/products\/mini-pcie-accelerator\" target=\"_self\" itemprop=\"url\" rel=\"noopener\">\n\t\t\t\t<img loading=\"lazy\" decoding=\"async\" src=\"https:\/\/pi3g.com\/wp-content\/uploads\/2020\/07\/buyzero_raspberry_pi_shop_deutschland.jpg\" alt=\"buyzero.de\" itemprop=\"image\" height=\"130\" width=\"500\" title=\"buyzero_raspberry_pi_shop_deutschland\" onerror=\"this.style.display='none'\"  \/>\n\t\t\t\t<\/a>\n\t\tbuyzero.de\n\t\t\t\t<a href=\"https:\/\/www.welectron.com\/Google-Coral-USB-Accelerator\" target=\"_self\" itemprop=\"url\" rel=\"noopener\">\n\t\t\t\t<img loading=\"lazy\" decoding=\"async\" src=\"https:\/\/pi3g.com\/wp-content\/uploads\/2020\/06\/Logo-small-300x53.png\" alt=\"Welectron\" itemprop=\"image\" height=\"53\" width=\"300\" title=\"Welectron Logo\" onerror=\"this.style.display='none'\"  \/>\n\t\t\t\t<\/a>\n\t\twelectron.de\n\t\t\t\t<a href=\"https:\/\/www.berrybase.de\/detail\/index\/sArticle\/6726\" target=\"_self\" itemprop=\"url\" rel=\"noopener\">\n\t\t\t\t<img loading=\"lazy\" decoding=\"async\" src=\"https:\/\/pi3g.com\/wp-content\/uploads\/2020\/08\/Logo-BerryBase_farbig-mitClaim.png\" alt=\"berrybase.de\" itemprop=\"image\" height=\"130\" width=\"340\" title=\"Logo-BerryBase_farbig-mitClaim\" onerror=\"this.style.display='none'\"  \/>\n\t\t\t\t<\/a>\n\t\tberrybase.de\n\t\t\t\t<a href=\"https:\/\/www.pollin.de\/p\/google-coral-usb-accelerator-usb-koprozessor-fuer-maschinelles-lernen-811224\" target=\"_self\" itemprop=\"url\" rel=\"noopener\">\n\t\t\t\t<img loading=\"lazy\" decoding=\"async\" src=\"https:\/\/pi3g.com\/wp-content\/uploads\/2020\/08\/Pollin-300x97.png\" alt=\"pollin.de\" itemprop=\"image\" height=\"97\" width=\"300\" title=\"pollin.de\" onerror=\"this.style.display='none'\"  \/>\n\t\t\t\t<\/a>\n\t\tpollin.de\n\t\t\t\t<a href=\"https:\/\/shop.funk24.net\/google-coral-usb-accelerator\" target=\"_self\" itemprop=\"url\" rel=\"noopener\">\n\t\t\t\t<img loading=\"lazy\" decoding=\"async\" src=\"https:\/\/pi3g.com\/wp-content\/uploads\/2020\/08\/funk24-300x144.png\" alt=\"funk24.net\" itemprop=\"image\" height=\"144\" width=\"300\" title=\"funk24.net\" onerror=\"this.style.display='none'\"  \/>\n\t\t\t\t<\/a>\n\t\tfunk24.net\n\t\t\t\t<a href=\"https:\/\/www.conrad.de\/de\/p\/google-usb-3-0-adapter-tpu-usb-accelarator-2274874.html\" target=\"_self\" itemprop=\"url\" rel=\"noopener\">\n\t\t\t\t<img loading=\"lazy\" decoding=\"async\" src=\"https:\/\/pi3g.com\/wp-content\/uploads\/2020\/08\/logo-conrad-300x77.png\" alt=\"conrad.de\" itemprop=\"image\" height=\"77\" width=\"300\" title=\"conrad.de\" onerror=\"this.style.display='none'\"  \/>\n\t\t\t\t<\/a>\n\t\tconrad.de\n\t\t\t\t<a href=\"https:\/\/www.elektor.de\/google-coral-usb-accelerator\" target=\"_self\" itemprop=\"url\" rel=\"noopener\">\n\t\t\t\t<img loading=\"lazy\" decoding=\"async\" src=\"https:\/\/pi3g.com\/wp-content\/uploads\/2020\/08\/elektor-logo-300x99.png\" alt=\"elektor.de\" itemprop=\"image\" height=\"99\" width=\"300\" title=\"elektor.de\" onerror=\"this.style.display='none'\"  \/>\n\t\t\t\t<\/a>\n\t\telektor.de\n\t\t\t\t<a href=\"http:\/\/www.reichelt.de\/raspberry-pi-google-coral-usb-accelerator-rpi-ai-coral-usb-p287989.html?&#038;trstct=pol_0&#038;nbc=1\" target=\"_self\" itemprop=\"url\" rel=\"noopener\">\n\t\t\t\t<img loading=\"lazy\" decoding=\"async\" src=\"https:\/\/pi3g.com\/wp-content\/uploads\/2020\/08\/reichelt-300x61.png\" alt=\"reichelt.de\" itemprop=\"image\" height=\"61\" width=\"300\" title=\"reichelt.de\" onerror=\"this.style.display='none'\"  \/>\n\t\t\t\t<\/a>\n\t\treichelt.de\n\t\t\t\t<a href=\"https:\/\/shop.heise.de\/katalog\/google-coral-usb-accelerator?wt_mc=ko.shop.shop.pi3g_hw.partnerlink.textlink.textlink\" target=\"_self\" itemprop=\"url\" rel=\"noopener\">\n\t\t\t\t<img loading=\"lazy\" decoding=\"async\" src=\"https:\/\/pi3g.com\/wp-content\/uploads\/2020\/06\/heise-shop_Logo_NEU-300x64.jpg\" alt=\"shop.heise.de\" itemprop=\"image\" height=\"64\" width=\"300\" title=\"heise-shop_Logo_NEU\" onerror=\"this.style.display='none'\"  \/>\n\t\t\t\t<\/a>\n\t\tshop.heise.de\n\t\t\t\t<a href=\"https:\/\/de.farnell.com\/pi3g\/g950-01456-01\/usb-beschleuniger-raspberry-pi\/dp\/3583033\" target=\"_self\" itemprop=\"url\" rel=\"noopener\">\n\t\t\t\t<img loading=\"lazy\" decoding=\"async\" src=\"https:\/\/pi3g.com\/wp-content\/uploads\/2021\/01\/Farnell_Phase1_4C-1-300x97.png\" alt=\"Farnell (Deutschland)\" itemprop=\"image\" height=\"97\" width=\"300\" title=\"Farnell.de\" onerror=\"this.style.display='none'\"  \/>\n\t\t\t\t<\/a>\n\t\tFarnell (Deutschland)\n\t\t\t\t<a href=\"https:\/\/electronics.semaf.at\/navi.php?a=2495&#038;lang=eng\" target=\"_self\" itemprop=\"url\" rel=\"noopener\">\n\t\t\t\t<img loading=\"lazy\" decoding=\"async\" src=\"https:\/\/pi3g.com\/wp-content\/uploads\/2021\/01\/logo.png\" alt=\"Semaf.at (\u00d6sterreich)\" itemprop=\"image\" height=\"50\" width=\"250\" title=\"Semaf-Logo\" onerror=\"this.style.display='none'\"  \/>\n\t\t\t\t<\/a>\n\t\tSemaf.at (\u00d6sterreich)\n<h2>\n\t\tD\u00e4nemark, Norwegen, Schweden und Finnland (+ baltische L\u00e4nder)\n\t<\/h2>\n\t\t\t\t<a href=\"https:\/\/raspberrypi.dk\/en\/product\/google-coral-usb-accelerator\/\" target=\"_self\" itemprop=\"url\" rel=\"noopener\">\n\t\t\t\t<img loading=\"lazy\" decoding=\"async\" src=\"https:\/\/pi3g.com\/wp-content\/uploads\/2020\/07\/Jkollerup_dk.png\" alt=\"raspberrypi.dk\" itemprop=\"image\" height=\"126\" width=\"500\" title=\"raspberrypi.dk\" onerror=\"this.style.display='none'\"  \/>\n\t\t\t\t<\/a>\n\t\traspberrypi.dk\n<h2>\n\t\tNiederlande und Belgien\n\t<\/h2>\n\t\t\t\t<a href=\"https:\/\/www.raspberrystore.nl\/PrestaShop\/losse-onderdelen\/291-coral-usb-accelerator-842776110077.html?utm_source=Pi3g\" target=\"_self\" itemprop=\"url\" rel=\"noopener\">\n\t\t\t\t<img loading=\"lazy\" decoding=\"async\" src=\"https:\/\/pi3g.com\/wp-content\/uploads\/2020\/06\/raspberrystore.nl_-300x81.jpg\" alt=\"raspberrystore.nl\" itemprop=\"image\" height=\"81\" width=\"300\" title=\"raspberrystore.nl\" onerror=\"this.style.display='none'\"  \/>\n\t\t\t\t<\/a>\n\t\traspberrystore.nl\n\t\t\t\t<a href=\"https:\/\/www.elektor.nl\/google-coral-usb-accelerator\" target=\"_self\" itemprop=\"url\" rel=\"noopener\">\n\t\t\t\t<img loading=\"lazy\" decoding=\"async\" src=\"https:\/\/pi3g.com\/wp-content\/uploads\/2020\/08\/elektor-logo-1.png\" alt=\"elektor.nl\" itemprop=\"image\" height=\"329\" width=\"1000\" title=\"elektor.nl\" onerror=\"this.style.display='none'\"  \/>\n\t\t\t\t<\/a>\n\t\telektor.nl\n<h2>\n\t\tPolen\n\t<\/h2>\n\t\t\t\t<a href=\"https:\/\/kamami.pl\/en\/coral\/575395-coral-usb-accelerator-a-module-with-the-coprocessor-google-edge-tpu.html\" target=\"_self\" itemprop=\"url\" rel=\"noopener\">\n\t\t\t\t<img loading=\"lazy\" decoding=\"async\" src=\"https:\/\/pi3g.com\/wp-content\/uploads\/2020\/08\/kamami_logo.png\" alt=\"kamami.pl\" itemprop=\"image\" height=\"117\" width=\"289\" title=\"kamami.pl\" onerror=\"this.style.display='none'\"  \/>\n\t\t\t\t<\/a>\n\t\tkamami.pl\n<h2>\n\t\tIsrael\n\t<\/h2>\n\t\t\t\t<img loading=\"lazy\" decoding=\"async\" src=\"https:\/\/pi3g.com\/wp-content\/uploads\/2021\/01\/Logo-Piitel-tranparant-300x190.png\" alt=\"Piitel.co.il (Israel)\" itemprop=\"image\" height=\"190\" width=\"300\" title=\"Piitel\" onerror=\"this.style.display='none'\"  \/>\n\t\tPiitel.co.il (Israel)\n<h2>\n\t\tItalien\n\t<\/h2>\n\t\t\t\t<a href=\"https:\/\/www.kubii.it\/accessori\/3069-google-coral-usb-acceleratore-edge-ia-3272496302686.html\" target=\"_self\" itemprop=\"url\" rel=\"noopener\">\n\t\t\t\t<img loading=\"lazy\" decoding=\"async\" src=\"https:\/\/pi3g.com\/wp-content\/uploads\/2021\/01\/kubii-logo-1590419280.png\" alt=\"Kubii.it\" itemprop=\"image\" height=\"100\" width=\"225\" title=\"kubii-logo-1590419280\" onerror=\"this.style.display='none'\"  \/>\n\t\t\t\t<\/a>\n\t\tKubii.it\n<h2>\n\t\tSpanien und Portugal\n\t<\/h2>\n\t\t\t\t<a href=\"https:\/\/www.tiendatec.es\/raspberry-pi\/ai-raspberry-pi\/1257-google-coral-usb-accelerator-842776110077.html\" target=\"_self\" itemprop=\"url\" rel=\"noopener\">\n\t\t\t\t<img loading=\"lazy\" decoding=\"async\" src=\"https:\/\/pi3g.com\/wp-content\/uploads\/2020\/07\/tiendatec_logo.jpg\" alt=\"tiendatec.es\" itemprop=\"image\" height=\"125\" width=\"500\" title=\"tiendatec_logo\" onerror=\"this.style.display='none'\"  \/>\n\t\t\t\t<\/a>\n\t\ttiendatec.es\n<h2>\n\t\tVereinigtes K\u00f6nigreich und Irland\n\t<\/h2>\n\t\t\t\t<a href=\"https:\/\/thepihut.com\/products\/coral-usb-accelerator\" target=\"_self\" itemprop=\"url\" rel=\"noopener\">\n\t\t\t\t<img loading=\"lazy\" decoding=\"async\" src=\"https:\/\/pi3g.com\/wp-content\/uploads\/2020\/08\/thepihut-logo-300x100.png\" alt=\"thepihut.com\" itemprop=\"image\" height=\"100\" width=\"300\" title=\"thepihut.com\" onerror=\"this.style.display='none'\"  \/>\n\t\t\t\t<\/a>\n\t\tthepihut.com\n\t<h3>Zus\u00e4tzliche rechtliche Informationen<\/h3>\n<p>Die von Google angebotenen Produkte haben nichts mit den Produkten zu tun, die unter den CORAL-Marken der Orient Development Enterprises Ltd. in Taiwan angeboten werden.<\/p>","protected":false},"excerpt":{"rendered":"<p>Coral Mini PCIe Accelerator Der Coral Mini PCIe Accelerator ist ein Mini-PCIe-Modul in halber Gr\u00f6\u00dfe, das den Edge TPU-Coprozessor in bestehende Systeme und Produkte mit einem verf\u00fcgbaren Mini-PCIe-Steckplatz einbindet. Der integrierte Edge TPU-Coprozessor ist in der Lage,...<\/p>","protected":false},"author":492,"featured_media":0,"parent":27267,"menu_order":0,"comment_status":"closed","ping_status":"closed","template":"","meta":{"footnotes":"","_links_to":"","_links_to_target":""},"class_list":["post-29271","page","type-page","status-publish","hentry"],"_links":{"self":[{"href":"https:\/\/pi3g.com\/de\/wp-json\/wp\/v2\/pages\/29271","targetHints":{"allow":["GET"]}}],"collection":[{"href":"https:\/\/pi3g.com\/de\/wp-json\/wp\/v2\/pages"}],"about":[{"href":"https:\/\/pi3g.com\/de\/wp-json\/wp\/v2\/types\/page"}],"author":[{"embeddable":true,"href":"https:\/\/pi3g.com\/de\/wp-json\/wp\/v2\/users\/492"}],"replies":[{"embeddable":true,"href":"https:\/\/pi3g.com\/de\/wp-json\/wp\/v2\/comments?post=29271"}],"version-history":[{"count":7,"href":"https:\/\/pi3g.com\/de\/wp-json\/wp\/v2\/pages\/29271\/revisions"}],"predecessor-version":[{"id":29645,"href":"https:\/\/pi3g.com\/de\/wp-json\/wp\/v2\/pages\/29271\/revisions\/29645"}],"up":[{"embeddable":true,"href":"https:\/\/pi3g.com\/de\/wp-json\/wp\/v2\/pages\/27267"}],"wp:attachment":[{"href":"https:\/\/pi3g.com\/de\/wp-json\/wp\/v2\/media?parent=29271"}],"curies":[{"name":"wp","href":"https:\/\/api.w.org\/{rel}","templated":true}]}}