{"id":29263,"date":"2022-10-21T11:16:56","date_gmt":"2022-10-21T09:16:56","guid":{"rendered":"https:\/\/pi3g.com\/?page_id=29263"},"modified":"2022-10-21T11:22:37","modified_gmt":"2022-10-21T09:22:37","slug":"aiy-maker","status":"publish","type":"page","link":"https:\/\/pi3g.com\/de\/products\/machine-learning\/google-coral\/aiy-maker\/","title":{"rendered":"AIY Maker Kit"},"content":{"rendered":"<h1>\n\t\tAIY Voice Kit v2AIY Maker Kit (enth\u00e4lt Raspberry Pi + Coral USB Accelerator)\n\t<\/h1>\n<h3>\n\t\tDas AIY Maker Kit ist ein Rezeptbuch f\u00fcr Do-it-yourself-Projekte im Bereich der K\u00fcnstlichen Intelligenz (KI)\n\t<\/h3>\n\t\t\t\t<a href=\"#resellers\" target=\"_self\" itemprop=\"url\" rel=\"noopener\">\n\t\t\t\t<img loading=\"lazy\" decoding=\"async\" src=\"https:\/\/pi3g.com\/wp-content\/uploads\/2022\/10\/AIY-Maker-Kit_1100x.jpg\" alt=\"AIY-Macher-Kit_1100x\" itemprop=\"image\" height=\"513\" width=\"1100\" title=\"AIY-Macher-Kit_1100x\" onerror=\"this.style.display='none'\"  \/>\n\t\t\t\t<\/a>\n\t\t<h3><a href=\"#resellers\" target=\"_self\" rel=\"noopener\"><\/a><\/h3>\t\t\n\t\t\t<p>Das AIY Maker Kit ist ein Rezeptbuch f\u00fcr Do-it-yourself-Projekte im Bereich K\u00fcnstliche Intelligenz (KI). Es richtet sich an Maker und Anf\u00e4nger, die ihre Projekte zum maschinellen Lernen (ML) vereinfachen wollen.<\/p>\n<p>Google hat ein benutzerdefiniertes Raspberry Pi-Bild mit trainierten Modellen und Projekttutorials erstellt, in denen Sie lernen, wie Sie ML-Aufgaben wie Objekterkennung, Posen-Klassifizierung und Spracherkennung einfach durchf\u00fchren k\u00f6nnen. Es gibt auch Tutorials, die Ihnen zeigen, wie Sie benutzerdefinierte ML-Modelle f\u00fcr Bild- und Tonverarbeitung trainieren k\u00f6nnen.<\/p>\n<p>Dies ist ein gutes Geschenk f\u00fcr Menschen, die sich f\u00fcr Do It Yourself-Projekte interessieren und neugierig auf maschinelles Lernen und Spracherkennung sind. Auch als Schul- oder Universit\u00e4tsprojekt von Interesse.<\/p>\n<p><a href=\"https:\/\/pi3g.com\/de\/kontakt\/\">Kontaktieren Sie uns f\u00fcr Bildungsrabatte und Beratung<\/a>.<\/p>\n\t\t\t<a href=\"#resellers\" target=\"_self\" role=\"button\" rel=\"noopener\">\n\t\t\t\t\t\tKaufen Sie bei unseren Wiederverk\u00e4ufern\n\t\t\t\t\t<\/a>\n\t\t\t\t\t<a href=\"#\" id=\"fl-tabs--label-0\" data-index=\"0\" aria-selected=\"true\" aria-controls=\"fl-tabs--panel-0\" aria-expanded=\"true\" role=\"tab\" tabindex=\"0\">\t\t\t\tTechnische Daten\t\t\t<\/a>\n\t\t\t\t\t<a href=\"#\" id=\"fl-tabs--label-1\" data-index=\"1\" aria-selected=\"false\" aria-controls=\"fl-tabs--panel-1\" aria-expanded=\"false\" role=\"tab\" tabindex=\"0\">\t\t\t\tN\u00fctzliche Links &amp; Dokumentation\t\t\t<\/a>\n\t\t\t\t\t<a href=\"#\" id=\"fl-tabs--label-2\" data-index=\"2\" aria-selected=\"false\" aria-controls=\"fl-tabs--panel-2\" aria-expanded=\"false\" role=\"tab\" tabindex=\"0\">\t\t\t\tInformationen f\u00fcr Wiederverk\u00e4ufer\t\t\t<\/a>\n\t\t\t\t\t<a href=\"#\" id=\"fl-tabs--label-3\" data-index=\"3\" aria-selected=\"false\" aria-controls=\"fl-tabs--panel-3\" aria-expanded=\"false\" role=\"tab\" tabindex=\"0\">\t\t\t\tPresseinformationen und -mittel\t\t\t<\/a>\n\t\t\t\tTechnische Daten\n\t\t\t\t\t\t\t<h3>TBD<\/h3>\n<h3>Verpackungsinhalt (AIY Voice Kit v2)<\/h3>\n<ul>\n<li>Stimme Motorhaube<\/li>\n<li>Raspberry Pi Zero WH<\/li>\n<li>Sprecher<\/li>\n<li>MicroSD-Karte<\/li>\n<li>Druckknopf<\/li>\n<li>Knopfmutter<\/li>\n<li>Knopfgesteuertes Geschirr<\/li>\n<li>Abstandshalter<\/li>\n<li>Micro-USB-Kabel<\/li>\n<li>Lautsprecherboxen aus Karton<\/li>\n<li>Interner Rahmenkarton<\/li>\n<\/ul>\n<p>Bitte beachten Sie, dass das 2,5-A-Netzteil (empfohlen) nicht im Lieferumfang enthalten ist - bitte besorgen Sie sich eines, wenn Sie\u00a0<a href=\"#resellers\">dieses Voice-Kit bestellen<\/a>\u00a0von einem unserer Wiederverk\u00e4ufer.<\/p>\nBen\u00f6tigte Zeit zum Bauen: 1,5 Stunden<br \/>\nAlter: 14+\n<p>Google Teilenummer: G950-00865-01<\/p>\n\t\t\t\tN\u00fctzliche Links &amp; Dokumentation\n\t\t\t\t\t\t\t<h3>Online-Dokumentation<\/h3>\n<ul>\n<li><a href=\"https:\/\/aiyprojects.withgoogle.com\/voice\/\">Google Montageanleitung &amp; Hauptseite \u00fcber das AIY Voice Kit v2<\/a><\/li>\n<li><a href=\"https:\/\/aiyprojects.withgoogle.com\/voice\/#makers-guide\">\u00dcberblick \u00fcber die Python-API-Bibliothek<\/a><\/li>\n<li><a href=\"https:\/\/aiyprojects.readthedocs.io\/en\/latest\/index.html\">Dokumentation der Python-API-Bibliothek<\/a><\/li>\n<li><a href=\"https:\/\/aiyprojects.withgoogle.com\/voice\/#makers-guide--gpio-header-pinout\">Voice Bonnet Dokumentation<\/a><\/li>\n<li><a href=\"https:\/\/aiyprojects.withgoogle.com\/voice\/#more-info--system-updates\">SD-Karten-Software<\/a><\/li>\n<\/ul>\n<p>&nbsp;<\/p>\n\t\t\t\tInformationen f\u00fcr Wiederverk\u00e4ufer\n\t\t\t\t\t\t\t<h3>N\u00fctzliche Links<\/h3>\n<ul>\n<li><a href=\"https:\/\/pi3g.com\/de\/files\/10.7.2020-google-aiy-coral-usb-photos-cc0.zip\/\">Produktfotos herunterladen<\/a> (CC0 lizenziert, 104 MB .zip Datei)<\/li>\n<li><a href=\"https:\/\/pi3g.com\/de\/kontakt\/\">Fragen Sie an, um Wiederverk\u00e4ufer zu werden<\/a><\/li>\n<\/ul>\n<strong>pi3g-Bestellnummer:<br \/>\n<\/strong>google-voice<strong><br \/>\n<\/strong>\n<strong>GTIN \/ EAN \/ UPC:<br \/>\n<\/strong>842776105257\n<strong>Google Teilenummer:<\/strong><br \/>\nG950-00865-01\n<strong>Beschreibung des Teils:<\/strong><br \/>\nDo-it-yourself-Lautsprecher. Experimentieren Sie mit der Spracherkennung und dem Google Assistant.\n<strong>Handelsname:<\/strong><br \/>\nAIY Stimmen-Kit\n<strong>MSRP $:<\/strong><br \/>\n$49.99\n<strong>Ihren Einkaufspreis und Ihre Handelsspanne:<br \/>\n<\/strong><a href=\"https:\/\/pi3g.com\/de\/kontakt\/\">Fragen Sie uns, ob Sie Wiederverk\u00e4ufer werden m\u00f6chten \/ kontaktieren Sie unser Verkaufsteam<\/a>\n<strong>MOQ:<\/strong><br \/>\n48\n<strong>Erlaubtes Verkaufsgebiet<\/strong><br \/>\nBitte <a href=\"https:\/\/pi3g.com\/wp-content\/uploads\/2020\/06\/Coral-Product-Certifications-by-SKU-Voice-Kit.pdf\">das PDF der Zertifizierung einsehen<\/a>.\n<p>Insbesondere sind diese Produkte vom Verkauf in folgende L\u00e4nder ausgeschlossen <strong>Frankreich<\/strong>und mehrere Embargol\u00e4nder, darunter <strong>China<\/strong>.<\/p>\n\n<strong>Standard Packungsgr\u00f6\u00dfe:<br \/>\n<\/strong>16\n<strong>Verpackungsgr\u00f6\u00dfe (Einzelst\u00fcck):<br \/>\n<\/strong>286 x 221 x 39 mm\n<strong>Produktgewicht:<br \/>\n<\/strong>430 g\n<strong>ECCN-Nummer:<\/strong><br \/>\nEAR99\n<strong>HTS-Code:<\/strong><br \/>\nEU HTS: 8543709099<br \/>\nUS HTS: 8543709960\n<strong>Herkunftsland:<\/strong><br \/>\nChina\n<strong>Ist das Teil statisch empfindlich?<\/strong><br \/>\nJa\n<strong>Ist das Teil frei von Blei (Pb)?<\/strong><br \/>\nJa\n<strong>Ist das Teil RoHS-konform?<br \/>\n<\/strong>Ja\n<strong>Ausnahmsweise RoHS-konform?<\/strong><br \/>\nNein\n<strong>Enth\u00e4lt das Teil Lithium?<br \/>\n<\/strong>Nein\n<p>&nbsp;<\/p>\n\t\t\t\tPresseinformationen und -mittel\n\t\t\t\t\t\t\t<h3>Produktbilder herunterladen<\/h3>\n<p><a href=\"https:\/\/pi3g.com\/de\/files\/10.7.2020-google-aiy-coral-usb-photos-cc0.zip\/\">Laden Sie hier CC0-lizenzierte hochaufl\u00f6sende JPG-Fotos von Google AIY Voice v2, Vision und Google Coral USB herunter<\/a> (.zip, 104 MB)<\/p>\n<p>Wir w\u00fcrden uns \u00fcber einen Backlink oder die Erw\u00e4hnung unseres Firmennamens (pi3g e.K.) als europ\u00e4ischer Distributor und Google Coral Partner freuen, wenn m\u00f6glich.<\/p>\n<h3>Zuvor erschienen in:<\/h3>\n<ul>\n<li>Zeitschrift MagPi: \"<a href=\"https:\/\/pi3g.com\/wp-content\/uploads\/2020\/08\/028-029-MagPi97_DIGITAL.pdf\">F\u00fcgen Sie AI zu Ihrem Projekt hinzu &amp; pi3g liefert das Kit<\/a>\" (PDF)<\/li>\n<\/ul>\n<h3>Kostenlose Produktmuster &amp; Presseanfragen<\/h3>\n<p><a href=\"https:\/\/pi3g.com\/de\/kontakt\/\">Kontaktieren Sie uns f\u00fcr Presseanfragen und kostenlose Produktproben f\u00fcr akkreditierte Journalisten, Blogger und YouTuber<\/a>.<\/p>\n<h1>\n\t\tWiederverk\u00e4ufer\n\t<\/h1>\n<h2>\n\t\tGlobale Wiederverk\u00e4ufer\n\t<\/h2>\n\t\t\t\t<a href=\"https:\/\/buyzero.de\/products\/google-aiy-voice-kit-v2?variant=31907626123366\" target=\"_self\" itemprop=\"url\" rel=\"noopener\">\n\t\t\t\t<img loading=\"lazy\" decoding=\"async\" src=\"https:\/\/pi3g.com\/wp-content\/uploads\/2020\/07\/buyzero_raspberry_pi_shop_deutschland.jpg\" alt=\"buyzero.de\" itemprop=\"image\" height=\"130\" width=\"500\" title=\"buyzero_raspberry_pi_shop_deutschland\" onerror=\"this.style.display='none'\"  \/>\n\t\t\t\t<\/a>\n\t\tbuyzero.de\n\t\t\t\t<a href=\"https:\/\/thepihut.com\/products\/aiy-voice-kit-v2-includes-raspberry-pi-zero-wh\" target=\"_self\" itemprop=\"url\" rel=\"noopener\">\n\t\t\t\t<img loading=\"lazy\" decoding=\"async\" src=\"https:\/\/pi3g.com\/wp-content\/uploads\/2020\/08\/thepihut-logo-300x100.png\" alt=\"thepihut.com\" itemprop=\"image\" height=\"100\" width=\"300\" title=\"thepihut.com\" onerror=\"this.style.display='none'\"  \/>\n\t\t\t\t<\/a>\n\t\tthepihut.com\n\t\t\t\t<a href=\"https:\/\/www.berrybase.de\/detail\/index\/sArticle\/6724\" target=\"_self\" itemprop=\"url\" rel=\"noopener\">\n\t\t\t\t<img loading=\"lazy\" decoding=\"async\" src=\"https:\/\/pi3g.com\/wp-content\/uploads\/2020\/08\/Logo-BerryBase_farbig-mitClaim.png\" alt=\"berrybase.de\" itemprop=\"image\" height=\"130\" width=\"340\" title=\"Logo-BerryBase_farbig-mitClaim\" onerror=\"this.style.display='none'\"  \/>\n\t\t\t\t<\/a>\n\t\tberrybase.de\n\t\t\t\t<a href=\"https:\/\/shop.pimoroni.com\/products\/google-aiy-voice-kit-v2\" target=\"_self\" itemprop=\"url\" rel=\"noopener\">\n\t\t\t\t<img loading=\"lazy\" decoding=\"async\" src=\"https:\/\/pi3g.com\/wp-content\/uploads\/2020\/08\/pimoroni-logo-large-300x56.jpg\" alt=\"pimoroni.de\" itemprop=\"image\" height=\"56\" width=\"300\" title=\"pimoroni.de\" onerror=\"this.style.display='none'\"  \/>\n\t\t\t\t<\/a>\n\t\tpimoroni.de\n<h2>\n\t\tDeutschland, \u00d6sterreich und Schweiz\n\t<\/h2>\n\t\t\t\t<a href=\"https:\/\/buyzero.de\/products\/google-aiy-voice-kit-v2?variant=31907626123366\" target=\"_self\" itemprop=\"url\" rel=\"noopener\">\n\t\t\t\t<img loading=\"lazy\" decoding=\"async\" src=\"https:\/\/pi3g.com\/wp-content\/uploads\/2020\/07\/buyzero_raspberry_pi_shop_deutschland-300x78.jpg\" alt=\"buyzero.de\" itemprop=\"image\" height=\"78\" width=\"300\" title=\"buyzero_raspberry_pi_shop_deutschland\" onerror=\"this.style.display='none'\"  \/>\n\t\t\t\t<\/a>\n\t\tbuyzero.de\n\t\t\t\t<a href=\"https:\/\/www.welectron.com\/Google-AIY-Voice-Kit-V2\" target=\"_self\" itemprop=\"url\" rel=\"noopener\">\n\t\t\t\t<img loading=\"lazy\" decoding=\"async\" src=\"https:\/\/pi3g.com\/wp-content\/uploads\/2020\/06\/Logo-small.png\" alt=\"Welectron\" itemprop=\"image\" height=\"131\" width=\"748\" title=\"Welectron Logo\" onerror=\"this.style.display='none'\"  \/>\n\t\t\t\t<\/a>\n\t\twelectron.de\n\t\t\t\t<a href=\"https:\/\/www.berrybase.de\/detail\/index\/sArticle\/6724\" target=\"_self\" itemprop=\"url\" rel=\"noopener\">\n\t\t\t\t<img loading=\"lazy\" decoding=\"async\" src=\"https:\/\/pi3g.com\/wp-content\/uploads\/2020\/08\/Logo-BerryBase_farbig-mitClaim.png\" alt=\"berrybase.de\" itemprop=\"image\" height=\"130\" width=\"340\" title=\"Logo-BerryBase_farbig-mitClaim\" onerror=\"this.style.display='none'\"  \/>\n\t\t\t\t<\/a>\n\t\tberrybase.de\n\t\t\t\t<a href=\"https:\/\/www.pollin.de\/p\/google-aiy-voice-kit-v2-maschinelles-lernen-zum-selbermachen-811222\" target=\"_self\" itemprop=\"url\" rel=\"noopener\">\n\t\t\t\t<img loading=\"lazy\" decoding=\"async\" src=\"https:\/\/pi3g.com\/wp-content\/uploads\/2020\/08\/Pollin-300x97.png\" alt=\"pollin.de\" itemprop=\"image\" height=\"97\" width=\"300\" title=\"pollin.de\" onerror=\"this.style.display='none'\"  \/>\n\t\t\t\t<\/a>\n\t\tpollin.de\n\t\t\t\t<a href=\"https:\/\/shop.funk24.net\/google-aiy-voice-kit\" target=\"_self\" itemprop=\"url\" rel=\"noopener\">\n\t\t\t\t<img loading=\"lazy\" decoding=\"async\" src=\"https:\/\/pi3g.com\/wp-content\/uploads\/2020\/08\/funk24-300x144.png\" alt=\"funk24.net\" itemprop=\"image\" height=\"144\" width=\"300\" title=\"funk24.net\" onerror=\"this.style.display='none'\"  \/>\n\t\t\t\t<\/a>\n\t\tfunk24.net\n\t\t\t\t<a href=\"https:\/\/www.conrad.de\/de\/p\/google-aiy-voice-kit-v2-raspberry-pi-zero-wh-512-mb-1-x-1-0-ghz-inkl-controller-inkl-gehaeuse-2274873.html\" target=\"_self\" itemprop=\"url\" rel=\"noopener\">\n\t\t\t\t<img loading=\"lazy\" decoding=\"async\" src=\"https:\/\/pi3g.com\/wp-content\/uploads\/2020\/08\/logo-conrad-300x77.png\" alt=\"conrad.de\" itemprop=\"image\" height=\"77\" width=\"300\" title=\"conrad.de\" onerror=\"this.style.display='none'\"  \/>\n\t\t\t\t<\/a>\n\t\tconrad.de\n\t\t\t\t<a href=\"https:\/\/www.elektor.de\/google-aiy-voice-kit-v2-0-for-raspberry-pi\" target=\"_self\" itemprop=\"url\" rel=\"noopener\">\n\t\t\t\t<img loading=\"lazy\" decoding=\"async\" src=\"https:\/\/pi3g.com\/wp-content\/uploads\/2020\/08\/elektor-logo-300x99.png\" alt=\"elektor.de\" itemprop=\"image\" height=\"99\" width=\"300\" title=\"elektor.de\" onerror=\"this.style.display='none'\"  \/>\n\t\t\t\t<\/a>\n\t\telektor.de\n\t\t\t\t<a href=\"http:\/\/www.reichelt.de\/google-aiy-voice-kit-v2-inkl-raspberry-pi-zero-wh-rpi-aiy-voice-p287947.html?&#038;trstct=pol_1&#038;nbc=1\" target=\"_self\" itemprop=\"url\" rel=\"noopener\">\n\t\t\t\t<img loading=\"lazy\" decoding=\"async\" src=\"https:\/\/pi3g.com\/wp-content\/uploads\/2020\/08\/reichelt-300x61.png\" alt=\"reichelt.de\" itemprop=\"image\" height=\"61\" width=\"300\" title=\"reichelt.de\" onerror=\"this.style.display='none'\"  \/>\n\t\t\t\t<\/a>\n\t\treichelt.de\n<h2>\n\t\tD\u00e4nemark, Norwegen, Schweden und Finnland (+ baltische L\u00e4nder)\n\t<\/h2>\n\t\t\t\t<a href=\"https:\/\/raspberrypi.dk\/en\/product\/google-aiy-voice-kit-v2-for-raspberry-pi\/\" target=\"_self\" itemprop=\"url\" rel=\"noopener\">\n\t\t\t\t<img loading=\"lazy\" decoding=\"async\" src=\"https:\/\/pi3g.com\/wp-content\/uploads\/2020\/07\/Jkollerup_dk.png\" alt=\"raspberrypi.dk\" itemprop=\"image\" height=\"126\" width=\"500\" title=\"raspberrypi.dk\" onerror=\"this.style.display='none'\"  \/>\n\t\t\t\t<\/a>\n\t\traspberrypi.dk\n<h2>\n\t\tNiederlande und Belgien\n\t<\/h2>\n\t\t\t\t<a href=\"https:\/\/www.raspberrystore.nl\/PrestaShop\/complete-sets\/288-aiy-voice-kit-v2-842776105257.html?utm_source=Pi3g\" target=\"_self\" itemprop=\"url\" rel=\"noopener\">\n\t\t\t\t<img loading=\"lazy\" decoding=\"async\" src=\"https:\/\/pi3g.com\/wp-content\/uploads\/2020\/06\/raspberrystore.nl_.jpg\" alt=\"raspberrystore.nl\" itemprop=\"image\" height=\"196\" width=\"725\" title=\"raspberrystore.nl\" onerror=\"this.style.display='none'\"  \/>\n\t\t\t\t<\/a>\n\t\traspberrystore.nl\n\t\t\t\t<a href=\"https:\/\/www.elektor.nl\/google-aiy-voice-kit-v2-0-for-raspberry-pi\" target=\"_self\" itemprop=\"url\" rel=\"noopener\">\n\t\t\t\t<img loading=\"lazy\" decoding=\"async\" src=\"https:\/\/pi3g.com\/wp-content\/uploads\/2020\/08\/elektor-logo-1-300x99.png\" alt=\"elektor.nl\" itemprop=\"image\" height=\"99\" width=\"300\" title=\"elektor.nl\" onerror=\"this.style.display='none'\"  \/>\n\t\t\t\t<\/a>\n\t\telektor.nl\n<h2>\n\t\tPolen\n\t<\/h2>\n\t\t\t\t<a href=\"https:\/\/botland.com.pl\/en\/modules-and-kits-raspberry-pi-is-zero\/17115-google-aiy-voice-kit-v2-voice-recognition-module-raspberry-pi-zero-wh-842776105257.html\" target=\"_self\" itemprop=\"url\" rel=\"noopener\">\n\t\t\t\t<img loading=\"lazy\" decoding=\"async\" src=\"https:\/\/pi3g.com\/wp-content\/uploads\/2020\/07\/logo_botland-300x68.jpg\" alt=\"botland.com.pl\" itemprop=\"image\" height=\"68\" width=\"300\" title=\"botland.com.pl\" onerror=\"this.style.display='none'\"  \/>\n\t\t\t\t<\/a>\n\t\tbotland.com.pl\n<h2>\n\t\tSpanien und Portugal\n\t<\/h2>\n\t\t\t\t<a href=\"https:\/\/www.tiendatec.es\/raspberry-pi\/ai-raspberry-pi\/698-google-aiy-voice-kit-v2-842776105257.html\" target=\"_self\" itemprop=\"url\" rel=\"noopener\">\n\t\t\t\t<img loading=\"lazy\" decoding=\"async\" src=\"https:\/\/pi3g.com\/wp-content\/uploads\/2020\/07\/tiendatec_logo.jpg\" alt=\"tiendatec.es\" itemprop=\"image\" height=\"125\" width=\"500\" title=\"tiendatec_logo\" onerror=\"this.style.display='none'\"  \/>\n\t\t\t\t<\/a>\n\t\ttiendatec.es\n<h2>\n\t\tVereinigtes K\u00f6nigreich und Irland\n\t<\/h2>\n\t\t\t\t<a href=\"https:\/\/thepihut.com\/products\/aiy-voice-kit-v2-includes-raspberry-pi-zero-wh\" target=\"_self\" itemprop=\"url\" rel=\"noopener\">\n\t\t\t\t<img loading=\"lazy\" decoding=\"async\" src=\"https:\/\/pi3g.com\/wp-content\/uploads\/2020\/08\/thepihut-logo-300x100.png\" alt=\"thepihut.com\" itemprop=\"image\" height=\"100\" width=\"300\" title=\"thepihut.com\" onerror=\"this.style.display='none'\"  \/>\n\t\t\t\t<\/a>\n\t\tthepihut.com\n\t\t\t\t<a href=\"https:\/\/shop.pimoroni.com\/products\/google-aiy-voice-kit-v2\" target=\"_self\" itemprop=\"url\" rel=\"noopener\">\n\t\t\t\t<img loading=\"lazy\" decoding=\"async\" src=\"https:\/\/pi3g.com\/wp-content\/uploads\/2020\/08\/pimoroni-logo-large-300x56.jpg\" alt=\"pimoroni.de\" itemprop=\"image\" height=\"56\" width=\"300\" title=\"pimoroni.de\" onerror=\"this.style.display='none'\"  \/>\n\t\t\t\t<\/a>\n\t\tpimoroni.de","protected":false},"excerpt":{"rendered":"<p>AIY Voice Kit v2AIY Maker Kit (enth\u00e4lt Raspberry Pi + Coral USB Accelerator) Das AIY Maker Kit ist ein Rezeptbuch f\u00fcr Do-it-yourself-Projekte im Bereich der K\u00fcnstlichen Intelligenz (KI) Das AIY Maker Kit ist ein Rezeptbuch f\u00fcr Do-it-yourself-Projekte im Bereich der K\u00fcnstlichen Intelligenz (KI). Es richtet sich an Maker und Anf\u00e4nger, die ihre Maschinenprojekte vereinfachen wollen...<\/p>","protected":false},"author":492,"featured_media":0,"parent":27267,"menu_order":0,"comment_status":"closed","ping_status":"closed","template":"","meta":{"footnotes":"","_links_to":"","_links_to_target":""},"class_list":["post-29263","page","type-page","status-publish","hentry"],"_links":{"self":[{"href":"https:\/\/pi3g.com\/de\/wp-json\/wp\/v2\/pages\/29263","targetHints":{"allow":["GET"]}}],"collection":[{"href":"https:\/\/pi3g.com\/de\/wp-json\/wp\/v2\/pages"}],"about":[{"href":"https:\/\/pi3g.com\/de\/wp-json\/wp\/v2\/types\/page"}],"author":[{"embeddable":true,"href":"https:\/\/pi3g.com\/de\/wp-json\/wp\/v2\/users\/492"}],"replies":[{"embeddable":true,"href":"https:\/\/pi3g.com\/de\/wp-json\/wp\/v2\/comments?post=29263"}],"version-history":[{"count":3,"href":"https:\/\/pi3g.com\/de\/wp-json\/wp\/v2\/pages\/29263\/revisions"}],"predecessor-version":[{"id":29267,"href":"https:\/\/pi3g.com\/de\/wp-json\/wp\/v2\/pages\/29263\/revisions\/29267"}],"up":[{"embeddable":true,"href":"https:\/\/pi3g.com\/de\/wp-json\/wp\/v2\/pages\/27267"}],"wp:attachment":[{"href":"https:\/\/pi3g.com\/de\/wp-json\/wp\/v2\/media?parent=29263"}],"curies":[{"name":"wp","href":"https:\/\/api.w.org\/{rel}","templated":true}]}}