{"id":29225,"date":"2022-10-14T13:09:33","date_gmt":"2022-10-14T11:09:33","guid":{"rendered":"https:\/\/pi3g.com\/?page_id=29225"},"modified":"2023-10-31T13:41:38","modified_gmt":"2023-10-31T12:41:38","slug":"asus-ai-accelerator-pcie-card","status":"publish","type":"page","link":"https:\/\/pi3g.com\/de\/products\/machine-learning\/google-coral\/asus-ai-accelerator-pcie-card\/","title":{"rendered":"ASUS AI Accelerator PCIe-Karte"},"content":{"rendered":"<h1>\n\t\t<a href=\"#begin\" title=\"ASUS AI Accelerator PCIe-Karte\" target=\"_self\" rel=\"noopener\">\n\t\tASUS AI Accelerator PCIe-Karte\n\t\t<\/a>\n\t<\/h1>\n<h3>\n\t\t<a href=\"#begin\" title=\"Die ASUS AI Accelerator PCIe Card ist die erste PCI Express\u00ae Erweiterungskarte mit mehreren Coral Edge TPUs f\u00fcr AI Inferencing am Rande.\" target=\"_self\" rel=\"noopener\">\n\t\tDie ASUS AI Accelerator PCIe Card ist die erste PCI Express\u00ae Erweiterungskarte mit mehreren Coral Edge TPUs f\u00fcr AI Inferencing am Rande.\n\t\t<\/a>\n\t<\/h3>\n\t\t\t\t<a href=\"#resellers\" target=\"_self\" itemprop=\"url\" rel=\"noopener\">\n\t\t\t\t<img loading=\"lazy\" decoding=\"async\" src=\"https:\/\/pi3g.com\/wp-content\/uploads\/bb-plugin\/cache\/aalwr7ezgbvwtsxg_setting_xxx_0_90_end_500-landscape.png\" alt=\"aalwr7ezgbvwtsxg_setting_xxx_0_90_end_500\" itemprop=\"image\" height=\"500\" width=\"500\" title=\"aalwr7ezgbvwtsxg_setting_xxx_0_90_end_500\" onerror=\"this.style.display='none'\"  \/>\n\t\t\t\t<\/a>\n\t\t<h2><a href=\"#resellers\" target=\"_self\" rel=\"noopener\"><\/a><\/h2>\t\t\n\t\t\t<p>F\u00fcr hochleistungsf\u00e4hige Inferencing-Anwendungen im Edge-Bereich bietet ASUS mit dieser PCIe-Gen3-KI-Beschleunigerkarte eine L\u00f6sung, die auf den Google\u00ae Coral Edge TPU-Prozessoren basiert. <\/p>\n\n\t\t\t<a href=\"#resellers\" target=\"_self\" role=\"button\" rel=\"noopener\">\n\t\t\t\t\t\tKaufen Sie bei unseren Wiederverk\u00e4ufern\n\t\t\t\t\t<\/a>\n\t\t\t<a href=\"https:\/\/buyzero.de\/collections\/google-aiy-coral\/products\/ai-accelerator-card-pcie-3-0x16-crl-g18u-p3df\" target=\"_self\" role=\"button\" rel=\"noopener\">\n\t\t\t\t\t\tKaufen bei buyzero.de (pi3g official shop)\n\t\t\t\t\t<\/a>\n\t\t\t<a href=\"https:\/\/pi3g.com\/de\/kontakt\/\" target=\"_self\" role=\"button\" rel=\"noopener\">\n\t\t\t\t\t\tVolumenanfrage\n\t\t\t\t\t<\/a>\n\t\t\t\t\t<a href=\"#\" id=\"fl-tabs--label-0\" data-index=\"0\" aria-selected=\"true\" aria-controls=\"fl-tabs--panel-0\" aria-expanded=\"true\" role=\"tab\" tabindex=\"0\">\t\t\t\tTechnische Daten\t\t\t<\/a>\n\t\t\t\t\t<a href=\"#\" id=\"fl-tabs--label-1\" data-index=\"1\" aria-selected=\"false\" aria-controls=\"fl-tabs--panel-1\" aria-expanded=\"false\" role=\"tab\" tabindex=\"0\">\t\t\t\tN\u00fctzliche Links &amp; Dokumentation\t\t\t<\/a>\n\t\t\t\t\t<a href=\"#\" id=\"fl-tabs--label-2\" data-index=\"2\" aria-selected=\"false\" aria-controls=\"fl-tabs--panel-2\" aria-expanded=\"false\" role=\"tab\" tabindex=\"0\">\t\t\t\tInformationen f\u00fcr Wiederverk\u00e4ufer\t\t\t<\/a>\n\t\t\t\t\t<a href=\"#\" id=\"fl-tabs--label-3\" data-index=\"3\" aria-selected=\"false\" aria-controls=\"fl-tabs--panel-3\" aria-expanded=\"false\" role=\"tab\" tabindex=\"0\">\t\t\t\tPresseinformationen und -mittel\t\t\t<\/a>\n\t\t\t\tTechnische Daten\n\t\t\t\t\t\t\t<p>F\u00fcr hochleistungsf\u00e4hige Inferencing-Anwendungen im Edge-Bereich bietet ASUS mit dieser PCIe-Gen3-KI-Beschleunigerkarte eine L\u00f6sung, die auf den Google\u00ae Coral Edge TPU-Prozessoren basiert. <\/p>\n<p>Das CRL-G18U-P3DF verf\u00fcgt \u00fcber 8 Google\u00ae Coral Edge TPU M.2-Module f\u00fcr eine Gesamtleistung von 32 TOPS bei einem Spitzenstromverbrauch von 36 W. <\/p>\n<p>Die Coral TPUs unterst\u00fctzen das TensorFlow Lite Framework f\u00fcr maschinelles Lernen. Jede Coral TPU bietet bis zu 4 TOPS. Dank der Pipelining-Funktion der Coral-Plattform k\u00f6nnen Sie verschiedene Segmente desselben Modells auf verschiedenen Edge TPUs ausf\u00fchren. Auf diese Weise k\u00f6nnen Sie komplexere Modelle effizient ausf\u00fchren und die Ausf\u00fchrung noch weiter beschleunigen. <\/p>\n<p>Oder verwenden Sie dieses Ger\u00e4t einfach in einem Desktop-Computer Ihrer Wahl, um ML-Inferencing auf mehreren separaten Videostr\u00f6men durchzuf\u00fchren. <\/p>\n<p>Die beiden Turbol\u00fcfter optimieren die W\u00e4rmeableitung f\u00fcr die Coral TPUs, so dass Ihre Machine-Learning-Modelle reibungslos laufen, ohne dass es zu thermischen Problemen aufgrund von \u00dcberhitzung kommt. <\/p>\n<p>Zu den Anwendungsbereichen geh\u00f6ren die Fertigung (Defekterkennung, \u00dcberwachung von Versorgungseinrichtungen, Sicherheit), der Einzelhandel (automatisierte Kassen in Gesch\u00e4ften, Analyse der Personendichte, intelligente Beschilderung), das Verkehrswesen (Verkehrsmanagement, Flottenmanagement, Parken) und die \u00dcberwachung (Eindringlinge, virtuelle Z\u00e4une, Sicherheit). <\/p>\n<p>Als Betriebssysteme werden Ubuntu 18.04, Debian 10 und Windows unterst\u00fctzt. <\/p>\n<p>Hinweis: Diese PCIe-Erweiterungskarte ben\u00f6tigt einen PCI Express 3.0 x 16 Erweiterungssteckplatz. Die physischen Abmessungen der Karte (42,1 mm H\u00f6he) beanspruchen zwei PCIe-Steckpl\u00e4tze.<\/p>\n<p>&nbsp;<\/p>\n\n\u00a0- 8x Coral Edge TPU\n - 32 TOPS bei 36 W Leistungsaufnahme\n<p>&nbsp;<\/p>\n\n- H\u00f6he 126,3 mm x Breite 186,3 mm x Tiefe 42,1 mm\n - Gewicht: 516 g\n<p>&nbsp;<\/p>\n\n- PCI Express 3.0 x 16 Erweiterungssteckplatz\n- Formfaktor: volle H\u00f6he, halbe L\u00e4nge, doppelte Steckplatzbreite\n- Beansprucht zwei PCIe-Steckpl\u00e4tze\n<p>&nbsp;<\/p>\n\n- Optimiertes thermisches Design mit zwei Turbofans\n- Betriebsumgebungstemperatur 0\u00b0-55\u00b0 C\n\t\t\t\tN\u00fctzliche Links &amp; Dokumentation\n\t\t\t\t\t\t\t<h3>TBD<\/h3>\n<h3>Dokumentation<\/h3>\n<ul>\n<li><a href=\"https:\/\/coral.ai\/static\/files\/Coral-Camera-datasheet.pdf\">Datenblatt f\u00fcr Coral Camera herunterladen (PDF)<\/a><\/li>\n<li>\n<a href=\"https:\/\/coral.ai\/docs\/dev-board\/camera\/\">Anschlie\u00dfen der Coral-Kamera an die Coral-Dev-Boards<\/a>\n<\/li>\n<li><a href=\"https:\/\/www.ovt.com\/download\/sensorpdf\/126\/OmniVision_OV5645%20(End%20of%20Life).pdf\">Omnivision OV5645 Produkt\u00fcbersicht (PDF)<\/a><\/li>\n<li>\n<a href=\"https:\/\/storage.googleapis.com\/site_and_emails_static_assets\/Files\/Coral-Camera-and-Dev-Board-base.zip\">Kamera + Dev Board Base, 3D-Druckschablone zur Befestigung von Kamera und Dev Board aneinander (STEP + STL-Dateien, ZIP)<\/a>\n<\/li>\n<\/ul>\n<h3>Google Coral Camera Rechtliche Dokumentation<\/h3>\n<p>finden. <a href=\"https:\/\/coral.ai\/legal\/camera\">Konformit\u00e4tserkl\u00e4rungen (EMC, FCC, CE, REACH, RoHS3) hier<\/a>.<\/p>\n\t\t\t\tInformationen f\u00fcr Wiederverk\u00e4ufer\n\t\t\t\t\t\t\t<h3>TBD<\/h3>\n<h3>N\u00fctzliche Links<\/h3>\n<ul>\n<li><a href=\"https:\/\/pi3g.com\/de\/kontakt\/\">Fragen Sie an, um Wiederverk\u00e4ufer zu werden<\/a><\/li>\n<li><a href=\"https:\/\/pi3g.com\/wp-content\/uploads\/2021\/04\/Resources.zip\">Ressourcen (ZIP)<\/a><\/li>\n<\/ul>\n<h3>Informationen zum Produkt<\/h3>\n<strong>pi3g-Bestellnummer:<br \/>\n<\/strong>coral.cam\n<strong>GTIN \/ EAN \/ UPC:<br \/>\n<\/strong>0193575000442\n<strong>Google Teilenummer:<\/strong><br \/>\nG840-00180-01\n<strong>Beschreibung des Teils:<\/strong><br \/>\n5 MP, OV05645-Kameramodul f\u00fcr Bildverarbeitungsanwendungen mit dem Edge TPU Dev Board und SOM\n<strong>Handelsname:<\/strong><br \/>\nKamera\n<strong>MSRP $:<\/strong><br \/>\n$19.99\n<strong>Ihren Einkaufspreis und Ihre Handelsspanne:<br \/>\n<\/strong><a href=\"https:\/\/pi3g.com\/de\/kontakt\/\">Fragen Sie uns, ob Sie Wiederverk\u00e4ufer werden m\u00f6chten \/ kontaktieren Sie unser Verkaufsteam<\/a>\n<strong>MOQ:<\/strong><br \/>\n40\n<strong>Erlaubtes Verkaufsgebiet<\/strong><br \/>\nBitte <a href=\"https:\/\/pi3g.com\/wp-content\/uploads\/2021\/04\/Coral-Camera-Board-Country-List-11-25-19.pdf\">das PDF der Zertifizierung einsehen<\/a>.\n<p>Insbesondere sind diese Produkte vom Verkauf in folgende L\u00e4nder ausgeschlossen <strong>Frankreich und die Tschechische Republik<\/strong>und mehrere Embargol\u00e4nder, darunter <strong>China<\/strong>.<\/p>\n\n<strong>Einschr\u00e4nkungen f\u00fcr Endnutzer<\/strong><br \/>\nGem\u00e4\u00df den US Export Administration Regulations (\"EAR\") d\u00fcrfen diese Produkte ausschlie\u00dflich f\u00fcr folgende Zwecke verkauft werden <strong>zivil<\/strong> Endverwendungen.\n<p>Der Verkauf an \"milit\u00e4rische Endverwender\" oder f\u00fcr \"milit\u00e4rische Endverwendung\" und der Verkauf an \"milit\u00e4rische nachrichtendienstliche Endverwender\" oder f\u00fcr \"milit\u00e4rische nachrichtendienstliche Endverwendung\" in China, Hongkong, Russland, Venezuela oder anderen L\u00e4ndern, die in den L\u00e4ndergruppen E:1 oder E.2 aufgef\u00fchrt sind, ist nicht zul\u00e4ssig.<\/p>\n<p>Diese Produkte d\u00fcrfen nicht f\u00fcr nukleare, biologische oder chemische Waffen oder andere verbotene Verwendungszwecke, wie in 15 C.F.R. Teil 744 beschrieben, verwendet werden.<\/p>\n<p>Bitte beachten Sie das Dokument MEU-Zertifizierung in diesem Ordner.<\/p>\n<strong>Standard Packungsgr\u00f6\u00dfe:<br \/>\n<\/strong>120\n<strong>Verpackungsgr\u00f6\u00dfe (Einzelst\u00fcck):<br \/>\n<\/strong>140 x 100 x 10 mm\n<strong>Produktgewicht:<br \/>\n<\/strong>14 g\n<strong>ECCN-Nummer:<\/strong><br \/>\nEAR99\n<strong>HTS-Code:<\/strong><br \/>\nEU HTS: 8525803000<br \/>\nUS HTS: 8525803010\n<strong>Herkunftsland:<\/strong><br \/>\nChina\n<strong>Ist das Teil statisch empfindlich?<\/strong><br \/>\nJa\n<strong>Ist das Teil frei von Blei (Pb)?<\/strong><br \/>\nJa\n<strong>Ist das Teil RoHS-konform?<br \/>\n<\/strong>Ja\n<strong>Ausnahmsweise RoHS-konform?<\/strong><br \/>\nNein\n<strong>Enth\u00e4lt das Teil Lithium?<br \/>\n<\/strong>Nein\n<h3>Google Coral USB Rechtliche Hinweise<\/h3>\n<p>finden. <a href=\"https:\/\/coral.ai\/legal\/usb-accelerator\/\">Konformit\u00e4tserkl\u00e4rungen (EMC, FCC, CE, REACH, RoHS3) hier<\/a>.<\/p>\n\t\t\t\tPresseinformationen und -mittel\n\t\t\t\t\t\t\t<h3>Kostenlose Produktmuster &amp; Presseanfragen<\/h3>\n<p><a href=\"https:\/\/pi3g.com\/de\/kontakt\/\">Kontaktieren Sie uns f\u00fcr Presseanfragen und kostenlose Produktproben f\u00fcr akkreditierte Journalisten, Blogger und YouTuber<\/a>.<\/p>\n<h1>\n\t\tUnsere ASUS AI Accelerator-Wiederverk\u00e4ufer\n\t<\/h1>\n\t\t\t<a href=\"https:\/\/pi3g.com\/de\/kontakt\/\" target=\"_self\" role=\"button\" rel=\"noopener\">\n\t\t\t\t\t\tVolumenanfrage\n\t\t\t\t\t<\/a>\n<h2>\n\t\tGlobale Wiederverk\u00e4ufer\n\t<\/h2>\n\t\t\t\t<a href=\"https:\/\/buyzero.de\/collections\/google-aiy-coral\/products\/ai-accelerator-card-pcie-3-0x16-crl-g18u-p3df\" target=\"_self\" itemprop=\"url\" rel=\"noopener\">\n\t\t\t\t<img loading=\"lazy\" decoding=\"async\" src=\"https:\/\/pi3g.com\/wp-content\/uploads\/2020\/07\/buyzero_raspberry_pi_shop_deutschland.jpg\" alt=\"buyzero.de\" itemprop=\"image\" height=\"130\" width=\"500\" title=\"buyzero_raspberry_pi_shop_deutschland\" onerror=\"this.style.display='none'\"  \/>\n\t\t\t\t<\/a>\n\t\tbuyzero.de\n<h2>\n\t\tDeutschland, \u00d6sterreich und Schweiz\n\t<\/h2>\n\t\t\t\t<a href=\"https:\/\/buyzero.de\/collections\/google-aiy-coral\/products\/ai-accelerator-card-pcie-3-0x16-crl-g18u-p3df\" target=\"_self\" itemprop=\"url\" rel=\"noopener\">\n\t\t\t\t<img loading=\"lazy\" decoding=\"async\" src=\"https:\/\/pi3g.com\/wp-content\/uploads\/2020\/07\/buyzero_raspberry_pi_shop_deutschland.jpg\" alt=\"buyzero.de\" itemprop=\"image\" height=\"130\" width=\"500\" title=\"buyzero_raspberry_pi_shop_deutschland\" onerror=\"this.style.display='none'\"  \/>\n\t\t\t\t<\/a>\n\t\tbuyzero.de\n<h2>\n\t\tD\u00e4nemark, Norwegen, Schweden und Finnland (+ baltische L\u00e4nder)\n\t<\/h2>\n<h2>\n\t\tNiederlande und Belgien\n\t<\/h2>\n<h2>\n\t\tPolen\n\t<\/h2>\n<h2>\n\t\tIsrael\n\t<\/h2>\n<h2>\n\t\tItalien\n\t<\/h2>\n<h2>\n\t\tSpanien und Portugal\n\t<\/h2>\n<h2>\n\t\tVereinigtes K\u00f6nigreich und Irland\n\t<\/h2>\n\t<h3>Zus\u00e4tzliche rechtliche Informationen<\/h3>\n<p>Die von Google angebotenen Produkte haben nichts mit den Produkten zu tun, die unter den CORAL-Marken der Orient Development Enterprises Ltd. in Taiwan angeboten werden.<\/p>","protected":false},"excerpt":{"rendered":"<p>ASUS AI Accelerator PCIe Card Die ASUS AI Accelerator PCIe Card ist die erste PCI Express\u00ae-Erweiterungskarte mit mehreren Coral Edge TPUs f\u00fcr AI Inferencing am Edge. Mit dieser PCIe Gen3 AI Accelerator-Karte, die auf den Google\u00ae Coral Edge TPU-Prozessoren basiert, bietet ASUS eine L\u00f6sung f\u00fcr hochleistungsf\u00e4hige Inferencing-Anwendungen im Edge-Bereich. Kaufen...<\/p>","protected":false},"author":492,"featured_media":0,"parent":27267,"menu_order":0,"comment_status":"closed","ping_status":"closed","template":"","meta":{"footnotes":"","_links_to":"","_links_to_target":""},"class_list":["post-29225","page","type-page","status-publish","hentry"],"_links":{"self":[{"href":"https:\/\/pi3g.com\/de\/wp-json\/wp\/v2\/pages\/29225","targetHints":{"allow":["GET"]}}],"collection":[{"href":"https:\/\/pi3g.com\/de\/wp-json\/wp\/v2\/pages"}],"about":[{"href":"https:\/\/pi3g.com\/de\/wp-json\/wp\/v2\/types\/page"}],"author":[{"embeddable":true,"href":"https:\/\/pi3g.com\/de\/wp-json\/wp\/v2\/users\/492"}],"replies":[{"embeddable":true,"href":"https:\/\/pi3g.com\/de\/wp-json\/wp\/v2\/comments?post=29225"}],"version-history":[{"count":9,"href":"https:\/\/pi3g.com\/de\/wp-json\/wp\/v2\/pages\/29225\/revisions"}],"predecessor-version":[{"id":29888,"href":"https:\/\/pi3g.com\/de\/wp-json\/wp\/v2\/pages\/29225\/revisions\/29888"}],"up":[{"embeddable":true,"href":"https:\/\/pi3g.com\/de\/wp-json\/wp\/v2\/pages\/27267"}],"wp:attachment":[{"href":"https:\/\/pi3g.com\/de\/wp-json\/wp\/v2\/media?parent=29225"}],"curies":[{"name":"wp","href":"https:\/\/api.w.org\/{rel}","templated":true}]}}