{"id":28678,"date":"2021-07-05T14:21:06","date_gmt":"2021-07-05T12:21:06","guid":{"rendered":"https:\/\/pi3g.com\/?page_id=28678"},"modified":"2021-07-21T14:27:35","modified_gmt":"2021-07-21T12:27:35","slug":"letstrust-tpm","status":"publish","type":"page","link":"https:\/\/pi3g.com\/de\/products\/industrial\/letstrust-tpm\/","title":{"rendered":"LetsTrust TPM"},"content":{"rendered":"<h1>\n\t\tLetsTrust TPM\n\t<\/h1>\n<h3>\n\t\tbietet kryptografische Funktionen f\u00fcr Ihren Computer\n\t<\/h3>\n\t\t\t\t<img loading=\"lazy\" decoding=\"async\" src=\"https:\/\/pi3g.com\/wp-content\/uploads\/2021\/06\/Seperator2-e1624897074144.png\" alt=\"Abscheider2\" itemprop=\"image\" height=\"170\" width=\"4000\" title=\"Abscheider2\" onerror=\"this.style.display='none'\"  \/>\n\t\t\t\t<img loading=\"lazy\" decoding=\"async\" src=\"https:\/\/pi3g.com\/wp-content\/uploads\/2021\/07\/LetsTrustTPM1.png\" alt=\"LetsTrustTPM1\" itemprop=\"image\" height=\"2500\" width=\"2500\" title=\"LetsTrustTPM1\" onerror=\"this.style.display='none'\"  \/>\n\t\t\t\t<img loading=\"lazy\" decoding=\"async\" src=\"https:\/\/pi3g.com\/wp-content\/uploads\/2021\/07\/LetsTrustTPM2.png\" alt=\"LetsTrustTPM2\" itemprop=\"image\" height=\"2500\" width=\"2500\" title=\"LetsTrustTPM2\" onerror=\"this.style.display='none'\"  \/>\n\t\t\t\t<img loading=\"lazy\" decoding=\"async\" src=\"https:\/\/pi3g.com\/wp-content\/uploads\/2021\/07\/LetsTrustTPM3.png\" alt=\"LetsTrustTPM3\" itemprop=\"image\" height=\"3000\" width=\"3000\" title=\"LetsTrustTPM3\" onerror=\"this.style.display='none'\"  \/>\n\t\t<h3><a href=\"#begin\" target=\"_self\" rel=\"noopener\"><\/a><\/h3>\t\t\n\t\t\t<p>LetsTrust TPM ist eine einfach zu bedienende TPM (Trusted Platform Module)-L\u00f6sung f\u00fcr den Raspberry Pi, basierend auf dem Infineon Optiga\u2122 SLB 9670 TPM 2.0.<\/p>\n<p>Ein Hardware-TPM ist vielseitig einsetzbar, z. B. zur Authentifizierung\/Signatur, zur Speicherung von Kryptoschl\u00fcsseln und vielem mehr.<\/p>\n<p>Das Modul kann auch als True Hardware Random Number Generator (TRNG) verwendet werden, wenn Sie eine gute Zufallsquelle ben\u00f6tigen!<\/p>\n<p>Das LetsTrust TPM verwendet die SPI-Schnittstelle zur Kommunikation mit dem Pi. Es ist kompatibel mit allen Raspberry Pi Einplatinencomputern (Pi 4, Pi 3B+, Pi 3, Pi 2, Pi 1, Pi Zero, Pi 400 mit Adapterkabel).<\/p>\n<p>Kompakter Footprint, so dass mehr GPIO-Pins problemlos genutzt werden k\u00f6nnen: 2\u00d75 Pins von Pin 17 bis Pin 26 werden von LetsTrust belegt.<\/p>\n<p>LetsTrust TPM hat einen sehr geringen Stromverbrauch - im Leerlauf verbraucht der SLB9670 (die Hauptkomponente) nur etwa 110 Mikroampere, im Betrieb maximal 25 mA. Das LetsTrust TPM wird mit 3,3 V Versorgungsspannung vom Raspberry Pi Einplatinencomputer versorgt.<\/p>\n\t\t\t<a href=\"#more\" target=\"_self\" role=\"button\" rel=\"noopener\">\n\t\t\t\t\t\tmehr erfahren\n\t\t\t\t\t<\/a>\n\t\t\t\t<img loading=\"lazy\" decoding=\"async\" src=\"https:\/\/pi3g.com\/wp-content\/uploads\/2021\/06\/Seperator2-e1624897074144.png\" alt=\"Abscheider2\" itemprop=\"image\" height=\"170\" width=\"4000\" title=\"Abscheider2\" onerror=\"this.style.display='none'\"  \/>\n\t\n<ul>\n<li>Infineon Optiga\u2122 SLB 9670 TPM 2.0<\/li>\n<li>Entspricht der TPM-Spezifikation 2.0 Rev. 01.38<\/li>\n<li>Firmware &gt;= 7.85<\/li>\n<li>TRNG (True Random Number Generator) - Echter Hardware-Zufallszahlengenerator<\/li>\n<\/ul>\n\t\n<ul>\n<li>Schnittstelle zum Pi: SPI<\/li>\n<li>Kompatibel mit allen bisher erschienenen Raspberry Pi-Modellen (einschlie\u00dflich Pi 3, Pi Zero, etc.)<\/li>\n<li>Kompakte Gr\u00f6\u00dfe durch 2\u00d75 Stiftleisten, dadurch bleiben die restlichen GPIO-Pins frei verf\u00fcgbar<\/li>\n<li>l\u00f6tbar mit Raspberry Pi Pins<\/li>\n<li>passt in g\u00e4ngigen Standardf\u00e4llen mit in<\/li>\n<\/ul>\n\t\n<ul>\n<li>ab Raspbian Stretch mit Kernel 4.14.85 build in Unterst\u00fctzung mit einem Ger\u00e4tebaum-Overlay<\/li>\n<li>eingebaute Unterst\u00fctzung f\u00fcr Windows 10 IoT (auf Pi 2, 3, 3B+)<\/li>\n<\/ul>\n\t\n<ul>\n<li><a href=\"https:\/\/github.com\/tpm2-software\" target=\"_blank\" rel=\"noopener\" aria-describedby=\"a11y-new-window-message\">TPM2-Software<\/a><\/li>\n<li><a href=\"https:\/\/github.com\/Infineon\/eltt2\" target=\"_blank\" rel=\"noopener\" aria-describedby=\"a11y-new-window-message\">ELTT2 Infineon Embedded Linux TPM Toolbox 2 f\u00fcr TPM 2.0<\/a>\u00a0- Test, Diagnose, etc. f\u00fcr den Infineon TPM-Chip<\/li>\n<li><a href=\"https:\/\/github.com\/PaulKissinger\/LetsTrust\">Skriptbeispiele f\u00fcr den Einstieg und die Installation der TPM 2.0 Tools<\/a><\/li>\n<li><a href=\"https:\/\/pi3g.com\/wp-content\/uploads\/2021\/07\/pi3g-LetsTrust-datasheet-HW2.0_2021_04.pdf\">LetsTrust TPM-Datenblatt (pdf)<\/a><\/li>\n<li><a href=\"https:\/\/pi3g.com\/wp-content\/uploads\/2021\/07\/LetsTrust-TPM-Doku-2020.01-EN.pdf\">LetsTrust TPM-Doku (pdf)<\/a><\/li>\n<\/ul>\n\t\n<ul>\n<li>Das LetsTrust TPM-Board wird in Deutschland entwickelt<\/li>\n<li>Die Leiterplattenproduktion von LetsTrust TPM wird ausschlie\u00dflich von einem bayerischen Best\u00fccker durchgef\u00fchrt <\/li>\n<li>Das TPM ist optional l\u00f6tbar<\/li>\n<li>Wir bieten Sonderanfertigungen ab einer Auflage von 100 St\u00fcck - <a href=\"https:\/\/pi3g.com\/de\/kontakt\/\">kontaktieren Sie uns<\/a><\/li>\n<\/ul>\n\t\n<p>Weitere Informationen und Links finden Sie unter<\/p>\n\n\t\t\t\t<img loading=\"lazy\" decoding=\"async\" src=\"https:\/\/pi3g.com\/wp-content\/uploads\/2021\/06\/Seperator2-e1624897074144.png\" alt=\"Abscheider2\" itemprop=\"image\" height=\"170\" width=\"4000\" title=\"Abscheider2\" onerror=\"this.style.display='none'\"  \/>\n\t\t\t<a href=\"#resellers\" target=\"_self\" role=\"button\" rel=\"noopener\">\n\t\t\t\t\t\tkaufen Sie es bei unseren Wiederverk\u00e4ufern\n\t\t\t\t\t<\/a>\n<h1>\n\t\tWiederverk\u00e4ufer\n\t<\/h1>\n\t\t\t<a href=\"https:\/\/pi3g.com\/de\/kontakt\/\" target=\"_self\" role=\"button\" rel=\"noopener\">\n\t\t\t\t\t\tVolumenanfrage\n\t\t\t\t\t<\/a>\n<h3>\n\t\tGlobale Wiederverk\u00e4ufer\n\t<\/h3>\n\t\t\t\t<a href=\"https:\/\/buyzero.de\/products\/letstrust-hardware-tpm-trusted-platform-module\" target=\"_self\" itemprop=\"url\" rel=\"noopener\">\n\t\t\t\t<img loading=\"lazy\" decoding=\"async\" src=\"https:\/\/pi3g.com\/wp-content\/uploads\/2020\/07\/buyzero_raspberry_pi_shop_deutschland.jpg\" alt=\"buyzero.de\" itemprop=\"image\" height=\"130\" width=\"500\" title=\"buyzero_raspberry_pi_shop_deutschland\" onerror=\"this.style.display='none'\"  \/>\n\t\t\t\t<\/a>\n\t\tbuyzero.de\n<h3>\n\t\tDeutschland, \u00d6sterreich und Schweiz\n\t<\/h3>\n\t\t\t\t<a href=\"https:\/\/buyzero.de\/products\/letstrust-hardware-tpm-trusted-platform-module\" target=\"_self\" itemprop=\"url\" rel=\"noopener\">\n\t\t\t\t<img loading=\"lazy\" decoding=\"async\" src=\"https:\/\/pi3g.com\/wp-content\/uploads\/2020\/07\/buyzero_raspberry_pi_shop_deutschland-300x78.jpg\" alt=\"buyzero.de\" itemprop=\"image\" height=\"78\" width=\"300\" title=\"buyzero_raspberry_pi_shop_deutschland\" onerror=\"this.style.display='none'\"  \/>\n\t\t\t\t<\/a>\n\t\tbuyzero.de\n\t\t\t\t<a href=\"https:\/\/www.berrybase.de\/neu\/letstrust-tpm-kryptographiemodul-f-252-r-raspberry-pi?c=2422\" target=\"_self\" itemprop=\"url\" rel=\"noopener\">\n\t\t\t\t<img loading=\"lazy\" decoding=\"async\" src=\"https:\/\/pi3g.com\/wp-content\/uploads\/2020\/08\/Logo-BerryBase_farbig-mitClaim.png\" alt=\"berrybase.de\" itemprop=\"image\" height=\"130\" width=\"340\" title=\"Logo-BerryBase_farbig-mitClaim\" onerror=\"this.style.display='none'\"  \/>\n\t\t\t\t<\/a>\n\t\tberrybase.de\n\t\t\t\t<a href=\"https:\/\/www.pollin.de\/p\/letstrust-tpm-811337\" target=\"_self\" itemprop=\"url\" rel=\"noopener\">\n\t\t\t\t<img loading=\"lazy\" decoding=\"async\" src=\"https:\/\/pi3g.com\/wp-content\/uploads\/2020\/08\/Pollin.png\" alt=\"pollin.de\" itemprop=\"image\" height=\"2424\" width=\"7484\" title=\"pollin.de\" onerror=\"this.style.display='none'\"  \/>\n\t\t\t\t<\/a>\n\t\tpollin.de\n\t\t\t\t<a href=\"https:\/\/www.reichelt.com\/de\/en\/raspberry-pi-trusted-platform-module-tpm-slb9670-rpi-shd-tpm-p253834.html?search=TPM&#038;&#038;r=1\" target=\"_self\" itemprop=\"url\" rel=\"noopener\">\n\t\t\t\t<img loading=\"lazy\" decoding=\"async\" src=\"https:\/\/pi3g.com\/wp-content\/uploads\/2020\/08\/reichelt.png\" alt=\"reichelt.de\" itemprop=\"image\" height=\"320\" width=\"1569\" title=\"reichelt.de\" onerror=\"this.style.display='none'\"  \/>\n\t\t\t\t<\/a>\n\t\treichelt.de\n<h3>\n\t\tPolen\n\t<\/h3>\n\t\t\t\t<a href=\"https:\/\/kamami.pl\/en\/extension-modules-for-raspberry-pi\/585168-letstrust-tpm-board-with-infineon-optiga-slb-9670-tpm-20-cryptographic-chip-for-raspberry-pi.html\" target=\"_self\" itemprop=\"url\" rel=\"noopener\">\n\t\t\t\t<img loading=\"lazy\" decoding=\"async\" src=\"https:\/\/pi3g.com\/wp-content\/uploads\/2020\/08\/kamami_logo.png\" alt=\"kamami.pl\" itemprop=\"image\" height=\"117\" width=\"289\" title=\"kamami.pl\" onerror=\"this.style.display='none'\"  \/>\n\t\t\t\t<\/a>\n\t\tkamami.pl","protected":false},"excerpt":{"rendered":"<p>LetsTrust TPM bietet kryptografische Funktionen f\u00fcr Ihren Computer LetsTrust TPM ist eine einfach zu bedienende TPM-L\u00f6sung (Trusted Platform Module) f\u00fcr den Raspberry Pi, die auf dem Infineon Optiga\u2122 SLB 9670 TPM 2.0 basiert. Ein Hardware-TPM ist vielseitig einsetzbar, z. B. zur Authentifizierung\/Signatur, zum Speichern von Kryptoschl\u00fcsseln und mehr. Das Modul kann auch als True...<\/p>","protected":false},"author":492,"featured_media":0,"parent":28342,"menu_order":0,"comment_status":"closed","ping_status":"closed","template":"","meta":{"footnotes":"","_links_to":"","_links_to_target":""},"class_list":["post-28678","page","type-page","status-publish","hentry"],"_links":{"self":[{"href":"https:\/\/pi3g.com\/de\/wp-json\/wp\/v2\/pages\/28678","targetHints":{"allow":["GET"]}}],"collection":[{"href":"https:\/\/pi3g.com\/de\/wp-json\/wp\/v2\/pages"}],"about":[{"href":"https:\/\/pi3g.com\/de\/wp-json\/wp\/v2\/types\/page"}],"author":[{"embeddable":true,"href":"https:\/\/pi3g.com\/de\/wp-json\/wp\/v2\/users\/492"}],"replies":[{"embeddable":true,"href":"https:\/\/pi3g.com\/de\/wp-json\/wp\/v2\/comments?post=28678"}],"version-history":[{"count":12,"href":"https:\/\/pi3g.com\/de\/wp-json\/wp\/v2\/pages\/28678\/revisions"}],"predecessor-version":[{"id":28756,"href":"https:\/\/pi3g.com\/de\/wp-json\/wp\/v2\/pages\/28678\/revisions\/28756"}],"up":[{"embeddable":true,"href":"https:\/\/pi3g.com\/de\/wp-json\/wp\/v2\/pages\/28342"}],"wp:attachment":[{"href":"https:\/\/pi3g.com\/de\/wp-json\/wp\/v2\/media?parent=28678"}],"curies":[{"name":"wp","href":"https:\/\/api.w.org\/{rel}","templated":true}]}}