{"id":28229,"date":"2021-05-08T17:31:03","date_gmt":"2021-05-08T15:31:03","guid":{"rendered":"https:\/\/pi3g.com\/?page_id=28229"},"modified":"2021-05-08T17:31:03","modified_gmt":"2021-05-08T15:31:03","slug":"dvi-sock-raspberry-pi-pico","status":"publish","type":"page","link":"https:\/\/pi3g.com\/de\/products\/dvi-sock-raspberry-pi-pico\/","title":{"rendered":"DVI-Sockel Raspberry Pi Pico"},"content":{"rendered":"<h1>\n\t\tDVI-Sockel f\u00fcr Raspberry Pi Pico\n\t<\/h1>\n<h3>\n\t\term\u00f6glicht die Videoausgabe. entwickelt von Luke Wren.\n\t<\/h3>\n\t\t\t\t<a href=\"#begin\" target=\"_self\" itemprop=\"url\" rel=\"noopener\">\n\t\t\t\t<img loading=\"lazy\" decoding=\"async\" src=\"https:\/\/pi3g.com\/wp-content\/uploads\/bb-plugin\/cache\/unnamed-file-square.jpg\" alt=\"DVI-Sockel-Pico\" itemprop=\"image\" height=\"1067\" width=\"1600\" title=\"DVI-Sockel-Pico\" onerror=\"this.style.display='none'\">\n\t\t\t\t<\/a>\n\t\t<h3><a href=\"#begin\" target=\"_self\" rel=\"noopener\"><\/a><\/h3>\t\t\n\t\t\t<p>Im Gegensatz zu anderen Raspberry Pi-Boards verf\u00fcgt der Raspberry Pi Pico nicht \u00fcber einen integrierten Videoausgang.<\/p>\n<p>Dank programmierbarer IO (PIO) und diesem Pico DVI Sock ist es jedoch m\u00f6glich, dem Raspberry Pi Pico einen DVI-Videoausgang hinzuzuf\u00fcgen!<\/p>\n<p>Der Pico DVI Sock wurde von Luke Wren, einem Raspberry Pi Ingenieur, in seiner Freizeit entwickelt. Er hat das Design online unter einer CC0-Lizenz ver\u00f6ffentlicht, so dass jeder die Hardware aus den von ihm bereitgestellten Dateien nachbauen kann.<\/p>\n<p>Die physische Videoschnittstelle des Pico DVI Sock ist ein HDMI-Anschluss, aber er gibt ein DVI-Signal aus. Historisch gesehen ist HDMI ein Nachfolger von DVI - daher k\u00f6nnen DVI-Signale einfach \u00fcber HDMI \u00fcbertragen werden. Mit einfachen passiven Adaptern k\u00f6nnen Sie HDMI-Kabel an einen DVI-Anschluss anschlie\u00dfen.<\/p>\n\t\t\t<a href=\"#begin\" target=\"_self\" role=\"button\" rel=\"noopener\">\n\t\t\t\t\t\t\tmehr erfahren\n\t\t\t<\/a>\n<h3>\n\t\tMontage- und Projektideen\n\t<\/h3>\n\t<p>Der DVI-Sockel kann an ein Ende des Raspberry Pi Pico gel\u00f6tet werden. Dank der geriffelten Kanten des Pico ist das L\u00f6ten sehr einfach. Lassen Sie Ihrer Kreativit\u00e4t freien Lauf mit einem zus\u00e4tzlichen digitalen Videoausgang am Pico.<\/p>\n<p>Hier sind einige Vorschl\u00e4ge \/ m\u00f6gliche Projektideen:<\/p>\n<ul>\n<li>Mini-Spielkonsole auf der Basis des Raspberry Pi Pico<\/li>\n<li>Ausgabe der Messwerte auf einem Monitor<\/li>\n<\/ul>\n\t\t\t\t<img loading=\"lazy\" decoding=\"async\" src=\"https:\/\/pi3g.com\/wp-content\/uploads\/2021\/05\/Raspberry-Pi-Pico-Video-Output-DVI-Sock-withPico.jpg\" alt=\"Raspberry-Pi-Pico-Video-Ausgang-DVI-Socke-mitPico\" itemprop=\"image\" height=\"1067\" width=\"1600\" title=\"Raspberry-Pi-Pico-Video-Ausgang-DVI-Socke-mitPico\" onerror=\"this.style.display='none'\">\n\t\t\t<a href=\"#resellers\" target=\"_self\" role=\"button\" rel=\"noopener\">\n\t\t\t\t\t\tkaufen Sie es bei unseren Wiederverk\u00e4ufern\n\t\t\t\t\t<\/a>\n<h3>\n\t\tProgrammierung \/ Beispielcode\n\t<\/h3>\n\t<p>Im Gegensatz zu Raspberry Pi-Boards (Einplatinencomputer) ist der Pico ein Mikrocontroller - daher m\u00fcssen zus\u00e4tzliche Funktionen programmiert werden.<\/p>\n\n\n<h3>\n\t\twichtige Hinweise\n\t<\/h3>\n\t<ul>\n<li>die Pico DVI-Buchse liefert kein Audiosignal<\/li>\n<li>\nnicht alle Monitore scheinen kompatibel zu sein, in unseren Tests zeigten nicht alle ein Bild an\n<\/li>\n<li>Lieferung ohne Zubeh\u00f6r<\/li>\n<\/ul>\n\t\t\t<a href=\"#resellers\" target=\"_self\" role=\"button\" rel=\"noopener\">\n\t\t\t\t\t\tkaufen Sie es bei unseren Wiederverk\u00e4ufern\n\t\t\t\t\t<\/a>\n<h3>\n\t\tFAQ\n\t<\/h3>\n\t\t\t<a href=\"#\" id=\"fl-accordion--label-0\" tabindex=\"0\" aria-controls=\"fl-accordion--panel-0\">TBD<\/a>\n\t\t<p>TBD<\/p>\n<h1>\n\t\tWiederverk\u00e4ufer\n\t<\/h1>\n<h3>\n\t\tGlobale Wiederverk\u00e4ufer\n\t<\/h3>\n\t\t\t\t<a href=\"https:\/\/buyzero.de\/products\/raspberry-pi-pico-dvi-sock-videoausgabe-fur-den-pico?\" target=\"_self\" itemprop=\"url\" rel=\"noopener\">\n\t\t\t\t<img loading=\"lazy\" decoding=\"async\" src=\"https:\/\/pi3g.com\/wp-content\/uploads\/2020\/07\/buyzero_raspberry_pi_shop_deutschland.jpg\" alt=\"buyzero.de\" itemprop=\"image\" height=\"130\" width=\"500\" title=\"buyzero_raspberry_pi_shop_deutschland\" onerror=\"this.style.display='none'\">\n\t\t\t\t<\/a>\n\t\tbuyzero.de\n<h3>\n\t\tDeutschland, \u00d6sterreich und Schweiz\n\t<\/h3>\n\t\t\t\t<a href=\"https:\/\/buyzero.de\/products\/raspberry-pi-pico-dvi-sock-videoausgabe-fur-den-pico?\" target=\"_self\" itemprop=\"url\" rel=\"noopener\">\n\t\t\t\t<img loading=\"lazy\" decoding=\"async\" src=\"https:\/\/pi3g.com\/wp-content\/uploads\/2020\/07\/buyzero_raspberry_pi_shop_deutschland-300x78.jpg\" alt=\"buyzero.de\" itemprop=\"image\" height=\"78\" width=\"300\" title=\"buyzero_raspberry_pi_shop_deutschland\" onerror=\"this.style.display='none'\">\n\t\t\t\t<\/a>\n\t\tbuyzero.de","protected":false},"excerpt":{"rendered":"<p>DVI Sock f\u00fcr Raspberry Pi Pico erm\u00f6glicht Videoausgabe. entwickelt von Luke Wren. Im Gegensatz zu anderen Raspberry Pi Boards hat der Raspberry Pi Pico keinen eingebauten Videoausgang. Dank programmierbarer IO (PIO) und diesem Pico DVI Sock ist es jedoch m\u00f6glich, dem Raspberry Pi Pico einen DVI-Videoausgang hinzuzuf\u00fcgen! Der...<\/p>","protected":false},"author":492,"featured_media":0,"parent":5187,"menu_order":0,"comment_status":"closed","ping_status":"closed","template":"","meta":{"footnotes":"","_links_to":"","_links_to_target":""},"class_list":["post-28229","page","type-page","status-publish","hentry"],"_links":{"self":[{"href":"https:\/\/pi3g.com\/de\/wp-json\/wp\/v2\/pages\/28229","targetHints":{"allow":["GET"]}}],"collection":[{"href":"https:\/\/pi3g.com\/de\/wp-json\/wp\/v2\/pages"}],"about":[{"href":"https:\/\/pi3g.com\/de\/wp-json\/wp\/v2\/types\/page"}],"author":[{"embeddable":true,"href":"https:\/\/pi3g.com\/de\/wp-json\/wp\/v2\/users\/492"}],"replies":[{"embeddable":true,"href":"https:\/\/pi3g.com\/de\/wp-json\/wp\/v2\/comments?post=28229"}],"version-history":[{"count":10,"href":"https:\/\/pi3g.com\/de\/wp-json\/wp\/v2\/pages\/28229\/revisions"}],"predecessor-version":[{"id":28244,"href":"https:\/\/pi3g.com\/de\/wp-json\/wp\/v2\/pages\/28229\/revisions\/28244"}],"up":[{"embeddable":true,"href":"https:\/\/pi3g.com\/de\/wp-json\/wp\/v2\/pages\/5187"}],"wp:attachment":[{"href":"https:\/\/pi3g.com\/de\/wp-json\/wp\/v2\/media?parent=28229"}],"curies":[{"name":"wp","href":"https:\/\/api.w.org\/{rel}","templated":true}]}}