{"id":28099,"date":"2021-04-17T17:31:25","date_gmt":"2021-04-17T15:31:25","guid":{"rendered":"https:\/\/pi3g.com\/?page_id=28099"},"modified":"2021-09-01T11:56:55","modified_gmt":"2021-09-01T09:56:55","slug":"rpi-co2-sens-precision-long-term-calibrated-co2-sensor","status":"publish","type":"page","link":"https:\/\/pi3g.com\/de\/products\/rpi-co2-sens-precision-long-term-calibrated-co2-sensor\/","title":{"rendered":"RPi-CO2-Sens pr\u00e4ziser langzeitkalibrierter CO2-Sensor"},"content":{"rendered":"<h1>\n\t\tRaspberry Pi CO2-Sensor-Breakout-Platine\n\t<\/h1>\n<h3>\n\t\tlangfristig kalibriert. Frischluft von Ihnen kontrolliert.\n\t<\/h3>\n\t\t<h3><a href=\"#begin\" target=\"_self\" rel=\"noopener\"><\/a><\/h3>\t\t\n\t\t\t<p>Unser Raspberry Pi CO2 Sensor Breakout-Board erm\u00f6glicht die pr\u00e4zise Messung der momentanen CO2-Konzentration in der Umgebungsluft, sowie der Temperatur und des Luftdrucks.<\/p>\nDer Sensor ist \u00e4u\u00dferst zeitstabil und werkseitig kalibriert. Im Gegensatz zu vielen anderen Produkten muss der Sensor nicht t\u00e4glich mit Frischluft neu kalibriert werden! Dies vereinfacht die Installation und Wartung dieser CO2-Sensorplatine.<br \/>\nDie CO2-Messung basiert auf dem NDIR-Zweistrahlverfahren, das mit seiner Autokalibrierung Alterungseffekte kompensiert, sehr unempfindlich gegen Verschmutzung ist und eine hervorragende Langzeitstabilit\u00e4t bietet. Die Werkskalibrierung gew\u00e4hrleistet hochgenaue CO2-Messungen \u00fcber den gesamten Anwendungsbereich. Die CO2-Messung ist temperatur- und druckkompensiert.\n<p>EAN \/ Strichcode: 0608603905359<\/p>\n\t\t\t<a href=\"#begin\" target=\"_self\" role=\"button\" rel=\"noopener\">\n\t\t\t\t\t\t\tmehr erfahren\n\t\t\t<\/a>\n<h3>\n\t\tein Produkt, zwei Komponenten\n\t<\/h3>\n<h4>\n\t\tCO2-Sensor\n\t<\/h4>\n\t\t\t<h3> - geringer Stromverbrauch (&lt; 3 mA durchschnittliche Stromaufnahme bei 3,3 V und 15 s Messintervall, nur Sensor)<\/h3>\t\t\n\t\t\t<h3> - CO2-Messprinzip: NDIR-Zweistrahlverfahren (nichtdispersive Infrarottechnik)<\/h3>\t\t\n\t\t\t<h3> - Messbereich des Sensors:<\/h3>\t\t\n\t\t\t <p>CO2:  0...5000 ppm<\/p>\t\t\n\t\t\t <p>Druck: 700...1100 mbar<\/p>\t\t\n\t\t\t <p>Temperatur: -40...60\u00b0C<\/p>\t\t\n\t\t\t<h3> - Betriebsparameter: 0...95 % rH (nicht kondensierend), -40...60\u00b0C, 700...1100 mbar<\/h3>\t\t\n\t\t\t<h3> - Empfohlenes Kalibrierungsintervall: 5 Jahre, unter normalen Betriebsbedingungen der Geb\u00e4udeautomation<\/h3>\t\t\n\t<h4>\n\t\tunser I2C-Breakout-Board\n\t<\/h4>\n\t\t\t<h3> - direkt steckbar auf Raspberry Pi Boards (1B - 4B, Zero Serie) - dank eigenem Header<\/h3>\t\t\n\t\t\t<h3> - Breakout-Pins kompatibel mit Raspberry Pi Pico - kann direkt nebeneinander auf das Breadboard gesteckt werden; Zero-Solder-Technologie -&gt; kann direkt ohne L\u00f6ten montiert werden<\/h3>\t\t\n\t\t\t<h3> - 2 x Grove-kompatible Anschl\u00fcsse (I2C \/ 3.3V): Schlie\u00dfen Sie zus\u00e4tzliche Sensoren, Displays, etc. \u00fcber das Breakout-Board an Ihren Raspberry Pi oder Pico an<\/h3>\t\t\n\t\t\t<h3> - 3,3 V Datenpegel (kompatibel mit Raspberry Pi)<\/h3>\t\t\n\t\t\t<h3> - 3,3 V Versorgungsspannung<\/h3>\t\t\n\t\t\t<h3> - I2C-Schnittstelle<\/h3>\t\t\n\t\t\t<a href=\"#resellers\" target=\"_self\" role=\"button\" rel=\"noopener\">\n\t\t\t\t\t\tkaufen Sie es bei unseren Wiederverk\u00e4ufern\n\t\t\t\t\t<\/a>\n<h3>\n\t\tzus\u00e4tzliche Eigenschaften\n\t<\/h3>\n\tLow-Power-Modus kann aktiviert werden\n(EN-Pin auf GND ziehen)\n\tCO2-Sensormodul ist weitestgehend thermisch entkoppelt\n(-&gt; h\u00f6here Temperaturmessgenauigkeit!)\n\t<p>zwei Befestigungsl\u00f6cher<\/p>\n<h3>\n\t\tKompatibilit\u00e4t\n\t<\/h3>\n\t\t\t <p>Raspberry Pi-Platinen (1B - 4B, Zero-Serie)<\/p>\t\t\n\t\t\t <p>Raspberry Pi Pico (mit Breadboard)<\/p>\t\t\n\t\t\t <p>Arduino 3,3 V \u00fcber Grove-Anschluss<\/p>\t\t\n\t\t\t <p>andere Boards, die den Grove-Anschluss unterst\u00fctzen<\/p>\t\t\n\t<h3>\n\t\tAnwendungsfall\n\t<\/h3>\n\t\t\t\t<img loading=\"lazy\" decoding=\"async\" src=\"https:\/\/pi3g.com\/wp-content\/uploads\/2021\/04\/adeolu-eletu-ohh8ROaQSJg-unsplash-scaled.jpg\" alt=\"adeolu-eletu-ohh8ROaQSJg-unsplash\" itemprop=\"image\" height=\"1754\" width=\"2560\" title=\"adeolu-eletu-ohh8ROaQSJg-unsplash\" onerror=\"this.style.display='none'\"  \/>\n<h3>\n\t\tIhr Helfer, um an der frischen Luft zu bleiben\n\t<\/h3>\n\t<p>Mit diesem Sensor k\u00f6nnen Sie auf einfache Weise feststellen, wann eine Bel\u00fcftung des Raumes empfohlen wird, um sicherzustellen, dass das Wohlbefinden und die Konzentration Ihrer Mitarbeiter\/Studenten mit frischer Luft gesteigert wird.<\/p>\n\t\t\t<a href=\"#resellers\" target=\"_self\" role=\"button\" rel=\"noopener\">\n\t\t\t\t\t\tkaufen Sie es bei unseren Wiederverk\u00e4ufern\n\t\t\t\t\t<\/a>\n<h3>\n\t\tDownloads und Links\n\t<\/h3>\n<h4>\n\t\tSoftware\n\t<\/h4>\n\t\n\n<h4>\n\t\tDokumentation\n\t<\/h4>\n\t\n<h3>\n\t\tFAQ\n\t<\/h3>\n\t\t\t<a href=\"#\" id=\"fl-accordion--label-0\" tabindex=\"0\" aria-controls=\"fl-accordion--panel-0\">Was sind die Vorteile dieser Karte im Vergleich zu anderen Sensoren?<\/a>\n\t\tDer Sensor ist \u00e4u\u00dferst zeitstabil und werkseitig kalibriert. Im Gegensatz zu vielen anderen Produkten muss der Sensor nicht t\u00e4glich mit Frischluft neu kalibriert werden! Dies vereinfacht die Installation und Wartung dieser CO2-Sensorkarte. Das empfohlene Kalibrierungsintervall unter normalen Bedingungen in der Geb\u00e4udeautomation betr\u00e4gt 5 Jahre.\nDar\u00fcber hinaus hat sie einen geringen Stromverbrauch, erm\u00f6glicht pr\u00e4zise Messungen und wurde in \u00d6sterreich entwickelt.\n\t\t\t<a href=\"#\" id=\"fl-accordion--label-1\" tabindex=\"0\" aria-controls=\"fl-accordion--panel-1\">Wie kann ich den Stromverbrauch senken?<\/a>\n\t\t\t<a href=\"#resellers\" target=\"_self\" role=\"button\" rel=\"noopener\">\n\t\t\t\t\t\tkaufen Sie es bei unseren Wiederverk\u00e4ufern\n\t\t\t\t\t<\/a>\n<h1>\n\t\tWiederverk\u00e4ufer\n\t<\/h1>\n\t\t\t<a href=\"https:\/\/pi3g.com\/de\/kontakt\/\" target=\"_self\" role=\"button\" rel=\"noopener\">\n\t\t\t\t\t\tVolumenanfrage\n\t\t\t\t\t<\/a>\n<h3>\n\t\tGlobale Wiederverk\u00e4ufer\n\t<\/h3>\n\t\t\t\t<a href=\"https:\/\/buyzero.de\/products\/raspberry-pi-co2-sensor-breakout-board?_pos=1&#038;_sid=2c8a6a4d9&#038;_ss=r\" target=\"_self\" itemprop=\"url\" rel=\"noopener\">\n\t\t\t\t<img loading=\"lazy\" decoding=\"async\" src=\"https:\/\/pi3g.com\/wp-content\/uploads\/2020\/07\/buyzero_raspberry_pi_shop_deutschland.jpg\" alt=\"buyzero.de\" itemprop=\"image\" height=\"130\" width=\"500\" title=\"buyzero_raspberry_pi_shop_deutschland\" onerror=\"this.style.display='none'\"  \/>\n\t\t\t\t<\/a>\n\t\tbuyzero.de\n\t\t\t\t<a href=\"https:\/\/thepihut.com\/products\/advanced-co2-sensor-breakout-board-for-raspberry-pi\" target=\"_self\" itemprop=\"url\" rel=\"noopener\">\n\t\t\t\t<img loading=\"lazy\" decoding=\"async\" src=\"https:\/\/pi3g.com\/wp-content\/uploads\/2020\/08\/thepihut-logo.png\" alt=\"thepihut.com\" itemprop=\"image\" height=\"286\" width=\"854\" title=\"thepihut.com\" onerror=\"this.style.display='none'\"  \/>\n\t\t\t\t<\/a>\n\t\tthepihut.com\n<h3>\n\t\tDeutschland, \u00d6sterreich und Schweiz\n\t<\/h3>\n\t\t\t\t<a href=\"https:\/\/buyzero.de\/products\/raspberry-pi-co2-sensor-breakout-board?_pos=1&#038;_sid=2c8a6a4d9&#038;_ss=r\" target=\"_self\" itemprop=\"url\" rel=\"noopener\">\n\t\t\t\t<img loading=\"lazy\" decoding=\"async\" src=\"https:\/\/pi3g.com\/wp-content\/uploads\/2020\/07\/buyzero_raspberry_pi_shop_deutschland-300x78.jpg\" alt=\"buyzero.de\" itemprop=\"image\" height=\"78\" width=\"300\" title=\"buyzero_raspberry_pi_shop_deutschland\" onerror=\"this.style.display='none'\"  \/>\n\t\t\t\t<\/a>\n\t\tbuyzero.de\n\t\t\t\t<a href=\"https:\/\/www.pollin.de\/p\/rpi-co2-sens-811339\" target=\"_self\" itemprop=\"url\" rel=\"noopener\">\n\t\t\t\t<img loading=\"lazy\" decoding=\"async\" src=\"https:\/\/pi3g.com\/wp-content\/uploads\/2020\/08\/Pollin.png\" alt=\"pollin.de\" itemprop=\"image\" height=\"2424\" width=\"7484\" title=\"pollin.de\" onerror=\"this.style.display='none'\"  \/>\n\t\t\t\t<\/a>\n\t\tpollin.de\n\t\t\t\t<a href=\"https:\/\/electronics.semaf.at\/navi.php?a=2670&#038;lang=eng\" target=\"_self\" itemprop=\"url\" rel=\"noopener\">\n\t\t\t\t<img loading=\"lazy\" decoding=\"async\" src=\"https:\/\/pi3g.com\/wp-content\/uploads\/2021\/01\/logo.png\" alt=\"Semaf.at (\u00d6sterreich)\" itemprop=\"image\" height=\"50\" width=\"250\" title=\"Semaf-Logo\" onerror=\"this.style.display='none'\"  \/>\n\t\t\t\t<\/a>\n\t\tSemaf.at (\u00d6sterreich)\n<h3>\n\t\tVereinigtes K\u00f6nigreich und Irland\n\t<\/h3>\n\t\t\t\t<a href=\"https:\/\/thepihut.com\/products\/advanced-co2-sensor-breakout-board-for-raspberry-pi\" target=\"_self\" itemprop=\"url\" rel=\"noopener\">\n\t\t\t\t<img loading=\"lazy\" decoding=\"async\" src=\"https:\/\/pi3g.com\/wp-content\/uploads\/2020\/08\/thepihut-logo.png\" alt=\"thepihut.com\" itemprop=\"image\" height=\"286\" width=\"854\" title=\"thepihut.com\" onerror=\"this.style.display='none'\"  \/>\n\t\t\t\t<\/a>\n\t\tthepihut.com","protected":false},"excerpt":{"rendered":"<p>Raspberry Pi CO2 Sensor Breakout-Board langzeitkalibriert. Frischluft von Ihnen gesteuert. Unser Raspberry Pi CO2 Sensor Breakout-Board erm\u00f6glicht die pr\u00e4zise Messung der momentanen CO2-Konzentration in der Umgebungsluft, sowie der Temperatur und des Luftdrucks. Der Sensor ist zeitlich sehr stabil und werkseitig kalibriert. Im Gegensatz zu vielen anderen Produkten muss der Sensor nicht...<\/p>","protected":false},"author":492,"featured_media":0,"parent":5187,"menu_order":0,"comment_status":"closed","ping_status":"closed","template":"","meta":{"footnotes":"","_links_to":"","_links_to_target":""},"class_list":["post-28099","page","type-page","status-publish","hentry"],"_links":{"self":[{"href":"https:\/\/pi3g.com\/de\/wp-json\/wp\/v2\/pages\/28099","targetHints":{"allow":["GET"]}}],"collection":[{"href":"https:\/\/pi3g.com\/de\/wp-json\/wp\/v2\/pages"}],"about":[{"href":"https:\/\/pi3g.com\/de\/wp-json\/wp\/v2\/types\/page"}],"author":[{"embeddable":true,"href":"https:\/\/pi3g.com\/de\/wp-json\/wp\/v2\/users\/492"}],"replies":[{"embeddable":true,"href":"https:\/\/pi3g.com\/de\/wp-json\/wp\/v2\/comments?post=28099"}],"version-history":[{"count":21,"href":"https:\/\/pi3g.com\/de\/wp-json\/wp\/v2\/pages\/28099\/revisions"}],"predecessor-version":[{"id":28793,"href":"https:\/\/pi3g.com\/de\/wp-json\/wp\/v2\/pages\/28099\/revisions\/28793"}],"up":[{"embeddable":true,"href":"https:\/\/pi3g.com\/de\/wp-json\/wp\/v2\/pages\/5187"}],"wp:attachment":[{"href":"https:\/\/pi3g.com\/de\/wp-json\/wp\/v2\/media?parent=28099"}],"curies":[{"name":"wp","href":"https:\/\/api.w.org\/{rel}","templated":true}]}}