{"id":28048,"date":"2021-04-29T14:35:35","date_gmt":"2021-04-29T12:35:35","guid":{"rendered":"https:\/\/pi3g.com\/?page_id=28048"},"modified":"2023-01-11T20:43:26","modified_gmt":"2023-01-11T19:43:26","slug":"coral-m-2-accelerator-b-m-key","status":"publish","type":"page","link":"https:\/\/pi3g.com\/de\/products\/machine-learning\/google-coral\/coral-m-2-accelerator-b-m-key\/","title":{"rendered":"Coral M.2-Beschleuniger (B\/M-Schl\u00fcssel)"},"content":{"rendered":"<h1>\n\t\t<a href=\"#begin\" title=\"Coral M.2-Beschleuniger (B\/M-Schl\u00fcssel)\" target=\"_self\" rel=\"noopener\">\n\t\tCoral M.2-Beschleuniger (B\/M-Schl\u00fcssel)\n\t\t<\/a>\n\t<\/h1>\n<h3>\n\t\t<a href=\"#begin\" title=\"Ein PCIe-Ger\u00e4t, das die einfache Integration der Edge TPU in bestehende Systeme erm\u00f6glicht.\" target=\"_self\" rel=\"noopener\">\n\t\tEin PCIe-Ger\u00e4t, das die einfache Integration der Edge TPU in bestehende Systeme erm\u00f6glicht.\n\t\t<\/a>\n\t<\/h3>\n\t\t\t\t<a href=\"#resellers\" target=\"_self\" itemprop=\"url\" rel=\"noopener\">\n\t\t\t\t<img loading=\"lazy\" decoding=\"async\" src=\"https:\/\/pi3g.com\/wp-content\/uploads\/bb-plugin\/cache\/M2-iso-fafafa-050C0326-scaled-landscape.jpg\" alt=\"M2-iso-fafafa-050C0326\" itemprop=\"image\" height=\"1440\" width=\"2560\" title=\"M2-iso-fafafa-050C0326\" onerror=\"this.style.display='none'\"  \/>\n\t\t\t\t<\/a>\n\t\t<h2><a href=\"#resellers\" target=\"_self\" rel=\"noopener\"><\/a><\/h2>\t\t\n\t\t\t<p>Der Coral M.2 Accelerator B+M Key mit Edge TPU integriert eine Edge TPU in bestehende Computersysteme mit einer M.2 B-Key- oder M-Key-Schnittstelle.<\/p>\n<p>Dadurch eignet sich dieses Edge TPU-Modul besonders gut f\u00fcr mobile und eingebettete Systeme, die von beschleunigtem maschinellem Lernen profitieren k\u00f6nnen.<\/p>\n<p>Der Edge-TPU-Coprozessor ist in der Lage, 4 Billionen Operationen pro Sekunde (4 TOPS) bei einer Leistungsaufnahme von 2 Watt auszuf\u00fchren. So k\u00f6nnen zum Beispiel fortschrittliche mobile Bildverarbeitungsmodelle wie MobileNet v2 effizient mit fast 400 FPS laufen.<\/p>\n<p>Der M.2-Beschleuniger mit B+M-Schl\u00fcssel wird sowohl auf Debian Linux-basierten Systemen als auch auf Windows 10-Systemen unterst\u00fctzt.<\/p>\n\n\t\t\t<a href=\"#resellers\" target=\"_self\" role=\"button\" rel=\"noopener\">\n\t\t\t\t\t\tKaufen Sie bei unseren Wiederverk\u00e4ufern\n\t\t\t\t\t<\/a>\n\t\t\t<a href=\"https:\/\/buyzero.de\/collections\/google-aiy-coral\/products\/google-coral-m-2-accelerator-b-m-key\" target=\"_self\" role=\"button\" rel=\"noopener\">\n\t\t\t\t\t\tKaufen bei buyzero.de (pi3g official shop)\n\t\t\t\t\t<\/a>\n\t\t\t<a href=\"https:\/\/pi3g.com\/de\/kontakt\/\" target=\"_self\" role=\"button\" rel=\"noopener\">\n\t\t\t\t\t\tVolumenanfrage\n\t\t\t\t\t<\/a>\n\t\t\t\t\t<a href=\"#\" id=\"fl-tabs--label-0\" data-index=\"0\" aria-selected=\"true\" aria-controls=\"fl-tabs--panel-0\" aria-expanded=\"true\" role=\"tab\" tabindex=\"0\">\t\t\t\tTechnische Daten\t\t\t<\/a>\n\t\t\t\t\t<a href=\"#\" id=\"fl-tabs--label-1\" data-index=\"1\" aria-selected=\"false\" aria-controls=\"fl-tabs--panel-1\" aria-expanded=\"false\" role=\"tab\" tabindex=\"0\">\t\t\t\tN\u00fctzliche Links &amp; Dokumentation\t\t\t<\/a>\n\t\t\t\t\t<a href=\"#\" id=\"fl-tabs--label-2\" data-index=\"2\" aria-selected=\"false\" aria-controls=\"fl-tabs--panel-2\" aria-expanded=\"false\" role=\"tab\" tabindex=\"0\">\t\t\t\tInformationen f\u00fcr Wiederverk\u00e4ufer\t\t\t<\/a>\n\t\t\t\t\t<a href=\"#\" id=\"fl-tabs--label-3\" data-index=\"3\" aria-selected=\"false\" aria-controls=\"fl-tabs--panel-3\" aria-expanded=\"false\" role=\"tab\" tabindex=\"0\">\t\t\t\tPresseinformationen und -mittel\t\t\t<\/a>\n\t\t\t\tTechnische Daten\n\t\t\t\t\t\t\t<p><strong>Coral M.2 Beschleuniger (B\/M Schl\u00fcssel)<\/strong>: Ein PCIe-Ger\u00e4t, das die einfache Integration der Edge TPU in bestehende Systeme erm\u00f6glicht.<\/p>\n\n<ul>\n<li>Google Edge TPU ML-Beschleuniger-Coprozessor<\/li>\n<li>4 TOPS (int8); 2 TOPS pro Watt<\/li>\n<\/ul>\n\n<ul>\n<li>Schnittstelle: M.2 B+M-Schl\u00fcssel (\u00fcber PCIe Gen2 x1-Lane)<\/li>\n<li>Unterst\u00fctzt Linux und Windows 10 auf dem Host-System<\/li>\n<\/ul>\n\n<ul>\n<li>Abmessungen: 22 mm x 80 mm x 2,35 mm (M.2-2280-B-M-S3)<\/li>\n<li>Gewicht: 5,8 g<\/li>\n<li>Betriebstemperatur: -20 bis + 85\u00b0C<\/li>\n<\/ul>\n\n<p>Linux:<\/p>\n<ul>\n<li>64-Bit-Linux Debian 10.0 \/ Ubuntu 16.04 (oder neuer)<\/li>\n<li>CPU: x86-64, oder ARMv8 (64-Bit)<\/li>\n<\/ul>\n<p>oder Windows:<\/p>\n<ul>\n<li>Windows 10 (64-bit),<\/li>\n<li>x86-64-CPU<\/li>\n<\/ul>\n<h3>Wichtige Hinweise<\/h3>\n<p>Die Anforderungen an den Spitzenstrom (bis zu 3 A f\u00fcr die Edge TPU) sowie das W\u00e4rmemanagement entnehmen Sie bitte dem Datenblatt. Der Edge TPU verf\u00fcgt \u00fcber einen eingebauten Temperatursensor und erm\u00f6glicht Ihnen die Konfiguration von Parametern f\u00fcr die Abschaltung.<\/p>\n<p><strong>Warnung:<\/strong> Eine \u00dcberhitzung des Systems kann zu einem Brand oder zur Zerst\u00f6rung der Hardware f\u00fchren!<\/p>\n<h3>Potenzial f\u00fcr industrielle Anwendungen<\/h3>\n<p>Die Coral Edge TPU ist ein revolution\u00e4res Produkt f\u00fcr Machine-Learning-Anwendungen! Sie erm\u00f6glicht eingebettete L\u00f6sungen, die z. B. Probleme mit Werkst\u00fccken erkennen, Verkehrssituationen erkennen und vieles mehr.<\/p>\n<h3>Datenblatt<\/h3>\n<ul>\n<li><a href=\"https:\/\/coral.ai\/static\/files\/Coral-M2-datasheet.pdf\">Datenblatt f\u00fcr Coral M.2 Accelerator herunterladen (PDF)<\/a><\/li>\n<\/ul>\n<p><strong>Google Teilenummer:<\/strong>\u00a0G650-04686-01<\/p>\n<p><strong>Asus-Teilenummer<\/strong>: 90AN00I1-B0XAY0<\/p>\n<p>Google-Modell: NA1<\/p>\n\t\t\t\tN\u00fctzliche Links &amp; Dokumentation\n\t\t\t\t\t\t\t<h3>Dokumentation<\/h3>\n<ul>\n<li><a href=\"https:\/\/coral.ai\/static\/files\/Coral-M2-datasheet.pdf\">Datenblatt f\u00fcr Coral M.2 Accelerator herunterladen (PDF)<\/a><\/li>\n<li><a href=\"https:\/\/coral.ai\/docs\/m2\/get-started\/\">Erste Schritte mit dem M.2 oder PCIe Accelerator<\/a><\/li>\n<li><a href=\"https:\/\/coral.ai\/docs\/pcie-parameters\/\">W\u00e4rmemanagement<\/a><\/li>\n<\/ul>\n\n<ul>\n<li><a href=\"https:\/\/coral.ai\/docs\/edgetpu\/models-intro\">Einf\u00fchrung in die Modelle auf dem EdgeTPU<\/a><\/li>\n<li><a href=\"https:\/\/coral.ai\/docs\/edgetpu\/inference\/\">\u00dcberblick \u00fcber das Inferencing auf der Edge TPU<\/a><\/li>\n<li><a href=\"https:\/\/coral.ai\/docs\/edgetpu\/multiple-edgetpu\/\">Ausf\u00fchren mehrerer Modelle mit mehreren Edge TPUs<\/a><\/li>\n<li><a href=\"https:\/\/coral.ai\/docs\/edgetpu\/pipeline\/\">Pipelining eines Modells \u00fcber mehrere Edge TPUs<\/a><\/li>\n<\/ul>\n\n<ul>\n<li><a href=\"https:\/\/coral.ai\/docs\/reference\/py\/\">PyCoral API (Python)<\/a><\/li>\n<li><a href=\"https:\/\/coral.ai\/docs\/reference\/cpp\/\">Libcoral API (C++)<\/a><\/li>\n<li><a href=\"https:\/\/coral.ai\/docs\/reference\/cpp\/edgetpu\/\">Libedgetpu API (C++)<\/a><\/li>\n<li><a href=\"https:\/\/coral.ai\/docs\/edgetpu\/compiler\">Edge TPU-Compiler<\/a><\/li>\n<li><a href=\"https:\/\/coral.ai\/models\/\">Vorkompilierte Modelle<\/a><\/li>\n<li><a href=\"https:\/\/coral.ai\/software\">Alle Software-Downloads<\/a><\/li>\n<\/ul>\n<h3>Google Coral M.2 Accelerator Rechtliche Dokumentation<\/h3>\n<p>finden. <a href=\"https:\/\/coral.ai\/legal\/pcie-m2\">Konformit\u00e4tserkl\u00e4rungen (EMC, FCC, CE, REACH, RoHS3) hier<\/a>.<\/p>\n\t\t\t\tInformationen f\u00fcr Wiederverk\u00e4ufer\n\t\t\t\t\t\t\t<h3>N\u00fctzliche Links<\/h3>\n<ul>\n<li><a href=\"https:\/\/pi3g.com\/de\/kontakt\/\">Fragen Sie an, um Wiederverk\u00e4ufer zu werden<\/a><\/li>\n<li><a href=\"https:\/\/pi3g.com\/wp-content\/uploads\/2021\/04\/Resources.zip\">Ressourcen (ZIP)<\/a><\/li>\n<\/ul>\n<h3>Informationen zum Produkt<\/h3>\n<strong>pi3g-Bestellnummer:<br \/>\n<\/strong>koralle.m2-bm\n<strong>GTIN \/ EAN \/ UPC:<br \/>\n<\/strong>0193575003955<em><br \/>\n<\/em>\n<strong>Google Teilenummer:<\/strong><br \/>\nG650-04686-01\n<strong>Beschreibung des Teils:<\/strong><br \/>\nEin PCIe-Ger\u00e4t, das die einfache Integration der Edge TPU in bestehende Systeme erm\u00f6glicht.\n<strong>Handelsname:<\/strong><br \/>\nM.2-Beschleuniger (B\/M-Taste)\n<strong>MSRP $:<\/strong><br \/>\n$24.99\n<strong>Ihren Einkaufspreis und Ihre Handelsspanne:<br \/>\n<\/strong><a href=\"https:\/\/pi3g.com\/de\/kontakt\/\">Fragen Sie uns, ob Sie Wiederverk\u00e4ufer werden m\u00f6chten \/ kontaktieren Sie unser Verkaufsteam<\/a>\n<strong>MOQ:<\/strong><br \/>\n20\n<strong>Erlaubtes Verkaufsgebiet<\/strong><br \/>\nBitte <a href=\"https:\/\/pi3g.com\/wp-content\/uploads\/2021\/04\/Coral-PCIe-M.2-Country-List-7-31-20.pdf\">das PDF der Zertifizierung einsehen<\/a>.\n\n<strong>Einschr\u00e4nkungen f\u00fcr Endnutzer<\/strong><br \/>\nGem\u00e4\u00df den US Export Administration Regulations (\"EAR\") d\u00fcrfen diese Produkte ausschlie\u00dflich f\u00fcr folgende Zwecke verkauft werden <strong>zivil<\/strong> Endverwendungen.\n<p>Der Verkauf an \"milit\u00e4rische Endverwender\" oder f\u00fcr \"milit\u00e4rische Endverwendung\" und der Verkauf an \"milit\u00e4rische nachrichtendienstliche Endverwender\" oder f\u00fcr \"milit\u00e4rische nachrichtendienstliche Endverwendung\" in China, Hongkong, Russland, Venezuela oder anderen L\u00e4ndern, die in den L\u00e4ndergruppen E:1 oder E.2 aufgef\u00fchrt sind, ist nicht zul\u00e4ssig.<\/p>\n<p>Diese Produkte d\u00fcrfen nicht f\u00fcr nukleare, biologische oder chemische Waffen oder andere verbotene Verwendungszwecke, wie in 15 C.F.R. Teil 744 beschrieben, verwendet werden.<\/p>\n<p>Bitte beachten Sie das Dokument MEU-Zertifizierung in diesem Ordner.<\/p>\n<strong>Standard Packungsgr\u00f6\u00dfe:<br \/>\n<\/strong>140\n<strong>Verpackungsgr\u00f6\u00dfe (Einzelst\u00fcck):<br \/>\n<\/strong>16,0 x 12,4 x 2,6 Zoll\n<strong>Produktgewicht:<br \/>\n<\/strong>1,87 kg\n<strong>ECCN-Nummer:<\/strong><br \/>\nEAR99\n<strong>HTS-Code:<\/strong><br \/>\nEU HTS: 84715000000<br \/>\nUS HTS: 8471500150\n<strong>Herkunftsland:<\/strong><br \/>\nChina\n<strong>Ist das Teil statisch empfindlich?<\/strong><br \/>\nJa\n<strong>Ist das Teil frei von Blei (Pb)?<\/strong><br \/>\nJa\n<strong>Ist das Teil RoHS-konform?<br \/>\n<\/strong>Ja\n<strong>Ausnahmsweise RoHS-konform?<\/strong><br \/>\nNein\n<strong>Enth\u00e4lt das Teil Lithium?<br \/>\n<\/strong>Nein\n<h3>Google Coral USB Rechtliche Hinweise<\/h3>\n<p>finden. <a href=\"https:\/\/coral.ai\/legal\/usb-accelerator\/\">Konformit\u00e4tserkl\u00e4rungen (EMC, FCC, CE, REACH, RoHS3) hier<\/a>.<\/p>\n\t\t\t\tPresseinformationen und -mittel\n\t\t\t\t\t\t\t<h3>Kostenlose Produktmuster &amp; Presseanfragen<\/h3>\n<p><a href=\"https:\/\/pi3g.com\/de\/kontakt\/\">Kontaktieren Sie uns f\u00fcr Presseanfragen und kostenlose Produktproben f\u00fcr akkreditierte Journalisten, Blogger und YouTuber<\/a>.<\/p>\n<h1>\n\t\tUnsere Coral M.2 Accelerator (B\/M Key) Wiederverk\u00e4ufer\n\t<\/h1>\n\t\t\t<a href=\"https:\/\/pi3g.com\/de\/kontakt\/\" target=\"_self\" role=\"button\" rel=\"noopener\">\n\t\t\t\t\t\tVolumenanfrage\n\t\t\t\t\t<\/a>\n<h2>\n\t\tGlobale Wiederverk\u00e4ufer\n\t<\/h2>\n\t\t\t\t<a href=\"https:\/\/buyzero.de\/products\/google-coral-m-2-accelerator-b-m-key\" target=\"_self\" itemprop=\"url\" rel=\"noopener\">\n\t\t\t\t<img loading=\"lazy\" decoding=\"async\" src=\"https:\/\/pi3g.com\/wp-content\/uploads\/2020\/07\/buyzero_raspberry_pi_shop_deutschland.jpg\" alt=\"buyzero.de\" itemprop=\"image\" height=\"130\" width=\"500\" title=\"buyzero_raspberry_pi_shop_deutschland\" onerror=\"this.style.display='none'\"  \/>\n\t\t\t\t<\/a>\n\t\tbuyzero.de\n<h2>\n\t\tDeutschland, \u00d6sterreich und Schweiz\n\t<\/h2>\n\t\t\t\t<a href=\"https:\/\/buyzero.de\/products\/google-coral-m-2-accelerator-b-m-key\" target=\"_self\" itemprop=\"url\" rel=\"noopener\">\n\t\t\t\t<img loading=\"lazy\" decoding=\"async\" src=\"https:\/\/pi3g.com\/wp-content\/uploads\/2020\/07\/buyzero_raspberry_pi_shop_deutschland.jpg\" alt=\"buyzero.de\" itemprop=\"image\" height=\"130\" width=\"500\" title=\"buyzero_raspberry_pi_shop_deutschland\" onerror=\"this.style.display='none'\"  \/>\n\t\t\t\t<\/a>\n\t\tbuyzero.de\n\t\t\t\t<a href=\"https:\/\/www.pollin.de\/p\/coral-m-2-accelerator-b-m-key-811336\" target=\"_blank\" rel=\"noopener\" itemprop=\"url\">\n\t\t\t\t<img loading=\"lazy\" decoding=\"async\" src=\"https:\/\/pi3g.com\/wp-content\/uploads\/2020\/08\/Pollin-300x97.png\" alt=\"pollin.de\" itemprop=\"image\" height=\"97\" width=\"300\" title=\"pollin.de\" onerror=\"this.style.display='none'\"  \/>\n\t\t\t\t<\/a>\n\t\tpollin.de\n<h2>\n\t\tD\u00e4nemark, Norwegen, Schweden und Finnland (+ baltische L\u00e4nder)\n\t<\/h2>\n<h2>\n\t\tNiederlande und Belgien\n\t<\/h2>\n<h2>\n\t\tPolen\n\t<\/h2>\n<h2>\n\t\tIsrael\n\t<\/h2>\n<h2>\n\t\tItalien\n\t<\/h2>\n<h2>\n\t\tSpanien und Portugal\n\t<\/h2>\n<h2>\n\t\tVereinigtes K\u00f6nigreich und Irland\n\t<\/h2>\n\t<h3>Zus\u00e4tzliche rechtliche Informationen<\/h3>\n<p>Die von Google angebotenen Produkte haben nichts mit den Produkten zu tun, die unter den CORAL-Marken der Orient Development Enterprises Ltd. in Taiwan angeboten werden.<\/p>","protected":false},"excerpt":{"rendered":"<p>Coral M.2 Accelerator (B\/M Key) Ein PCIe-Ger\u00e4t, das die einfache Integration der Edge TPU in bestehende Systeme erm\u00f6glicht. Der Coral M.2 Accelerator B+M Key mit Edge TPU integriert eine Edge TPU in bestehende Computersysteme, die eine M.2 B-Key oder M-Key Schnittstelle nutzen. Damit eignet sich dieses Edge TPU-Modul besonders gut f\u00fcr mobile und...<\/p>","protected":false},"author":492,"featured_media":0,"parent":27267,"menu_order":0,"comment_status":"closed","ping_status":"closed","template":"","meta":{"footnotes":"","_links_to":"","_links_to_target":""},"class_list":["post-28048","page","type-page","status-publish","hentry"],"_links":{"self":[{"href":"https:\/\/pi3g.com\/de\/wp-json\/wp\/v2\/pages\/28048","targetHints":{"allow":["GET"]}}],"collection":[{"href":"https:\/\/pi3g.com\/de\/wp-json\/wp\/v2\/pages"}],"about":[{"href":"https:\/\/pi3g.com\/de\/wp-json\/wp\/v2\/types\/page"}],"author":[{"embeddable":true,"href":"https:\/\/pi3g.com\/de\/wp-json\/wp\/v2\/users\/492"}],"replies":[{"embeddable":true,"href":"https:\/\/pi3g.com\/de\/wp-json\/wp\/v2\/comments?post=28048"}],"version-history":[{"count":25,"href":"https:\/\/pi3g.com\/de\/wp-json\/wp\/v2\/pages\/28048\/revisions"}],"predecessor-version":[{"id":29646,"href":"https:\/\/pi3g.com\/de\/wp-json\/wp\/v2\/pages\/28048\/revisions\/29646"}],"up":[{"embeddable":true,"href":"https:\/\/pi3g.com\/de\/wp-json\/wp\/v2\/pages\/27267"}],"wp:attachment":[{"href":"https:\/\/pi3g.com\/de\/wp-json\/wp\/v2\/media?parent=28048"}],"curies":[{"name":"wp","href":"https:\/\/api.w.org\/{rel}","templated":true}]}}