{"id":28044,"date":"2021-04-29T14:34:25","date_gmt":"2021-04-29T12:34:25","guid":{"rendered":"https:\/\/pi3g.com\/?page_id=28044"},"modified":"2023-01-11T12:45:08","modified_gmt":"2023-01-11T11:45:08","slug":"coral-environmental-board","status":"publish","type":"page","link":"https:\/\/pi3g.com\/de\/products\/machine-learning\/google-coral\/coral-environmental-board\/","title":{"rendered":"Umweltausschuss Korallen"},"content":{"rendered":"<h1>\n\t\t<a href=\"#begin\" title=\"Korallen-Umweltsensor-Karte\" target=\"_self\" rel=\"noopener\">\n\t\tKorallen-Umweltsensor-Karte\n\t\t<\/a>\n\t<\/h1>\n<h3>\n\t\t<a href=\"#begin\" title=\"Eine Zusatzplatine, die Temperatur-, Licht- und Feuchtigkeitssensoren f\u00fcr IoT-Anwendungen bereitstellt\" target=\"_self\" rel=\"noopener\">\n\t\tEine Zusatzplatine, die Temperatur-, Licht- und Feuchtigkeitssensoren f\u00fcr IoT-Anwendungen bereitstellt\n\t\t<\/a>\n\t<\/h3>\n\t\t\t\t<a href=\"#resellers\" target=\"_self\" itemprop=\"url\" rel=\"noopener\">\n\t\t\t\t<img loading=\"lazy\" decoding=\"async\" src=\"https:\/\/pi3g.com\/wp-content\/uploads\/bb-plugin\/cache\/Coral_Enviro_iso-landscape.jpg\" alt=\"Koralle_Enviro_iso\" itemprop=\"image\" height=\"1350\" width=\"2400\" title=\"Koralle_Enviro_iso\" onerror=\"this.style.display='none'\"  \/>\n\t\t\t\t<\/a>\n\t\t<h2><a href=\"#resellers\" target=\"_self\" rel=\"noopener\"><\/a><\/h2>\t\t\n\t\t\t<p>Das Coral Enviro Board verf\u00fcgt \u00fcber Temperatur-, Licht- und Feuchtigkeitssensoren f\u00fcr Ihre IoT-Anwendung. Sie k\u00f6nnen ganz einfach Sensoren zu Ihrem Coral Dev Board oder Raspberry Pi Projekt hinzuf\u00fcgen.<\/p>\n<p>Vier Grove-Anschl\u00fcsse erm\u00f6glichen Ihnen au\u00dferdem den bequemen Anschluss weiterer Sensoren.<\/p>\n<p>Eine spezielle Hardwarekomponente (sicheres Element) erm\u00f6glicht es Ihrer Anwendung, mit dem Cloud IOT Core von Google zu arbeiten.<\/p>\n\n\t\t\t<a href=\"#resellers\" target=\"_self\" role=\"button\" rel=\"noopener\">\n\t\t\t\t\t\tKaufen Sie bei unseren Wiederverk\u00e4ufern\n\t\t\t\t\t<\/a>\n\t\t\t<a href=\"https:\/\/buyzero.de\/collections\/google-aiy-coral\/products\/google-coral-enviro-board\" target=\"_self\" role=\"button\" rel=\"noopener\">\n\t\t\t\t\t\tKaufen bei buyzero.de (pi3g official shop)\n\t\t\t\t\t<\/a>\n\t\t\t<a href=\"https:\/\/pi3g.com\/de\/kontakt\/\" target=\"_self\" role=\"button\" rel=\"noopener\">\n\t\t\t\t\t\tVolumenanfrage\n\t\t\t\t\t<\/a>\n\t\t\t\t\t<a href=\"#\" id=\"fl-tabs--label-0\" data-index=\"0\" aria-selected=\"true\" aria-controls=\"fl-tabs--panel-0\" aria-expanded=\"true\" role=\"tab\" tabindex=\"0\">\t\t\t\tTechnische Daten\t\t\t<\/a>\n\t\t\t\t\t<a href=\"#\" id=\"fl-tabs--label-1\" data-index=\"1\" aria-selected=\"false\" aria-controls=\"fl-tabs--panel-1\" aria-expanded=\"false\" role=\"tab\" tabindex=\"0\">\t\t\t\tN\u00fctzliche Links &amp; Dokumentation\t\t\t<\/a>\n\t\t\t\t\t<a href=\"#\" id=\"fl-tabs--label-2\" data-index=\"2\" aria-selected=\"false\" aria-controls=\"fl-tabs--panel-2\" aria-expanded=\"false\" role=\"tab\" tabindex=\"0\">\t\t\t\tInformationen f\u00fcr Wiederverk\u00e4ufer\t\t\t<\/a>\n\t\t\t\t\t<a href=\"#\" id=\"fl-tabs--label-3\" data-index=\"3\" aria-selected=\"false\" aria-controls=\"fl-tabs--panel-3\" aria-expanded=\"false\" role=\"tab\" tabindex=\"0\">\t\t\t\tPresseinformationen und -mittel\t\t\t<\/a>\n\t\t\t\tTechnische Daten\n\t\t\t\t\t\t\t<p><strong>Korallen-Umweltsensor-Karte<\/strong>: Eine Zusatzplatine, die Temperatur-, Licht- und Feuchtigkeitssensoren f\u00fcr IoT-Anwendungen bereitstellt.<\/p>\n\n<ul>\n<li>Luftfeuchtigkeit: Texas Instruments HDC2010 Feuchtesensor (Messbereich: 0-100% mit +- 2% Genauigkeit)<\/li>\n<li>Temperatur: HDC2010 (Messbereich: -40 bis +125\u00b0C mit +- 0,2\u00b0C Genauigkeit)<\/li>\n<li>Helligkeit: Texas Instruments OPT3002 Umgebungslichtsensor (Optisches Spektrum: 300-1000 nm, Messbereich: 1,2 nW\/cm^2 bis 10 mW\/cm^2 )<\/li>\n<li>Barometer: Bosch Sensortec BMP280 Barometrischer Drucksensor (Messbereich 300 ... 1100 hPa mit +- 1hPa Genauigkeit)<\/li>\n<\/ul>\n\n<p>Vier Grove-Anschl\u00fcsse mit unterschiedlichen Funktionen (<a href=\"https:\/\/coral.ai\/static\/files\/Coral-Environmental-Sensor-datasheet.pdf\">siehe Datenblatt<\/a>):<\/p>\n<ul>\n<li>UART<\/li>\n<li>I2C<\/li>\n<li>PWM<\/li>\n<li>Analog<\/li>\n<\/ul>\n\n<ul>\n<li>128 x 32 OLED-Anzeige<\/li>\n<li>Mehrzweck-Taster<\/li>\n<li>Allzweck-LED<\/li>\n<li>integrierter TLA2021IRUGT 12-Bit-ADC (Analog-Digital-Wandler), angeschlossen an den Grove-Analoganschluss<\/li>\n<li>Microchip ATECC608A Krypto-Chip mit Google-Schl\u00fcssel<\/li>\n<li>40-poliger GPIO-Anschluss f\u00fcr Coral Dev Boards und Raspberry Pi<\/li>\n<\/ul>\n<p>Das OLED-Display verwendet den SSD1306-Controller und ist \u00fcber SPI angeschlossen.<\/p>\n<p>Der Kryptoprozessor ATECC608A kann bis zu 16 256-Bit-Schl\u00fcssel in seinem EEPROM speichern. Auf diese Weise kann das Ger\u00e4t sicher identifiziert werden. So k\u00f6nnen Sie zum Beispiel sicherstellen, dass die Messdaten von der richtigen (Ihrer eigenen) Hardware stammen.<\/p>\n<p>Ein Google-Schl\u00fcssel zur Verwendung mit Google Cloud IoT Core ist werkseitig vorinstalliert; er kann auf Wunsch \u00fcberschrieben werden.<\/p>\n\n<ul>\n<li>mit Komponenten: 65 x 30 x 18,46 mm<\/li>\n<li>H\u00f6he der 40-poligen Stiftleiste: 8,5 mm<\/li>\n<li>Vier Befestigungsl\u00f6cher, 2,4 mm Durchmesser<\/li>\n<li>Gewicht: 14 g<\/li>\n<\/ul>\n<h3>\u00dcbersicht der I2C-Adressen<\/h3>\n<ul>\n<li>Luftfeuchtigkeits-\/Temperatursensor: 0x40<\/li>\n<li>Umgebungslichtsensor: 0x45<\/li>\n<li>Barometrischer Sensor: 0x76<\/li>\n<li>ADC: 0x49<\/li>\n<li>Kryptoprozessor: 0x30<\/li>\n<\/ul>\n<h3>Hinweise<\/h3>\n<p>Das Coral Environmental Sensor Board muss an einen Host mit I2C, SPI und 3,3 V Stromversorgung angeschlossen werden.<\/p>\n<p>Die 40-polige Stiftleiste und die Python-APIs sind auf Kompatibilit\u00e4t mit dem Coral Dev Board oder dem Raspberry Pi (und Mendel Linux bzw. Raspberry Pi OS) ausgelegt.<\/p>\n<h3>Datenblatt<\/h3>\n<ul>\n<li><a href=\"https:\/\/coral.ai\/static\/files\/Coral-Environmental-Sensor-datasheet.pdf\">Datenblatt f\u00fcr Coral Enviro Board herunterladen (PDF)<\/a><\/li>\n<\/ul>\n<p><strong>Google Teilenummer:<\/strong>\u00a0G650-04023-01<\/p>\n\t\t\t\tN\u00fctzliche Links &amp; Dokumentation\n\t\t\t\t\t\t\t<h3>Dokumentation<\/h3>\n<ul>\n<li><a href=\"https:\/\/coral.ai\/static\/files\/Coral-Environmental-Sensor-datasheet.pdf\">Datenblatt f\u00fcr Coral Enviro Board herunterladen (PDF)<\/a><\/li>\n<li><a href=\"https:\/\/coral.ai\/docs\/enviro-board\/get-started\/\">Erste Schritte mit dem Enviro Board<\/a><\/li>\n<li><a href=\"https:\/\/coral.ai\/docs\/reference\/enviro\/coral.enviro.board\/\">Enviro Board Python API<\/a><\/li>\n<\/ul>\n<h3>Google Coral Enviro Board Rechtsdokumentation<\/h3>\n<p>finden. <a href=\"https:\/\/coral.ai\/legal\/enviro-board\">Konformit\u00e4tserkl\u00e4rungen (EMC, FCC, CE, REACH, RoHS3) hier<\/a>.<\/p>\n\t\t\t\tInformationen f\u00fcr Wiederverk\u00e4ufer\n\t\t\t\t\t\t\t<h3>N\u00fctzliche Links<\/h3>\n<ul>\n<li><a href=\"https:\/\/pi3g.com\/de\/kontakt\/\">Fragen Sie an, um Wiederverk\u00e4ufer zu werden<\/a><\/li>\n<li><a href=\"https:\/\/pi3g.com\/wp-content\/uploads\/2021\/04\/Resources.zip\">Ressourcen (ZIP)<\/a><\/li>\n<\/ul>\n<h3>Informationen zum Produkt<\/h3>\n<strong>pi3g-Bestellnummer:<br \/>\n<\/strong>korallen.umwelt\n<strong>GTIN \/ EAN \/ UPC:<br \/>\n<\/strong>0193575001456<em><br \/>\n<\/em>\n<strong>Google Teilenummer:<\/strong><br \/>\nG65004023-01\n<p><strong>Beschreibung des Teils:\u00a0<\/strong>Eine Zusatzplatine, die Temperatur-, Licht- und Feuchtigkeitssensoren f\u00fcr IoT-Anwendungen bereitstellt<\/p>\n<strong>Handelsname:<\/strong><br \/>\nEnviro Board\n<strong>MSRP $:<\/strong><br \/>\n$14.99\n<strong>Ihren Einkaufspreis und Ihre Handelsspanne:<br \/>\n<\/strong><a href=\"https:\/\/pi3g.com\/de\/kontakt\/\">Fragen Sie uns, ob Sie Wiederverk\u00e4ufer werden m\u00f6chten \/ kontaktieren Sie unser Verkaufsteam<\/a>\n<strong>MOQ:<\/strong><br \/>\n60\n<strong>Erlaubtes Verkaufsgebiet<\/strong><br \/>\nBitte <a href=\"https:\/\/pi3g.com\/wp-content\/uploads\/2021\/04\/Coral-SOM-Country-List-07-31-20.pdf\">das PDF der Zertifizierung einsehen<\/a>.\n<p>Insbesondere sind diese Produkte vom Verkauf in folgende L\u00e4nder ausgeschlossen <strong>Frankreich und die Tschechische Republik<\/strong>und mehrere Embargol\u00e4nder, darunter <strong>China<\/strong>.<\/p>\n\n<strong>Einschr\u00e4nkungen f\u00fcr Endnutzer<\/strong><br \/>\nGem\u00e4\u00df den US Export Administration Regulations (\"EAR\") d\u00fcrfen diese Produkte ausschlie\u00dflich f\u00fcr folgende Zwecke verkauft werden <strong>zivil<\/strong> Endverwendungen.\n<p>Der Verkauf an \"milit\u00e4rische Endverwender\" oder f\u00fcr \"milit\u00e4rische Endverwendung\" und der Verkauf an \"milit\u00e4rische nachrichtendienstliche Endverwender\" oder f\u00fcr \"milit\u00e4rische nachrichtendienstliche Endverwendung\" in China, Hongkong, Russland, Venezuela oder anderen L\u00e4ndern, die in den L\u00e4ndergruppen E:1 oder E.2 aufgef\u00fchrt sind, ist nicht zul\u00e4ssig.<\/p>\n<p>Diese Produkte d\u00fcrfen nicht f\u00fcr nukleare, biologische oder chemische Waffen oder andere verbotene Verwendungszwecke, wie in 15 C.F.R. Teil 744 beschrieben, verwendet werden.<\/p>\n<p>Bitte beachten Sie das Dokument MEU-Zertifizierung in diesem Ordner.<\/p>\n<strong>Standard Packungsgr\u00f6\u00dfe:<br \/>\n<\/strong>60\n<strong>Verpackungsgr\u00f6\u00dfe (Einzelst\u00fcck):<br \/>\n<\/strong>140 x 110 x 18 mm\n<strong>Produktgewicht:<br \/>\n<\/strong>2,28 kg\n<strong>ECCN-Nummer:<\/strong><br \/>\nEAR99\n<strong>HTS-Code:<\/strong><br \/>\nEU HTS: 9027500000<br \/>\nUS HTS: 9027504060\n<strong>Herkunftsland:<\/strong><br \/>\nTaiwan\n<strong>Ist das Teil statisch empfindlich?<\/strong><br \/>\nJa\n<strong>Ist das Teil frei von Blei (Pb)?<\/strong><br \/>\nJa\n<strong>Ist das Teil RoHS-konform?<br \/>\n<\/strong>Ja\n<strong>Ausnahmsweise RoHS-konform?<\/strong><br \/>\nNein\n<strong>Enth\u00e4lt das Teil Lithium?<br \/>\n<\/strong>Nein\n<h3>Google Coral USB Rechtliche Hinweise<\/h3>\n<p>finden. <a href=\"https:\/\/coral.ai\/legal\/usb-accelerator\/\">Konformit\u00e4tserkl\u00e4rungen (EMC, FCC, CE, REACH, RoHS3) hier<\/a>.<\/p>\n\t\t\t\tPresseinformationen und -mittel\n\t\t\t\t\t\t\t<h3>Kostenlose Produktmuster &amp; Presseanfragen<\/h3>\n<p><a href=\"https:\/\/pi3g.com\/de\/kontakt\/\">Kontaktieren Sie uns f\u00fcr Presseanfragen und kostenlose Produktproben f\u00fcr akkreditierte Journalisten, Blogger und YouTuber<\/a>.<\/p>\n<h1>\n\t\tUnsere Coral Environmental Sensor Board Wiederverk\u00e4ufer\n\t<\/h1>\n\t\t\t<a href=\"https:\/\/pi3g.com\/de\/kontakt\/\" target=\"_self\" role=\"button\" rel=\"noopener\">\n\t\t\t\t\t\tVolumenanfrage\n\t\t\t\t\t<\/a>\n<h2>\n\t\tGlobale Wiederverk\u00e4ufer\n\t<\/h2>\n\t\t\t\t<a href=\"https:\/\/buyzero.de\/products\/google-coral-enviro-board\" target=\"_self\" itemprop=\"url\" rel=\"noopener\">\n\t\t\t\t<img loading=\"lazy\" decoding=\"async\" src=\"https:\/\/pi3g.com\/wp-content\/uploads\/2020\/07\/buyzero_raspberry_pi_shop_deutschland.jpg\" alt=\"buyzero.de\" itemprop=\"image\" height=\"130\" width=\"500\" title=\"buyzero_raspberry_pi_shop_deutschland\" onerror=\"this.style.display='none'\"  \/>\n\t\t\t\t<\/a>\n\t\tbuyzero.de\n\t\t\t\t<a href=\"https:\/\/www.berrybase.de\/dev.-boards\/google-coral\/google-coral-environmental-sensor-board\" target=\"_self\" itemprop=\"url\" rel=\"noopener\">\n\t\t\t\t<img loading=\"lazy\" decoding=\"async\" src=\"https:\/\/pi3g.com\/wp-content\/uploads\/2020\/08\/Logo-BerryBase_farbig-mitClaim.png\" alt=\"berrybase.de\" itemprop=\"image\" height=\"130\" width=\"340\" title=\"Logo-BerryBase_farbig-mitClaim\" onerror=\"this.style.display='none'\"  \/>\n\t\t\t\t<\/a>\n\t\tberrybase.de\n<h2>\n\t\tDeutschland, \u00d6sterreich und Schweiz\n\t<\/h2>\n\t\t\t\t<a href=\"https:\/\/buyzero.de\/products\/google-coral-enviro-board\" target=\"_self\" itemprop=\"url\" rel=\"noopener\">\n\t\t\t\t<img loading=\"lazy\" decoding=\"async\" src=\"https:\/\/pi3g.com\/wp-content\/uploads\/2020\/07\/buyzero_raspberry_pi_shop_deutschland.jpg\" alt=\"buyzero.de\" itemprop=\"image\" height=\"130\" width=\"500\" title=\"buyzero_raspberry_pi_shop_deutschland\" onerror=\"this.style.display='none'\"  \/>\n\t\t\t\t<\/a>\n\t\tbuyzero.de\n\t\t\t\t<a href=\"https:\/\/www.berrybase.de\/dev.-boards\/google-coral\/google-coral-environmental-sensor-board\" target=\"_self\" itemprop=\"url\" rel=\"noopener\">\n\t\t\t\t<img loading=\"lazy\" decoding=\"async\" src=\"https:\/\/pi3g.com\/wp-content\/uploads\/2020\/08\/Logo-BerryBase_farbig-mitClaim.png\" alt=\"berrybase.de\" itemprop=\"image\" height=\"130\" width=\"340\" title=\"Logo-BerryBase_farbig-mitClaim\" onerror=\"this.style.display='none'\"  \/>\n\t\t\t\t<\/a>\n\t\tberrybase.de\n\t\t\t\t<a href=\"https:\/\/www.pollin.de\/p\/google-coral-environmental-sensor-board-811331\" target=\"_self\" itemprop=\"url\" rel=\"noopener\">\n\t\t\t\t<img loading=\"lazy\" decoding=\"async\" src=\"https:\/\/pi3g.com\/wp-content\/uploads\/2020\/08\/Pollin-300x97.png\" alt=\"pollin.de\" itemprop=\"image\" height=\"97\" width=\"300\" title=\"pollin.de\" onerror=\"this.style.display='none'\"  \/>\n\t\t\t\t<\/a>\n\t\tpollin.de\n\t\t\t\t<a href=\"https:\/\/www.reichelt.com\/google-shield-coral-umwelt-sensor-board-goo-shd-enviro-p306584.html?CCOUNTRY=445&#038;LANGUAGE=de&#038;trstct=pos_6&#038;nbc=1&#038;&#038;r=1\" target=\"_self\" itemprop=\"url\" rel=\"noopener\">\n\t\t\t\t<img loading=\"lazy\" decoding=\"async\" src=\"https:\/\/pi3g.com\/wp-content\/uploads\/2020\/08\/reichelt-300x61.png\" alt=\"reichelt.de\" itemprop=\"image\" height=\"61\" width=\"300\" title=\"reichelt.de\" onerror=\"this.style.display='none'\"  \/>\n\t\t\t\t<\/a>\n\t\treichelt.de\n\t\t\t\t<a href=\"https:\/\/electronics.semaf.at\/navi.php?a=2667&#038;lang=eng\" target=\"_self\" itemprop=\"url\" rel=\"noopener\">\n\t\t\t\t<img loading=\"lazy\" decoding=\"async\" src=\"https:\/\/pi3g.com\/wp-content\/uploads\/2021\/01\/logo.png\" alt=\"Semaf.at (\u00d6sterreich)\" itemprop=\"image\" height=\"50\" width=\"250\" title=\"Semaf-Logo\" onerror=\"this.style.display='none'\"  \/>\n\t\t\t\t<\/a>\n\t\tSemaf.at (\u00d6sterreich)\n<h2>\n\t\tD\u00e4nemark, Norwegen, Schweden und Finnland (+ baltische L\u00e4nder)\n\t<\/h2>\n<h2>\n\t\tNiederlande und Belgien\n\t<\/h2>\n<h2>\n\t\tPolen\n\t<\/h2>\n<h2>\n\t\tIsrael\n\t<\/h2>\n<h2>\n\t\tItalien\n\t<\/h2>\n<h2>\n\t\tSpanien und Portugal\n\t<\/h2>\n<h2>\n\t\tVereinigtes K\u00f6nigreich und Irland\n\t<\/h2>\n\t\t\t\t<a href=\"https:\/\/thepihut.com\/products\/google-environmental-sensor-board\" target=\"_blank\" rel=\"noopener\" itemprop=\"url\">\n\t\t\t\t<img loading=\"lazy\" decoding=\"async\" src=\"https:\/\/pi3g.com\/wp-content\/uploads\/2020\/08\/thepihut-logo.png\" alt=\"thepihut.com\" itemprop=\"image\" height=\"286\" width=\"854\" title=\"thepihut.com\" onerror=\"this.style.display='none'\"  \/>\n\t\t\t\t<\/a>\n\t\tthepihut.com\n\t<h3>Zus\u00e4tzliche rechtliche Informationen<\/h3>\n<p>Die von Google angebotenen Produkte haben nichts mit den Produkten zu tun, die unter den CORAL-Marken der Orient Development Enterprises Ltd. in Taiwan angeboten werden.<\/p>","protected":false},"excerpt":{"rendered":"<p>Coral Environmental Sensor Board Ein Zubeh\u00f6rboard, das Temperatur-, Licht- und Feuchtigkeitssensoren f\u00fcr IoT-Anwendungen bietet Das Coral Enviro Board verf\u00fcgt \u00fcber Temperatur-, Licht- und Feuchtigkeitssensoren f\u00fcr Ihre IoT-Anwendung. Sie k\u00f6nnen Ihrem Coral Dev Board oder Ihrem Raspberry Pi Projekt ganz einfach Sensoren hinzuf\u00fcgen. \u00dcber vier Grove-Anschl\u00fcsse k\u00f6nnen Sie au\u00dferdem bequem zus\u00e4tzliche...<\/p>","protected":false},"author":492,"featured_media":0,"parent":27267,"menu_order":0,"comment_status":"closed","ping_status":"closed","template":"","meta":{"footnotes":"","_links_to":"","_links_to_target":""},"class_list":["post-28044","page","type-page","status-publish","hentry"],"_links":{"self":[{"href":"https:\/\/pi3g.com\/de\/wp-json\/wp\/v2\/pages\/28044","targetHints":{"allow":["GET"]}}],"collection":[{"href":"https:\/\/pi3g.com\/de\/wp-json\/wp\/v2\/pages"}],"about":[{"href":"https:\/\/pi3g.com\/de\/wp-json\/wp\/v2\/types\/page"}],"author":[{"embeddable":true,"href":"https:\/\/pi3g.com\/de\/wp-json\/wp\/v2\/users\/492"}],"replies":[{"embeddable":true,"href":"https:\/\/pi3g.com\/de\/wp-json\/wp\/v2\/comments?post=28044"}],"version-history":[{"count":34,"href":"https:\/\/pi3g.com\/de\/wp-json\/wp\/v2\/pages\/28044\/revisions"}],"predecessor-version":[{"id":29643,"href":"https:\/\/pi3g.com\/de\/wp-json\/wp\/v2\/pages\/28044\/revisions\/29643"}],"up":[{"embeddable":true,"href":"https:\/\/pi3g.com\/de\/wp-json\/wp\/v2\/pages\/27267"}],"wp:attachment":[{"href":"https:\/\/pi3g.com\/de\/wp-json\/wp\/v2\/media?parent=28044"}],"curies":[{"name":"wp","href":"https:\/\/api.w.org\/{rel}","templated":true}]}}