{"id":27964,"date":"2021-04-06T09:08:00","date_gmt":"2021-04-06T07:08:00","guid":{"rendered":"https:\/\/pi3g.com\/?page_id=27964"},"modified":"2022-02-03T10:52:13","modified_gmt":"2022-02-03T09:52:13","slug":"bme688-breakout-board","status":"publish","type":"page","link":"https:\/\/pi3g.com\/de\/products\/bme688-breakout-board\/","title":{"rendered":"BME688-Breakout-Platine"},"content":{"rendered":"<h1>\n\t\tBME688 Breakout-Board Bosch Luftqualit\u00e4tssensor\n\t<\/h1>\n<h3>\n\t\tfrische Luft genie\u00dfen. von Ihnen kontrolliert.\n\t<\/h3>\n\t\t\t<img decoding=\"async\" loading='false' src=\"https:\/\/pi3g.com\/wp-content\/uploads\/2021\/05\/BME688-breakout-board-1-scaled-e1622019667826.jpg\" alt=\"\" \/>\t\t\t\n\t\t\t<img decoding=\"async\" loading='false' src=\"https:\/\/pi3g.com\/wp-content\/uploads\/2021\/05\/BME688-breakout-board-2-scaled-e1622023128404.jpg\" alt=\"\" \/>\t\t\t\n\t\t\t<img decoding=\"async\" loading='false' src=\"https:\/\/pi3g.com\/wp-content\/uploads\/2021\/05\/BME688-breakout-board-4-scaled-e1622023658668.jpg\" alt=\"\" \/>\t\t\t\n\t\t\t<img decoding=\"async\" loading='false' src=\"https:\/\/pi3g.com\/wp-content\/uploads\/2021\/05\/BME688-breakout-board-6-scaled-e1622023685535.jpg\" alt=\"\" \/>\t\t\t\n\t\t\t\t<a href=\"#\" aria-label=\"vorherige\" role=\"button\">\n<\/a>\n\t\t\t\t<a href=\"#\" aria-label=\"n\u00e4chste\" role=\"button\">\n<\/a>\n\t\t<h3><a href=\"#begin\" target=\"_self\" rel=\"noopener\"><\/a><\/h3>\t\t\n\t\t\tMit unserem BME688-Breakout-Board k\u00f6nnen Sie ganz einfach die Luftqualit\u00e4t, die Lufttemperatur, den Luftdruck, die Luftfeuchtigkeit und den VOC-Gaswiderstand messen. Der BME688-Sensor ist auf unserem einfach zu bedienenden I2C-Breakout-Board montiert, das sehr kompatibel mit dem Raspberry Pi ist und sich leicht einstecken l\u00e4sst. Dank des innovativen Designs ist eine genauere Messung der Umgebungstemperatur m\u00f6glich, da der BME688 so weit wie m\u00f6glich vom Raspberry Pi entfernt sitzt.\nEAN \/ Barcode: 0608603905342\n\t\t\t<a href=\"#begin\" target=\"_self\" role=\"button\" rel=\"noopener\">\n\t\t\t\t\t\t\tmehr erfahren\n\t\t\t<\/a>\n<h3>\n\t\tunser perfektes Match\n\t<\/h3>\n<h4>\n\t\tBME688 Luftqualit\u00e4tssensor\n\t<\/h4>\n\t\t\t<h3> - geringer Stromverbrauch (3,9 mA im Standard-Gasscan-Modus, Wert f\u00fcr BME688-Sensorchip)<\/h3>\t\t\n\t\t\t<h3> - Messung verschiedener Parameter der Umgebungsluft:<\/h3>\t\t\n\t\t\t <p><strong>Luftqualit\u00e4t:<\/strong>\u00a0IAQ - Luftqualit\u00e4tsindex f\u00fcr Innenr\u00e4ume, berechnet mit Bosch-Software (BSEC-Bibliothek)<\/p>\t\t\n\t\t\t <p>Lufttemperatur: -40...85\u00b0C<\/p>\t\t\n\t\t\t <p>Luftdruck: 300...1100hPa<\/p>\t\t\n\t\t\t <p>Luftfeuchtigkeit: 0...100%<\/p>\t\t\n\t\t\t <p>VOC-Werte in der Luft (fl\u00fcchtige organische Verbindungen)<\/p>\t\t\n\t\t\t<h3> - trainierbar zur Erkennung verschiedener Gasgemische und deren Anwesenheit (z.B. Kaffee) mit Bosch&#039;s AI Studio<\/h3>\t\t\n\t<h4>\n\t\tunser I2C-Breakout-Board\n\t<\/h4>\n\t\t\t<h3> - direkt steckbar auf Raspberry Pi Boards (1B - 4B, Zero Serie) - dank eigenem Header<\/h3>\t\t\n\t\t\t<h3> - unbest\u00fcckte Stiftleiste, Pinout ist Pico-kompatibel: Zero-Solder-Technologie -&gt; kann direkt ohne L\u00f6ten montiert werden<\/h3>\t\t\n\t\t\t<h3> - 2 x Grove-kompatible Anschl\u00fcsse (I2C \/ 3.3V): Schlie\u00dfen Sie zus\u00e4tzliche Sensoren, Displays, etc. \u00fcber das Breakout-Board an Ihren Raspberry Pi oder Pico an<\/h3>\t\t\n\t\t\t<h3> - 3,3 V Datenpegel (kompatibel mit Raspberry Pi)<\/h3>\t\t\n\t\t\t<h3> - 3,3 V Versorgungsspannung<\/h3>\t\t\n\t\t\t<h3> - I2C-Schnittstelle<\/h3>\t\t\n\t\t\t<h3> - Adresse des BME688 einstellbar \u00fcber J1 und GPIO-Pin (ADDR)<\/h3>\t\t\n\t\t\t<a href=\"#resellers\" target=\"_self\" role=\"button\" rel=\"noopener\">\n\t\t\t\t\t\tkaufen Sie es bei unseren Wiederverk\u00e4ufern\n\t\t\t\t\t<\/a>\n<h3>\n\t\tVorteile\n\t<\/h3>\n\t\t\t\t<img loading=\"lazy\" decoding=\"async\" src=\"https:\/\/pi3g.com\/wp-content\/uploads\/2021\/04\/pi3g-bme688-breakout-board-raspberry-pi.jpg\" alt=\"pi3g-bme688-breakout-board-raspberry-pi\" itemprop=\"image\" height=\"1562\" width=\"2500\" title=\"pi3g-bme688-breakout-board-raspberry-pi\" onerror=\"this.style.display='none'\"  \/>\n<h3>\n\t\tKompatibilit\u00e4t\n\t<\/h3>\n\t\t\t <p>Raspberry Pi-Platinen (1B - 4B, Zero-Serie)<\/p>\t\t\n\t\t\t <p>Raspberry Pi Pico (mit Breadboard)<\/p>\t\t\n\t\t\t <p>Arduino 3,3 V \u00fcber Grove-Anschluss<\/p>\t\t\n\t\t\t <p>andere Boards, die den Grove-Anschluss unterst\u00fctzen<\/p>\t\t\n\t<h3>\n\t\tAnwendungsf\u00e4lle\n\t<\/h3>\n\t\t\t\t<img loading=\"lazy\" decoding=\"async\" src=\"https:\/\/pi3g.com\/wp-content\/uploads\/2021\/04\/IAQ-color-index-Bosch.png\" alt=\"https:\/\/www.bosch-sensortec.com\/news\/how-sensing-solutions-help-to-fight-against-covid-19.html\" itemprop=\"image\" height=\"850\" width=\"1632\" title=\"IAQ-Farbindex Bosch\" onerror=\"this.style.display='none'\"  \/>\n\t\thttps:\/\/www.bosch-sensortec.com\/news\/how-sensing-solutions-help-to-fight-against-covid-19.html\n<h3>\n\t\twissen, wann man in Zeiten von Covid-19 l\u00fcften sollte\n\t<\/h3>\n\t<p>Der Index der Luftqualit\u00e4t (IAQ) wird durch die Konzentration der fl\u00fcchtigen organischen Verbindungen (VOC) bestimmt. Durch die Messung der wichtigsten repr\u00e4sentativen Gase, die wir ausatmen, zeigt ein Farbindex an, wie gut die Luftqualit\u00e4t ist. So l\u00e4sst sich leicht feststellen, wann es Zeit ist, zu l\u00fcften. Dies ist vor allem zu den Zeiten von Covid-19 wichtig. Die ausgeatmete Luft erh\u00f6ht das Risiko einer Infektion mit Covid-19 aufgrund der virushaltigen Aerosole. H\u00e4ufiges L\u00fcften kann das Infektionsrisiko verringern. Der Farbindex macht dies besonders einfach.<\/p>\n<h3>\n\t\tIhre digitale Nase\n\t<\/h3>\n\t<p>Durch den Einsatz von Algorithmen des maschinellen Lernens ist das BME688 in der Lage, den einzigartigen Fingerabdruck verschiedener Gasgemische zu messen und zu erkennen. So k\u00f6nnen zum Beispiel verschiedene Kaffeesorten identifiziert werden.<\/p>\n\t<iframe loading=\"lazy\" hcb-fetch-image-from=\"https:\/\/www.youtube.com\/watch?v=xcZKKNrBt2g\" title=\"Gassensorik wird intelligent mit BME688 und BME AI-Studio\" width=\"500\" height=\"281\" src=\"https:\/\/www.youtube.com\/embed\/xcZKKNrBt2g?feature=oembed\" frameborder=\"0\" allow=\"accelerometer; autoplay; clipboard-write; encrypted-media; gyroscope; picture-in-picture\" allowfullscreen><\/iframe>\n\t<iframe loading=\"lazy\" hcb-fetch-image-from=\"https:\/\/www.youtube.com\/watch?v=Dm7lWAg-W3M\" title=\"Raspberry Pi &amp; BME688 Gassensor Zaubershow (mit Erkl\u00e4rung hinter der Magie !)\" width=\"500\" height=\"281\" src=\"https:\/\/www.youtube.com\/embed\/Dm7lWAg-W3M?feature=oembed\" frameborder=\"0\" allow=\"accelerometer; autoplay; clipboard-write; encrypted-media; gyroscope; picture-in-picture\" allowfullscreen><\/iframe>\n<h3>\n\t\t<a href=\"https:\/\/www.youtube.com\/watch?v=Dm7lWAg-W3M\" title=\"Zaubershow: K\u00e4se-\/Fleischdetektor\" target=\"_self\" rel=\"noopener\">\n\t\tZaubershow: K\u00e4se-\/Fleischdetektor\n\t\t<\/a>\n\t<\/h3>\n\t<p>Erstellen Sie Ihren eigenen Detektor:<\/p>\n\t\n\t\t\t<a href=\"#resellers\" target=\"_self\" role=\"button\" rel=\"noopener\">\n\t\t\t\t\t\tkaufen Sie es bei unseren Wiederverk\u00e4ufern\n\t\t\t\t\t<\/a>\n<h3>\n\t\tDownloads und Links\n\t<\/h3>\n<h4>\n\t\tSoftware\n\t<\/h4>\n\t\n\n\n<h4>\n\t\tDokumentation\n\t<\/h4>\n\t\n\n<h3>\n\t\tFAQ\n\t<\/h3>\n\t\t\t<a href=\"#\" id=\"fl-accordion--label-0\" tabindex=\"0\" aria-controls=\"fl-accordion--panel-0\">Wie wird die Luftqualit\u00e4t berechnet?<\/a>\n\t\t<p>Die Luftqualit\u00e4t wird mit der Software BSEC von Bosch berechnet.<\/p>\n\t\t\t<a href=\"#\" id=\"fl-accordion--label-1\" tabindex=\"0\" aria-controls=\"fl-accordion--panel-1\">Was ist der Unterschied zwischen VOC-Sensoren und CO\u2082-Sensoren?<\/a>\n\t\t<p>Dr. Fix, Bosch Sensortec(<a href=\"https:\/\/www.spexor-bosch.com\/en\/this-is-spexor\/luftqualitaet.html\" target=\"_blank\" rel=\"noopener\">komplettes Interview<\/a>), sagt: \"VOC-Sensoren k\u00f6nnen fast alle organischen Schadstoffe in der Innenraumluft erkennen. Deshalb werden sie auch Luftqualit\u00e4tssensoren genannt. Wir wollen frische, saubere Luft einatmen, also im Wesentlichen Stickstoff, Sauerstoff und eine angemessene Menge an Feuchtigkeit. Alles andere in der Luft ist normalerweise eine Verunreinigung. CO\u2082-Sensoren erkennen nur CO\u2082 und nichts anderes. Die Messung von CO\u2082 in der Raumluft geht auf Prof. Max Pettenkofer zur\u00fcck, der 1858 den Richtwert von 1000 ppm CO\u2082 pr\u00e4gte. Aus chemischer Sicht ist CO2 selbst jedoch ein relativ reaktionsarmes Gas, das kaum Auswirkungen auf unser Wohlbefinden hat. Auf der Internationalen Raumstation (wo man keine Fenster \u00f6ffnen kann ;-)) ist der CO\u2082-Wert auf 5000 ppm geregelt. Umfangreiche Studien der NASA zeigen, dass dies ausreichend ist und dass es besonders wichtig ist, alle anderen Verunreinigungen aus der Raumluft herauszufiltern. Die vom Menschen ausgeatmete Luft wird von VOC- und CO\u2082-Sensoren zuverl\u00e4ssig erfasst. Ein VOC-Sensor muss eventuell etwas fr\u00fcher oder \u00f6fter gel\u00fcftet werden, da er auch zahlreiche andere Verunreinigungen erfasst. Das halten wir f\u00fcr sinnvoll.\"<\/p>\n\t\t\t<a href=\"#\" id=\"fl-accordion--label-2\" tabindex=\"0\" aria-controls=\"fl-accordion--panel-2\">Ist das BME688-Breakout-Board mit dem Arduino Uno kompatibel?<\/a>\n\t\t<p>Unser BME688 Breakout Board verwendet 3,3 V Logikpegel - f\u00fcr ein Ger\u00e4t mit 5 V Logikpegel, wie z.B. den Arduino Uno, m\u00fcssten Sie einen I2C Level Shifter verwenden.<\/p>\n\t\t\t<a href=\"#resellers\" target=\"_self\" role=\"button\" rel=\"noopener\">\n\t\t\t\t\t\tkaufen Sie es bei unseren Wiederverk\u00e4ufern\n\t\t\t\t\t<\/a>\n<h1>\n\t\tWiederverk\u00e4ufer\n\t<\/h1>\n\t\t\t<a href=\"https:\/\/pi3g.com\/de\/kontakt\/\" target=\"_self\" role=\"button\" rel=\"noopener\">\n\t\t\t\t\t\tVolumenanfrage\n\t\t\t\t\t<\/a>\n<h3>\n\t\tGlobale Wiederverk\u00e4ufer\n\t<\/h3>\n\t\t\t\t<a href=\"https:\/\/buyzero.de\/products\/luftqualitatssensor-bosch-bme688-breakout-board\" target=\"_self\" itemprop=\"url\" rel=\"noopener\">\n\t\t\t\t<img loading=\"lazy\" decoding=\"async\" src=\"https:\/\/pi3g.com\/wp-content\/uploads\/2020\/07\/buyzero_raspberry_pi_shop_deutschland.jpg\" alt=\"buyzero.de\" itemprop=\"image\" height=\"130\" width=\"500\" title=\"buyzero_raspberry_pi_shop_deutschland\" onerror=\"this.style.display='none'\"  \/>\n\t\t\t\t<\/a>\n\t\tbuyzero.de\n\t\t\t\t<a href=\"https:\/\/www.berrybase.de\/sensoren-module\/feuchtigkeit\/bme688-breakout-board-bosch-air-quality-sensor?c=92\" target=\"_self\" itemprop=\"url\" rel=\"noopener\">\n\t\t\t\t<img loading=\"lazy\" decoding=\"async\" src=\"https:\/\/pi3g.com\/wp-content\/uploads\/2020\/08\/Logo-BerryBase_farbig-mitClaim.png\" alt=\"berrybase.de\" itemprop=\"image\" height=\"130\" width=\"340\" title=\"Logo-BerryBase_farbig-mitClaim\" onerror=\"this.style.display='none'\"  \/>\n\t\t\t\t<\/a>\n\t\tberrybase.de\n\t\t\t\t<a href=\"https:\/\/thepihut.com\/products\/advanced-bosch-bme688-breakout-board-for-raspberry-pi\" target=\"_self\" itemprop=\"url\" rel=\"noopener\">\n\t\t\t\t<img loading=\"lazy\" decoding=\"async\" src=\"https:\/\/pi3g.com\/wp-content\/uploads\/2020\/08\/thepihut-logo.png\" alt=\"thepihut.com\" itemprop=\"image\" height=\"286\" width=\"854\" title=\"thepihut.com\" onerror=\"this.style.display='none'\"  \/>\n\t\t\t\t<\/a>\n\t\tthepihut.com\n<h3>\n\t\tDeutschland, \u00d6sterreich und Schweiz\n\t<\/h3>\n\t\t\t\t<a href=\"https:\/\/buyzero.de\/products\/luftqualitatssensor-bosch-bme688-breakout-board\" target=\"_self\" itemprop=\"url\" rel=\"noopener\">\n\t\t\t\t<img loading=\"lazy\" decoding=\"async\" src=\"https:\/\/pi3g.com\/wp-content\/uploads\/2020\/07\/buyzero_raspberry_pi_shop_deutschland-300x78.jpg\" alt=\"buyzero.de\" itemprop=\"image\" height=\"78\" width=\"300\" title=\"buyzero_raspberry_pi_shop_deutschland\" onerror=\"this.style.display='none'\"  \/>\n\t\t\t\t<\/a>\n\t\tbuyzero.de\n\t\t\t\t<a href=\"https:\/\/www.berrybase.de\/sensoren-module\/feuchtigkeit\/bme688-breakout-board-bosch-air-quality-sensor?c=92\" target=\"_self\" itemprop=\"url\" rel=\"noopener\">\n\t\t\t\t<img loading=\"lazy\" decoding=\"async\" src=\"https:\/\/pi3g.com\/wp-content\/uploads\/2020\/08\/Logo-BerryBase_farbig-mitClaim.png\" alt=\"berrybase.de\" itemprop=\"image\" height=\"130\" width=\"340\" title=\"Logo-BerryBase_farbig-mitClaim\" onerror=\"this.style.display='none'\"  \/>\n\t\t\t\t<\/a>\n\t\tberrybase.de\n\t\t\t\t<a href=\"https:\/\/www.pollin.de\/p\/bme688-breakout-board-bosch-luftqualitaetssensor-811338\" target=\"_self\" itemprop=\"url\" rel=\"noopener\">\n\t\t\t\t<img loading=\"lazy\" decoding=\"async\" src=\"https:\/\/pi3g.com\/wp-content\/uploads\/2020\/08\/Pollin.png\" alt=\"pollin.de\" itemprop=\"image\" height=\"2424\" width=\"7484\" title=\"pollin.de\" onerror=\"this.style.display='none'\"  \/>\n\t\t\t\t<\/a>\n\t\tpollin.de\n\t\t\t\t<a href=\"https:\/\/www.reichelt.com\/entwicklerboards-sensor-bosch-bme688-debo-sens-bme688-p306628.html?search=BME\" target=\"_self\" itemprop=\"url\" rel=\"noopener\">\n\t\t\t\t<img loading=\"lazy\" decoding=\"async\" src=\"https:\/\/pi3g.com\/wp-content\/uploads\/2020\/08\/reichelt.png\" alt=\"reichelt.de\" itemprop=\"image\" height=\"320\" width=\"1569\" title=\"reichelt.de\" onerror=\"this.style.display='none'\"  \/>\n\t\t\t\t<\/a>\n\t\treichelt.de\n\t\t\t\t<a href=\"https:\/\/electronics.semaf.at\/navi.php?a=2671&#038;lang=eng\" target=\"_self\" itemprop=\"url\" rel=\"noopener\">\n\t\t\t\t<img loading=\"lazy\" decoding=\"async\" src=\"https:\/\/pi3g.com\/wp-content\/uploads\/2021\/01\/logo.png\" alt=\"Semaf.at (\u00d6sterreich)\" itemprop=\"image\" height=\"50\" width=\"250\" title=\"Semaf-Logo\" onerror=\"this.style.display='none'\"  \/>\n\t\t\t\t<\/a>\n\t\tSemaf.at (\u00d6sterreich)\n<h3>\n\t\tVereinigtes K\u00f6nigreich und Irland\n\t<\/h3>\n\t\t\t\t<a href=\"https:\/\/thepihut.com\/products\/advanced-bosch-bme688-breakout-board-for-raspberry-pi\" target=\"_self\" itemprop=\"url\" rel=\"noopener\">\n\t\t\t\t<img loading=\"lazy\" decoding=\"async\" src=\"https:\/\/pi3g.com\/wp-content\/uploads\/2020\/08\/thepihut-logo.png\" alt=\"thepihut.com\" itemprop=\"image\" height=\"286\" width=\"854\" title=\"thepihut.com\" onerror=\"this.style.display='none'\"  \/>\n\t\t\t\t<\/a>\n\t\tthepihut.com","protected":false},"excerpt":{"rendered":"<p>BME688 breakout board Bosch Luftqualit\u00e4tssensor Frische Luft genie\u00dfen. von Ihnen gesteuert. Mit unserem BME688-Breakout-Board k\u00f6nnen Sie ganz einfach die Luftqualit\u00e4t, die Lufttemperatur, den Luftdruck, die Luftfeuchtigkeit und den VOC-Gaswiderstand messen. Der BME688-Sensor ist auf unserem einfach zu bedienenden I2C-Breakout-Board montiert, das sehr kompatibel mit dem Raspberry Pi ist und...<\/p>","protected":false},"author":492,"featured_media":0,"parent":5187,"menu_order":0,"comment_status":"closed","ping_status":"closed","template":"","meta":{"footnotes":"","_links_to":"","_links_to_target":""},"class_list":["post-27964","page","type-page","status-publish","hentry"],"_links":{"self":[{"href":"https:\/\/pi3g.com\/de\/wp-json\/wp\/v2\/pages\/27964","targetHints":{"allow":["GET"]}}],"collection":[{"href":"https:\/\/pi3g.com\/de\/wp-json\/wp\/v2\/pages"}],"about":[{"href":"https:\/\/pi3g.com\/de\/wp-json\/wp\/v2\/types\/page"}],"author":[{"embeddable":true,"href":"https:\/\/pi3g.com\/de\/wp-json\/wp\/v2\/users\/492"}],"replies":[{"embeddable":true,"href":"https:\/\/pi3g.com\/de\/wp-json\/wp\/v2\/comments?post=27964"}],"version-history":[{"count":75,"href":"https:\/\/pi3g.com\/de\/wp-json\/wp\/v2\/pages\/27964\/revisions"}],"predecessor-version":[{"id":29048,"href":"https:\/\/pi3g.com\/de\/wp-json\/wp\/v2\/pages\/27964\/revisions\/29048"}],"up":[{"embeddable":true,"href":"https:\/\/pi3g.com\/de\/wp-json\/wp\/v2\/pages\/5187"}],"wp:attachment":[{"href":"https:\/\/pi3g.com\/de\/wp-json\/wp\/v2\/media?parent=27964"}],"curies":[{"name":"wp","href":"https:\/\/api.w.org\/{rel}","templated":true}]}}