{"id":27924,"date":"2021-01-26T13:58:54","date_gmt":"2021-01-26T12:58:54","guid":{"rendered":"https:\/\/pi3g.com\/?page_id=27924"},"modified":"2025-06-18T07:29:42","modified_gmt":"2025-06-18T05:29:42","slug":"coral-dev-board-4gb","status":"publish","type":"page","link":"https:\/\/pi3g.com\/de\/products\/machine-learning\/google-coral\/coral-dev-board-4gb\/","title":{"rendered":"Coral Dev Board 4GB"},"content":{"rendered":"<h1>\n\t\tCoral Dev Board 1GB \/ 4GB\n\t<\/h1>\n<h3>\n\t\tDas High-End-Entwicklungsboard zur Unterst\u00fctzung des Coral Edge TPU SoM (System on a Module)\n\t<\/h3>\n\t\t<h3><\/h3>\t\t\n\t\t\t\t<img loading=\"lazy\" decoding=\"async\" src=\"https:\/\/pi3g.com\/wp-content\/uploads\/bb-plugin\/cache\/Coral_DevBoard_iso-square.jpg\" alt=\"Korallen_DevBoard_iso\" itemprop=\"image\" height=\"1124\" width=\"2000\" title=\"Korallen_DevBoard_iso\" onerror=\"this.style.display='none'\"  \/>\n\t\t<h2>Eine vollst\u00e4ndige Entwicklungsplattform f\u00fcr schnelles Inferencing<\/h2>\t\t\n\t\t\t<p>Das Coral Dev Board 1GB \/ 4GB ist ein ARM-basiertes Single-Board-Computer (SBC)-Entwicklungsboard, das eine spezielle Coral Edge TPU zur Beschleunigung von Inferenzberechnungen f\u00fcr maschinelles Lernen (ML) enth\u00e4lt.<\/p>\n<p>Der Edge TPU-Coprozessor <strong>ist in der Lage, 4 Billionen Operationen pro Sekunde auszuf\u00fchren und verbraucht dabei nur 2 Watt<\/strong>.<\/p>\n<p><strong>Der besondere Clou an diesem Dev-Board<\/strong>: Das System enth\u00e4lt die Kernkomponenten auf einem abnehmbaren System-on-Modul (SoM). Auf diese Weise k\u00f6nnen Sie schnell mit der Entwicklung Ihrer Anwendungen auf dem Coral Dev Board beginnen und, sobald Sie zufrieden sind, ein Hardware-Design rund um das SoM erstellen. - Die SoMs k\u00f6nnen auch einzeln erworben werden, so dass Sie Anwendungen f\u00fcr maschinelles Lernen und Deep Learning einfach in Ihren Anwendungsfall integrieren und schnell skalieren k\u00f6nnen.<\/p>\n<p>Wir bieten auch <a href=\"https:\/\/pi3g.com\/de\/kontakt\/\">Hardware und Entwicklungsdienstleistungen<\/a>, wenn Sie Ihr internes Team unterst\u00fctzen m\u00f6chten.<\/p>\n<p>Es unterst\u00fctzt Mendel Linux (ein Derivat von Debian Linux).<\/p>\n<p>Kompilieren Sie einfach TensorFlow Lite-Modelle f\u00fcr die Ausf\u00fchrung auf der Edge TPU.<\/p>\n\n\t\t\t<a href=\"https:\/\/buyzero.de\/collections\/google-aiy-coral\/products\/google-coral-dev-board-4gb\" target=\"_self\" role=\"button\">\n\t\t\t\t\t\tKaufen bei buyzero.de (pi3g official shop)\n\t\t\t\t\t<\/a>\n\t\t\t<a href=\"https:\/\/get.pi3g.com\/coral\/\" target=\"_self\" role=\"button\">\n\t\t\t\t\t\tVolumenanfrage\n\t\t\t\t\t<\/a>\n\t\t\t\t\t<a href=\"#\" id=\"fl-tabs--label-0\" data-index=\"0\" aria-selected=\"true\" aria-controls=\"fl-tabs--panel-0\" aria-expanded=\"true\" role=\"tab\" tabindex=\"0\">\t\t\t\tTechnische Daten\t\t\t<\/a>\n\t\t\t\t\t<a href=\"#\" id=\"fl-tabs--label-1\" data-index=\"1\" aria-selected=\"false\" aria-controls=\"fl-tabs--panel-1\" aria-expanded=\"false\" role=\"tab\" tabindex=\"0\">\t\t\t\tN\u00fctzliche Links &amp; Dokumentation\t\t\t<\/a>\n\t\t\t\t\t<a href=\"#\" id=\"fl-tabs--label-2\" data-index=\"2\" aria-selected=\"false\" aria-controls=\"fl-tabs--panel-2\" aria-expanded=\"false\" role=\"tab\" tabindex=\"0\">\t\t\t\tInformationen f\u00fcr Wiederverk\u00e4ufer\t\t\t<\/a>\n\t\t\t\t\t<a href=\"#\" id=\"fl-tabs--label-3\" data-index=\"3\" aria-selected=\"false\" aria-controls=\"fl-tabs--panel-3\" aria-expanded=\"false\" role=\"tab\" tabindex=\"0\">\t\t\t\tPresseinformationen und -materialien (kostenlose Proben!)\t\t\t<\/a>\n\t\t\t\tTechnische Daten\n\t\t\t\t\t\t\t<h3>Edge TPU System-on-Module (SoM)<\/h3>\n<p>Ein gro\u00dfes Highlight des Coral Dev Board ist die <strong>System-on-Module (SoM)<\/strong>die die Kernbestandteile von allem enth\u00e4lt, was Sie ben\u00f6tigen, um Ihre eigene Hardware-Anwendung \/ Ihr eigenes Design f\u00fcr Machine Learning \/ Deep Learning-Anwendungen zu erstellen.<\/p>\n<p>Das SoM ist mit drei 100-poligen Board-to-Board-Verbindern am Dev Board Baseboard befestigt.<\/p>\n<p>Auf diese Weise k\u00f6nnen Sie das Coral Dev Board f\u00fcr den Prototyp Ihrer Anwendung verwenden und dann das SoM auf Ihre eigene Hardware \u00fcbertragen, um es zu verifizieren. So profitieren Sie von <strong>schnellere Markteinf\u00fchrung<\/strong>und kann sehr schnell skaliert werden. Au\u00dferdem k\u00f6nnen Sie sich auf Ihre Kernkompetenzen konzentrieren, anstatt viel in die Computertechnik zu investieren. <a href=\"https:\/\/pi3g.com\/de\/kontakt\/\">Wir k\u00f6nnen Sie auch beraten und mit Hardware- und Software-Engineering-Dienstleistungen unterst\u00fctzen, wenn dies erforderlich ist.<\/a>.<\/p>\n<p>Mit anderen Worten: Dieses Dev Board <strong>ist ein Prototyping- und Evaluierungsboard f\u00fcr das Coral SoM<\/strong>.<\/p>\n<p>Dieses SoM umfasst:<\/p>\n<ul>\n<li>NXP i.MX 8M SoC (Details siehe unten)<\/li>\n<li>Google Edge TPU ML-Beschleuniger-Coprozessor (Einzelheiten siehe unten)<\/li>\n<li>Kryptographischer Koprozessor (Microchip ATECC608A)<\/li>\n<li>Wi-Fi 2\u00d72 MIMO (802.11b\/g\/n\/ac 2,4\/5GHz)<\/li>\n<li>Bluetooth 4.2<\/li>\n<li>8 oder 16 GB eMMC<\/li>\n<li>4 GB LPDDR4 (auch als 1 GB-Version erh\u00e4ltlich)<\/li>\n<li>Rohm BD71837MWV PMIC + 8 DC-DC-Abw\u00e4rtsregler, 7 LDOs<\/li>\n<\/ul>\n<h4>SoC: NXP i.MX 8M SoC<\/h4>\n<ul>\n<li>Quad-Core ARM Cortex-A53 (@1,5 GHz, 64-bit ARMv8-A) + Cortex-M4F<\/li>\n<li>Vivante GC7000Lite GPU (unterst\u00fctzt Vulkan), 32 GFLOPs 32-bit oder 64 GFLOPs 16-bit<\/li>\n<li>4Kp60 HEVC\/H.265 Haupt- und Haupt-10-Decoder<\/li>\n<li>4Kp60 VP9, 4Kp30 AVC\/H.264 Decoder (erfordert volle Systemressourcen)<\/li>\n<li>1080p\/60fps MPEG-2, MPEG-4, MJPEG, H.263 Decoder<\/li>\n<\/ul>\n<h4>ML-Beschleuniger<\/h4>\n<ul>\n<li>Google Edge TPU-Koprozessor<\/li>\n<li>4 TOPS (int8); 2 TOPS pro Watt<\/li>\n<li>nutzt PCIe und I2C\/GPIO als Schnittstelle zum iMX 8M SoC<\/li>\n<\/ul>\n<p>Die ger\u00e4teinterne ML-Verarbeitung verringert die Latenzzeit und vermeidet die Abh\u00e4ngigkeit von einer stabilen Netzwerkverbindung. Sie ist ideal f\u00fcr die Verarbeitung von Bildklassifizierungsaufgaben.<\/p>\n\n<h3>Speicher<\/h3>\n<ul>\n<li>4 GB LPDDR4 (1600 MHz max. DDR-Takt)<\/li>\n<li>8 GB oder 16 GB eMMC (8-Bit-MMC-Modus)<\/li>\n<li>microSD-Steckplatz, unterst\u00fctzt Systemstart von SD-Karte<\/li>\n<\/ul>\n<h3>Schnittstellen &amp; Konnektivit\u00e4t<\/h3>\n<ul>\n<li>Wi-Fi 2\u00d72 MIMO (802.11a\/b\/g\/n\/ac 2,4\/5GHz), Murata LBEE5U91CQ Modul<\/li>\n<li>Bluetooth 4.2 und BLE (Bluetooth Low Energy), Murata LBEE5U91CQ Modul<\/li>\n<li>40-polige E\/A-Stiftleiste (siehe unten)<\/li>\n<li>USB 3.0 Typ-A-Host<\/li>\n<li>USB Typ-C Daten (OTG-f\u00e4hig)<\/li>\n<li>USB micro-B f\u00fcr serielle Konsole<\/li>\n<li>microSD-Steckplatz<\/li>\n<li>Gigabit Ethernet mit Unterst\u00fctzung f\u00fcr EEE (energieeffizientes Ethernet)<\/li>\n<li>HDMI 2.0a (volle Gr\u00f6\u00dfe, siehe unten)<\/li>\n<li>3,5 mm Audiobuchse<\/li>\n<li>4-poliger Stereoanschluss<\/li>\n<li>2x Digitales PDM-Mikrofon<\/li>\n<li>39-poliger FFC-Anschluss f\u00fcr MIPI-DSI-Anzeige (4-Spur)<\/li>\n<li>24-poliger FFC-Anschluss f\u00fcr MIPI-CSI2-Kamera (4-Spur)<\/li>\n<li>USB Typ-C f\u00fcr die Stromzufuhr<\/li>\n<\/ul>\n\n<ul>\n<li>3,3-V-Stromschiene<\/li>\n<li>40 - 255 Ohm programmierbare Impedanz<\/li>\n<li>~82 mA maximaler Strom<\/li>\n<li>2x UART<\/li>\n<li>2x SPI<\/li>\n<li>16x GPIO-Leitungen mit Interrupt-F\u00e4higkeit<\/li>\n<li>4x PWM-Leitungen<\/li>\n<\/ul>\n<p>(die oben aufgef\u00fchrten Signale sind f\u00fcr die Grundplatine verf\u00fcgbar).<\/p>\n<p>Siehe <a href=\"https:\/\/coral.ai\/docs\/dev-board\/gpio\/#header-pinout\">auf dieser Coral.ai-Website f\u00fcr eine GPIO-Belegung<\/a>.<\/p>\n\n<ul>\n<li>HDMI 2.0a (Anschluss in voller Gr\u00f6\u00dfe), unterst\u00fctzt einen Bildschirm mit bis zu 1080p<\/li>\n<li>Upscale &amp; Downscale zwischen 4K- und HD-Video (erfordert volle Systemressourcen)<\/li>\n<li>20+ Audio-Schnittstellen 32-bit @ 384 kHz fs, mit Unterst\u00fctzung f\u00fcr Time Division Multiplexing (TDM)<\/li>\n<li>SPDIF-Eingang und -Ausgang<\/li>\n<li>Audio-R\u00fcckkanal (ARC) \u00fcber HDMI<\/li>\n<\/ul>\n\n<ul>\n<li>MIPI-DSI 4 Kan\u00e4le, unterst\u00fctzt ein Display, Aufl\u00f6sung bis zu 1920 x 1080 @ 60 Hz<\/li>\n<li>LCDIF-Anzeigesteuerung<\/li>\n<li>Ausgang LCDIF oder DC-Display-Controller-Ausgang<\/li>\n<\/ul>\n\n<ul>\n<li>2x synchrone Audioschnittstellenmodule (SAI), die I2S, AC97, TDM und Codec\/DSP-Schnittstellen unterst\u00fctzen<\/li>\n<li>1x SAI f\u00fcr 8 Tx-Kan\u00e4le f\u00fcr HDMI-Audioausgang<\/li>\n<li>4-polige Stereoklemme, zur Ansteuerung von z.B. 4 Ohm, 3 Watt Lautsprechern<\/li>\n<\/ul>\n\n<ul>\n<li>MIPI-CSI2 Kameraeingang (4-Lane), kompatibel mit der Coral-Kamera<\/li>\n<\/ul>\n\n<ul>\n<li>Resource Domain Controller (RDC), unterst\u00fctzt vier Dom\u00e4nen und bis zu acht Regionen<\/li>\n<li>Arm TrustZone (TZ) Architektur<\/li>\n<li>On-Chip-RAM (OCRAM) sicherer Bereichsschutz mit OCRAM-Controller<\/li>\n<li>Hochsicherheitsstiefel (HAB)<\/li>\n<li>Modul zur kryptografischen Beschleunigung und Sicherung (CAAM)<\/li>\n<li>Sicherer nichtfl\u00fcchtiger Speicher (SNVS): Sichere Echtzeituhr (RTC)<\/li>\n<li>Sichere JTAG-Steuerung (SJC)<\/li>\n<\/ul>\n\n<ul>\n<li>Bootmodus DIP-Schalter zur Steuerung des Bootmodus<\/li>\n<li>RESET-Taste<\/li>\n<li>Power-LED<\/li>\n<li>2 x LEDs der seriellen Schnittstelle in der N\u00e4he des seriellen Konsolenanschlusses, zeigen TX\/RX-Aktivit\u00e4t \u00fcber die serielle Schnittstelle an<\/li>\n<li>K\u00fchlk\u00f6rper und L\u00fcfter (9k RPM) f\u00fcr W\u00e4rmemanagement<\/li>\n<\/ul>\n<h3>Software-Kompatibilit\u00e4t<\/h3>\n<ul>\n<li>Mendel Linux (Debian Linux-Derivat)<\/li>\n<li>unterst\u00fctzt TensorFlow Lite-Modelle f\u00fcr die Ausf\u00fchrung auf der Edge TPU<\/li>\n<li>unterst\u00fctzt <a href=\"https:\/\/cloud.google.com\/vision\/automl\/docs\/edge-quickstart\">AutoML Vision Edge<\/a>f\u00fcr den schnellen Einsatz von Bildklassifizierungsmodellen<\/li>\n<\/ul>\n<h3>Sonstiges<\/h3>\n<ul>\n<li>ben\u00f6tigt 5 V \/ 2-3 A Stromversorgung (USB Typ-C Anschluss)<\/li>\n<\/ul>\n<p>Die Werkseinstellung des Dev Boards beinhaltet nur den U-Boot Bootloader auf dem eMMC Board. <a href=\"https:\/\/pi3g.com\/de\/kontakt\/\">Bei Bedarf k\u00f6nnen wir die Ger\u00e4te f\u00fcr Sie vorflashen, fragen Sie uns nach einem Angebot.<\/a>.<\/p>\n\n<p><strong>Abmessungen von Coral SoM<\/strong>: 40 mm x 48 mm x 5,11 mm (ohne K\u00fchlk\u00f6rper und L\u00fcfter)<\/p>\n<p><strong>Temperatur in der Umgebung<\/strong>: 0 - 50\u00b0C f\u00fcr zuverl\u00e4ssigen Betrieb und Leistung.<\/p>\n<p><strong>Gewicht<\/strong>: TBD<\/p>\n<p><strong>Google-Teilenummer<\/strong>: G950-06210-01<\/p>\n<p><strong>Asus-Teilenummer<\/strong>: 90AN0010-B1XAY0 \/ 90AN0010-M0XAY2 \/ 90AN0010-M0XAY0 \/ 90AN00I4-<b>M<\/b>0XAY0<\/p>\n<p><strong>Google-Modellnummer<\/strong>:<\/p>\n\n<h3>Datenblatt &amp; Benchmarks<\/h3>\n<ul>\n<li><a href=\"https:\/\/coral.ai\/static\/files\/Coral-Dev-Board-datasheet.pdf\">Coral Dev Board PDF-Datenblatt herunterladen (PDF)<\/a><\/li>\n<li><a href=\"https:\/\/coral.ai\/static\/files\/Coral-SoM-datasheet.pdf\">Datenblatt f\u00fcr Coral System-on-Module herunterladen (PDF)<\/a><\/li>\n<li><a href=\"https:\/\/www.nxp.com\/products\/processors-and-microcontrollers\/arm-processors\/i-mx-applications-processors\/i-mx-8-processors\/i-mx-8m-family-armcortex-a53-cortex-m4-audio-voice-video:i.MX8M?tab=Documentation_Tab\">NXP i.MX 8M Datenbl\u00e4tter und Referenzhandb\u00fccher<\/a><\/li>\n<li><a href=\"https:\/\/coral.ai\/docs\/edgetpu\/benchmarks\/\">Edge TPU-Leistungsbenchmarks<\/a><\/li>\n<\/ul>\n\t\t\t\tN\u00fctzliche Links &amp; Dokumentation\n\t\t\t\t\t\t\t<h3>Online-Dokumentation<\/h3>\n<ul>\n<li><a href=\"https:\/\/coral.ai\/docs\/dev-board\/get-started\/\">Starten Sie mit dem Dev Board 4GB<\/a><\/li>\n<li><a href=\"https:\/\/coral.ai\/docs\/dev-board\/gpio\/\">GPIO-Stecker Pinout &amp; Verwendung<\/a><\/li>\n<li><a href=\"https:\/\/coral.ai\/docs\/dev-board\/reflash\/\">Aktualisieren oder Flashen des Dev Boards 4GB<\/a><\/li>\n<li><a href=\"https:\/\/coral.ai\/static\/files\/Coral-Dev-Board-datasheet.pdf\">Coral Dev Board 4GB-Datenblatt (PDF)<\/a><\/li>\n<li><a href=\"https:\/\/coral.ai\/docs\/edgetpu\/faq\/\">Coral Edge TPU H\u00e4ufig gestellte Fragen (FAQ)<\/a><\/li>\n<\/ul>\n<h3>Programmierung<\/h3>\n<ul>\n<li><a href=\"https:\/\/coral.ai\/docs\/reference\/py\/\">PyCoral API <\/a>\n<ul>\n<li>baut auf der TensorFlow Lite Python API auf, um Ihren Code zu vereinfachen<\/li>\n<\/ul>\n<\/li>\n<li><a href=\"https:\/\/coral.ai\/docs\/reference\/cpp\/\">Libcoral API (C++)<\/a><\/li>\n<li><a href=\"https:\/\/coral.ai\/docs\/reference\/cpp\/edgetpu\/\">Libedgetpu API (C++)<\/a><\/li>\n<\/ul>\n<h3>Inferenzierung und Modelle<\/h3>\n<ul>\n<li><a href=\"https:\/\/coral.ai\/docs\/edgetpu\/inference\/\">Edge-TPU-Inferencing im \u00dcberblick<\/a><\/li>\n<li><a href=\"https:\/\/coral.ai\/docs\/edgetpu\/models-intro\/\">TensorFlow-Modelle auf der Edge TPU<\/a><\/li>\n<\/ul>\n<h3>Sonstiges<\/h3>\n<ul>\n<li><a href=\"https:\/\/storage.googleapis.com\/site_and_emails_static_assets\/Files\/Coral-Dev-Board-and-case.zip\">3D-gedrucktes Geh\u00e4use f\u00fcr das Dev Board 4GB - STEP-Dateien und STL-Dateien<\/a> (ZIP)<\/li>\n<li><a href=\"https:\/\/github.com\/google-coral\/electricals\/tree\/master\/dev_board\">Coral Dev Board 4GB Schaltpl\u00e4ne &amp; Platinenlayout-Dateien<\/a><\/li>\n<\/ul>\n<h3>Google Coral Dev Board 4GB Rechtliche Hinweise<\/h3>\n<p>finden. <a href=\"https:\/\/coral.ai\/legal\/dev-board\/\">Konformit\u00e4tserkl\u00e4rungen (EMC, FCC, CE, REACH, RoHS3) hier<\/a>.<\/p>\n\t\t\t\tInformationen f\u00fcr Wiederverk\u00e4ufer\n\t\t\t\t\t\t\t<h3>N\u00fctzliche Links<\/h3>\n<ul>\n<li>Produktfotos herunterladen (CC0 lizenziert, 104 MB .zip-Datei) TBD<\/li>\n<li><a href=\"https:\/\/pi3g.com\/de\/kontakt\/\">Fragen Sie an, um Wiederverk\u00e4ufer zu werden<\/a><\/li>\n<\/ul>\n<h3>Informationen zum Produkt<\/h3>\n<strong>pi3g-Bestellnummer:<br \/>\n<\/strong>coral.devboard-4gb\n<strong>GTIN \/ EAN \/ UPC:<br \/>\n<\/strong>0193575011288\n<strong>Google Teilenummer:<\/strong><br \/>\nG950-06210-01\n<strong>Beschreibung des Teils:<\/strong><br \/>\nDiese neue Dev Board Version hat den gleichen Aufbau wie das existierende 1 GB Dev Board mit 4 GB RAM eingebaut.\n<strong>Handelsname:<\/strong><br \/>\n4 GB Dev Board\n<strong>MSRP $:<\/strong><br \/>\n$169.99\n<strong>Ihren Einkaufspreis und Ihre Handelsspanne:<br \/>\n<\/strong><a href=\"https:\/\/pi3g.com\/de\/kontakt\/\">Fragen Sie uns, ob Sie Wiederverk\u00e4ufer werden m\u00f6chten \/ kontaktieren Sie unser Verkaufsteam<\/a>\n<strong>MOQ:<\/strong><br \/>\n40\n<strong>Erlaubtes Verkaufsgebiet<\/strong><br \/>\nBitte konsultieren Sie die <a href=\"https:\/\/pi3g.com\/wp-content\/uploads\/2021\/04\/Coral-Dev-Board-4GB-Country-List-07-31-20-2.pdf\">Zertifizierung PDF<\/a>.\n\n\n<strong>Standard Packungsgr\u00f6\u00dfe:<br \/>\n<\/strong>40\n<strong>Verpackungsgr\u00f6\u00dfe (Einzelst\u00fcck):<br \/>\n<\/strong>138 x 101 x 33 mm\n<strong>Produktgewicht:<br \/>\n<\/strong>145 g\n<strong>ECCN-Nummer:<\/strong><br \/>\n5A992.c\n<strong>HTS-Code:<\/strong><br \/>\nEU HTS: 84715000000<br \/>\nUS HTS: 8471.50.0150\n<strong>Herkunftsland:<\/strong><br \/>\nChina\n<strong>Ist das Teil statisch empfindlich?<\/strong><br \/>\nJa\n<strong>Ist das Teil frei von Blei (Pb)?<\/strong><br \/>\nJa\n<strong>Ist das Teil RoHS-konform?<br \/>\n<\/strong>Ja\n<strong>Ausnahmsweise RoHS-konform?<\/strong><br \/>\nNein\n<strong>Enth\u00e4lt das Teil Lithium?<br \/>\n<\/strong>Nein\n<h3>Google Coral Dev Board 4GB Rechtliche Hinweise<\/h3>\n<p>finden. <a href=\"https:\/\/coral.ai\/legal\/dev-board\/\">Konformit\u00e4tserkl\u00e4rungen (EMC, FCC, CE, REACH, RoHS3) hier<\/a>.<\/p>\n\t\t\t\tPresseinformationen und -materialien (kostenlose Proben!)\n\t\t\t\t\t\t\t<h3>Produktbilder herunterladen<\/h3>\n<p>Laden Sie hier CC0 lizenzierte hochaufl\u00f6sende JPG Fotos von Google AIY Voice v2, Vision und Google Coral USB herunter (.zip, 104 MB) TBD<\/p>\n<p>Wir w\u00fcrden uns \u00fcber einen Backlink oder die Erw\u00e4hnung unseres Firmennamens (pi3g e.K.) als europ\u00e4ischer Distributor und Google Coral Partner freuen, wenn m\u00f6glich.<\/p>\n<h3>Zuvor erschienen in:<\/h3>\n<ul>\n<li>TBD<\/li>\n<\/ul>\n<h3>Kostenlose Produktmuster &amp; Presseanfragen<\/h3>\n<p><a href=\"https:\/\/pi3g.com\/de\/kontakt\/\">Kontaktieren Sie uns f\u00fcr Presseanfragen und kostenlose Produktproben f\u00fcr akkreditierte Journalisten, Blogger und YouTuber<\/a>.<\/p>\n<h1>\n\t\tUnsere Coral Dev Board 4GB Wiederverk\u00e4ufer\n\t<\/h1>\n\t\t\t<a href=\"https:\/\/get.pi3g.com\/coral\/\" target=\"_self\" role=\"button\">\n\t\t\t\t\t\tVolumenanfrage\n\t\t\t\t\t<\/a>\n<h2>\n\t\tGlobale Wiederverk\u00e4ufer\n\t<\/h2>\n\t\t\t\t<a href=\"https:\/\/buyzero.de\/products\/google-coral-dev-board-4gb?variant=38013190865076\" target=\"_self\" itemprop=\"url\">\n\t\t\t\t<img loading=\"lazy\" decoding=\"async\" src=\"https:\/\/pi3g.com\/wp-content\/uploads\/2020\/07\/buyzero_raspberry_pi_shop_deutschland.jpg\" alt=\"buyzero.de\" itemprop=\"image\" height=\"130\" width=\"500\" title=\"buyzero_raspberry_pi_shop_deutschland\" onerror=\"this.style.display='none'\"  \/>\n\t\t\t\t<\/a>\n\t\tbuyzero.de\n<h2>\n\t\tDeutschland, \u00d6sterreich und Schweiz\n\t<\/h2>\n\t\t\t\t<a href=\"https:\/\/buyzero.de\/products\/google-coral-dev-board-4gb?variant=38013190865076\" target=\"_self\" itemprop=\"url\">\n\t\t\t\t<img loading=\"lazy\" decoding=\"async\" src=\"https:\/\/pi3g.com\/wp-content\/uploads\/2020\/07\/buyzero_raspberry_pi_shop_deutschland.jpg\" alt=\"buyzero.de\" itemprop=\"image\" height=\"130\" width=\"500\" title=\"buyzero_raspberry_pi_shop_deutschland\" onerror=\"this.style.display='none'\"  \/>\n\t\t\t\t<\/a>\n\t\tbuyzero.de\n<h2>\n\t\tD\u00e4nemark, Norwegen, Schweden und Finnland (+ baltische L\u00e4nder)\n\t<\/h2>\n<h2>\n\t\tNiederlande und Belgien\n\t<\/h2>\n<h2>\n\t\tPolen\n\t<\/h2>\n<h2>\n\t\tIsrael\n\t<\/h2>\n<h2>\n\t\tItalien\n\t<\/h2>\n<h2>\n\t\tSpanien und Portugal\n\t<\/h2>\n<h2>\n\t\tVereinigtes K\u00f6nigreich und Irland\n\t<\/h2>\n<h1>\n\t\tUnsere Coral Dev Board 1GB Wiederverk\u00e4ufer\n\t<\/h1>\n\t\t\t<a href=\"https:\/\/get.pi3g.com\/coral\/\" target=\"_self\" role=\"button\">\n\t\t\t\t\t\tVolumenanfrage\n\t\t\t\t\t<\/a>\n<h2>\n\t\tGlobale Wiederverk\u00e4ufer\n\t<\/h2>\n\t\t\t\t<a href=\"https:\/\/buyzero.de\/products\/google-coral-dev-board-4gb?_pos=1&#038;_sid=1f10c82e2&#038;_ss=r&#038;variant=43630699151627\" target=\"_self\" itemprop=\"url\">\n\t\t\t\t<img loading=\"lazy\" decoding=\"async\" src=\"https:\/\/pi3g.com\/wp-content\/uploads\/2020\/07\/buyzero_raspberry_pi_shop_deutschland.jpg\" alt=\"buyzero.de\" itemprop=\"image\" height=\"130\" width=\"500\" title=\"buyzero_raspberry_pi_shop_deutschland\" onerror=\"this.style.display='none'\"  \/>\n\t\t\t\t<\/a>\n\t\tbuyzero.de\n<h2>\n\t\tDeutschland, \u00d6sterreich und Schweiz\n\t<\/h2>\n\t\t\t\t<a href=\"https:\/\/buyzero.de\/products\/google-coral-dev-board-4gb?_pos=1&#038;_sid=1f10c82e2&#038;_ss=r&#038;variant=43630699151627\" target=\"_self\" itemprop=\"url\">\n\t\t\t\t<img loading=\"lazy\" decoding=\"async\" src=\"https:\/\/pi3g.com\/wp-content\/uploads\/2020\/07\/buyzero_raspberry_pi_shop_deutschland.jpg\" alt=\"buyzero.de\" itemprop=\"image\" height=\"130\" width=\"500\" title=\"buyzero_raspberry_pi_shop_deutschland\" onerror=\"this.style.display='none'\"  \/>\n\t\t\t\t<\/a>\n\t\tbuyzero.de\n<h2>\n\t\tVereinigtes K\u00f6nigreich und Irland\n\t<\/h2>\n\t\t\t<a href=\"https:\/\/get.pi3g.com\/coral\/\" target=\"_self\" role=\"button\">\n\t\t\t\t\t\tVolumenanfrage\n\t\t\t\t\t<\/a>\n\t<h3>Zus\u00e4tzliche rechtliche Informationen<\/h3>\n<p>Die von Google angebotenen Produkte haben nichts mit den Produkten zu tun, die unter den CORAL-Marken der Orient Development Enterprises Ltd. in Taiwan angeboten werden.<\/p>","protected":false},"excerpt":{"rendered":"<p>Coral Dev Board 1GB \/ 4GB Die High-End-Entwicklungsplatine zur Unterst\u00fctzung der Coral Edge TPU SoM (System on a Module) Eine komplette Entwicklungsplattform f\u00fcr schnelle Inferenzen Das Coral Dev Board 1GB \/ 4GB ist eine ARM-basierte Einplatinencomputer (SBC)-Entwicklungsplatine, die eine spezielle Coral Edge TPU zur Beschleunigung von...<\/p>","protected":false},"author":2,"featured_media":0,"parent":27267,"menu_order":0,"comment_status":"closed","ping_status":"closed","template":"","meta":{"footnotes":"","_links_to":"","_links_to_target":""},"class_list":["post-27924","page","type-page","status-publish","hentry"],"_links":{"self":[{"href":"https:\/\/pi3g.com\/de\/wp-json\/wp\/v2\/pages\/27924","targetHints":{"allow":["GET"]}}],"collection":[{"href":"https:\/\/pi3g.com\/de\/wp-json\/wp\/v2\/pages"}],"about":[{"href":"https:\/\/pi3g.com\/de\/wp-json\/wp\/v2\/types\/page"}],"author":[{"embeddable":true,"href":"https:\/\/pi3g.com\/de\/wp-json\/wp\/v2\/users\/2"}],"replies":[{"embeddable":true,"href":"https:\/\/pi3g.com\/de\/wp-json\/wp\/v2\/comments?post=27924"}],"version-history":[{"count":31,"href":"https:\/\/pi3g.com\/de\/wp-json\/wp\/v2\/pages\/27924\/revisions"}],"predecessor-version":[{"id":30467,"href":"https:\/\/pi3g.com\/de\/wp-json\/wp\/v2\/pages\/27924\/revisions\/30467"}],"up":[{"embeddable":true,"href":"https:\/\/pi3g.com\/de\/wp-json\/wp\/v2\/pages\/27267"}],"wp:attachment":[{"href":"https:\/\/pi3g.com\/de\/wp-json\/wp\/v2\/media?parent=27924"}],"curies":[{"name":"wp","href":"https:\/\/api.w.org\/{rel}","templated":true}]}}