{"id":14,"date":"2015-05-30T16:05:49","date_gmt":"2015-05-30T14:05:49","guid":{"rendered":"https:\/\/136.243.207.1\/imprint\/"},"modified":"2026-03-24T14:18:59","modified_gmt":"2026-03-24T13:18:59","slug":"imprint","status":"publish","type":"page","link":"https:\/\/pi3g.com\/de\/imprint\/","title":{"rendered":"Impressum \/ Imprint"},"content":{"rendered":"<h2><strong>Impressum<\/strong><\/h2>\n\t<p><strong>pi3g GmbH &amp; Co. KG<\/strong><br aria-hidden=\"true\" \/>Zschochersche Allee 1<br aria-hidden=\"true\" \/>04207 Leipzig<\/p>\n<p>Telefon: +49 (0) 341 \/ 392 858 40<br aria-hidden=\"true\" \/>E-Mail: <a href=\"mailto:support@pi3g.com\" target=\"_blank\" rel=\"noopener noreferrer\" aria-haspopup=\"menu\">support@pi3g.com<\/a><\/p>\n<p>Registergericht: Amtsgericht Leipzig<br aria-hidden=\"true\" \/>Registernummer: HRA 18308<\/p>\n<p>Umsatzsteuer-Identifikationsnummer gem\u00e4\u00df \u00a7 27a UStG:<br aria-hidden=\"true\" \/>DE357856200<\/p>\n<p>WEEE-Reg.-Nr.: DE 21378482<\/p>\n<p>Inhaltlich verantwortlich gem\u00e4\u00df \u00a7 18 Abs. 2 MStV:<br aria-hidden=\"true\" \/>Maximilian Batz<br aria-hidden=\"true\" \/>Anschrift wie oben<\/p>\n\t<strong>Kontaktaufnahme:<\/strong><br \/>\nNutzen Sie unser <a href=\"https:\/\/pi3g.com\/de\/kontakt\/\" target=\"_blank\" rel=\"noopener noreferrer\">Kontaktformular<\/a> f\u00fcr Anfragen.\n\t<h3>Alternative Streitbeilegung gem\u00e4\u00df Art. 14 Abs. 1 ODR VO und \u00a7 36 VSBG:<\/h3>\n<p>Die Europ\u00e4ische Kommission stellt eine Plattform zur Online-Streitbeilegung (OS) bereit, die Sie unter <a href=\"http:\/\/ec.europa.eu\/consumers\/odr\/\" target=\"_blank\" rel=\"noopener noreferrer\">http:\/\/ec.europa.eu\/consumers\/odr\/<\/a> finden. Wir sind bereit, an einem au\u00dfergerichtlichen Schlichtungsverfahren teilzunehmen.&lt;\/<\/p>\n<strong>E-Mail f\u00fcr Streitbeilegung:<\/strong><br \/>\n<a href=\"mailto:support@pi3g.com\"  target=\"_blank\" rel=\"noopener noreferrer\">Unterst\u00fctzung bei pi3g.com<\/a>\n<p><em>(Hinweis: Ersetzen Sie \"{at}\" durch \"@\" und entfernen Sie Leerzeichen.)<\/em><\/p>","protected":false},"excerpt":{"rendered":"<p>Impressum pi3g GmbH &amp; Co. KGZschochersche Allee 104207 Leipzig Telefon: +49 (0) 341 \/ 392 858 40E-Mail: support@pi3g.com Registergericht: Amtsgericht LeipzigRegisternummer: HRA 18308 Umsatzsteuer-Identifikationsnummer gem\u00e4\u00df \u00a7 27a UStG:DE357856200 WEEE-Reg.-Nr.: DE 21378482 Inhaltlich verantwortlich gem\u00e4\u00df \u00a7 18 Abs. 2 MStV:Maximilian BatzAnschrift wie oben Kontaktaufnahme: Nutzen Sie unser Kontaktformular f\u00fcr Anfragen. Alternative Streitbeilegung gem\u00e4\u00df Art. 14 Abs....<\/p>","protected":false},"author":2,"featured_media":0,"parent":0,"menu_order":0,"comment_status":"closed","ping_status":"open","template":"","meta":{"footnotes":"","_links_to":"","_links_to_target":""},"class_list":["post-14","page","type-page","status-publish","hentry"],"_links":{"self":[{"href":"https:\/\/pi3g.com\/de\/wp-json\/wp\/v2\/pages\/14","targetHints":{"allow":["GET"]}}],"collection":[{"href":"https:\/\/pi3g.com\/de\/wp-json\/wp\/v2\/pages"}],"about":[{"href":"https:\/\/pi3g.com\/de\/wp-json\/wp\/v2\/types\/page"}],"author":[{"embeddable":true,"href":"https:\/\/pi3g.com\/de\/wp-json\/wp\/v2\/users\/2"}],"replies":[{"embeddable":true,"href":"https:\/\/pi3g.com\/de\/wp-json\/wp\/v2\/comments?post=14"}],"version-history":[{"count":15,"href":"https:\/\/pi3g.com\/de\/wp-json\/wp\/v2\/pages\/14\/revisions"}],"predecessor-version":[{"id":31609,"href":"https:\/\/pi3g.com\/de\/wp-json\/wp\/v2\/pages\/14\/revisions\/31609"}],"wp:attachment":[{"href":"https:\/\/pi3g.com\/de\/wp-json\/wp\/v2\/media?parent=14"}],"curies":[{"name":"wp","href":"https:\/\/api.w.org\/{rel}","templated":true}]}}